{"id":156640,"date":"2025-09-11T16:35:43","date_gmt":"2025-09-11T14:35:43","guid":{"rendered":"https:\/\/secureus.se\/fargo-84921-ymck-colour-ribbon-750-prints\/"},"modified":"2026-04-08T17:03:07","modified_gmt":"2026-04-08T15:03:07","slug":"fargo-84921-ymck-colour-ribbon-750-prints","status":"publish","type":"product","link":"https:\/\/secureus.se\/fi\/fargo-84921-ymck-colour-ribbon-750-prints\/","title":{"rendered":"F\u00e4rgband Fargo YMCK &#8211; 84921 (750 utskrifter)"},"content":{"rendered":"<h1>Nauha<br \/>\n  Fargo YMCK &#8211; 84921 (750 utskrifter)<\/h1>\n<p>F\u00e4rgband Fargo YMCK &#8211; 84921 (750 utskrifter) \u00e4r ett f\u00e4rgband f\u00f6r<br \/>\n  muovikorttien tulostaminen ter\u00e4vill\u00e4 v\u00e4reill\u00e4, selke\u00e4ll\u00e4 tekstill\u00e4 ja hyv\u00e4ll\u00e4<br \/>\n  detalj\u00e5tergivning. Bandtypen YMCK ger r\u00e4tt kombination av f\u00e4rgpaneler f\u00f6r<br \/>\n  professionella kortutskrifter.<\/p>\n<p>Sopii henkil\u00f6korteille, kulkukorteille, j\u00e4senkorteille ja muille<br \/>\n  muovikortteja, joissa vaaditaan korkeaa tulostuslaatua ja luotettavuutta<br \/>\n  t\u00e4rke\u00e4.<\/p>\n<ul>\n<li>Kapacitet: upp till 750 utskrifter<\/li>\n<li>Bandtyp: YMCK<\/li>\n<li>Artikkelinumero: \u2013<\/li>\n<\/ul>\n<p><strong>Yhteensopiva Fargon kanssa<br \/>\n  HDP6600.<\/strong><\/p>\n<p><strong>Tuotteen paino:<\/strong> 0,20 kg<\/p>","protected":false},"excerpt":{"rendered":"<p>F\u00e4rgband Fargo YMCK &#8211; 84921 (750 utskrifter) F\u00e4rgband Fargo YMCK &#8211; 84921 (750 utskrifter) \u00e4r ett f\u00e4rgband f\u00f6r utskrift av plastkort med skarpa f\u00e4rger, tydlig text och bra detalj\u00e5tergivning. Bandtypen<\/p>","protected":false},"featured_media":156639,"template":"","meta":{"_acf_changed":false},"product_brand":[],"product_cat":[4852],"product_tag":[4863],"class_list":{"0":"post-156640","1":"product","2":"type-product","3":"status-publish","4":"has-post-thumbnail","6":"product_cat-hdp6600-band","7":"product_tag-pf","8":"pa_brands-fargo","9":"tm-no-options","11":"first","12":"instock","13":"sale","14":"taxable","15":"shipping-taxable","16":"purchasable","17":"product-type-simple"},"acf":[],"_links":{"self":[{"href":"https:\/\/secureus.se\/fi\/wp-json\/wp\/v2\/product\/156640","targetHints":{"allow":["GET"]}}],"collection":[{"href":"https:\/\/secureus.se\/fi\/wp-json\/wp\/v2\/product"}],"about":[{"href":"https:\/\/secureus.se\/fi\/wp-json\/wp\/v2\/types\/product"}],"wp:featuredmedia":[{"embeddable":true,"href":"https:\/\/secureus.se\/fi\/wp-json\/wp\/v2\/media\/156639"}],"wp:attachment":[{"href":"https:\/\/secureus.se\/fi\/wp-json\/wp\/v2\/media?parent=156640"}],"wp:term":[{"taxonomy":"product_brand","embeddable":true,"href":"https:\/\/secureus.se\/fi\/wp-json\/wp\/v2\/product_brand?post=156640"},{"taxonomy":"product_cat","embeddable":true,"href":"https:\/\/secureus.se\/fi\/wp-json\/wp\/v2\/product_cat?post=156640"},{"taxonomy":"product_tag","embeddable":true,"href":"https:\/\/secureus.se\/fi\/wp-json\/wp\/v2\/product_tag?post=156640"}],"curies":[{"name":"wp","href":"https:\/\/api.w.org\/{rel}","templated":true}]}}