{"id":156642,"date":"2025-09-11T16:35:43","date_gmt":"2025-09-11T14:35:43","guid":{"rendered":"https:\/\/secureus.se\/fargo-82702-1-0-mil-clear-uv-resistant-laminate-w-security-design-1000-prints\/"},"modified":"2026-04-23T12:32:25","modified_gmt":"2026-04-23T10:32:25","slug":"fargo-82702-1-0-mil-clear-uv-resistant-laminate-w-security-design-1000-prints","status":"publish","type":"product","link":"https:\/\/secureus.se\/fi\/fargo-82702-1-0-mil-clear-uv-resistant-laminate-w-security-design-1000-prints\/","title":{"rendered":"Fargo \u2013 82702 laminointikalvo, UV-suojattu (1000 tulostetta)"},"content":{"rendered":"<h1>Laminointikalvo<br \/>\n  Fargo &#8211; 82702, UV-best\u00e4ndig (1000 utskrifter)<\/h1>\n<p>Lamineringsfilm Fargo &#8211; 82702, UV-best\u00e4ndig (1000 utskrifter) \u00e4r<br \/>\n  holografinen laminointikalvo, joka yhdist\u00e4\u00e4 kulumissuojan ja lis\u00e4turvallisuuden<br \/>\n  manipulointia ja v\u00e4\u00e4rent\u00e4mist\u00e4 vastaan.<\/p>\n<p>Hyv\u00e4 valinta, kun haluat pident\u00e4\u00e4 korttiesi k\u00e4ytt\u00f6ik\u00e4\u00e4, parantaa<br \/>\n  kest\u00e4vyytt\u00e4 ja ammattimaisemman lopputuloksen.<\/p>\n<ul>\n<li>Kapasiteetti: jopa 1 000 tulostetta rullaa kohden<\/li>\n<li>Tarjoaa lis\u00e4\u00e4 visuaalista turvallisuutta holografisella efektill\u00e4<\/li>\n<li>UV-suojattu<\/li>\n<li>1,0 milin paksuus<\/li>\n<\/ul>\n<p><strong>Yhteensopiva t\u00e4m\u00e4n tuotteen kanssa<br \/>\n  Fargo HDP6600 uudelleensiirto.<\/strong><\/p>\n<p><strong>Tuotteen paino:<\/strong> 0,25 kg<\/p>","protected":false},"excerpt":{"rendered":"<p>Lamineringsfilm Fargo &#8211; 82702, UV-best\u00e4ndig (1000 utskrifter) Lamineringsfilm Fargo &#8211; 82702, UV-best\u00e4ndig (1000 utskrifter) \u00e4r en holografisk lamineringsfilm som kombinerar slitageskydd med extra s\u00e4kerhet mot manipulering och f\u00f6rfalskning. Ett bra<\/p>","protected":false},"featured_media":156641,"template":"","meta":{"_acf_changed":false},"product_brand":[],"product_cat":[4852],"product_tag":[4863],"class_list":{"0":"post-156642","1":"product","2":"type-product","3":"status-publish","4":"has-post-thumbnail","6":"product_cat-hdp6600-band","7":"product_tag-pf","8":"pa_brands-fargo","9":"tm-no-options","11":"first","12":"outofstock","13":"sale","14":"taxable","15":"shipping-taxable","16":"purchasable","17":"product-type-simple"},"acf":[],"_links":{"self":[{"href":"https:\/\/secureus.se\/fi\/wp-json\/wp\/v2\/product\/156642","targetHints":{"allow":["GET"]}}],"collection":[{"href":"https:\/\/secureus.se\/fi\/wp-json\/wp\/v2\/product"}],"about":[{"href":"https:\/\/secureus.se\/fi\/wp-json\/wp\/v2\/types\/product"}],"wp:featuredmedia":[{"embeddable":true,"href":"https:\/\/secureus.se\/fi\/wp-json\/wp\/v2\/media\/156641"}],"wp:attachment":[{"href":"https:\/\/secureus.se\/fi\/wp-json\/wp\/v2\/media?parent=156642"}],"wp:term":[{"taxonomy":"product_brand","embeddable":true,"href":"https:\/\/secureus.se\/fi\/wp-json\/wp\/v2\/product_brand?post=156642"},{"taxonomy":"product_cat","embeddable":true,"href":"https:\/\/secureus.se\/fi\/wp-json\/wp\/v2\/product_cat?post=156642"},{"taxonomy":"product_tag","embeddable":true,"href":"https:\/\/secureus.se\/fi\/wp-json\/wp\/v2\/product_tag?post=156642"}],"curies":[{"name":"wp","href":"https:\/\/api.w.org\/{rel}","templated":true}]}}