{"id":156663,"date":"2025-09-11T16:35:45","date_gmt":"2025-09-11T14:35:45","guid":{"rendered":"https:\/\/secureus.se\/fargo-82604-orbit-polyguard-overlaminate-250-prints\/"},"modified":"2026-04-08T17:02:09","modified_gmt":"2026-04-08T15:02:09","slug":"fargo-82604-orbit-polyguard-overlaminate-250-prints","status":"publish","type":"product","link":"https:\/\/secureus.se\/fi\/fargo-82604-orbit-polyguard-overlaminate-250-prints\/","title":{"rendered":"Lamineringsfilm Fargo &#8211; 82604, Orbit (250 utskrifter)"},"content":{"rendered":"<h1>Lamineringsfilm<br \/>\n  Fargo &#8211; 82604, Orbit (250 utskrifter)<\/h1>\n<p>Lamineringsfilm Fargo &#8211; 82604, Orbit (250 utskrifter) \u00e4r en<br \/>\n  holografisk lamineringsfilm som kombinerar slitageskydd med extra s\u00e4kerhet<br \/>\n  mot manipulering och f\u00f6rfalskning.<\/p>\n<p>Ett bra val n\u00e4r du vill \u00f6ka kortens livsl\u00e4ngd, f\u00f6rb\u00e4ttra<br \/>\n  slitstyrkan och f\u00e5 ett mer professionellt slutresultat.<\/p>\n<ul>\n<li>Kapacitet: upp till 250 utskrifter per rulle<\/li>\n<li>Ger extra visuell s\u00e4kerhet med holografisk effekt<\/li>\n<li>Orbit-design f\u00f6r \u00f6kad s\u00e4kerhet<\/li>\n<li>1,0 mil tjocklek<\/li>\n<\/ul>\n<p><strong>Kompatibel med Fargo DTC4500, DTC4500e,<br \/>\n  HDP5000.<\/strong><\/p>\n<p><strong>Tuotteen paino:<\/strong> 0,50 kg<\/p>","protected":false},"excerpt":{"rendered":"<p>Lamineringsfilm Fargo &#8211; 82604, Orbit (250 utskrifter) Lamineringsfilm Fargo &#8211; 82604, Orbit (250 utskrifter) \u00e4r en holografisk lamineringsfilm som kombinerar slitageskydd med extra s\u00e4kerhet mot manipulering och f\u00f6rfalskning. Ett bra<\/p>","protected":false},"featured_media":156661,"template":"","meta":{"_acf_changed":false},"product_brand":[],"product_cat":[4846,4850,4851],"product_tag":[4863],"class_list":{"0":"post-156663","1":"product","2":"type-product","3":"status-publish","4":"has-post-thumbnail","6":"product_cat-dtc4500-band","7":"product_cat-hdp5000-band","8":"product_cat-hdp5000e-band","9":"product_tag-pf","10":"pa_brands-fargo","11":"tm-no-options","13":"first","14":"outofstock","15":"sale","16":"taxable","17":"shipping-taxable","18":"purchasable","19":"product-type-simple"},"acf":[],"_links":{"self":[{"href":"https:\/\/secureus.se\/fi\/wp-json\/wp\/v2\/product\/156663","targetHints":{"allow":["GET"]}}],"collection":[{"href":"https:\/\/secureus.se\/fi\/wp-json\/wp\/v2\/product"}],"about":[{"href":"https:\/\/secureus.se\/fi\/wp-json\/wp\/v2\/types\/product"}],"wp:featuredmedia":[{"embeddable":true,"href":"https:\/\/secureus.se\/fi\/wp-json\/wp\/v2\/media\/156661"}],"wp:attachment":[{"href":"https:\/\/secureus.se\/fi\/wp-json\/wp\/v2\/media?parent=156663"}],"wp:term":[{"taxonomy":"product_brand","embeddable":true,"href":"https:\/\/secureus.se\/fi\/wp-json\/wp\/v2\/product_brand?post=156663"},{"taxonomy":"product_cat","embeddable":true,"href":"https:\/\/secureus.se\/fi\/wp-json\/wp\/v2\/product_cat?post=156663"},{"taxonomy":"product_tag","embeddable":true,"href":"https:\/\/secureus.se\/fi\/wp-json\/wp\/v2\/product_tag?post=156663"}],"curies":[{"name":"wp","href":"https:\/\/api.w.org\/{rel}","templated":true}]}}