{"id":156669,"date":"2025-09-11T16:35:46","date_gmt":"2025-09-11T14:35:46","guid":{"rendered":"https:\/\/secureus.se\/fargo-hdp5000-holographic-film-high-secure-orbit-084054-500-prints\/"},"modified":"2026-05-06T09:42:57","modified_gmt":"2026-05-06T07:42:57","slug":"fargo-hdp5000-holographic-film-high-secure-orbit-084054-500-prints","status":"publish","type":"product","link":"https:\/\/secureus.se\/fi\/fargo-hdp5000-holographic-film-high-secure-orbit-084054-500-prints\/","title":{"rendered":"Fargo HDP5000 holografinen kalvo, High Secure Orbit, 084054 (500 tulostetta)"},"content":{"rendered":"<h1>Holografinen<br \/>\n  Fargo HDP5000 -kalvo \u2013 HDP5000, eritt\u00e4in turvallinen kiertorata (500<br \/>\n  tulosteita)<\/h1>\n<p>Holografinen kalvo Fargo HDP5000 \u2013 HDP5000, High Secure Orbit (500<br \/>\n  prints) on holografinen laminointikalvo, joka yhdist\u00e4\u00e4 kulumissuojan<br \/>\n  lis\u00e4turvaa manipulointia ja v\u00e4\u00e4rent\u00e4mist\u00e4 vastaan.<\/p>\n<p>Hyv\u00e4 valinta, kun haluat pident\u00e4\u00e4 korttiesi k\u00e4ytt\u00f6ik\u00e4\u00e4, parantaa<br \/>\n  kest\u00e4vyytt\u00e4 ja ammattimaisemman lopputuloksen.<\/p>\n<ul>\n<li>Kapasiteetti: jopa 500 tulostetta rullaa kohden<\/li>\n<li>Tarjoaa lis\u00e4\u00e4 visuaalista turvallisuutta holografisella efektill\u00e4<\/li>\n<li>Kiertoradan muoto lis\u00e4\u00e4 turvallisuutta<\/li>\n<li>Tuotenumero: 84054<\/li>\n<\/ul>\n<p><strong>Yhteensopiva Fargon kanssa<br \/>\n  HDP5000.<\/strong><\/p>\n<p><strong>Tuotteen paino:<\/strong> 0,26 kg<\/p>","protected":false},"excerpt":{"rendered":"<p>Holografisk film Fargo HDP5000 &#8211; HDP5000, High Secure Orbit (500 utskrifter) Holografisk film Fargo HDP5000 &#8211; HDP5000, High Secure Orbit (500 utskrifter) \u00e4r en holografisk lamineringsfilm som kombinerar slitageskydd med<\/p>","protected":false},"featured_media":156666,"template":"","meta":{"_acf_changed":false},"product_brand":[],"product_cat":[4850],"product_tag":[4863],"class_list":{"0":"post-156669","1":"product","2":"type-product","3":"status-publish","4":"has-post-thumbnail","6":"product_cat-hdp5000-band","7":"product_tag-pf","8":"pa_brands-fargo","9":"tm-no-options","11":"first","12":"instock","13":"sale","14":"taxable","15":"shipping-taxable","16":"purchasable","17":"product-type-simple"},"acf":[],"_links":{"self":[{"href":"https:\/\/secureus.se\/fi\/wp-json\/wp\/v2\/product\/156669","targetHints":{"allow":["GET"]}}],"collection":[{"href":"https:\/\/secureus.se\/fi\/wp-json\/wp\/v2\/product"}],"about":[{"href":"https:\/\/secureus.se\/fi\/wp-json\/wp\/v2\/types\/product"}],"wp:featuredmedia":[{"embeddable":true,"href":"https:\/\/secureus.se\/fi\/wp-json\/wp\/v2\/media\/156666"}],"wp:attachment":[{"href":"https:\/\/secureus.se\/fi\/wp-json\/wp\/v2\/media?parent=156669"}],"wp:term":[{"taxonomy":"product_brand","embeddable":true,"href":"https:\/\/secureus.se\/fi\/wp-json\/wp\/v2\/product_brand?post=156669"},{"taxonomy":"product_cat","embeddable":true,"href":"https:\/\/secureus.se\/fi\/wp-json\/wp\/v2\/product_cat?post=156669"},{"taxonomy":"product_tag","embeddable":true,"href":"https:\/\/secureus.se\/fi\/wp-json\/wp\/v2\/product_tag?post=156669"}],"curies":[{"name":"wp","href":"https:\/\/api.w.org\/{rel}","templated":true}]}}