{"id":158312,"date":"2025-09-22T12:58:49","date_gmt":"2025-09-22T10:58:49","guid":{"rendered":"https:\/\/secureus.se\/tidsrela-12v-c-no-tillslagsfordrojt-rela-03-60-sekunder\/"},"modified":"2026-05-04T21:16:28","modified_gmt":"2026-05-04T19:16:28","slug":"tidsrela-12v-c-no-tillslagsfordrojt-rela-03-60-sekunder","status":"publish","type":"product","link":"https:\/\/secureus.se\/fi\/tidsrela-12v-c-no-tillslagsfordrojt-rela-03-60-sekunder\/","title":{"rendered":"Aikarele 12V C\/NO vetoviiverele 0,3\u201360 sekuntia"},"content":{"rendered":"<h1>Aikarele 12V C\/NO vetoviiverele<\/h1>\n<p><strong data-start=\"897\" data-end=\"915\">Toimintaperiaate:<\/strong> Kun laite saa virtaa, se odottaa ennalta asetetun ajan ennen l\u00e4ht\u00f6signaalin aktivoimista.<\/p>\n<h3 data-start=\"135\" data-end=\"154\"><strong data-start=\"139\" data-end=\"154\">Ominaisuudet:<\/strong><\/h3>\n<ol data-start=\"156\" data-end=\"569\">\n<li data-start=\"156\" data-end=\"210\">\n<p data-start=\"159\" data-end=\"210\">Korkealaatuinen kotelo \u2013 p\u00f6lytiivis ja palosuojattu.<\/p>\n<\/li>\n<li data-start=\"211\" data-end=\"244\">\n<p data-start=\"214\" data-end=\"244\">Tarkoitettu tietoliikenneasennuksiin.<\/p>\n<\/li>\n<li data-start=\"245\" data-end=\"296\">\n<p data-start=\"248\" data-end=\"296\">Aikaviivett\u00e4 voidaan s\u00e4\u00e4t\u00e4\u00e4 tarpeidesi mukaan.<\/p>\n<\/li>\n<li data-start=\"297\" data-end=\"369\">\n<p data-start=\"300\" data-end=\"369\">Helppok\u00e4ytt\u00f6inen ja voi sammua automaattisesti tietyn ajan kuluttua.<\/p>\n<\/li>\n<li data-start=\"370\" data-end=\"569\">\n<p data-start=\"373\" data-end=\"569\">Monipuolinen k\u00e4ytt\u00f6 h\u00e4lytysj\u00e4rjestelmiss\u00e4 ja tietoliikenteess\u00e4, mutta my\u00f6s muissa toiminnoissa<\/p>\n<\/li>\n<\/ol>\n<h3 data-start=\"576\" data-end=\"609\"><strong data-start=\"580\" data-end=\"609\">Tekniset tiedot:<\/strong><\/h3>\n<ul data-start=\"611\" data-end=\"1001\">\n<li data-start=\"635\" data-end=\"664\">\n<p data-start=\"637\" data-end=\"664\"><strong data-start=\"637\" data-end=\"646\">Mitata:<\/strong> 50 \u00d7 35 \u00d7 22 mm<\/p>\n<\/li>\n<li data-start=\"665\" data-end=\"691\">\n<p data-start=\"667\" data-end=\"691\"><strong data-start=\"667\" data-end=\"682\">Tuloj\u00e4nnite:<\/strong> 12 V tasavirta<\/p>\n<\/li>\n<li data-start=\"692\" data-end=\"754\">\n<p data-start=\"694\" data-end=\"754\"><strong data-start=\"694\" data-end=\"710\">K\u00e4ytt\u00f6virta:<\/strong> 68 mA (liipaisinkytkimen aktivoinnin j\u00e4lkeen)<\/p>\n<\/li>\n<li data-start=\"755\" data-end=\"811\">\n<p data-start=\"757\" data-end=\"811\"><strong data-start=\"757\" data-end=\"788\">L\u00e4ht\u00f6j\u00e4nnite (ohjaus):<\/strong> 0\u201314 V tasavirta<\/p>\n<\/li>\n<li data-start=\"812\" data-end=\"849\">\n<p data-start=\"814\" data-end=\"849\"><strong data-start=\"814\" data-end=\"842\">L\u00e4ht\u00f6virta (ohjaus):<\/strong> &lt;11A<\/p>\n<\/li>\n<li data-start=\"850\" data-end=\"894\">\n<p data-start=\"852\" data-end=\"894\"><strong data-start=\"852\" data-end=\"873\">Ty\u00f6l\u00e4mp\u00f6tila:<\/strong> -20\u00b0C - +70\u00b0C<\/p>\n<\/li>\n<li data-start=\"895\" data-end=\"1001\">\n<p data-start=\"897\" data-end=\"1001\"><strong data-start=\"897\" data-end=\"915\">Toimintaperiaate:<\/strong> Kun laite saa virtaa, se odottaa ennalta asetetun ajan ennen l\u00e4ht\u00f6signaalin aktivoimista.<\/p>\n<\/li>\n<\/ul>\n<p data-start=\"1765\" data-end=\"1813\"><img decoding=\"async\" class=\"alignnone size-full wp-image-123539664\" src=\"https:\/\/securityonline.se\/wp-content\/uploads\/2025\/09\/Tidsrelamodul-5V-12V-24V-med-LCD-och-justerbar-fordrojning-1-1.jpg\" alt=\"\" width=\"747\" height=\"489\" \/><\/p>","protected":false},"excerpt":{"rendered":"<p>Kompakti ja monipuolinen 12 V:n viivemoduuli tietoliikennesovelluksiin.<\/p>\n<p>S\u00e4\u00e4dett\u00e4v\u00e4n viiveen ja kest\u00e4v\u00e4n, palosuojatun kotelon ansiosta se sopii vaativiin ymp\u00e4rist\u00f6ihin pienj\u00e4nniteasennuksissa.<\/p>","protected":false},"featured_media":158310,"template":"","meta":{"_acf_changed":false},"product_brand":[],"product_cat":[1548,4154],"product_tag":[],"class_list":{"0":"post-158312","1":"product","2":"type-product","3":"status-publish","4":"has-post-thumbnail","6":"product_cat-relaer-elektronik","7":"product_cat-tidrela","8":"product_shipping_class-postnord-varubrev","9":"pa_brands-stonehouse-security","10":"tm-no-options","12":"first","13":"instock","14":"sale","15":"taxable","16":"shipping-taxable","17":"purchasable","18":"product-type-simple"},"acf":[],"_links":{"self":[{"href":"https:\/\/secureus.se\/fi\/wp-json\/wp\/v2\/product\/158312","targetHints":{"allow":["GET"]}}],"collection":[{"href":"https:\/\/secureus.se\/fi\/wp-json\/wp\/v2\/product"}],"about":[{"href":"https:\/\/secureus.se\/fi\/wp-json\/wp\/v2\/types\/product"}],"wp:featuredmedia":[{"embeddable":true,"href":"https:\/\/secureus.se\/fi\/wp-json\/wp\/v2\/media\/158310"}],"wp:attachment":[{"href":"https:\/\/secureus.se\/fi\/wp-json\/wp\/v2\/media?parent=158312"}],"wp:term":[{"taxonomy":"product_brand","embeddable":true,"href":"https:\/\/secureus.se\/fi\/wp-json\/wp\/v2\/product_brand?post=158312"},{"taxonomy":"product_cat","embeddable":true,"href":"https:\/\/secureus.se\/fi\/wp-json\/wp\/v2\/product_cat?post=158312"},{"taxonomy":"product_tag","embeddable":true,"href":"https:\/\/secureus.se\/fi\/wp-json\/wp\/v2\/product_tag?post=158312"}],"curies":[{"name":"wp","href":"https:\/\/api.w.org\/{rel}","templated":true}]}}