{"id":158316,"date":"2025-09-22T12:48:32","date_gmt":"2025-09-22T10:48:32","guid":{"rendered":"https:\/\/secureus.se\/tidsrela-6-30v-programmerbar\/"},"modified":"2026-03-13T18:51:37","modified_gmt":"2026-03-13T17:51:37","slug":"tidsrela-6-30v-programmerbar","status":"publish","type":"product","link":"https:\/\/secureus.se\/fi\/tidsrela-6-30v-programmerbar\/","title":{"rendered":"Ajastinrele 6-30V Ohjelmoitava 0,01s\u20139999 minuuttia \u2013 LCD-n\u00e4ytt\u00f6 Pro-sarja"},"content":{"rendered":"<h1>Aikarele 6-30V Ohjelmoitava LCD-n\u00e4yt\u00f6ll\u00e4<\/h1>\n<p>T\u00e4m\u00e4 Sinilinkin edistynyt aikarelemoduuli sopii erinomaisesti automaatioprojekteihin, joissa vaaditaan tarkkaa aikaohjausta.<\/p>\n<p>Se on varustettu selke\u00e4ll\u00e4 LCD-n\u00e4yt\u00f6ll\u00e4, laajalla j\u00e4nniteyhteensopivuudella ja tukee useita ty\u00f6tiloja sek\u00e4 syklisi\u00e4 toimintoja.<\/p>\n<h3 data-start=\"428\" data-end=\"447\"><strong data-start=\"432\" data-end=\"447\">Ominaisuudet:<\/strong><\/h3>\n<ol data-start=\"449\" data-end=\"1101\">\n<li data-start=\"449\" data-end=\"525\">\n<p data-start=\"452\" data-end=\"525\">LCD-n\u00e4ytt\u00f6 n\u00e4ytt\u00e4\u00e4 selke\u00e4sti nykyisen k\u00e4ytt\u00f6tilan ja asetetut parametrit.<\/p>\n<\/li>\n<li data-start=\"526\" data-end=\"598\">\n<p data-start=\"529\" data-end=\"598\">Tuki sek\u00e4 korkealle ett\u00e4 matalalle triggeritasolle sek\u00e4 ohjaukselle kytkimill\u00e4.<\/p>\n<\/li>\n<li data-start=\"599\" data-end=\"668\">\n<p data-start=\"602\" data-end=\"668\">Laaja tuloj\u00e4nnitealue: 6\u201330 V, tukee my\u00f6s 5 V:n j\u00e4nnitett\u00e4 micro-USB:n kautta.<\/p>\n<\/li>\n<li data-start=\"669\" data-end=\"728\">\n<p data-start=\"672\" data-end=\"728\">Tukee UART-tiedonsiirtoa ja parametrien asettamista.<\/p>\n<\/li>\n<li data-start=\"729\" data-end=\"791\">\n<p data-start=\"732\" data-end=\"791\">H\u00e4t\u00e4pys\u00e4ytys STOP-painikkeella ja suojauksella v\u00e4\u00e4r\u00e4\u00e4 napaisuutta vastaan.<\/p>\n<\/li>\n<li data-start=\"792\" data-end=\"890\">\n<p data-start=\"795\" data-end=\"890\">Virrans\u00e4\u00e4st\u00f6tila: Jos mit\u00e4\u00e4n painiketta ei k\u00e4ytet\u00e4 5 minuuttiin, taustavalo sammuu automaattisesti.<\/p>\n<\/li>\n<li data-start=\"891\" data-end=\"954\">\n<p data-start=\"894\" data-end=\"954\">Itsen\u00e4iset OP-, CL- ja LOP-parametrit voidaan tallentaa erikseen.<\/p>\n<\/li>\n<li data-start=\"955\" data-end=\"1015\">\n<p data-start=\"958\" data-end=\"1015\">Kaikki asetukset tallentuvat automaattisesti s\u00e4hk\u00f6katkon sattuessa.<\/p>\n<\/li>\n<li data-start=\"1016\" data-end=\"1101\">\n<p data-start=\"1019\" data-end=\"1101\">Teollisuusluokan rakenne optoeristyksell\u00e4 parannetun h\u00e4iri\u00f6nsietokyvyn takaamiseksi.<\/p>\n<\/li>\n<\/ol>\n<h3 data-start=\"1108\" data-end=\"1132\"><strong data-start=\"1112\" data-end=\"1132\">Tekniset tiedot:<\/strong><\/h3>\n<ul data-start=\"1134\" data-end=\"1539\">\n<li data-start=\"1134\" data-end=\"1163\">\n<p data-start=\"1136\" data-end=\"1163\"><strong data-start=\"1136\" data-end=\"1155\">K\u00e4ytt\u00f6j\u00e4nnite:<\/strong> 6\u201330 V<\/p>\n<\/li>\n<li data-start=\"1164\" data-end=\"1214\">\n<p data-start=\"1166\" data-end=\"1214\"><strong data-start=\"1166\" data-end=\"1184\">Aikav\u00e4li:<\/strong> 0,01 s\u20139999 min (s\u00e4\u00e4dett\u00e4v\u00e4)<\/p>\n<\/li>\n<li data-start=\"1215\" data-end=\"1307\">\n<p data-start=\"1217\" data-end=\"1237\"><strong data-start=\"1217\" data-end=\"1235\">Liipaisusignaali:<\/strong><\/p>\n<ul data-start=\"1240\" data-end=\"1307\">\n<li data-start=\"1240\" data-end=\"1261\">\n<p data-start=\"1242\" data-end=\"1261\">Korkea taso: 3,0\u201324 V<\/p>\n<\/li>\n<li data-start=\"1264\" data-end=\"1286\">\n<p data-start=\"1266\" data-end=\"1286\">Matala taso: 0,0\u20130,2 V<\/p>\n<\/li>\n<li data-start=\"1289\" data-end=\"1307\">\n<p data-start=\"1291\" data-end=\"1307\">Passiivinen kytkin<\/p>\n<\/li>\n<\/ul>\n<\/li>\n<li data-start=\"1308\" data-end=\"1375\">\n<p data-start=\"1310\" data-end=\"1333\"><strong data-start=\"1310\" data-end=\"1331\">L\u00e4ht\u00f6kapasiteetti:<\/strong><\/p>\n<ul data-start=\"1336\" data-end=\"1375\">\n<li data-start=\"1336\" data-end=\"1375\">\n<p data-start=\"1338\" data-end=\"1375\">Jopa 30 V 5 A DC tai 220 V 5 A AC<\/p>\n<\/li>\n<\/ul>\n<\/li>\n<li data-start=\"1376\" data-end=\"1400\">\n<p data-start=\"1378\" data-end=\"1400\"><strong data-start=\"1378\" data-end=\"1392\">Lepovirta:<\/strong> 15mA<\/p>\n<\/li>\n<li data-start=\"1401\" data-end=\"1426\">\n<p data-start=\"1403\" data-end=\"1426\"><strong data-start=\"1403\" data-end=\"1418\">K\u00e4ytt\u00f6virta:<\/strong> 50 mA<\/p>\n<\/li>\n<li data-start=\"1427\" data-end=\"1467\">\n<p data-start=\"1429\" data-end=\"1467\"><strong data-start=\"1429\" data-end=\"1443\">El\u00e4m\u00e4:<\/strong> Yli 100 000 sykli\u00e4<\/p>\n<\/li>\n<li data-start=\"1468\" data-end=\"1508\">\n<p data-start=\"1470\" data-end=\"1508\"><strong data-start=\"1470\" data-end=\"1491\">Ty\u00f6l\u00e4mp\u00f6tila:<\/strong> -40 - +85 \u00b0C<\/p>\n<\/li>\n<li data-start=\"1509\" data-end=\"1539\">\n<p data-start=\"1511\" data-end=\"1539\"><strong data-start=\"1511\" data-end=\"1523\">Koko:<\/strong> 88 \u00d7 38 \u00d7 19 mm<\/p>\n<\/li>\n<\/ul>\n<h3 data-start=\"1546\" data-end=\"1575\"><strong data-start=\"1550\" data-end=\"1575\">Aikav\u00e4lin valinta:<\/strong><\/h3>\n<p data-start=\"1577\" data-end=\"1608\">OP\/CL-asetusten n\u00e4yt\u00f6ss\u00e4:<\/p>\n<ul data-start=\"1609\" data-end=\"1733\">\n<li data-start=\"1609\" data-end=\"1637\">\n<p data-start=\"1611\" data-end=\"1637\"><code data-start=\"1611\" data-end=\"1617\">XXXX<\/code> = 1\u20139999 sekuntia<\/p>\n<\/li>\n<li data-start=\"1638\" data-end=\"1670\">\n<p data-start=\"1640\" data-end=\"1670\"><code data-start=\"1640\" data-end=\"1647\">XXX.X<\/code> = 0,1\u2013999,9 sekuntia<\/p>\n<\/li>\n<li data-start=\"1671\" data-end=\"1704\">\n<p data-start=\"1673\" data-end=\"1704\"><code data-start=\"1673\" data-end=\"1680\">XX.XX<\/code> = 0,01\u201399,99 sekuntia<\/p>\n<\/li>\n<li data-start=\"1705\" data-end=\"1733\">\n<p data-start=\"1707\" data-end=\"1733\"><code data-start=\"1707\" data-end=\"1716\">XXXX<\/code> = 1\u20139999 minuuttia<\/p>\n<\/li>\n<\/ul>\n<h3 data-start=\"1740\" data-end=\"1769\"><strong data-start=\"1744\" data-end=\"1769\">Parametrien asetus:<\/strong><\/h3>\n<ul data-start=\"1771\" data-end=\"1889\">\n<li data-start=\"1771\" data-end=\"1797\">\n<p data-start=\"1773\" data-end=\"1797\"><strong data-start=\"1773\" data-end=\"1780\">OP:<\/strong> K\u00e4ynnistysaika<\/p>\n<\/li>\n<li data-start=\"1798\" data-end=\"1824\">\n<p data-start=\"1800\" data-end=\"1824\"><strong data-start=\"1800\" data-end=\"1807\">CL:<\/strong> Sammutusaika<\/p>\n<\/li>\n<li data-start=\"1825\" data-end=\"1889\">\n<p data-start=\"1827\" data-end=\"1889\"><strong data-start=\"1827\" data-end=\"1835\">SUORITA:<\/strong> Syklien lukum\u00e4\u00e4r\u00e4 (1\u20139999 tai \u201d\u2014-\u201d \u00e4\u00e4rett\u00f6m\u00e4lle silmukalle)<\/p>\n<\/li>\n<\/ul>\n<p data-start=\"1891\" data-end=\"1905\">Muutaksesi:<\/p>\n<ol data-start=\"1906\" data-end=\"2236\">\n<li data-start=\"1906\" data-end=\"1956\">\n<p data-start=\"1909\" data-end=\"1956\">Pid\u00e4 sis\u00e4ll\u00e4 <strong data-start=\"1917\" data-end=\"1924\">SARJA<\/strong> asetusten sy\u00f6tt\u00e4miseksi<\/p>\n<\/li>\n<li data-start=\"1957\" data-end=\"1989\">\n<p data-start=\"1960\" data-end=\"1989\">Valitse ty\u00f6skentelytila YL\u00d6S\/ALAS-painikkeilla<\/p>\n<\/li>\n<li data-start=\"1990\" data-end=\"2057\">\n<p data-start=\"1993\" data-end=\"2057\">Vahvista SET-painikkeella siirty\u00e4ksesi parametriasetuksiin<\/p>\n<\/li>\n<li data-start=\"2058\" data-end=\"2121\">\n<p data-start=\"2061\" data-end=\"2121\">S\u00e4\u00e4d\u00e4 kutakin parametria painamalla lyhyesti\/pitk\u00e4sti YL\u00d6S\/ALAS-n\u00e4pp\u00e4imi\u00e4<\/p>\n<\/li>\n<li data-start=\"2122\" data-end=\"2186\">\n<p data-start=\"2125\" data-end=\"2186\">Lehdist\u00f6 <strong data-start=\"2134\" data-end=\"2142\">STOP<\/strong> vaihtaaksesi sekuntien ja minuuttien v\u00e4lill\u00e4<\/p>\n<\/li>\n<li data-start=\"2187\" data-end=\"2236\">\n<p data-start=\"2190\" data-end=\"2236\">Paina ja pid\u00e4 pohjassa <strong data-start=\"2205\" data-end=\"2212\">SARJA<\/strong> pelastaa ja l\u00e4hte\u00e4<\/p>\n<\/li>\n<\/ol>\n<h3 data-start=\"2243\" data-end=\"2263\"><strong data-start=\"2247\" data-end=\"2263\">Ty\u00f6tilat:<\/strong><\/h3>\n<ul data-start=\"2265\" data-end=\"2716\">\n<li data-start=\"2265\" data-end=\"2308\">\n<p data-start=\"2267\" data-end=\"2308\"><strong data-start=\"2267\" data-end=\"2274\">P1:<\/strong> Laukaisut \u2192 rele p\u00e4\u00e4ll\u00e4 (toiminta-aika) \u2192 pois p\u00e4\u00e4lt\u00e4<\/p>\n<\/li>\n<li data-start=\"2309\" data-end=\"2374\">\n<p data-start=\"2311\" data-end=\"2374\"><strong data-start=\"2311\" data-end=\"2318\">P2:<\/strong> Laukaisimet \u2192 rele p\u00e4\u00e4ll\u00e4 (OP) \u2192 laukaisee OP:n aikana \u2192 uudelleenlaskenta<\/p>\n<\/li>\n<li data-start=\"2375\" data-end=\"2430\">\n<p data-start=\"2377\" data-end=\"2430\"><strong data-start=\"2377\" data-end=\"2384\">P3:<\/strong> Liipaisimet \u2192 rele p\u00e4\u00e4ll\u00e4 (OP) \u2192 uusi liipaisu \u2192 nollaus<\/p>\n<\/li>\n<li data-start=\"2431\" data-end=\"2488\">\n<p data-start=\"2433\" data-end=\"2488\"><strong data-start=\"2433\" data-end=\"2440\">P4:<\/strong> Liipaisimet \u2192 odottaa toimintatilaa \u2192 rele p\u00e4\u00e4ll\u00e4 \u2192 toimintatila valmis \u2192 pois p\u00e4\u00e4lt\u00e4<\/p>\n<\/li>\n<li data-start=\"2489\" data-end=\"2561\">\n<p data-start=\"2491\" data-end=\"2561\"><strong data-start=\"2491\" data-end=\"2498\">P5:<\/strong> Liipaisimet \u2192 OP p\u00e4\u00e4ll\u00e4 \u2192 CL pois p\u00e4\u00e4lt\u00e4 \u2192 sykli alkaa (m\u00e4\u00e4r\u00e4 m\u00e4\u00e4ritelt\u00e4viss\u00e4)<\/p>\n<\/li>\n<li data-start=\"2562\" data-end=\"2613\">\n<p data-start=\"2564\" data-end=\"2613\"><strong data-start=\"2564\" data-end=\"2571\">P6:<\/strong> Automaattinen sykli ilman liipaisinta (OP + CL)<\/p>\n<\/li>\n<li data-start=\"2614\" data-end=\"2716\">\n<p data-start=\"2616\" data-end=\"2716\"><strong data-start=\"2616\" data-end=\"2623\">P7:<\/strong> Rele pysyy aktiivisena niin kauan kuin signaali on l\u00e4sn\u00e4. Keskeytyksen sattuessa OP-ajastin k\u00e4ynnistyy ja rele kytkeytyy pois p\u00e4\u00e4lt\u00e4.<\/p>\n<\/li>\n<\/ul>\n<h3 data-start=\"2723\" data-end=\"2754\"><strong data-start=\"2727\" data-end=\"2754\">Lis\u00e4ominaisuudet:<\/strong><\/h3>\n<ul data-start=\"2756\" data-end=\"3075\">\n<li data-start=\"2756\" data-end=\"2850\">\n<p data-start=\"2758\" data-end=\"2850\"><strong data-start=\"2758\" data-end=\"2783\">Automaattinen lepotila:<\/strong> Sammuttaa LCD-taustan 5 minuutin kuluttua (voidaan ottaa k\u00e4ytt\u00f6\u00f6n\/poistaa k\u00e4yt\u00f6st\u00e4)<\/p>\n<\/li>\n<li data-start=\"2851\" data-end=\"2920\">\n<p data-start=\"2853\" data-end=\"2920\"><strong data-start=\"2853\" data-end=\"2877\">Reletoiminto P\u00c4\u00c4LLE\/POIS:<\/strong> STOP-kytkimet, jos releen on reagoitava olosuhteisiin<\/p>\n<\/li>\n<li data-start=\"2921\" data-end=\"2989\">\n<p data-start=\"2923\" data-end=\"2989\"><strong data-start=\"2923\" data-end=\"2947\">Parametrien tarkastelu:<\/strong> Lyhyt SET-painikkeen painallus n\u00e4ytt\u00e4\u00e4 nykyiset arvot<\/p>\n<\/li>\n<li data-start=\"2990\" data-end=\"3075\">\n<p data-start=\"2992\" data-end=\"3075\"><strong data-start=\"2992\" data-end=\"3012\">N\u00e4yt\u00f6n vaihto:<\/strong> Tilassa P5\/P6 n\u00e4ytt\u00f6 voi vaihtaa ajan ja syklien lukum\u00e4\u00e4r\u00e4n v\u00e4lill\u00e4<\/p>\n<\/li>\n<\/ul>\n<p data-start=\"1765\" data-end=\"1813\">","protected":false},"excerpt":{"rendered":"<p>Aikarelemoduuli LCD-n\u00e4yt\u00f6ll\u00e4, s\u00e4\u00e4dett\u00e4v\u00e4ll\u00e4 viiveell\u00e4 (0,01 s \u2013 9999 min) ja useiden liipaisutilojen tuella.<\/p>\n<p>Sopii t\u00e4ydellisesti automaatioon, sykliseen ohjaukseen ja tarkkaan ajanhallintaan.<\/p>","protected":false},"featured_media":158313,"template":"","meta":{"_acf_changed":false},"product_brand":[],"product_cat":[1548,4154],"product_tag":[],"class_list":{"0":"post-158316","1":"product","2":"type-product","3":"status-publish","4":"has-post-thumbnail","6":"product_cat-relaer-elektronik","7":"product_cat-tidrela","8":"product_shipping_class-postnord-varubrev","9":"pa_brands-stonehouse-security","10":"tm-no-options","12":"first","13":"instock","14":"sale","15":"taxable","16":"shipping-taxable","17":"purchasable","18":"product-type-simple"},"acf":[],"_links":{"self":[{"href":"https:\/\/secureus.se\/fi\/wp-json\/wp\/v2\/product\/158316","targetHints":{"allow":["GET"]}}],"collection":[{"href":"https:\/\/secureus.se\/fi\/wp-json\/wp\/v2\/product"}],"about":[{"href":"https:\/\/secureus.se\/fi\/wp-json\/wp\/v2\/types\/product"}],"wp:featuredmedia":[{"embeddable":true,"href":"https:\/\/secureus.se\/fi\/wp-json\/wp\/v2\/media\/158313"}],"wp:attachment":[{"href":"https:\/\/secureus.se\/fi\/wp-json\/wp\/v2\/media?parent=158316"}],"wp:term":[{"taxonomy":"product_brand","embeddable":true,"href":"https:\/\/secureus.se\/fi\/wp-json\/wp\/v2\/product_brand?post=158316"},{"taxonomy":"product_cat","embeddable":true,"href":"https:\/\/secureus.se\/fi\/wp-json\/wp\/v2\/product_cat?post=158316"},{"taxonomy":"product_tag","embeddable":true,"href":"https:\/\/secureus.se\/fi\/wp-json\/wp\/v2\/product_tag?post=158316"}],"curies":[{"name":"wp","href":"https:\/\/api.w.org\/{rel}","templated":true}]}}