{"id":158328,"date":"2025-09-22T12:36:38","date_gmt":"2025-09-22T10:36:38","guid":{"rendered":"https:\/\/secureus.se\/rela-24v-1-kanals-med-hog-och-lag-nivatriggning\/"},"modified":"2026-04-01T16:55:15","modified_gmt":"2026-04-01T14:55:15","slug":"rela-24v-1-kanals-med-hog-och-lag-nivatriggning","status":"publish","type":"product","link":"https:\/\/secureus.se\/fi\/rela-24v-1-kanals-med-hog-och-lag-nivatriggning\/","title":{"rendered":"Rele 24V 1-kanavainen, korkean ja matalan tason laukaisulla, Pro-sarja"},"content":{"rendered":"<h1>24 V:n 1-kanavainen rele, jossa korkean ja matalan tason laukaisu<\/h1>\n<p><span style=\"text-decoration: underline\"><strong>Sopii erinomaisesti h\u00e4lytys- ja tietoliikenneasennuksiin.<\/strong><\/span><\/p>\n<ol data-start=\"579\" data-end=\"1159\">\n<li data-start=\"579\" data-end=\"686\">\n<p data-start=\"582\" data-end=\"615\">Varustettu aidolla laadukkaalla releell\u00e4<\/p>\n<ul data-start=\"619\" data-end=\"686\">\n<li data-start=\"619\" data-end=\"686\">\n<p data-start=\"621\" data-end=\"686\">Maksimikuormitus: AC 250V\/10A, DC 30V\/10A (normaalisti avoin kosketin)<\/p>\n<\/li>\n<\/ul>\n<\/li>\n<li data-start=\"687\" data-end=\"788\">\n<p data-start=\"690\" data-end=\"757\">Kaksinkertainen optoeristys takaa korkean turvallisuuden ja vakaan suorituskyvyn<\/p>\n<ul data-start=\"761\" data-end=\"788\">\n<li data-start=\"761\" data-end=\"788\">\n<p data-start=\"763\" data-end=\"788\">Laukaisuvirta: vain 5 mA<\/p>\n<\/li>\n<\/ul>\n<\/li>\n<li data-start=\"789\" data-end=\"812\">\n<p data-start=\"792\" data-end=\"812\">Arbetssp\u00e4nning: 24V<\/p>\n<\/li>\n<li data-start=\"813\" data-end=\"897\">\n<p data-start=\"816\" data-end=\"897\">Jokainen kanava voidaan konfiguroida aktivoitumaan korkealla tai matalalla tasolla (jumpperin avulla)<\/p>\n<\/li>\n<li data-start=\"898\" data-end=\"979\">\n<p data-start=\"901\" data-end=\"979\">Vikasietoinen rakenne \u2013 jos ohjauslinja katkeaa, rele ei aktivoidu vahingossa<\/p>\n<\/li>\n<li data-start=\"980\" data-end=\"1073\">\n<p data-start=\"983\" data-end=\"1001\">LED-merkkivalot:<\/p>\n<ul data-start=\"1005\" data-end=\"1073\">\n<li data-start=\"1005\" data-end=\"1029\">\n<p data-start=\"1007\" data-end=\"1029\">Vihre\u00e4: virran merkkivalo<\/p>\n<\/li>\n<li data-start=\"1033\" data-end=\"1073\">\n<p data-start=\"1035\" data-end=\"1073\">Punainen: kunkin kanavan releen tila<\/p>\n<\/li>\n<\/ul>\n<\/li>\n<li data-start=\"1074\" data-end=\"1159\">\n<p data-start=\"1077\" data-end=\"1159\">K\u00e4ytt\u00e4j\u00e4yst\u00e4v\u00e4llinen asettelu \u2013 kaikkiin liit\u00e4nt\u00f6ihin p\u00e4\u00e4see k\u00e4siksi selkeiden ruuviliittimien kautta<\/p>\n<\/li>\n<\/ol>\n<p data-start=\"1161\" data-end=\"1172\"><strong>K\u00e4ytt\u00f6liittym\u00e4:<\/strong><\/p>\n<p data-start=\"1174\" data-end=\"1192\">Virtaliit\u00e4nt\u00e4:<\/p>\n<ul data-start=\"1193\" data-end=\"1291\">\n<li data-start=\"1193\" data-end=\"1242\">\n<p data-start=\"1195\" data-end=\"1242\">DC+: Liitet\u00e4\u00e4n virtal\u00e4hteen positiiviseen napaan<\/p>\n<\/li>\n<li data-start=\"1243\" data-end=\"1291\">\n<p data-start=\"1245\" data-end=\"1291\">DC-: Liitet\u00e4\u00e4n virtal\u00e4hteen negatiiviseen napaan<\/p>\n<\/li>\n<\/ul>\n<p data-start=\"1293\" data-end=\"1308\"><strong>Ohjaussignaalit:<\/strong><\/p>\n<ul data-start=\"1309\" data-end=\"1384\">\n<li data-start=\"1309\" data-end=\"1384\">\n<p data-start=\"1311\" data-end=\"1384\">IN1, IN2: Ohjaa kyseist\u00e4 relett\u00e4 asetetun laukaisutason (korkea\/matala) mukaan.<\/p>\n<\/li>\n<\/ul>\n<p data-start=\"1386\" data-end=\"1399\"><strong>Relel\u00e4ht\u00f6:<\/strong><\/p>\n<ul data-start=\"1400\" data-end=\"1621\">\n<li data-start=\"1400\" data-end=\"1493\">\n<p data-start=\"1402\" data-end=\"1493\">NO1, NO2 (Normaalisti avoin): Normaalisti avoin kosketin \u2013 auki lepotilassa, suljettu aktivoituna<\/p>\n<\/li>\n<li data-start=\"1494\" data-end=\"1526\">\n<p data-start=\"1496\" data-end=\"1526\">COM1, COM2: Yhteinen liitin<\/p>\n<\/li>\n<li data-start=\"1527\" data-end=\"1621\">\n<p data-start=\"1529\" data-end=\"1621\">NC1, NC2 (Normaalisti suljettu): Normaalisti suljettu kosketin \u2013 lepoasennossa suljettu, aktivoituna auki<\/p>\n<\/li>\n<\/ul>\n<p data-start=\"1623\" data-end=\"1644\"><strong>Liipaisutasojen valinta:<\/strong><\/p>\n<ul data-start=\"1645\" data-end=\"1813\">\n<li data-start=\"1645\" data-end=\"1698\">\n<p data-start=\"1647\" data-end=\"1698\">S1, S2: Releiden 1 ja 2 liipaisutasoa varten tarkoitettu hyppyjohtimen valinta<\/p>\n<\/li>\n<li data-start=\"1699\" data-end=\"1762\">\n<p data-start=\"1701\" data-end=\"1762\">Jos jumpperilaitteen COM-liitin on kytketty matalaan tasoon \u2192 matalan tason liipaisu<\/p>\n<\/li>\n<li data-start=\"1763\" data-end=\"1813\">\n<p data-start=\"1765\" data-end=\"1813\">Jos COM on kytketty korkeaan tasoon \u2192 korkean tason liipaisu<\/p>\n<\/li>\n<\/ul>","protected":false},"excerpt":{"rendered":"<p>Kompakti 2-kanavainen relemoduuli 24 V:n k\u00e4ytt\u00f6j\u00e4nnitteell\u00e4, tukee korkea- ja matalatasoista liipaisua sek\u00e4 kaksoisoptoeristyst\u00e4 vakaan ja turvallisen ohjauksen takaamiseksi.<\/p>\n<p>Varustettu LED-merkkivaloilla ja k\u00e4ytt\u00e4j\u00e4yst\u00e4v\u00e4llisill\u00e4 ruuviliittimill\u00e4 helppoa asennusta varten.<\/p>\n<p>Sopii erinomaisesti h\u00e4lytys- ja tietoliikenneasennuksiin.<\/p>","protected":false},"featured_media":158325,"template":"","meta":{"_acf_changed":false},"product_brand":[],"product_cat":[1548,4152],"product_tag":[],"class_list":{"0":"post-158328","1":"product","2":"type-product","3":"status-publish","4":"has-post-thumbnail","6":"product_cat-relaer-elektronik","7":"product_cat-rela-24-volt","8":"product_shipping_class-postnord-varubrev","9":"pa_brands-stonehouse-security","10":"tm-no-options","12":"first","13":"instock","14":"sale","15":"taxable","16":"shipping-taxable","17":"purchasable","18":"product-type-simple"},"acf":[],"_links":{"self":[{"href":"https:\/\/secureus.se\/fi\/wp-json\/wp\/v2\/product\/158328","targetHints":{"allow":["GET"]}}],"collection":[{"href":"https:\/\/secureus.se\/fi\/wp-json\/wp\/v2\/product"}],"about":[{"href":"https:\/\/secureus.se\/fi\/wp-json\/wp\/v2\/types\/product"}],"wp:featuredmedia":[{"embeddable":true,"href":"https:\/\/secureus.se\/fi\/wp-json\/wp\/v2\/media\/158325"}],"wp:attachment":[{"href":"https:\/\/secureus.se\/fi\/wp-json\/wp\/v2\/media?parent=158328"}],"wp:term":[{"taxonomy":"product_brand","embeddable":true,"href":"https:\/\/secureus.se\/fi\/wp-json\/wp\/v2\/product_brand?post=158328"},{"taxonomy":"product_cat","embeddable":true,"href":"https:\/\/secureus.se\/fi\/wp-json\/wp\/v2\/product_cat?post=158328"},{"taxonomy":"product_tag","embeddable":true,"href":"https:\/\/secureus.se\/fi\/wp-json\/wp\/v2\/product_tag?post=158328"}],"curies":[{"name":"wp","href":"https:\/\/api.w.org\/{rel}","templated":true}]}}