{"id":158370,"date":"2025-09-22T13:21:16","date_gmt":"2025-09-22T11:21:16","guid":{"rendered":"https:\/\/secureus.se\/?post_type=product&#038;p=158370"},"modified":"2026-03-12T13:01:17","modified_gmt":"2026-03-12T12:01:17","slug":"siren-spp-110-hog-ljudstyrka-for-bil-larm-eller-sakerhetssystem","status":"publish","type":"product","link":"https:\/\/secureus.se\/fi\/siren-spp-110-hog-ljudstyrka-for-bil-larm-eller-sakerhetssystem\/","title":{"rendered":"Sireeni SPP-110 \u2013 Suuri \u00e4\u00e4nenvoimakkuus autoon, h\u00e4lytys- tai turvaj\u00e4rjestelm\u00e4\u00e4n"},"content":{"rendered":"<h1>Sireeni SPP-110 \u2013 Suuri \u00e4\u00e4nenvoimakkuus autoon, h\u00e4lytys- tai turvaj\u00e4rjestelm\u00e4\u00e4n<\/h1>\n<p data-start=\"178\" data-end=\"424\">SPP-110-sireeni\u00e4 k\u00e4ytet\u00e4\u00e4n h\u00e4lytysten soittamiseen.<\/p>\n<p data-start=\"178\" data-end=\"424\">Laite on suunniteltu toimimaan paloh\u00e4lytyskeskusten kanssa, mukaan lukien sek\u00e4 perinteiset mallit (CSP-104, CSP-108, CSP-204, CSP-208) ett\u00e4 osoitteellinen ACSP-402-ohjauskeskus.<\/p>\n<h4 data-start=\"426\" data-end=\"446\"><strong data-start=\"431\" data-end=\"446\">Ominaisuudet:<\/strong><\/h4>\n<ul data-start=\"447\" data-end=\"624\">\n<li data-start=\"447\" data-end=\"506\">\n<p data-start=\"449\" data-end=\"506\">Pietsos\u00e4hk\u00f6isell\u00e4 muuntimella tuotettu akustinen signaali<\/p>\n<\/li>\n<li data-start=\"507\" data-end=\"540\">\n<p data-start=\"509\" data-end=\"540\">32 erilaisen \u00e4\u00e4nityypin valinta<\/p>\n<\/li>\n<li data-start=\"541\" data-end=\"564\">\n<p data-start=\"543\" data-end=\"564\">S\u00e4\u00e4dett\u00e4v\u00e4 \u00e4\u00e4nenvoimakkuus<\/p>\n<\/li>\n<li data-start=\"565\" data-end=\"624\">\n<p data-start=\"567\" data-end=\"624\">Saatavilla punaisena (SPP-110) ja valkoisena (SPP-110-W) versiona<\/p>\n<\/li>\n<\/ul>\n<h4 data-start=\"626\" data-end=\"660\"><strong data-start=\"631\" data-end=\"660\">Tekniset tiedot:<\/strong><\/h4>\n<ul data-start=\"661\" data-end=\"932\">\n<li data-start=\"661\" data-end=\"694\">\n<p data-start=\"663\" data-end=\"694\"><strong data-start=\"663\" data-end=\"681\">K\u00e4ytt\u00f6j\u00e4nnite:<\/strong> 18\u201328 VDC<\/p>\n<\/li>\n<li data-start=\"695\" data-end=\"737\">\n<p data-start=\"697\" data-end=\"737\"><strong data-start=\"697\" data-end=\"729\">Virrankulutus h\u00e4lytystilassa:<\/strong> 15mA<\/p>\n<\/li>\n<li data-start=\"738\" data-end=\"782\">\n<p data-start=\"740\" data-end=\"782\"><strong data-start=\"740\" data-end=\"761\">Ty\u00f6l\u00e4mp\u00f6tila:<\/strong> -10\u00b0C - +55\u00b0C<\/p>\n<\/li>\n<li data-start=\"783\" data-end=\"833\">\n<p data-start=\"785\" data-end=\"833\"><strong data-start=\"785\" data-end=\"811\">Suurin ilmankosteus:<\/strong> 95 % (ilman kondensaatiota)<\/p>\n<\/li>\n<li data-start=\"834\" data-end=\"860\">\n<p data-start=\"836\" data-end=\"860\"><strong data-start=\"836\" data-end=\"852\">Suojausluokka:<\/strong> IP21C<\/p>\n<\/li>\n<li data-start=\"861\" data-end=\"882\">\n<p data-start=\"863\" data-end=\"882\"><strong data-start=\"863\" data-end=\"878\">Ymp\u00e4rist\u00f6luokka:<\/strong> A<\/p>\n<\/li>\n<li data-start=\"883\" data-end=\"914\">\n<p data-start=\"885\" data-end=\"914\"><strong data-start=\"885\" data-end=\"894\">Mitata:<\/strong> 108 \u00d7 108 \u00d7 87 mm<\/p>\n<\/li>\n<li data-start=\"915\" data-end=\"932\">\n<p data-start=\"917\" data-end=\"932\"><strong data-start=\"917\" data-end=\"926\">Paino:<\/strong> 225 g<\/p>\n<\/li>\n<\/ul>\n<p>&nbsp;<\/p>","protected":false},"excerpt":{"rendered":"<p>Siren SPP-110 on pietsos\u00e4hk\u00f6inen h\u00e4lytyssireeni paloilmoitinj\u00e4rjestelmiin, jossa on 32 \u00e4\u00e4nityyppi\u00e4, s\u00e4\u00e4dett\u00e4v\u00e4 \u00e4\u00e4nenvoimakkuus ja alhainen virrankulutus.<\/p>\n<p>Sopii sek\u00e4 perinteisiin ett\u00e4 osoitteellisiin ohjauspaneeleihin.<\/p>","protected":false},"featured_media":158368,"template":"","meta":{"_acf_changed":false},"product_brand":[],"product_cat":[1562,5097,1825],"product_tag":[2959,2269,2422,2420],"class_list":{"0":"post-158370","1":"product","2":"type-product","3":"status-publish","4":"has-post-thumbnail","6":"product_cat-larmdon-blixtljus","7":"product_cat-kombisiren-blixt-brand","8":"product_cat-sirener-brand","9":"product_tag-certifierad-en54","10":"product_tag-larmdon-brand-rod","11":"product_tag-rel-brand","12":"product_tag-rel-larmdonblixt","13":"product_shipping_class-postnord-varubrev","14":"pa_brands-satel","15":"tm-no-options","17":"first","18":"instock","19":"sale","20":"featured","21":"taxable","22":"shipping-taxable","23":"purchasable","24":"product-type-simple"},"acf":[],"_links":{"self":[{"href":"https:\/\/secureus.se\/fi\/wp-json\/wp\/v2\/product\/158370","targetHints":{"allow":["GET"]}}],"collection":[{"href":"https:\/\/secureus.se\/fi\/wp-json\/wp\/v2\/product"}],"about":[{"href":"https:\/\/secureus.se\/fi\/wp-json\/wp\/v2\/types\/product"}],"wp:featuredmedia":[{"embeddable":true,"href":"https:\/\/secureus.se\/fi\/wp-json\/wp\/v2\/media\/158368"}],"wp:attachment":[{"href":"https:\/\/secureus.se\/fi\/wp-json\/wp\/v2\/media?parent=158370"}],"wp:term":[{"taxonomy":"product_brand","embeddable":true,"href":"https:\/\/secureus.se\/fi\/wp-json\/wp\/v2\/product_brand?post=158370"},{"taxonomy":"product_cat","embeddable":true,"href":"https:\/\/secureus.se\/fi\/wp-json\/wp\/v2\/product_cat?post=158370"},{"taxonomy":"product_tag","embeddable":true,"href":"https:\/\/secureus.se\/fi\/wp-json\/wp\/v2\/product_tag?post=158370"}],"curies":[{"name":"wp","href":"https:\/\/api.w.org\/{rel}","templated":true}]}}