{"id":158822,"date":"2025-10-02T10:45:51","date_gmt":"2025-10-02T08:45:51","guid":{"rendered":"https:\/\/secureus.se\/inomhussiren-12v-m19-volymkontroll-sabotagekontakt\/"},"modified":"2026-03-18T11:18:56","modified_gmt":"2026-03-18T10:18:56","slug":"inomhussiren-12v-m19-volymkontroll-sabotagekontakt","status":"publish","type":"product","link":"https:\/\/secureus.se\/fi\/inomhussiren-12v-m19-volymkontroll-sabotagekontakt\/","title":{"rendered":"Sis\u00e4sireeni 12V M19 \u00e4\u00e4nenvoimakkuuden s\u00e4\u00e4t\u00f6 suojakytkimell\u00e4"},"content":{"rendered":"<h1>Sis\u00e4sireeni 12V M19 \u00e4\u00e4nenvoimakkuuden s\u00e4\u00e4t\u00f6 suojakytkimell\u00e4<\/h1>\n<p data-start=\"198\" data-end=\"591\">T\u00e4m\u00e4 tehokas ja luotettava sis\u00e4sireeni on suunniteltu k\u00e4ytett\u00e4v\u00e4ksi erilaisissa h\u00e4lytysj\u00e4rjestelmiss\u00e4.<\/p>\n<p data-start=\"198\" data-end=\"591\">\u00c4\u00e4nenvoimakkuudella jopa <strong data-start=\"328\" data-end=\"340\">115 dB\/m<\/strong>, \u00e4\u00e4nenvoimakkuuden s\u00e4\u00e4d\u00f6n ja kaksoissuojauksen ansiosta se on erinomainen valinta asennuksiin, jotka vaativat turvallisuutta, joustavuutta ja luotettavaa \u00e4\u00e4nisignaalia.<\/p>\n<p data-start=\"198\" data-end=\"591\">Puhdas, valkoinen ja kest\u00e4v\u00e4st\u00e4 ABS-muovista valmistettu muotoilu tarkoittaa, ett\u00e4 sireeni sulautuu huomaamattomasti moderneihin sis\u00e4ymp\u00e4rist\u00f6ihin.<\/p>\n<h4 data-start=\"593\" data-end=\"613\"><strong data-start=\"598\" data-end=\"613\">Ominaisuudet:<\/strong><\/h4>\n<ul data-start=\"615\" data-end=\"1505\">\n<li data-start=\"615\" data-end=\"747\">\n<p data-start=\"617\" data-end=\"747\"><strong data-start=\"617\" data-end=\"635\">Suuri volyymi<\/strong>Tuottaa jopa 115 dB:n \u00e4\u00e4nenvoimakkuuden 1 metrin et\u00e4isyydell\u00e4 \u2013 riitt\u00e4v\u00e4sti varoittamaan tehokkaasti tunkeutumisesta tai tulipalosta.<\/p>\n<\/li>\n<li data-start=\"748\" data-end=\"895\">\n<p data-start=\"750\" data-end=\"895\"><strong data-start=\"750\" data-end=\"774\">Kaksinkertainen liipaisusignaali<\/strong>Sireeni voidaan aktivoida <strong data-start=\"802\" data-end=\"834\">kaksi erillist\u00e4 liipaisutuloa<\/strong>, mik\u00e4 tarjoaa joustavuutta liitett\u00e4v\u00e4ksi erilaisiin h\u00e4lytysj\u00e4rjestelmiin.<\/p>\n<\/li>\n<li data-start=\"896\" data-end=\"1000\">\n<p data-start=\"898\" data-end=\"1000\"><strong data-start=\"898\" data-end=\"915\">Kaksi \u00e4\u00e4nitilaa<\/strong>: Valitse kahdesta eri h\u00e4lytyssignaalista (melodiasta) sovelluksen ja mieltymysten mukaan.<\/p>\n<\/li>\n<li data-start=\"1001\" data-end=\"1109\">\n<p data-start=\"1003\" data-end=\"1109\"><strong data-start=\"1003\" data-end=\"1020\">\u00c4\u00e4nenvoimakkuuden s\u00e4\u00e4t\u00f6<\/strong>S\u00e4\u00e4dett\u00e4v\u00e4 \u00e4\u00e4nenvoimakkuus: \u00c4\u00e4nenvoimakkuuden voi s\u00e4\u00e4t\u00e4\u00e4 huoneen tai k\u00e4ytt\u00e4j\u00e4n tarpeiden mukaan.<\/p>\n<\/li>\n<li data-start=\"1110\" data-end=\"1236\">\n<p data-start=\"1112\" data-end=\"1236\"><strong data-start=\"1112\" data-end=\"1129\">Peukalointisuoja<\/strong>Varustettu kaksoissuojauksella \u2013 reagoi sek\u00e4 kotelon avaamisyrityksiin ett\u00e4 sein\u00e4st\u00e4 irrottamiseen.<\/p>\n<\/li>\n<li data-start=\"1237\" data-end=\"1376\">\n<p data-start=\"1239\" data-end=\"1376\"><strong data-start=\"1239\" data-end=\"1274\">Moderni ja kest\u00e4v\u00e4 rakenne<\/strong>Valmistettu palonesto- ja iskunkest\u00e4v\u00e4st\u00e4 ABS-muovista, suunniteltu pitk\u00e4ik\u00e4iseksi ja luotettavaksi toiminnaksi.<\/p>\n<\/li>\n<li data-start=\"1377\" data-end=\"1505\">\n<p data-start=\"1379\" data-end=\"1505\"><strong data-start=\"1379\" data-end=\"1408\">Universaali yhteensopivuus<\/strong>Helppo liitt\u00e4\u00e4 useimpiin perinteisiin ja osoitteellisiin h\u00e4lytysj\u00e4rjestelmiin, jotka tukevat 12 V DC:t\u00e4.<\/p>\n<\/li>\n<\/ul>\n<h4 data-start=\"1507\" data-end=\"1543\"><strong data-start=\"1512\" data-end=\"1543\">Tyypillisi\u00e4 k\u00e4ytt\u00f6tarkoituksia:<\/strong><\/h4>\n<ul data-start=\"1545\" data-end=\"1698\">\n<li data-start=\"1545\" data-end=\"1554\">\n<p data-start=\"1547\" data-end=\"1554\">Kodin h\u00e4lytys<\/p>\n<\/li>\n<li data-start=\"1555\" data-end=\"1588\">\n<p data-start=\"1557\" data-end=\"1588\">Toimistot ja liiketilat<\/p>\n<\/li>\n<li data-start=\"1589\" data-end=\"1616\">\n<p data-start=\"1591\" data-end=\"1616\">Myym\u00e4l\u00e4t ja varastot<\/p>\n<\/li>\n<li data-start=\"1617\" data-end=\"1668\">\n<p data-start=\"1619\" data-end=\"1668\">Koulut, terveydenhuollon laitokset ja julkiset rakennukset<\/p>\n<\/li>\n<li data-start=\"1669\" data-end=\"1698\">\n<p data-start=\"1671\" data-end=\"1698\">Paloh\u00e4lytin ja paniikkih\u00e4lytin<\/p>\n<\/li>\n<\/ul>\n<h4 data-start=\"1700\" data-end=\"1731\"><strong data-start=\"1705\" data-end=\"1731\">Tekniset tiedot:<\/strong><\/h4>\n<div class=\"_tableContainer_1rjym_1\">\n<div class=\"group _tableWrapper_1rjym_13 flex w-fit flex-col-reverse\">\n<table class=\"w-fit min-w-(--thread-content-width)\" data-start=\"1733\" data-end=\"2706\">\n<thead data-start=\"1733\" data-end=\"1797\">\n<tr data-start=\"1733\" data-end=\"1797\">\n<th data-start=\"1733\" data-end=\"1764\" data-col-size=\"sm\">Kiinteist\u00f6<\/th>\n<th data-start=\"1764\" data-end=\"1797\" data-col-size=\"sm\">Arvo<\/th>\n<\/tr>\n<\/thead>\n<tbody data-start=\"1862\" data-end=\"2706\">\n<tr data-start=\"1862\" data-end=\"1926\">\n<td data-start=\"1862\" data-end=\"1892\" data-col-size=\"sm\"><strong data-start=\"1864\" data-end=\"1880\">Mallinumero<\/strong><\/td>\n<td data-start=\"1892\" data-end=\"1926\" data-col-size=\"sm\">M19<\/td>\n<\/tr>\n<tr data-start=\"1927\" data-end=\"1991\">\n<td data-start=\"1927\" data-end=\"1957\" data-col-size=\"sm\"><strong data-start=\"1929\" data-end=\"1945\">Sireenin tyyppi<\/strong><\/td>\n<td data-start=\"1957\" data-end=\"1991\" data-col-size=\"sm\">Sis\u00e4k\u00e4ytt\u00f6\u00f6n, akustinen<\/td>\n<\/tr>\n<tr data-start=\"1992\" data-end=\"2056\">\n<td data-start=\"1992\" data-end=\"2022\" data-col-size=\"sm\"><strong data-start=\"1994\" data-end=\"2006\">J\u00e4nnite<\/strong><\/td>\n<td data-start=\"2022\" data-end=\"2056\" data-col-size=\"sm\">12V DC<\/td>\n<\/tr>\n<tr data-start=\"2057\" data-end=\"2121\">\n<td data-start=\"2057\" data-end=\"2087\" data-col-size=\"sm\"><strong data-start=\"2059\" data-end=\"2079\">Virrankulutus<\/strong><\/td>\n<td data-start=\"2087\" data-end=\"2121\" data-col-size=\"sm\">0,15 A h\u00e4lytyksen sattuessa<\/td>\n<\/tr>\n<tr data-start=\"2122\" data-end=\"2186\">\n<td data-start=\"2122\" data-end=\"2152\" data-col-size=\"sm\"><strong data-start=\"2124\" data-end=\"2136\">\u00c4\u00e4nitaso<\/strong><\/td>\n<td data-start=\"2152\" data-end=\"2186\" data-col-size=\"sm\">115 dB\/m<\/td>\n<\/tr>\n<tr data-start=\"2187\" data-end=\"2251\">\n<td data-start=\"2187\" data-end=\"2217\" data-col-size=\"sm\"><strong data-start=\"2189\" data-end=\"2200\">\u00c4\u00e4nen valinta<\/strong><\/td>\n<td data-start=\"2217\" data-end=\"2251\" data-col-size=\"sm\">2 melodiaa<\/td>\n<\/tr>\n<tr data-start=\"2252\" data-end=\"2316\">\n<td data-start=\"2252\" data-end=\"2282\" data-col-size=\"sm\"><strong data-start=\"2254\" data-end=\"2262\">Maali<\/strong><\/td>\n<td data-start=\"2282\" data-end=\"2316\" data-col-size=\"sm\">Valkoinen<\/td>\n<\/tr>\n<tr data-start=\"2317\" data-end=\"2381\">\n<td data-start=\"2317\" data-end=\"2347\" data-col-size=\"sm\"><strong data-start=\"2319\" data-end=\"2336\">Peukalointisuoja<\/strong><\/td>\n<td data-start=\"2347\" data-end=\"2381\" data-col-size=\"sm\">Kyll\u00e4, kaksinkertainen<\/td>\n<\/tr>\n<tr data-start=\"2382\" data-end=\"2446\">\n<td data-start=\"2382\" data-end=\"2412\" data-col-size=\"sm\"><strong data-start=\"2384\" data-end=\"2397\">Taskulamppu<\/strong><\/td>\n<td data-start=\"2412\" data-end=\"2446\" data-col-size=\"sm\">Ei<\/td>\n<\/tr>\n<tr data-start=\"2447\" data-end=\"2511\">\n<td data-start=\"2447\" data-end=\"2477\" data-col-size=\"sm\"><strong data-start=\"2449\" data-end=\"2461\">Materiaali<\/strong><\/td>\n<td data-start=\"2477\" data-end=\"2511\" data-col-size=\"sm\">ABS muovia<\/td>\n<\/tr>\n<tr data-start=\"2512\" data-end=\"2576\">\n<td data-start=\"2512\" data-end=\"2542\" data-col-size=\"sm\"><strong data-start=\"2514\" data-end=\"2527\">Asennus<\/strong><\/td>\n<td data-start=\"2542\" data-end=\"2576\" data-col-size=\"sm\">Sis\u00e4sein\u00e4asennus<\/td>\n<\/tr>\n<tr data-start=\"2577\" data-end=\"2641\">\n<td data-start=\"2577\" data-end=\"2607\" data-col-size=\"sm\"><strong data-start=\"2579\" data-end=\"2598\">Liipaisutulot<\/strong><\/td>\n<td data-start=\"2607\" data-end=\"2641\" data-col-size=\"sm\">2 kpl<\/td>\n<\/tr>\n<tr data-start=\"2642\" data-end=\"2706\">\n<td data-start=\"2642\" data-end=\"2672\" data-col-size=\"sm\"><strong data-start=\"2644\" data-end=\"2653\">Ymp\u00e4rist\u00f6<\/strong><\/td>\n<td data-start=\"2672\" data-end=\"2706\" data-col-size=\"sm\">Vain sis\u00e4k\u00e4ytt\u00f6\u00f6n<\/td>\n<\/tr>\n<\/tbody>\n<\/table>\n<\/div>\n<\/div>","protected":false},"excerpt":{"rendered":"<p>Tehokas sis\u00e4sireeni valkoisesta ABS-muovista, jossa s\u00e4\u00e4dett\u00e4v\u00e4 \u00e4\u00e4nenvoimakkuus ja kaksinkertainen peukalointitunnistus.<\/p>\n<p>Tuottaa jopa 115 dB:n h\u00e4lytys\u00e4\u00e4nen ja tukee kahta liipaisusignaalia.<\/p>\n<p>T\u00e4ydellinen h\u00e4lytysj\u00e4rjestelmien asennuksiin koteihin, toimistoihin ja julkisiin tiloihin.<\/p>\n<p>Virtal\u00e4hde 12 V tasavirta.<\/p>","protected":false},"featured_media":158821,"template":"","meta":{"_acf_changed":false},"product_brand":[],"product_cat":[1562,5105],"product_tag":[2268],"class_list":{"0":"post-158822","1":"product","2":"type-product","3":"status-publish","4":"has-post-thumbnail","6":"product_cat-larmdon-blixtljus","7":"product_cat-larmsirener","8":"product_tag-larmdon-siren-inomhus","9":"pa_farg-vit","10":"tm-no-options","12":"first","13":"instock","14":"sale","15":"taxable","16":"shipping-taxable","17":"purchasable","18":"product-type-simple"},"acf":[],"_links":{"self":[{"href":"https:\/\/secureus.se\/fi\/wp-json\/wp\/v2\/product\/158822","targetHints":{"allow":["GET"]}}],"collection":[{"href":"https:\/\/secureus.se\/fi\/wp-json\/wp\/v2\/product"}],"about":[{"href":"https:\/\/secureus.se\/fi\/wp-json\/wp\/v2\/types\/product"}],"wp:featuredmedia":[{"embeddable":true,"href":"https:\/\/secureus.se\/fi\/wp-json\/wp\/v2\/media\/158821"}],"wp:attachment":[{"href":"https:\/\/secureus.se\/fi\/wp-json\/wp\/v2\/media?parent=158822"}],"wp:term":[{"taxonomy":"product_brand","embeddable":true,"href":"https:\/\/secureus.se\/fi\/wp-json\/wp\/v2\/product_brand?post=158822"},{"taxonomy":"product_cat","embeddable":true,"href":"https:\/\/secureus.se\/fi\/wp-json\/wp\/v2\/product_cat?post=158822"},{"taxonomy":"product_tag","embeddable":true,"href":"https:\/\/secureus.se\/fi\/wp-json\/wp\/v2\/product_tag?post=158822"}],"curies":[{"name":"wp","href":"https:\/\/api.w.org\/{rel}","templated":true}]}}