{"id":158867,"date":"2025-10-03T12:59:59","date_gmt":"2025-10-03T10:59:59","guid":{"rendered":"https:\/\/secureus.se\/?post_type=product&#038;p=158867"},"modified":"2026-02-02T10:44:33","modified_gmt":"2026-02-02T09:44:33","slug":"risco-lightsys-air-larmpaket-med-knappsats-vit","status":"publish","type":"product","link":"https:\/\/secureus.se\/fi\/risco-lightsys-air-larmpaket-med-knappsats-vit\/","title":{"rendered":"RISCO LightSYS -ilmah\u00e4lytinsarja n\u00e4pp\u00e4imist\u00f6ll\u00e4 \u2013 valkoinen"},"content":{"rendered":"<h2 data-start=\"602\" data-end=\"656\"><strong data-start=\"602\" data-end=\"654\">RISCO LightSYS -ilmah\u00e4lytinsarja n\u00e4pp\u00e4imist\u00f6ll\u00e4 \u2013 valkoinen<\/strong><\/h2>\n<p data-start=\"658\" data-end=\"825\">T\u00e4m\u00e4 paketti sis\u00e4lt\u00e4\u00e4 <strong data-start=\"681\" data-end=\"710\">LightSYS Air -keskusyksikk\u00f6<\/strong> ja yksi <strong data-start=\"718\" data-end=\"759\">valkoinen langaton 2-suuntainen n\u00e4pp\u00e4imist\u00f6 l\u00e4heisyystunnistimella<\/strong>, tarjoten sinulle t\u00e4ydellisen perusratkaisun kotiin tai yritykseen.<\/p>\n<p data-start=\"827\" data-end=\"1159\"><strong data-start=\"829\" data-end=\"851\">128 langatonta vy\u00f6hykett\u00e4<\/strong> \u2013 joustavaa sopeutumista varten<br data-start=\"877\" data-end=\"880\" \/><strong data-start=\"882\" data-end=\"915\">Integroidut WiFi- ja IP-moduulit<\/strong> \u2013 vakaa yhteys alusta alkaen<br data-start=\"947\" data-end=\"950\" \/><strong data-start=\"952\" data-end=\"975\">Luokan 2 sertifioitu<\/strong> \u2013 t\u00e4ytt\u00e4\u00e4 eurooppalaiset turvallisuusstandardit<br data-start=\"1018\" data-end=\"1021\" \/><strong data-start=\"1023\" data-end=\"1088\">Tukee jopa 32 aluetta, 3 sireeni\u00e4 ja 8 n\u00e4pp\u00e4imist\u00f6\u00e4<\/strong><br data-start=\"1088\" data-end=\"1091\" \/><strong data-start=\"1093\" data-end=\"1120\">K\u00e4ytt\u00e4j\u00e4yst\u00e4v\u00e4llinen ohjaus<\/strong> \u2013 n\u00e4pp\u00e4imist\u00f6n tai iRISCO-sovelluksen kautta<\/p>\n<hr data-start=\"1161\" data-end=\"1164\" \/>\n<h3 data-start=\"1166\" data-end=\"1205\">\ud83d\udca1 <strong data-start=\"1173\" data-end=\"1203\">Haluatko lis\u00e4turvaa?<\/strong><\/h3>\n<p data-start=\"1206\" data-end=\"1339\">T\u00e4ydenn\u00e4 paketti yhdell\u00e4 <strong data-start=\"1233\" data-end=\"1268\">4G-moduuli RISCO LightSYS Airille<\/strong>.<br data-start=\"1269\" data-end=\"1272\" \/>T\u00e4m\u00e4 tarjoaa turvallisen yhteyden, vaikka internetyhteys katkeaisi.<\/p>\n<p data-start=\"1341\" data-end=\"1382\">\ud83d\udc49 <a class=\"decorated-link\" href=\"https:\/\/secureus.se\/fi\/4g-modul-for-risco-lightsys-air\/\" rel=\"noopener\" data-start=\"1344\" data-end=\"1380\">4G-moduuli RISCO LightSYS Airille<\/a><\/p>","protected":false},"excerpt":{"rendered":"<p>T\u00e4ydellinen RISCO LightSYS -ilmanvaihtoj\u00e4rjestelm\u00e4paketti, johon kuuluu keskusyksikk\u00f6 ja valkoinen n\u00e4pp\u00e4imist\u00f6. Sis\u00e4lt\u00e4\u00e4 WiFi- ja IP-yhteyden \u2013 mahdollisuus t\u00e4ydent\u00e4\u00e4 4G-moduulilla maksimaalisen k\u00e4ytt\u00f6varmuuden saavuttamiseksi.<\/p>","protected":false},"featured_media":158869,"template":"","meta":{"_acf_changed":false},"product_brand":[],"product_cat":[3357,4880],"product_tag":[],"class_list":{"0":"post-158867","1":"product","2":"type-product","3":"status-publish","4":"has-post-thumbnail","6":"product_cat-larmpaket-risco-larm","7":"product_cat-lightsys-air-v6","8":"tm-no-options","10":"first","11":"instock","12":"sale","13":"taxable","14":"shipping-taxable","15":"purchasable","16":"product-type-woosb"},"acf":[],"_links":{"self":[{"href":"https:\/\/secureus.se\/fi\/wp-json\/wp\/v2\/product\/158867","targetHints":{"allow":["GET"]}}],"collection":[{"href":"https:\/\/secureus.se\/fi\/wp-json\/wp\/v2\/product"}],"about":[{"href":"https:\/\/secureus.se\/fi\/wp-json\/wp\/v2\/types\/product"}],"wp:featuredmedia":[{"embeddable":true,"href":"https:\/\/secureus.se\/fi\/wp-json\/wp\/v2\/media\/158869"}],"wp:attachment":[{"href":"https:\/\/secureus.se\/fi\/wp-json\/wp\/v2\/media?parent=158867"}],"wp:term":[{"taxonomy":"product_brand","embeddable":true,"href":"https:\/\/secureus.se\/fi\/wp-json\/wp\/v2\/product_brand?post=158867"},{"taxonomy":"product_cat","embeddable":true,"href":"https:\/\/secureus.se\/fi\/wp-json\/wp\/v2\/product_cat?post=158867"},{"taxonomy":"product_tag","embeddable":true,"href":"https:\/\/secureus.se\/fi\/wp-json\/wp\/v2\/product_tag?post=158867"}],"curies":[{"name":"wp","href":"https:\/\/api.w.org\/{rel}","templated":true}]}}