{"id":158960,"date":"2025-10-06T15:30:07","date_gmt":"2025-10-06T13:30:07","guid":{"rendered":"https:\/\/secureus.se\/?post_type=product&#038;p=158960"},"modified":"2026-04-02T15:31:21","modified_gmt":"2026-04-02T13:31:21","slug":"ekologisk-mifare-1k-rfid-tagg-vortex-eco-svart","status":"publish","type":"product","link":"https:\/\/secureus.se\/fi\/ekologisk-mifare-1k-rfid-tagg-vortex-eco-svart\/","title":{"rendered":"Ekologinen MIFARE 1K RFID-tunniste musta \u2013 Vortex Eco (100% kierr\u00e4tysmateriaalia)"},"content":{"rendered":"<h3 data-start=\"729\" data-end=\"804\">Vortex Eco \u2013 Kest\u00e4v\u00e4 RFID-tunniste, joka on valmistettu 100%-kierr\u00e4tysmateriaalista<\/h3>\n<p data-start=\"806\" data-end=\"1107\"><strong data-start=\"806\" data-end=\"820\">Vortex Eco<\/strong> on ymp\u00e4rist\u00f6yst\u00e4v\u00e4llinen versio suositusta Vortex-tunnisteesta, joka on valmistettu <strong data-start=\"892\" data-end=\"920\">100% kierr\u00e4tysmateriaalia<\/strong> \u2013 kest\u00e4v\u00e4 valinta sek\u00e4 yrityksille ett\u00e4 ymp\u00e4rist\u00f6lle.<br data-start=\"967\" data-end=\"970\" \/>Musta v\u00e4ri on luonnollinen seuraus kierr\u00e4tetyst\u00e4 muovista ja osoittaa selv\u00e4sti, ett\u00e4 kest\u00e4vyyden ei tarvitse tinki\u00e4 laadusta.<\/p>\n<p data-start=\"1109\" data-end=\"1389\">H\u00e4nen kanssaan <strong data-start=\"1117\" data-end=\"1144\">MIFARE 1K -sirutekniikka<\/strong> ja <strong data-start=\"1149\" data-end=\"1167\">IP68-luokitus<\/strong> Vortex Eco tarjoaa saman suorituskyvyn ja kest\u00e4vyyden kuin alkuper\u00e4inen malli. Valettu kotelo suojaa kosteudelta, p\u00f6lylt\u00e4 ja mekaanisilta iskuilta, joten se on ihanteellinen k\u00e4ytett\u00e4v\u00e4ksi <strong data-start=\"1353\" data-end=\"1386\">vaativissa teollisuusymp\u00e4rist\u00f6iss\u00e4<\/strong>.<\/p>\n<p data-start=\"1391\" data-end=\"1672\">Merkki toimii loistavasti molemmissa <strong data-start=\"1422\" data-end=\"1453\">sis\u00e4- ja ulkoymp\u00e4rist\u00f6iss\u00e4<\/strong>ja kest\u00e4\u00e4 l\u00e4mp\u00f6tiloja alkaen <strong data-start=\"1484\" data-end=\"1504\">-25 \u00b0C - +85 \u00b0C<\/strong>Kompaktin ja ergonomisen muotoilun ansiosta sit\u00e4 on helppo kantaa avaimenper\u00e4ss\u00e4 tai kulunvalvontaj\u00e4rjestelm\u00e4ss\u00e4, ja se kest\u00e4\u00e4 my\u00f6s p\u00e4ivitt\u00e4ist\u00e4 k\u00e4ytt\u00f6\u00e4 menett\u00e4m\u00e4tt\u00e4 toimivuuttaan.<\/p>\n<hr data-start=\"1674\" data-end=\"1677\" \/>\n<h3 data-start=\"1679\" data-end=\"1708\">P\u00e4\u00e4ominaisuudet<\/h3>\n<ul data-start=\"1709\" data-end=\"2125\">\n<li data-start=\"1709\" data-end=\"1770\">\n<p data-start=\"1711\" data-end=\"1770\">Valmistettu 100%-kierr\u00e4tysmateriaalista \u2013 ymp\u00e4rist\u00f6yst\u00e4v\u00e4llinen valinta<\/p>\n<\/li>\n<li data-start=\"1771\" data-end=\"1818\">\n<p data-start=\"1773\" data-end=\"1818\">Kest\u00e4v\u00e4 ja vedenpit\u00e4v\u00e4 rakenne (IP68)<\/p>\n<\/li>\n<li data-start=\"1819\" data-end=\"1865\">\n<p data-start=\"1821\" data-end=\"1865\">Varustettu MIFARE 1K -sirulla (HF 13,56 MHz)<\/p>\n<\/li>\n<li data-start=\"1866\" data-end=\"1905\">\n<p data-start=\"1868\" data-end=\"1905\">Yhteensopiva yleisten kulunvalvontaj\u00e4rjestelmien kanssa<\/p>\n<\/li>\n<li data-start=\"1906\" data-end=\"1969\">\n<p data-start=\"1908\" data-end=\"1969\">Kest\u00e4\u00e4 vaativia olosuhteita, l\u00e4mp\u00f6tilankesto -25 \u00b0C - +85 \u00b0C<\/p>\n<\/li>\n<li data-start=\"1970\" data-end=\"2018\">\n<p data-start=\"1972\" data-end=\"2018\">Ergonominen ja ohut muotoilu helppok\u00e4ytt\u00f6isyytt\u00e4 varten<\/p>\n<\/li>\n<li data-start=\"2019\" data-end=\"2066\">\n<p data-start=\"2021\" data-end=\"2066\">Musta v\u00e4ri \u2013 kierr\u00e4tetyn muovin tulos<\/p>\n<\/li>\n<li data-start=\"2067\" data-end=\"2125\">\n<p data-start=\"2069\" data-end=\"2125\">Voidaan merkit\u00e4 laserkaiverruksella tai painatuksella (pyynn\u00f6st\u00e4)<\/p>\n<\/li>\n<\/ul>\n<hr data-start=\"2127\" data-end=\"2130\" \/>\n<h3 data-start=\"2132\" data-end=\"2162\">Tekniset tiedot<\/h3>\n<div class=\"_tableContainer_1rjym_1\">\n<div class=\"group _tableWrapper_1rjym_13 flex w-fit flex-col-reverse\">\n<table class=\"w-fit min-w-(--thread-content-width)\" data-start=\"2164\" data-end=\"2666\">\n<thead data-start=\"2164\" data-end=\"2184\">\n<tr data-start=\"2164\" data-end=\"2184\">\n<th data-start=\"2164\" data-end=\"2175\" data-col-size=\"sm\">Kiinteist\u00f6<\/th>\n<th data-start=\"2175\" data-end=\"2184\" data-col-size=\"md\"><\/th>\n<\/tr>\n<\/thead>\n<tbody data-start=\"2207\" data-end=\"2666\">\n<tr data-start=\"2207\" data-end=\"2234\">\n<td data-start=\"2207\" data-end=\"2220\" data-col-size=\"sm\"><strong data-start=\"2209\" data-end=\"2219\">Malli<\/strong><\/td>\n<td data-start=\"2220\" data-end=\"2234\" data-col-size=\"md\">Vortex Eco<\/td>\n<\/tr>\n<tr data-start=\"2235\" data-end=\"2262\">\n<td data-start=\"2235\" data-end=\"2249\" data-col-size=\"sm\"><strong data-start=\"2237\" data-end=\"2248\">Sirun tyyppi<\/strong><\/td>\n<td data-start=\"2249\" data-end=\"2262\" data-col-size=\"md\">MIFARE 1K<\/td>\n<\/tr>\n<tr data-start=\"2263\" data-end=\"2303\">\n<td data-start=\"2263\" data-end=\"2278\" data-col-size=\"sm\"><strong data-start=\"2265\" data-end=\"2277\">Materiaali<\/strong><\/td>\n<td data-start=\"2278\" data-end=\"2303\" data-col-size=\"md\">100% kierr\u00e4tysmuovia<\/td>\n<\/tr>\n<tr data-start=\"2304\" data-end=\"2324\">\n<td data-start=\"2304\" data-end=\"2315\" data-col-size=\"sm\"><strong data-start=\"2306\" data-end=\"2314\">Maali<\/strong><\/td>\n<td data-start=\"2315\" data-end=\"2324\" data-col-size=\"md\">Musta<\/td>\n<\/tr>\n<tr data-start=\"2325\" data-end=\"2356\">\n<td data-start=\"2325\" data-end=\"2336\" data-col-size=\"sm\"><strong data-start=\"2327\" data-end=\"2335\">Mitata<\/strong><\/td>\n<td data-start=\"2336\" data-end=\"2356\" data-col-size=\"md\">45 \u00d7 30 \u00d7 2,2 mm<\/td>\n<\/tr>\n<tr data-start=\"2357\" data-end=\"2390\">\n<td data-start=\"2357\" data-end=\"2372\" data-col-size=\"sm\"><strong data-start=\"2359\" data-end=\"2371\">Taajuus<\/strong><\/td>\n<td data-start=\"2372\" data-end=\"2390\" data-col-size=\"md\">13,56 MHz (HF)<\/td>\n<\/tr>\n<tr data-start=\"2391\" data-end=\"2425\">\n<td data-start=\"2391\" data-end=\"2407\" data-col-size=\"sm\"><strong data-start=\"2393\" data-end=\"2406\">p\u00f6yt\u00e4kirja<\/strong><\/td>\n<td data-start=\"2407\" data-end=\"2425\" data-col-size=\"md\">ISO\/IEC 14443A -standardin<\/td>\n<\/tr>\n<tr data-start=\"2426\" data-end=\"2469\">\n<td data-start=\"2426\" data-end=\"2449\" data-col-size=\"sm\"><strong data-start=\"2428\" data-end=\"2448\">K\u00e4ytt\u00f6l\u00e4mp\u00f6tila<\/strong><\/td>\n<td data-start=\"2449\" data-end=\"2469\" data-col-size=\"md\">-25 \u00b0C - +85 \u00b0C<\/td>\n<\/tr>\n<tr data-start=\"2470\" data-end=\"2519\">\n<td data-start=\"2470\" data-end=\"2489\" data-col-size=\"sm\"><strong data-start=\"2472\" data-end=\"2488\">IP-luokitus<\/strong><\/td>\n<td data-start=\"2489\" data-end=\"2519\" data-col-size=\"md\">IP68 \u2013 p\u00f6ly- ja vesitiivis<\/td>\n<\/tr>\n<tr data-start=\"2520\" data-end=\"2594\">\n<td data-start=\"2520\" data-end=\"2544\" data-col-size=\"sm\"><strong data-start=\"2522\" data-end=\"2543\">K\u00e4ytt\u00f6alue<\/strong><\/td>\n<td data-start=\"2544\" data-end=\"2594\" data-col-size=\"md\">Kulunvalvontaj\u00e4rjestelm\u00e4t, h\u00e4lytykset, teollisuus, toimistot, ulkoymp\u00e4rist\u00f6t<\/td>\n<\/tr>\n<tr data-start=\"2595\" data-end=\"2666\">\n<td data-start=\"2595\" data-end=\"2612\" data-col-size=\"sm\"><strong data-start=\"2597\" data-end=\"2611\">Sopeutuminen<\/strong><\/td>\n<td data-start=\"2612\" data-end=\"2666\" data-col-size=\"md\">Laserkaiverrus, painatus<\/td>\n<\/tr>\n<\/tbody>\n<\/table>\n<\/div>\n<\/div>\n<hr data-start=\"2668\" data-end=\"2671\" \/>\n<h3 data-start=\"2673\" data-end=\"2699\">Ymp\u00e4rist\u00f6 ja kest\u00e4v\u00e4 kehitys<\/h3>\n<p data-start=\"2700\" data-end=\"2940\">Vortex Eco on suunniteltu yrityksille, jotka haluavat v\u00e4hent\u00e4\u00e4 ymp\u00e4rist\u00f6vaikutuksiaan laadusta tinkim\u00e4tt\u00e4. K\u00e4ytt\u00e4m\u00e4ll\u00e4 100%-kierr\u00e4tysmateriaalia se v\u00e4hent\u00e4\u00e4 sek\u00e4 j\u00e4tett\u00e4 ett\u00e4 hiilidioksidip\u00e4\u00e4st\u00f6j\u00e4 \u2013 helppo tapa edist\u00e4\u00e4 kest\u00e4v\u00e4mp\u00e4\u00e4 tulevaisuutta.<\/p>","protected":false},"excerpt":{"rendered":"<p>Ymp\u00e4rist\u00f6yst\u00e4v\u00e4llinen RFID-tunniste, joka on valmistettu kierr\u00e4tysmateriaalista 100%. Kest\u00e4v\u00e4, vedenpit\u00e4v\u00e4 (IP68) ja varustettu MIFARE 1K -sirulla. T\u00e4ydellinen sek\u00e4 sis\u00e4- ett\u00e4 ulkok\u00e4ytt\u00f6\u00f6n.<\/p>","protected":false},"featured_media":158958,"template":"","meta":{"_acf_changed":false},"product_brand":[],"product_cat":[4784,4884],"product_tag":[2434],"class_list":{"0":"post-158960","1":"product","2":"type-product","3":"status-publish","4":"has-post-thumbnail","6":"product_cat-mifare1k","7":"product_cat-vortex-eco-ekologiska-taggar","8":"product_tag-mifare-standard-blank-alpha","9":"pa_brands-stonehouse-security","10":"pa_chip-teknik-mifare1k","11":"pa_chip-teknik-mifare1k-ekologisk","12":"pa_farg-svart","13":"tm-no-options","15":"first","16":"instock","17":"sale","18":"taxable","19":"shipping-taxable","20":"purchasable","21":"product-type-simple"},"acf":[],"_links":{"self":[{"href":"https:\/\/secureus.se\/fi\/wp-json\/wp\/v2\/product\/158960","targetHints":{"allow":["GET"]}}],"collection":[{"href":"https:\/\/secureus.se\/fi\/wp-json\/wp\/v2\/product"}],"about":[{"href":"https:\/\/secureus.se\/fi\/wp-json\/wp\/v2\/types\/product"}],"wp:featuredmedia":[{"embeddable":true,"href":"https:\/\/secureus.se\/fi\/wp-json\/wp\/v2\/media\/158958"}],"wp:attachment":[{"href":"https:\/\/secureus.se\/fi\/wp-json\/wp\/v2\/media?parent=158960"}],"wp:term":[{"taxonomy":"product_brand","embeddable":true,"href":"https:\/\/secureus.se\/fi\/wp-json\/wp\/v2\/product_brand?post=158960"},{"taxonomy":"product_cat","embeddable":true,"href":"https:\/\/secureus.se\/fi\/wp-json\/wp\/v2\/product_cat?post=158960"},{"taxonomy":"product_tag","embeddable":true,"href":"https:\/\/secureus.se\/fi\/wp-json\/wp\/v2\/product_tag?post=158960"}],"curies":[{"name":"wp","href":"https:\/\/api.w.org\/{rel}","templated":true}]}}