{"id":159474,"date":"2025-10-24T12:17:53","date_gmt":"2025-10-24T10:17:53","guid":{"rendered":"https:\/\/secureus.se\/larmsandare-easyline-4g-med-cloud-funktion\/"},"modified":"2026-04-15T17:27:58","modified_gmt":"2026-04-15T15:27:58","slug":"larmsandare-easyline-4g-med-cloud","status":"publish","type":"product","link":"https:\/\/secureus.se\/fi\/larmsandare-easyline-4g-med-cloud\/","title":{"rendered":"EasyLine 4G GSM -h\u00e4lytysl\u00e4hetin \u2013 Korvaa puhelinlinjan (PSTN \/ TIP-RING)"},"content":{"rendered":"<h2 data-start=\"1209\" data-end=\"1267\">EasyLine 4G GSM-h\u00e4lytysl\u00e4hetin \u2013 PSTN \/ TIP-RING-puhelinlinja<\/h2>\n<p><strong>EasyLine 4G toimii GSM-h\u00e4lytysl\u00e4hettimen\u00e4 ja PSTN-simulaattorina h\u00e4lytysj\u00e4rjestelmiss\u00e4, jotka k\u00e4ytt\u00e4v\u00e4t TIP\/RING-puhelinlinjoja. EasyLine 4G<\/strong> on h\u00e4lytysl\u00e4hetin, jossa on <strong>simuloitu puhelinlinja (PSTN \/ TIP-RING)<\/strong> mik\u00e4 mahdollistaa vanhempien h\u00e4lytysj\u00e4rjestelmien k\u00e4yt\u00f6n matkapuhelinverkon kautta lankapuhelimen sijaan.<\/p>\n<p>Se on erityisesti suunniteltu asennuksiin, joissa h\u00e4lytys normaalisti soi analogisen puhelinlinjan kautta. EasyLine 4G luo sitten t\u00e4ydellisen puhelinlinjan (48 V) <strong>GSM\/4G<\/strong> jotta h\u00e4lytysj\u00e4rjestelm\u00e4 voi soittaa matkapuhelimiin tai h\u00e4lytyskeskuksiin aivan kuten ennenkin.<\/p>\n<p>Se on helppo tapa saada vanhat h\u00e4lyttimet taas toimimaan, kun kupariverkko tai 2G\/3G-l\u00e4hetin lakkaa toimimasta \u2013 <strong>ilman koko h\u00e4lytysj\u00e4rjestelm\u00e4n vaihtamista<\/strong>.<\/p>\n<hr \/>\n<h2>Helppo asennus - Plug &amp; Play<\/h2>\n<p>EasyLine 4G on suunniteltu nopeaa asennusta varten.<\/p>\n<ul>\n<li>Kytke h\u00e4lytyksen puhelinl\u00e4ht\u00f6 <strong>VINKKI\/SOITA<\/strong><\/li>\n<li>Laita yhteen <strong>SIM-kortti<\/strong><\/li>\n<li>K\u00e4ynnist\u00e4 laite<\/li>\n<\/ul>\n<p>Puhelinlinjan korvaajana k\u00e4ytett\u00e4v\u00e4ksi vaaditaan yleens\u00e4 <strong>ei ohjelmointia<\/strong>H\u00e4lytysj\u00e4rjestelm\u00e4 toimii suoraan matkapuhelinverkon kautta.<\/p>\n<hr \/>\n<h2>Milloin EasyLine 4G sopii?<\/h2>\n<ul>\n<li>Vanhempi murtoh\u00e4lytin analogisella puhelinlinjalla (PSTN)<\/li>\n<li>Vanhempien 2G- tai 3G-h\u00e4lytysl\u00e4hettimien korvaaja<\/li>\n<li>H\u00e4lytys, joka soittaa suoraan matkapuhelimeen<\/li>\n<li>H\u00e4lytyksen siirto h\u00e4lytyskeskukseen<\/li>\n<li>Kiinteist\u00f6t, joissa ei ole puhelinlinjaa<\/li>\n<\/ul>\n<hr \/>\n<h2>Toiminnot<\/h2>\n<ul>\n<li>Simuloitu analoginen puhelinlinja (PSTN)<\/li>\n<li>TIP\/RING-liit\u00e4nt\u00e4 h\u00e4lytysj\u00e4rjestelm\u00e4\u00e4n<\/li>\n<li>4G\/GSM-viestint\u00e4<\/li>\n<li>Tuki Contact ID:lle ja 4\/2-protokollalle<\/li>\n<li>Soitto tai tekstiviesti jopa 8 puhelinnumeroon<\/li>\n<li>1 tulo (NO\/NC) ulkoisille h\u00e4lytyksille<\/li>\n<li>1 avoimen kollektoriliit\u00e4nn\u00e4n l\u00e4ht\u00f6<\/li>\n<li>L\u00e4ht\u00f6\u00e4 voidaan ohjata puhelinnumeron avulla<\/li>\n<li>Tekstiviestiohjelmointi tai DTMF-ohjelmointi<\/li>\n<li>Tekstiviestien edelleenl\u00e4hetys<\/li>\n<li>Kaksisuuntainen viestint\u00e4 (puhe)<\/li>\n<li><strong>4G-antenni sis\u00e4ltyy hintaan<\/strong><\/li>\n<\/ul>\n<hr \/>\n<h2>Lis\u00e4ominaisuudet<\/h2>\n<p>Edistyneempiin asennuksiin EasyLine 4G:t\u00e4 voidaan k\u00e4ytt\u00e4\u00e4 my\u00f6s seuraaviin tarkoituksiin:<\/p>\n<ul>\n<li>H\u00e4lytyksen siirto h\u00e4lytyskeskukseen<\/li>\n<li>Contact ID ja 4\/2-protokolla<\/li>\n<li>Releen ohjaus puhelinsoitolla<\/li>\n<li>Et\u00e4ohjelmointi tekstiviestill\u00e4<\/li>\n<\/ul>\n<p>T\u00e4ydellist\u00e4 konfigurointia varten laite voidaan ohjelmoida PC-ohjelmistolla <strong>ProRead<\/strong> USB-ohjelmointilaitteella (valinnainen).<\/p>\n<hr \/>\n<h2>Yhteenveto<\/h2>\n<p>EasyLine 4G on joustava h\u00e4lytysl\u00e4hetin, joka:<\/p>\n<ul>\n<li>korvaa lankapuhelinlinjat h\u00e4lytysj\u00e4rjestelmiss\u00e4<\/li>\n<li>toimii suoraan vanhempien h\u00e4lyttimien kanssa<\/li>\n<li>voi soittaa matkapuhelimiin h\u00e4lytyksen sattuessa<\/li>\n<li>tarjoaa mahdollisuuden edistyneeseen ohjaukseen tekstiviestien ja relel\u00e4hd\u00f6n kautta<\/li>\n<\/ul>\n<p>Yksinkertainen ja kustannustehokas ratkaisu, kun analogiset puhelinlinjat tai vanhemmat h\u00e4lytysl\u00e4hettimet on vaihdettava.<\/p>","protected":false},"excerpt":{"rendered":"<p><strong>EasyLine 4G<\/strong> on h\u00e4lytysl\u00e4hetin, joka korvaa lankapuhelinlinjat vanhemmissa h\u00e4lytysj\u00e4rjestelmiss\u00e4. Se luo <strong>simuloitu PSTN-puhelinlinja (TIP\/RING)<\/strong> matkapuhelinverkon kautta, jotta h\u00e4lytin voi jatkaa soittamista matkapuhelimiin tai h\u00e4lytyskeskukseen.<\/p>\n<p>T\u00e4ydellinen ratkaisu, kun kupariverkko tai vanhemmat 2G\/3G-l\u00e4hettimet katoavat \u2013 ilman, ett\u00e4 koko h\u00e4lytysj\u00e4rjestelm\u00e4\u00e4 tarvitsee vaihtaa.<\/p>\n<p><strong>Kytke ja k\u00e4yt\u00e4:<\/strong> Yhdist\u00e4 TIP\/RING, aseta SIM-kortti ja k\u00e4ynnist\u00e4 laite.<\/p>","protected":false},"featured_media":159472,"template":"","meta":{"_acf_changed":false},"product_brand":[],"product_cat":[1551],"product_tag":[3850],"class_list":{"0":"post-159474","1":"product","2":"type-product","3":"status-publish","4":"has-post-thumbnail","6":"product_cat-larmoverforing","7":"product_tag-bastsaljare","8":"pa_brands-asc","9":"tm-no-options","11":"first","12":"instock","13":"taxable","14":"shipping-taxable","15":"purchasable","16":"product-type-simple"},"acf":[],"_links":{"self":[{"href":"https:\/\/secureus.se\/fi\/wp-json\/wp\/v2\/product\/159474","targetHints":{"allow":["GET"]}}],"collection":[{"href":"https:\/\/secureus.se\/fi\/wp-json\/wp\/v2\/product"}],"about":[{"href":"https:\/\/secureus.se\/fi\/wp-json\/wp\/v2\/types\/product"}],"wp:featuredmedia":[{"embeddable":true,"href":"https:\/\/secureus.se\/fi\/wp-json\/wp\/v2\/media\/159472"}],"wp:attachment":[{"href":"https:\/\/secureus.se\/fi\/wp-json\/wp\/v2\/media?parent=159474"}],"wp:term":[{"taxonomy":"product_brand","embeddable":true,"href":"https:\/\/secureus.se\/fi\/wp-json\/wp\/v2\/product_brand?post=159474"},{"taxonomy":"product_cat","embeddable":true,"href":"https:\/\/secureus.se\/fi\/wp-json\/wp\/v2\/product_cat?post=159474"},{"taxonomy":"product_tag","embeddable":true,"href":"https:\/\/secureus.se\/fi\/wp-json\/wp\/v2\/product_tag?post=159474"}],"curies":[{"name":"wp","href":"https:\/\/api.w.org\/{rel}","templated":true}]}}