{"id":159481,"date":"2025-10-24T12:15:19","date_gmt":"2025-10-24T10:15:19","guid":{"rendered":"https:\/\/secureus.se\/larmsandare-enicom-en54-21-certifierad-for-brandlarm-hogsakerhetsanlaggningar\/"},"modified":"2025-12-31T22:05:04","modified_gmt":"2025-12-31T21:05:04","slug":"larmsandare-enicom-en54-21","status":"publish","type":"product","link":"https:\/\/secureus.se\/fi\/larmsandare-enicom-en54-21\/","title":{"rendered":"H\u00e4lytysl\u00e4hetin EniCom EN54-21 -sertifioitu paloh\u00e4lyttimille ja korkean turvallisuuden j\u00e4rjestelmille"},"content":{"rendered":"<h1 data-start=\"693\" data-end=\"779\">H\u00e4lytysl\u00e4hetin EniCom EN54-21 -sertifioitu paloh\u00e4lyttimille ja korkean turvallisuuden j\u00e4rjestelmille<\/h1>\n<p data-start=\"781\" data-end=\"1135\">H\u00e4lytysl\u00e4hetin EniCom 4G on ammattimainen ja sertifioitu h\u00e4lytysl\u00e4hetin standardin <strong data-start=\"846\" data-end=\"857\">EN54-21<\/strong>, erityisesti suunniteltu paloh\u00e4lytysj\u00e4rjestelmiin ja sovelluksiin, joissa turvallinen ja redundantti signaalinsiirto on ratkaisevan t\u00e4rke\u00e4\u00e4.<\/p>\n<p data-start=\"781\" data-end=\"1135\">Tuen kanssa <strong data-start=\"985\" data-end=\"997\">Ethernet<\/strong> ja <strong data-start=\"1002\" data-end=\"1012\">4G\/LTE<\/strong> Laite pystyy yll\u00e4pit\u00e4m\u00e4\u00e4n h\u00e4lytysviestint\u00e4\u00e4 my\u00f6s verkkovian sattuessa \u2013 t\u00e4ydellinen ratkaisu rakennuksiin, teollisuuteen ja paloasemille.<\/p>\n<p data-start=\"1137\" data-end=\"1483\"><strong data-start=\"1137\" data-end=\"1184\">Kaksoisviestint\u00e4polku t\u00e4ydell\u00e4 redundanssilla<\/strong><br data-start=\"1184\" data-end=\"1187\" \/>Ensisijainen tiedonsiirto tapahtuu Ethernetin (LAN) kautta, kun taas GSM\/4G-verkkoa k\u00e4ytet\u00e4\u00e4n vara- tai rinnakkaisreittin\u00e4.<\/p>\n<p data-start=\"1137\" data-end=\"1483\">Voidaan m\u00e4\u00e4ritt\u00e4\u00e4 jopa nelj\u00e4 itsen\u00e4ist\u00e4 tietoliikennepolkua, joilla kaikilla on omat IP-osoitteensa ja palvelimensa.<\/p>\n<p data-start=\"1137\" data-end=\"1483\">Se tukee <strong data-start=\"1406\" data-end=\"1419\">SIA DC-09<\/strong>-protokolla turvalliseen IP-pohjaiseen tiedonsiirtoon h\u00e4lytyskeskuksiin.<\/p>\n<p data-start=\"1485\" data-end=\"1881\"><strong data-start=\"1485\" data-end=\"1519\">Joustavat tulot ja l\u00e4hd\u00f6t<\/strong><br data-start=\"1519\" data-end=\"1522\" \/>Laitteessa on nelj\u00e4 tuloa, jotka voidaan konfiguroida NO-, NC-, EOL- tai 2EOL-tuloiksi, ja mahdollisuus <strong data-start=\"1616\" data-end=\"1633\">vy\u00f6hykkeen p\u00e4\u00e4llekk\u00e4isyys<\/strong> jopa kahdeksalle logiikkatulolle.<\/p>\n<p data-start=\"1485\" data-end=\"1881\">Kanssa <strong data-start=\"1674\" data-end=\"1692\">EC-84-laajennin<\/strong> J\u00e4rjestelm\u00e4\u00e4 voidaan laajentaa yhteens\u00e4 64 tuloon ja 32 l\u00e4ht\u00f6\u00f6n.<\/p>\n<p data-start=\"1485\" data-end=\"1881\">Kaksi OC-l\u00e4ht\u00f6\u00e4 voidaan konfiguroida NO\/NC- ja bistabiileiksi tai monostabiileiksi, mik\u00e4 tarjoaa suuren joustavuuden integroinnissa.<\/p>\n<p data-start=\"1883\" data-end=\"2339\"><strong data-start=\"1883\" data-end=\"1928\">Edistyneet ominaisuudet ja pilviyhteydet<\/strong><br data-start=\"1928\" data-end=\"1931\" \/>ENiCom 4G voi vastaanottaa Contact ID -tapahtumia PSTN-simulaation kautta ja v\u00e4litt\u00e4\u00e4 ne Ethernetin tai 4G:n kautta nelj\u00e4lle valvontapalvelimelle.<\/p>\n<p data-start=\"1883\" data-end=\"2339\">Sill\u00e4 on <strong data-start=\"2078\" data-end=\"2095\">kahden SIM-kortin tuki<\/strong>, <strong data-start=\"2097\" data-end=\"2115\">pilviyhteys<\/strong>, <strong data-start=\"2117\" data-end=\"2139\">et\u00e4ohjelmointi<\/strong>, <strong data-start=\"2141\" data-end=\"2164\">Tekstiviestien edelleenl\u00e4hetys<\/strong>, sek\u00e4 <strong data-start=\"2171\" data-end=\"2198\">salattu viestint\u00e4<\/strong> maksimaalisen turvallisuuden takaamiseksi.<br data-start=\"2219\" data-end=\"2222\" \/>256 tapahtumaa kirjataan aikaleimoineen (512 laajennetussa versiossa), ja laiteohjelmisto voidaan p\u00e4ivitt\u00e4\u00e4 suoraan USB:n tai pilven kautta.<\/p>\n<p data-start=\"2341\" data-end=\"2557\"><strong data-start=\"2341\" data-end=\"2373\">EN54-21-sertifioitu turvallisuus<\/strong><br data-start=\"2373\" data-end=\"2376\" \/>Sertifiointi takaa, ett\u00e4 kommunikaattori t\u00e4ytt\u00e4\u00e4 paloh\u00e4lytysten tiedonsiirtoa koskevat eurooppalaiset vaatimukset, mik\u00e4 tekee siit\u00e4 ihanteellisen ratkaisun kaikkiin j\u00e4rjestelmiin, joissa toiminnan luotettavuus ja redundanssi ovat kriittisi\u00e4.<\/p>\n<p data-start=\"2559\" data-end=\"2583\"><strong data-start=\"2559\" data-end=\"2581\">K\u00e4ytt\u00f6alueet<\/strong><\/p>\n<ul data-start=\"2584\" data-end=\"2805\">\n<li data-start=\"2584\" data-end=\"2623\">\n<p data-start=\"2586\" data-end=\"2623\">Paloh\u00e4lytys- ja savunilmaisuj\u00e4rjestelm\u00e4t<\/p>\n<\/li>\n<li data-start=\"2624\" data-end=\"2673\">\n<p data-start=\"2626\" data-end=\"2673\">Turva- ja murtoh\u00e4lyttimet, joissa on korkea redundanssi<\/p>\n<\/li>\n<li data-start=\"2674\" data-end=\"2722\">\n<p data-start=\"2676\" data-end=\"2722\">Teollisuuskiinteist\u00f6t ja julkiset rakennukset<\/p>\n<\/li>\n<li data-start=\"2723\" data-end=\"2761\">\n<p data-start=\"2725\" data-end=\"2761\">Et\u00e4valvonta pilven tai IP:n kautta<\/p>\n<\/li>\n<li data-start=\"2762\" data-end=\"2805\">\n<p data-start=\"2764\" data-end=\"2805\">EN54-21-sertifiointia vaativat j\u00e4rjestelm\u00e4t<\/p>\n<\/li>\n<\/ul>\n<hr data-start=\"2807\" data-end=\"2810\" \/>\n<h3 data-start=\"2812\" data-end=\"2844\"><strong data-start=\"2816\" data-end=\"2844\">Tekniset tiedot<\/strong><\/h3>\n<ul data-start=\"2845\" data-end=\"3623\">\n<li data-start=\"2845\" data-end=\"2874\">\n<p data-start=\"2847\" data-end=\"2874\"><strong data-start=\"2847\" data-end=\"2864\">Sertifiointi:<\/strong> EN54-21<\/p>\n<\/li>\n<li data-start=\"2875\" data-end=\"2930\">\n<p data-start=\"2877\" data-end=\"2930\"><strong data-start=\"2877\" data-end=\"2895\">Viestint\u00e4:<\/strong> Ethernet (l\u00e4hiverkko), GSM\/4G\/LTE, GPRS<\/p>\n<\/li>\n<li data-start=\"2931\" data-end=\"2959\">\n<p data-start=\"2933\" data-end=\"2959\"><strong data-start=\"2933\" data-end=\"2947\">Protokolla:<\/strong> SIA DC-09<\/p>\n<\/li>\n<li data-start=\"2960\" data-end=\"2986\">\n<p data-start=\"2962\" data-end=\"2986\"><strong data-start=\"2962\" data-end=\"2970\">SIM-kortti:<\/strong> Kaksois-nano-SIM<\/p>\n<\/li>\n<li data-start=\"2987\" data-end=\"3040\">\n<p data-start=\"2989\" data-end=\"3040\"><strong data-start=\"2989\" data-end=\"3002\">Tulot:<\/strong> 4 kpl (NO\/NC\/EOL\/2EOL\/vy\u00f6hykkeen kaksoiskappale)<\/p>\n<\/li>\n<li data-start=\"3041\" data-end=\"3083\">\n<p data-start=\"3043\" data-end=\"3083\"><strong data-start=\"3043\" data-end=\"3056\">L\u00e4hd\u00f6t:<\/strong> 2 OC (NO\/NC\/Seuraaja)<\/p>\n<\/li>\n<li data-start=\"3084\" data-end=\"3159\">\n<p data-start=\"3086\" data-end=\"3159\"><strong data-start=\"3086\" data-end=\"3110\">Laajennusmahdollisuus:<\/strong> EC-84 (8 tuloa + 4 l\u00e4ht\u00f6\u00e4, enint\u00e4\u00e4n 8 moduulia)<\/p>\n<\/li>\n<li data-start=\"3160\" data-end=\"3208\">\n<p data-start=\"3162\" data-end=\"3208\"><strong data-start=\"3162\" data-end=\"3176\">Tapahtumaloki:<\/strong> 512 tapahtumaa aikaleimalla<\/p>\n<\/li>\n<li data-start=\"3209\" data-end=\"3279\">\n<p data-start=\"3211\" data-end=\"3279\"><strong data-start=\"3211\" data-end=\"3228\">Liit\u00e4nn\u00e4t:<\/strong> RJ45 Ethernet 10\/100 Base-T, USB 2.0, SMA-antenni<\/p>\n<\/li>\n<li data-start=\"3280\" data-end=\"3316\">\n<p data-start=\"3282\" data-end=\"3316\"><strong data-start=\"3282\" data-end=\"3303\">Virtal\u00e4hde:<\/strong> 10\u201328 VDC<\/p>\n<\/li>\n<li data-start=\"3317\" data-end=\"3376\">\n<p data-start=\"3319\" data-end=\"3376\"><strong data-start=\"3319\" data-end=\"3340\">Virrankulutus:<\/strong> 150 mA (lepotila) \/ 1000 mA (enint\u00e4\u00e4n)<\/p>\n<\/li>\n<li data-start=\"3377\" data-end=\"3410\">\n<p data-start=\"3379\" data-end=\"3410\"><strong data-start=\"3379\" data-end=\"3400\">Ty\u00f6l\u00e4mp\u00f6tila:<\/strong> 0-50\u00b0C<\/p>\n<\/li>\n<li data-start=\"3411\" data-end=\"3446\">\n<p data-start=\"3413\" data-end=\"3446\"><strong data-start=\"3413\" data-end=\"3439\">Suhteellinen kosteus:<\/strong> 60 %<\/p>\n<\/li>\n<li data-start=\"3447\" data-end=\"3489\">\n<p data-start=\"3449\" data-end=\"3489\"><strong data-start=\"3449\" data-end=\"3470\">Mitat (L x P x K):<\/strong> 135 x 95 x 25 mm<\/p>\n<\/li>\n<li data-start=\"3490\" data-end=\"3509\">\n<p data-start=\"3492\" data-end=\"3509\"><strong data-start=\"3492\" data-end=\"3501\">Paino:<\/strong> 140 g<\/p>\n<\/li>\n<li data-start=\"3510\" data-end=\"3563\">\n<p data-start=\"3512\" data-end=\"3563\"><strong data-start=\"3512\" data-end=\"3525\">Materiaali:<\/strong> Muovikotelo SMA-antenniliittimell\u00e4<\/p>\n<\/li>\n<li data-start=\"3564\" data-end=\"3623\">\n<p data-start=\"3566\" data-end=\"3623\"><strong data-start=\"3566\" data-end=\"3584\">Ohjelmointi:<\/strong> Tekstiviesti, USB, pilvi, ProRead-ohjelmisto<\/p>\n<\/li>\n<\/ul>","protected":false},"excerpt":{"rendered":"<p>H\u00e4lytysl\u00e4hetin ENiCom 4G on EN54-21-sertifioitu h\u00e4lytysl\u00e4hetin, joka on kehitetty paloh\u00e4lyttimiin ja turvaj\u00e4rjestelmiin, joissa vaaditaan redundanttista signaalinsiirtoa.<\/p>\n<p>Se yhdist\u00e4\u00e4 Ethernet- ja 4G\/LTE-tiedonsiirron, siin\u00e4 on nelj\u00e4 redundanttia tuloa, kaksi l\u00e4ht\u00f6\u00e4, pilviyhteys ja tuki SIA DC-09 -protokollalle \u2013 maksimaalisen luotettavuuden takaamiseksi kriittisiss\u00e4 paloh\u00e4lytysj\u00e4rjestelmiss\u00e4.<\/p>","protected":false},"featured_media":159477,"template":"","meta":{"_acf_changed":false},"product_brand":[],"product_cat":[1551],"product_tag":[],"class_list":{"0":"post-159481","1":"product","2":"type-product","3":"status-publish","4":"has-post-thumbnail","6":"product_cat-larmoverforing","7":"pa_brands-asc","8":"tm-no-options","10":"first","11":"instock","12":"taxable","13":"shipping-taxable","14":"purchasable","15":"product-type-simple"},"acf":[],"_links":{"self":[{"href":"https:\/\/secureus.se\/fi\/wp-json\/wp\/v2\/product\/159481","targetHints":{"allow":["GET"]}}],"collection":[{"href":"https:\/\/secureus.se\/fi\/wp-json\/wp\/v2\/product"}],"about":[{"href":"https:\/\/secureus.se\/fi\/wp-json\/wp\/v2\/types\/product"}],"wp:featuredmedia":[{"embeddable":true,"href":"https:\/\/secureus.se\/fi\/wp-json\/wp\/v2\/media\/159477"}],"wp:attachment":[{"href":"https:\/\/secureus.se\/fi\/wp-json\/wp\/v2\/media?parent=159481"}],"wp:term":[{"taxonomy":"product_brand","embeddable":true,"href":"https:\/\/secureus.se\/fi\/wp-json\/wp\/v2\/product_brand?post=159481"},{"taxonomy":"product_cat","embeddable":true,"href":"https:\/\/secureus.se\/fi\/wp-json\/wp\/v2\/product_cat?post=159481"},{"taxonomy":"product_tag","embeddable":true,"href":"https:\/\/secureus.se\/fi\/wp-json\/wp\/v2\/product_tag?post=159481"}],"curies":[{"name":"wp","href":"https:\/\/api.w.org\/{rel}","templated":true}]}}