{"id":160027,"date":"2025-11-21T11:12:25","date_gmt":"2025-11-21T10:12:25","guid":{"rendered":"https:\/\/secureus.se\/?post_type=product&#038;p=160027"},"modified":"2026-04-01T12:17:01","modified_gmt":"2026-04-01T10:17:01","slug":"axis-t91b57-stolpmontering-for-overvakningskameror","status":"publish","type":"product","link":"https:\/\/secureus.se\/fi\/axis-t91b57-stolpmontering-for-overvakningskameror\/","title":{"rendered":"AXIS T91B57 -tankokiinnike valvontakameroille"},"content":{"rendered":"<h1>AXIS T91B57 -tankokiinnike valvontakameroille<\/h1>\n<div class=\"dad65929\">\n<div class=\"_4f9bf79 d7dc56a8 _43c05b5\">\n<div class=\"ds-message _63c77b1\">\n<div class=\"ds-markdown\">\n<p class=\"ds-markdown-paragraph\">Kun valvontakameroita on asennettava pylv\u00e4isiin ulkotiloissa, tarvitset telineen, joka ei ainoastaan pid\u00e4 kameraa paikallaan, vaan my\u00f6s suojaa sek\u00e4 kameraa ett\u00e4 sen kaapeleita ulkoisilta vaikutuksilta.<\/p>\n<p class=\"ds-markdown-paragraph\"><strong>AXIS T91B57 -tankokiinnike<\/strong>\u00a0on t\u00e4h\u00e4n ammattimainen ratkaisu, jonka suunnittelussa on asetettu etusijalle sek\u00e4 turvallisuus ett\u00e4 kest\u00e4vyys.<\/p>\n<p class=\"ds-markdown-paragraph\"><strong>Maksimoitu suoja ilkivaltaa ja s\u00e4\u00e4t\u00e4 vastaan<\/strong><br \/>\nYksi suurimmista uhkista ulkokameroille on ilkivalta.<\/p>\n<p class=\"ds-markdown-paragraph\">AXIS T91B57 on\u00a0<strong>IK10-luokiteltu<\/strong>, mik\u00e4 tarkoittaa, ett\u00e4 se kest\u00e4\u00e4 20 joulen suuruiset suorat iskut \u2013 suunnilleen sama voima kuin jos siihen osuisi 5 kg:n lekalla pudotettuna 40 cm:n korkeudesta.<\/p>\n<p class=\"ds-markdown-paragraph\">T\u00e4m\u00e4 tarjoaa eritt\u00e4in korkean suojan ilkivaltaa ja vahingossa tapahtuvia iskuja vastaan. Lis\u00e4ksi koko rakenne on suunniteltu kest\u00e4m\u00e4\u00e4n ankaria s\u00e4\u00e4olosuhteita, mik\u00e4 tekee siit\u00e4 ihanteellisen pitk\u00e4aikaisiin ulkoasennuksiin.<\/p>\n<p class=\"ds-markdown-paragraph\"><strong>Hy\u00f6nteisilt\u00e4 suojattu kaapelinhallinta luotettavia yhteyksi\u00e4 varten<\/strong><br \/>\nYleinen ongelma ulkoasennuksissa on, ett\u00e4 hy\u00f6nteiset ja pienet el\u00e4imet p\u00e4\u00e4sev\u00e4t johdotukseen, mik\u00e4 voi johtaa kaapeleiden vaurioitumiseen ja kalliisiin korjauksiin.<\/p>\n<p class=\"ds-markdown-paragraph\">AXIS T91B57:ss\u00e4 on\u00a0<strong>suljettu rakenne, jossa on erityinen kaapelitiiviste<\/strong>\u00a0joka est\u00e4\u00e4 tehokkaasti hy\u00f6nteisten ja p\u00f6lyn p\u00e4\u00e4syn sis\u00e4\u00e4n. T\u00e4m\u00e4 varmistaa, ett\u00e4 kaapelit pysyv\u00e4t suojattuina ja ett\u00e4 kameran liit\u00e4nn\u00e4t ovat vakaita ajan mittaan.<\/p>\n<p class=\"ds-markdown-paragraph\"><strong>Monipuolinen ja helppo asentaa<\/strong><br \/>\nTelineen muotoilu tekee siit\u00e4 monipuolisen ja helposti muokattavissa olevan.<\/p>\n<p class=\"ds-markdown-paragraph\">Se on\u00a0<strong>s\u00e4\u00e4dett\u00e4viss\u00e4 sopimaan pylv\u00e4isiin, joiden halkaisija on 100 mm - 410 mm<\/strong>, joka kattaa yleisimm\u00e4t viestien mitat.<\/p>\n<p class=\"ds-markdown-paragraph\">T\u00e4m\u00e4 muunneltavuus tekee siit\u00e4 erinomaisen valinnan kaikkeen kapeista valaisinpylv\u00e4ist\u00e4 leve\u00e4mpiin liikennepylv\u00e4isiin.<\/p>\n<p class=\"ds-markdown-paragraph\">AXIS T91B57 on suunniteltu erityisesti k\u00e4ytett\u00e4v\u00e4ksi <strong>yhteensopiva AXIS T91 -sarjan sein\u00e4kiinnikkeiden ja AXIS T98A -koteloiden kanssa<\/strong>, luoden yhten\u00e4isen ja turvallisen j\u00e4rjestelm\u00e4n kameralaitteillesi.<\/p>\n<p class=\"ds-markdown-paragraph\"><strong>Vankka rakenne takaa pitk\u00e4n k\u00e4ytt\u00f6i\u00e4n<\/strong><br \/>\nKorkealaatuisista materiaaleista valmistettu kiinnike on rakennettu sek\u00e4 vahvaksi ett\u00e4 korroosionkest\u00e4v\u00e4ksi.<\/p>\n<p class=\"ds-markdown-paragraph\">Sen kest\u00e4v\u00e4 rakenne varmistaa, ett\u00e4 kamera pysyy vakaana my\u00f6s tuulessa ja s\u00e4\u00e4ss\u00e4, mik\u00e4 on ratkaisevan t\u00e4rke\u00e4\u00e4 selke\u00e4n kuvanlaadun yll\u00e4pit\u00e4miseksi.<\/p>\n<p class=\"ds-markdown-paragraph\"><strong>Yhteenveto:<\/strong><br \/>\nAXIS T91B57 -pylv\u00e4skiinnike on luotettava ja turvallinen valinta ammattimaisiin kamera-asennuksiin pylv\u00e4isiin.<\/p>\n<p class=\"ds-markdown-paragraph\">Sen korkea ilkivallankest\u00e4vyys, hy\u00f6nteissuojattu kaapelointi ja laaja mukautuvuus tekev\u00e4t siit\u00e4 tehokkaan suojan ulkovalvontainvestoinnillesi.<\/p>\n<p class=\"ds-markdown-paragraph\">Valitse AXIS T91B57 tulevaisuudenkest\u00e4v\u00e4\u00e4n asennukseen.<\/p>\n<\/div>\n<\/div>\n<\/div>\n<\/div>","protected":false},"excerpt":{"rendered":"<p>T\u00e4m\u00e4 monipuolinen pylv\u00e4skiinnike tarjoaa turvallisen kiinnityksen Axis-kameroillesi pylv\u00e4iss\u00e4.<\/p>\n<p>IK10-luokiteltu ilkivallankest\u00e4vyys ja suljettu rakenne hy\u00f6nteisilt\u00e4 suojaavilla johdotuksilla tekev\u00e4t siit\u00e4 t\u00e4ydellisen ulkok\u00e4ytt\u00f6\u00f6n.<\/p>\n<p>Teline on helppo s\u00e4\u00e4t\u00e4\u00e4 halkaisijaltaan 100\u2013410 mm:n pylv\u00e4ille, ja se on yhteensopiva AXIS T91 -sein\u00e4telineiden ja T98A-kaappien kanssa.<\/p>","protected":false},"featured_media":160025,"template":"","meta":{"_acf_changed":false},"product_brand":[],"product_cat":[4954],"product_tag":[],"class_list":{"0":"post-160027","1":"product","2":"type-product","3":"status-publish","4":"has-post-thumbnail","6":"product_cat-axis-stativ-fasten","7":"pa_brands-axis","8":"pa_farg-vit","9":"tm-no-options","11":"first","12":"instock","13":"sale","14":"taxable","15":"shipping-taxable","16":"purchasable","17":"product-type-simple"},"acf":[],"_links":{"self":[{"href":"https:\/\/secureus.se\/fi\/wp-json\/wp\/v2\/product\/160027","targetHints":{"allow":["GET"]}}],"collection":[{"href":"https:\/\/secureus.se\/fi\/wp-json\/wp\/v2\/product"}],"about":[{"href":"https:\/\/secureus.se\/fi\/wp-json\/wp\/v2\/types\/product"}],"wp:featuredmedia":[{"embeddable":true,"href":"https:\/\/secureus.se\/fi\/wp-json\/wp\/v2\/media\/160025"}],"wp:attachment":[{"href":"https:\/\/secureus.se\/fi\/wp-json\/wp\/v2\/media?parent=160027"}],"wp:term":[{"taxonomy":"product_brand","embeddable":true,"href":"https:\/\/secureus.se\/fi\/wp-json\/wp\/v2\/product_brand?post=160027"},{"taxonomy":"product_cat","embeddable":true,"href":"https:\/\/secureus.se\/fi\/wp-json\/wp\/v2\/product_cat?post=160027"},{"taxonomy":"product_tag","embeddable":true,"href":"https:\/\/secureus.se\/fi\/wp-json\/wp\/v2\/product_tag?post=160027"}],"curies":[{"name":"wp","href":"https:\/\/api.w.org\/{rel}","templated":true}]}}