{"id":160030,"date":"2025-11-21T11:12:26","date_gmt":"2025-11-21T10:12:26","guid":{"rendered":"https:\/\/secureus.se\/?post_type=product&#038;p=160030"},"modified":"2026-04-23T13:11:33","modified_gmt":"2026-04-23T11:11:33","slug":"axis-t91e61-utomhusvaggfaste-for-fasta-kupolpendlar","status":"publish","type":"product","link":"https:\/\/secureus.se\/fi\/axis-t91e61-utomhusvaggfaste-for-fasta-kupolpendlar\/","title":{"rendered":"AXIS T91E61 ulkok\u00e4ytt\u00f6\u00f6n tarkoitettu sein\u00e4kiinnike kiinteille kupuvalaisimille"},"content":{"rendered":"<h1>AXIS T91E61 ulkok\u00e4ytt\u00f6\u00f6n tarkoitettu sein\u00e4kiinnike kiinteille kupuvalaisimille<\/h1>\n<div class=\"dad65929\">\n<div class=\"_4f9bf79 d7dc56a8 _43c05b5\">\n<div class=\"ds-message _63c77b1\">\n<div class=\"ds-markdown\">\n<p class=\"ds-markdown-paragraph\">AXIS T91E61 on sein\u00e4kiinnike, joka on suunniteltu erityisesti Axisin kiinteille kupuverkkokameroille.<\/p>\n<p class=\"ds-markdown-paragraph\">Kompaktin kokonsa ja huomaamattoman ulkon\u00e4k\u00f6ns\u00e4 ansiosta se integroituu tyylikk\u00e4\u00e4sti sek\u00e4 sis\u00e4- ett\u00e4 ulkotiloihin.<\/p>\n<p class=\"ds-markdown-paragraph\">Kiinnikkeen kest\u00e4v\u00e4 rakenne varmistaa, ett\u00e4 kamera pysyy tukevasti ja vakaasti paikallaan ajan kuluessa.<\/p>\n<p class=\"ds-markdown-paragraph\">Vankka rakenne vaativiin ymp\u00e4rist\u00f6ihin<br \/>\nJauhemaalatusta ja kromatusta alumiinista valmistettu teline on sek\u00e4 iskunkest\u00e4v\u00e4 ett\u00e4 korroosionkest\u00e4v\u00e4.<\/p>\n<p class=\"ds-markdown-paragraph\">IK10-luokituksen ansiosta se kest\u00e4\u00e4 voimakkaita iskuja, joten se sopii erinomaisesti asennuksiin, joissa ilkivalta voi olla ongelma.<\/p>\n<p class=\"ds-markdown-paragraph\">Valkoinen v\u00e4ri (NCS S 1002-B) pysyy kauniina ajan kuluessa ja sopii useimpiin ymp\u00e4rist\u00f6ihin.<\/p>\n<p class=\"ds-markdown-paragraph\">Helppo asennus ja monipuolinen k\u00e4ytt\u00f6<br \/>\nJalustassa on 1,5 tuuman NPS-kierre, ja se on yhteensopiva kaikkien saman kierrestandardin mukaisten kiinteiden kupuriippuvien Axis-valaisimien kanssa.<\/p>\n<p class=\"ds-markdown-paragraph\">Siin\u00e4 on sama reik\u00e4kuvio kuin Axis-ulkokiinteiden laatikkokameroiden sein\u00e4kiinnikkeiss\u00e4, joten kameratyypin vaihtaminen on helppoa ilman lis\u00e4reikien poraamista.<\/p>\n<p class=\"ds-markdown-paragraph\">K\u00e4ytt\u00e4m\u00e4ll\u00e4 AXIS T94R01P -putkikaappia kaapelit voidaan suojata putkilla, ja lis\u00e4varusteiden, kuten AXIS T91A47 -pylv\u00e4skiinnikkeen, avulla kiinnike voidaan asentaa pylv\u00e4isiin tai kulmiin.<\/p>\n<p class=\"ds-markdown-paragraph\">Joustava kaapelien hallinta<br \/>\nKaapeleiden reititykseen on useita vaihtoehtoja. Kaapelit voidaan reititt\u00e4\u00e4 sis\u00e4isesti takana olevan kaapelirei\u00e4n kautta tai sivussa olevien aukkojen kautta.<\/p>\n<p class=\"ds-markdown-paragraph\">Kaapelit voidaan my\u00f6s reititt\u00e4\u00e4 ulkoisesti k\u00e4ytt\u00e4m\u00e4ll\u00e4 yht\u00e4 kiinnikkeen pohjassa olevista nelj\u00e4st\u00e4 aukosta.<\/p>\n<p class=\"ds-markdown-paragraph\">T\u00e4m\u00e4 joustavuus tekee asennuksesta helposti mukautettavan paikallisiin olosuhteisiin.<\/p>\n<p class=\"ds-markdown-paragraph\">Tekninen yleiskatsaus<\/p>\n<ul>\n<li>\n<p class=\"ds-markdown-paragraph\">Maksimikuormitus: 10 kg<\/p>\n<\/li>\n<li>\n<p class=\"ds-markdown-paragraph\">Mitat: 80 x 161 x 120 mm<\/p>\n<\/li>\n<li>\n<p class=\"ds-markdown-paragraph\">Paino: 525 g<\/p>\n<\/li>\n<li>\n<p class=\"ds-markdown-paragraph\">Materiaali: Jauhemaalattu, kromattu alumiini<\/p>\n<\/li>\n<li>\n<p class=\"ds-markdown-paragraph\">V\u00e4ri: Valkoinen (NCS S 1002-B)<\/p>\n<\/li>\n<li>\n<p class=\"ds-markdown-paragraph\">Suojausluokka: IK10, IP-luokitus ulkok\u00e4ytt\u00f6\u00f6n<\/p>\n<\/li>\n<li>\n<p class=\"ds-markdown-paragraph\">Yhteensopivuus: Sopii Axis M3004-V, M3005-V, M3006-V, M3007-P, M3007-PV, M3024-sarja, P32, P33, Q35 ja niihin liittyv\u00e4t riippukytkimet<\/p>\n<\/li>\n<\/ul>\n<p class=\"ds-markdown-paragraph\">Yhteenveto:<br \/>\nAXIS T91E61 -sein\u00e4kiinnike tarjoaa luotettavan ja huomaamattoman ratkaisun Axis-kiinteiden kupukameroiden asentamiseen.<\/p>\n<p class=\"ds-markdown-paragraph\">Sen kest\u00e4v\u00e4 rakenne, helppo asennus ja joustava kaapelien hallinta tekev\u00e4t siit\u00e4 erinomaisen valinnan sek\u00e4 ammattiasentajille ett\u00e4 loppuasiakkaille, jotka etsiv\u00e4t kest\u00e4v\u00e4\u00e4 ratkaisua valvontatarpeisiinsa.<\/p>\n<\/div>\n<\/div>\n<\/div>\n<\/div>","protected":false},"excerpt":{"rendered":"<p class=\"ds-markdown-paragraph\">AXIS T91E61 -sein\u00e4kiinnike: Huomaamaton ja kest\u00e4v\u00e4 ratkaisu kiinteille kupukameroille<\/p>\n<p class=\"ds-markdown-paragraph\">T\u00e4m\u00e4 sein\u00e4kiinnike on suunniteltu erityisesti Axis-kiinteille kupuverkkokameroille.<\/p>\n<p class=\"ds-markdown-paragraph\">Kompaktin muotonsa ja valkoisen v\u00e4rins\u00e4 ansiosta se tarjoaa huomaamattoman asennuksen, joka sopii sek\u00e4 sis\u00e4- ett\u00e4 ulkotiloihin.<\/p>\n<p class=\"ds-markdown-paragraph\">Kiinnike on valmistettu iskunkest\u00e4v\u00e4st\u00e4 materiaalista, jonka luokitus on IK10, ja se on korroosionkest\u00e4v\u00e4 pitk\u00e4n k\u00e4ytt\u00f6i\u00e4n takaamiseksi.<\/p>","protected":false},"featured_media":160028,"template":"","meta":{"_acf_changed":false},"product_brand":[],"product_cat":[4954],"product_tag":[],"class_list":{"0":"post-160030","1":"product","2":"type-product","3":"status-publish","4":"has-post-thumbnail","6":"product_cat-axis-stativ-fasten","7":"pa_brands-axis","8":"pa_farg-vit","9":"tm-no-options","11":"first","12":"instock","13":"sale","14":"taxable","15":"shipping-taxable","16":"purchasable","17":"product-type-simple"},"acf":[],"_links":{"self":[{"href":"https:\/\/secureus.se\/fi\/wp-json\/wp\/v2\/product\/160030","targetHints":{"allow":["GET"]}}],"collection":[{"href":"https:\/\/secureus.se\/fi\/wp-json\/wp\/v2\/product"}],"about":[{"href":"https:\/\/secureus.se\/fi\/wp-json\/wp\/v2\/types\/product"}],"wp:featuredmedia":[{"embeddable":true,"href":"https:\/\/secureus.se\/fi\/wp-json\/wp\/v2\/media\/160028"}],"wp:attachment":[{"href":"https:\/\/secureus.se\/fi\/wp-json\/wp\/v2\/media?parent=160030"}],"wp:term":[{"taxonomy":"product_brand","embeddable":true,"href":"https:\/\/secureus.se\/fi\/wp-json\/wp\/v2\/product_brand?post=160030"},{"taxonomy":"product_cat","embeddable":true,"href":"https:\/\/secureus.se\/fi\/wp-json\/wp\/v2\/product_cat?post=160030"},{"taxonomy":"product_tag","embeddable":true,"href":"https:\/\/secureus.se\/fi\/wp-json\/wp\/v2\/product_tag?post=160030"}],"curies":[{"name":"wp","href":"https:\/\/api.w.org\/{rel}","templated":true}]}}