{"id":160038,"date":"2025-11-21T11:12:26","date_gmt":"2025-11-21T10:12:26","guid":{"rendered":"https:\/\/secureus.se\/?post_type=product&#038;p=160038"},"modified":"2026-04-09T11:22:09","modified_gmt":"2026-04-09T09:22:09","slug":"axis-t94n01d-pendelsats-for-inomhus-och-utomhusbruk","status":"publish","type":"product","link":"https:\/\/secureus.se\/fi\/axis-t94n01d-pendelsats-for-inomhus-och-utomhusbruk\/","title":{"rendered":"AXIS T94N01D heilurisarja sis\u00e4- ja ulkok\u00e4ytt\u00f6\u00f6n"},"content":{"rendered":"<h1>AXIS T94N01D heilurisarja sis\u00e4- ja ulkok\u00e4ytt\u00f6\u00f6n<\/h1>\n<div class=\"dad65929\">\n<div class=\"_4f9bf79 d7dc56a8\">\n<div class=\"ds-message _63c77b1\">\n<div class=\"ds-markdown\">\n<p class=\"ds-markdown-paragraph\">AXIS T94N01D heilurisarja: Mukautettava kiinnitysratkaisu ammattimaisiin kamera-asennuksiin<\/p>\n<p class=\"ds-markdown-paragraph\">AXIS T94N01D on riippuvalaisinsarja, joka tarjoaa joustavuutta ja mukautuvuutta Axis P37 -sarjan verkkokameroiden asentamiseen.<\/p>\n<p class=\"ds-markdown-paragraph\">T\u00e4m\u00e4 pakkaus on erityisesti suunniteltu mahdollistamaan asennuksen useisiin eri paikkoihin ja pinnoille, joten se sopii erinomaisesti sek\u00e4 sis\u00e4- ett\u00e4 ulkoymp\u00e4rist\u00f6ihin.<\/p>\n<p class=\"ds-markdown-paragraph\">Joustava asennus erilaisiin asennuksiin<br \/>\nAXIS T94N01D:n avulla asentajat voivat helposti asentaa P37-kamerat erilaisille pinnoille ja rakenteille.<\/p>\n<p class=\"ds-markdown-paragraph\">Sarja on yhteensopiva 1,5 tuuman NPS-kierteitettyjen kiinnikkeiden kanssa, joten se soveltuu k\u00e4ytett\u00e4v\u00e4ksi monenlaisten Axis-asennustarvikkeiden kanssa.<\/p>\n<p class=\"ds-markdown-paragraph\">T\u00e4m\u00e4 sis\u00e4lt\u00e4\u00e4 mahdollisuuden asentaa kamera pylv\u00e4isiin, rakennusten kaiteisiin ja ulkokulmiin, mik\u00e4 tarjoaa enemm\u00e4n vapautta valvontaratkaisujen suunnittelussa.<\/p>\n<p class=\"ds-markdown-paragraph\">Vankka rakenne luotettavaa suorituskyky\u00e4 varten<br \/>\nAXIS T94N01D on rakennettu kest\u00e4m\u00e4\u00e4n sek\u00e4 sis\u00e4- ett\u00e4 ulko-olosuhteita, ja se varmistaa, ett\u00e4 kamera pysyy tukevasti kiinnitettyn\u00e4 ymp\u00e4rist\u00f6st\u00e4 riippumatta.<\/p>\n<p class=\"ds-markdown-paragraph\">Kest\u00e4v\u00e4 rakenne tarjoaa kameralle pitk\u00e4aikaisen luotettavuuden ja suojan, mik\u00e4 on v\u00e4ltt\u00e4m\u00e4t\u00f6nt\u00e4 jatkuvalle valvonnalle ja turvallisuudelle.<\/p>\n<p class=\"ds-markdown-paragraph\">Yhteensopivuus ja k\u00e4ytt\u00f6tarkoitukset<\/p>\n<p class=\"ds-markdown-paragraph\">Pakkaus on suunniteltu erityisesti Axis P3717-PLE- ja P3719-PLE-verkkokameroille.<\/p>\n<p class=\"ds-markdown-paragraph\">Axisin T91-sarjan kiinnitystarvikkeiden avulla asentajat voivat luoda r\u00e4\u00e4t\u00e4l\u00f6ityj\u00e4 ratkaisuja, jotka sopivat tiettyihin asennusvaatimuksiin.<\/p>\n<p class=\"ds-markdown-paragraph\">T\u00e4m\u00e4 tekee AXIS T94N01D:st\u00e4 monipuolisen valinnan kaikkeen liikerakennuksista ja teollisuuslaitoksista julkisiin tiloihin ja asuinalueisiin.<\/p>\n<p class=\"ds-markdown-paragraph\">Helppo asennus ja r\u00e4\u00e4t\u00e4l\u00f6inti<br \/>\nAsennus on yksinkertaista ja suoraviivaista, mik\u00e4 s\u00e4\u00e4st\u00e4\u00e4 aikaa ja v\u00e4hent\u00e4\u00e4 valvontaj\u00e4rjestelmien asennuksen monimutkaisuutta.<\/p>\n<p class=\"ds-markdown-paragraph\">Sarjan muotoilu mahdollistaa kameran helpon s\u00e4\u00e4t\u00e4misen ja sijoittamisen optimaalisen kuva-alan ja peittoalueen saavuttamiseksi.<\/p>\n<p class=\"ds-markdown-paragraph\">Yhteenveto:<br \/>\nAXIS T94N01D -heilurikokonaisuus on luotettava ja joustava ratkaisu Axis P37 -kameroiden kiinnitt\u00e4miseen.<\/p>\n<p class=\"ds-markdown-paragraph\">Sen kyky sopeutua erilaisiin ymp\u00e4rist\u00f6ihin ja asennustilanteisiin tekee siit\u00e4 erinomaisen valinnan ammattimaisiin valvontaj\u00e4rjestelmiin.<\/p>\n<p class=\"ds-markdown-paragraph\">Tarvitseeko kamera asentaa se sitten tolppaan, kaiteeseen tai nurkkaan, t\u00e4m\u00e4 sarja tarjoaa tarvittavan vakauden ja joustavuuden pitk\u00e4aikaisen suorituskyvyn varmistamiseksi.<\/p>\n<\/div>\n<\/div>\n<\/div>\n<\/div>","protected":false},"excerpt":{"rendered":"<p>T\u00e4m\u00e4 riippuvalaisinsarja mahdollistaa Axis P3717-PLE- ja P3719-PLE-verkkokameroiden asentamisen erilaisiin paikkoihin ja pinnoille.<\/p>\n<p>Sarja on yhteensopiva 1,5 tuuman NPS-kierrekiinnikkeiden kanssa ja sit\u00e4 voidaan k\u00e4ytt\u00e4\u00e4 sek\u00e4 sis\u00e4ll\u00e4 ett\u00e4 ulkona.<\/p>\n<p>T\u00e4ydellinen asennettavaksi pylv\u00e4isiin, kaiteisiin ja kulmiin Axis T91 -kiinnitystarvikkeiden avulla.<\/p>","protected":false},"featured_media":160036,"template":"","meta":{"_acf_changed":false},"product_brand":[],"product_cat":[4954],"product_tag":[],"class_list":{"0":"post-160038","1":"product","2":"type-product","3":"status-publish","4":"has-post-thumbnail","6":"product_cat-axis-stativ-fasten","7":"pa_brands-axis","8":"pa_farg-vit","9":"tm-no-options","11":"first","12":"instock","13":"sale","14":"taxable","15":"shipping-taxable","16":"purchasable","17":"product-type-simple"},"acf":[],"_links":{"self":[{"href":"https:\/\/secureus.se\/fi\/wp-json\/wp\/v2\/product\/160038","targetHints":{"allow":["GET"]}}],"collection":[{"href":"https:\/\/secureus.se\/fi\/wp-json\/wp\/v2\/product"}],"about":[{"href":"https:\/\/secureus.se\/fi\/wp-json\/wp\/v2\/types\/product"}],"wp:featuredmedia":[{"embeddable":true,"href":"https:\/\/secureus.se\/fi\/wp-json\/wp\/v2\/media\/160036"}],"wp:attachment":[{"href":"https:\/\/secureus.se\/fi\/wp-json\/wp\/v2\/media?parent=160038"}],"wp:term":[{"taxonomy":"product_brand","embeddable":true,"href":"https:\/\/secureus.se\/fi\/wp-json\/wp\/v2\/product_brand?post=160038"},{"taxonomy":"product_cat","embeddable":true,"href":"https:\/\/secureus.se\/fi\/wp-json\/wp\/v2\/product_cat?post=160038"},{"taxonomy":"product_tag","embeddable":true,"href":"https:\/\/secureus.se\/fi\/wp-json\/wp\/v2\/product_tag?post=160038"}],"curies":[{"name":"wp","href":"https:\/\/api.w.org\/{rel}","templated":true}]}}