{"id":160052,"date":"2025-11-21T11:12:27","date_gmt":"2025-11-21T10:12:27","guid":{"rendered":"https:\/\/secureus.se\/?post_type=product&#038;p=160052"},"modified":"2026-04-01T12:17:45","modified_gmt":"2026-04-01T10:17:45","slug":"axis-t94n02d-hangsats-for-axis-p3715-plve-for-montering-pa-15-nps-gangade-fasten","status":"publish","type":"product","link":"https:\/\/secureus.se\/fi\/axis-t94n02d-hangsats-for-axis-p3715-plve-for-montering-pa-15-nps-gangade-fasten\/","title":{"rendered":"AXIS T94N02D Ripustussarja AXIS P3715-PLVE:lle asennettavaksi 1,5 tuuman NPS-kierrekiinnikkeisiin"},"content":{"rendered":"<h1>AXIS T94N02D Ripustussarja AXIS P3715-PLVE:lle asennettavaksi 1,5 tuuman NPS-kierrekiinnikkeisiin<\/h1>\n<div class=\"dad65929\">\n<div class=\"_4f9bf79 d7dc56a8 _43c05b5\">\n<div class=\"ds-message _63c77b1\">\n<div class=\"ds-markdown\">\n<p class=\"ds-markdown-paragraph\"><strong>Tuotekatsaus<\/strong><\/p>\n<p class=\"ds-markdown-paragraph\">Axis T94N02D \u00e4r en h\u00e4ngsats avsedd f\u00f6r montering av AXIS P3715-PLVE n\u00e4tverkskameror p\u00e5 1,5&#8243; NPS-g\u00e4ngade f\u00e4sten.<\/p>\n<p class=\"ds-markdown-paragraph\">Se sopii sek\u00e4 sis\u00e4- ett\u00e4 ulkok\u00e4ytt\u00f6\u00f6n ja mahdollistaa kameran asentamisen pylv\u00e4isiin, kaiteisiin ja ulkokulmiin Axisin T91-kiinnitystarvikkeiden avulla.<\/p>\n<p class=\"ds-markdown-paragraph\"><strong>T\u00e4rkeimm\u00e4t ominaisuudet<\/strong><\/p>\n<ul>\n<li>\n<p class=\"ds-markdown-paragraph\">Yhteensopiva AXIS P3715-PLVE -kameroiden kanssa<\/p>\n<\/li>\n<li>\n<p class=\"ds-markdown-paragraph\">Sopii sis\u00e4- ja ulkok\u00e4ytt\u00f6\u00f6n<\/p>\n<\/li>\n<li>\n<p class=\"ds-markdown-paragraph\">Anpassad f\u00f6r 1,5&#8243; NPS-g\u00e4ngade f\u00e4sten<\/p>\n<\/li>\n<li>\n<p class=\"ds-markdown-paragraph\">Mahdollistaa asennuksen pylv\u00e4isiin, kaiteisiin ja ulkokulmiin<\/p>\n<\/li>\n<li>\n<p class=\"ds-markdown-paragraph\">Joustava integrointi Axis T91 -kiinnitystarvikkeiden kanssa<\/p>\n<\/li>\n<\/ul>\n<p class=\"ds-markdown-paragraph\"><strong>Tekniset tiedot<\/strong><\/p>\n<ul>\n<li>\n<p class=\"ds-markdown-paragraph\">Tuotteen nimi: Axis T94N02D -riippuvalaisinsarja AXIS P3715-PLVE:lle<\/p>\n<\/li>\n<li>\n<p class=\"ds-markdown-paragraph\">Kategoria: Kameratelineet, Kotelot ja kiinnikkeet<\/p>\n<\/li>\n<li>\n<p class=\"ds-markdown-paragraph\">UPC-koodi: 7331021072060<\/p>\n<\/li>\n<li>\n<p class=\"ds-markdown-paragraph\">EAN-koodi: 7331021072060<\/p>\n<\/li>\n<li>\n<p class=\"ds-markdown-paragraph\">Valmistusmaa: Kiina (voi muuttua)<\/p>\n<\/li>\n<\/ul>\n<p class=\"ds-markdown-paragraph\"><strong>K\u00e4ytt\u00f6alueet<\/strong><\/p>\n<ul>\n<li>\n<p class=\"ds-markdown-paragraph\">Ihanteellinen ulkoalueiden, puistojen, rakennusten ja teollisuusymp\u00e4rist\u00f6jen valvontaan<\/p>\n<\/li>\n<li>\n<p class=\"ds-markdown-paragraph\">Enkel installation p\u00e5 befintliga 1,5&#8243; NPS-g\u00e4ngade konsoler<\/p>\n<\/li>\n<\/ul>\n<p class=\"ds-markdown-paragraph\">Axis T94N02D tarjoaa vankan ja mukautuvan ratkaisun edistyneeseen kamerakiinnitykseen, jossa keskityt\u00e4\u00e4n yhteensopivuuteen ja kest\u00e4vyyteen.<\/p>\n<\/div>\n<\/div>\n<\/div>\n<\/div>\n<div class=\"sc-bczRLJ fySwpa\">\n<div class=\"sc-bczRLJ kEeNDb\"><\/div>\n<\/div>","protected":false},"excerpt":{"rendered":"<p class=\"ds-markdown-paragraph\">Axis T94N02D -riippuvalaisinsarja P3715-PLVE-kameroille.<\/p>\n<p class=\"ds-markdown-paragraph\">Asennettavaksi 1,5 tuuman NPS-kierrekiinnikkeisiin sis\u00e4- ja ulkotiloissa. Yhteensopiva Axis T91 -kiinnitysten kanssa.<\/p>","protected":false},"featured_media":160050,"template":"","meta":{"_acf_changed":false},"product_brand":[],"product_cat":[4954],"product_tag":[],"class_list":{"0":"post-160052","1":"product","2":"type-product","3":"status-publish","4":"has-post-thumbnail","6":"product_cat-axis-stativ-fasten","7":"pa_brands-axis","8":"pa_farg-vit","9":"tm-no-options","11":"first","12":"onbackorder","13":"sale","14":"taxable","15":"shipping-taxable","16":"purchasable","17":"product-type-simple"},"acf":[],"_links":{"self":[{"href":"https:\/\/secureus.se\/fi\/wp-json\/wp\/v2\/product\/160052","targetHints":{"allow":["GET"]}}],"collection":[{"href":"https:\/\/secureus.se\/fi\/wp-json\/wp\/v2\/product"}],"about":[{"href":"https:\/\/secureus.se\/fi\/wp-json\/wp\/v2\/types\/product"}],"wp:featuredmedia":[{"embeddable":true,"href":"https:\/\/secureus.se\/fi\/wp-json\/wp\/v2\/media\/160050"}],"wp:attachment":[{"href":"https:\/\/secureus.se\/fi\/wp-json\/wp\/v2\/media?parent=160052"}],"wp:term":[{"taxonomy":"product_brand","embeddable":true,"href":"https:\/\/secureus.se\/fi\/wp-json\/wp\/v2\/product_brand?post=160052"},{"taxonomy":"product_cat","embeddable":true,"href":"https:\/\/secureus.se\/fi\/wp-json\/wp\/v2\/product_cat?post=160052"},{"taxonomy":"product_tag","embeddable":true,"href":"https:\/\/secureus.se\/fi\/wp-json\/wp\/v2\/product_tag?post=160052"}],"curies":[{"name":"wp","href":"https:\/\/api.w.org\/{rel}","templated":true}]}}