{"id":160055,"date":"2025-11-21T11:12:27","date_gmt":"2025-11-21T10:12:27","guid":{"rendered":"https:\/\/secureus.se\/?post_type=product&#038;p=160055"},"modified":"2026-04-01T12:17:24","modified_gmt":"2026-04-01T10:17:24","slug":"axis-t91b47-stolpmontering-for-inom-och-utomhusbruk-100-410-mm","status":"publish","type":"product","link":"https:\/\/secureus.se\/fi\/axis-t91b47-stolpmontering-for-inom-och-utomhusbruk-100-410-mm\/","title":{"rendered":"AXIS T91B47 -tankokiinnike sis\u00e4- ja ulkok\u00e4ytt\u00f6\u00f6n, 100\u2013410 mm"},"content":{"rendered":"<h1>AXIS T91B47 -tankokiinnike sis\u00e4- ja ulkok\u00e4ytt\u00f6\u00f6n, 100\u2013410 mm<\/h1>\n<p class=\"ds-markdown-paragraph\"><strong>Tuotekatsaus<\/strong><\/p>\n<p class=\"ds-markdown-paragraph\">Axis T91B47 on sek\u00e4 sis\u00e4- ett\u00e4 ulkok\u00e4ytt\u00f6\u00f6n tarkoitettu pylv\u00e4skiinnike. Sit\u00e4 on saatavana kahtena versiona eri pylv\u00e4\u00e4n halkaisijoille.<\/p>\n<p class=\"ds-markdown-paragraph\">100\u2013410 mm:n versio sopii erinomaisesti suuremmille pylv\u00e4ille ja palkeille.<\/p>\n<p class=\"ds-markdown-paragraph\">Helppo asentaa kahdella merikelpoisella ruostumattomasta ter\u00e4ksest\u00e4 (SS316L) valmistetulla hihnalla ilman lis\u00e4varusteita Axis-kiinteille kupu- tai luotikameroille.<\/p>\n<p class=\"ds-markdown-paragraph\"><strong>T\u00e4rkeimm\u00e4t ominaisuudet<\/strong><\/p>\n<ul>\n<li>\n<p class=\"ds-markdown-paragraph\">Sopii halkaisijaltaan 100\u2013410 mm:n tolppiin<\/p>\n<\/li>\n<li>\n<p class=\"ds-markdown-paragraph\">IK10-luokiteltu vandalisminkest\u00e4v\u00e4<\/p>\n<\/li>\n<li>\n<p class=\"ds-markdown-paragraph\">NEMA 4X -korroosiosuojaus<\/p>\n<\/li>\n<li>\n<p class=\"ds-markdown-paragraph\">Ruostumattomasta ter\u00e4ksest\u00e4 valmistetut nauhat (SS316L) sis\u00e4ltyv\u00e4t hintaan<\/p>\n<\/li>\n<li>\n<p class=\"ds-markdown-paragraph\">Helppo ja turvallinen kiinnitys TX30-ruuvilla<\/p>\n<\/li>\n<\/ul>\n<p class=\"ds-markdown-paragraph\"><strong>Yhteensopivuus<\/strong><\/p>\n<ul>\n<li>\n<p class=\"ds-markdown-paragraph\">Laatikkokamerat: Axis M11-, P13- ja Q16-sarjat<\/p>\n<\/li>\n<li>\n<p class=\"ds-markdown-paragraph\">Bullet-kamerat: Axis P14- ja Q17-sarja<\/p>\n<\/li>\n<li>\n<p class=\"ds-markdown-paragraph\">Kupukamerat: Axis M19-, P32-, P33-, Q35- ja Q36-sarjat<\/p>\n<\/li>\n<li>\n<p class=\"ds-markdown-paragraph\">L\u00e4mp\u00f6kamerat: Axis G19, Q29 -sarja<\/p>\n<\/li>\n<li>\n<p class=\"ds-markdown-paragraph\">Yhteensopiva Axis T91E61:n, T94O01A:n, F23:n, T92E:n, T93F:n ja T93G05:n kanssa<\/p>\n<\/li>\n<\/ul>\n<p class=\"ds-markdown-paragraph\"><strong>Tekniset tiedot<\/strong><\/p>\n<ul>\n<li>\n<p class=\"ds-markdown-paragraph\">Maksimikuormitus: 15 kg<\/p>\n<\/li>\n<li>\n<p class=\"ds-markdown-paragraph\">Materiaali: Jauhemaalattu alumiini, valkoinen (NCS S 1002-B)<\/p>\n<\/li>\n<li>\n<p class=\"ds-markdown-paragraph\">Mitat: 111 x 42 x 147 mm<\/p>\n<\/li>\n<li>\n<p class=\"ds-markdown-paragraph\">Paino: 0,3 kg (ilman ter\u00e4srannekett\u00e4)<\/p>\n<\/li>\n<li>\n<p class=\"ds-markdown-paragraph\">Sis\u00e4lt\u00e4\u00e4: Asennusohjeen, nippusiteet, ruuvit, ruostumattomasta ter\u00e4ksest\u00e4 valmistetut hihnat<\/p>\n<\/li>\n<li>\n<p class=\"ds-markdown-paragraph\"><strong>Sertifikaatit<\/strong><\/p>\n<ul>\n<li>\n<p class=\"ds-markdown-paragraph\">Turvallisuus: IEC\/EN\/UL 60950-1, IEC\/EN\/UL 60950-22<\/p>\n<\/li>\n<li>\n<p class=\"ds-markdown-paragraph\">Ymp\u00e4rist\u00f6: EN 50581, NEMA 250 tyyppi 4X<\/p>\n<\/li>\n<li>\n<p class=\"ds-markdown-paragraph\">Iskuluokka: IEC 62262 IK10<\/p>\n<\/li>\n<\/ul>\n<\/li>\n<\/ul>","protected":false},"excerpt":{"rendered":"<p>Axis T91B47 tarjoaa kest\u00e4v\u00e4n ja kustannustehokkaan ratkaisun edistyneeseen kameroiden asennukseen pylv\u00e4isiin ja palkkeihin vaativissa ymp\u00e4rist\u00f6iss\u00e4.<\/p>","protected":false},"featured_media":160053,"template":"","meta":{"_acf_changed":false},"product_brand":[],"product_cat":[4954],"product_tag":[],"class_list":{"0":"post-160055","1":"product","2":"type-product","3":"status-publish","4":"has-post-thumbnail","6":"product_cat-axis-stativ-fasten","7":"pa_brands-axis","8":"pa_farg-vit","9":"tm-no-options","11":"first","12":"instock","13":"sale","14":"taxable","15":"shipping-taxable","16":"purchasable","17":"product-type-simple"},"acf":[],"_links":{"self":[{"href":"https:\/\/secureus.se\/fi\/wp-json\/wp\/v2\/product\/160055","targetHints":{"allow":["GET"]}}],"collection":[{"href":"https:\/\/secureus.se\/fi\/wp-json\/wp\/v2\/product"}],"about":[{"href":"https:\/\/secureus.se\/fi\/wp-json\/wp\/v2\/types\/product"}],"wp:featuredmedia":[{"embeddable":true,"href":"https:\/\/secureus.se\/fi\/wp-json\/wp\/v2\/media\/160053"}],"wp:attachment":[{"href":"https:\/\/secureus.se\/fi\/wp-json\/wp\/v2\/media?parent=160055"}],"wp:term":[{"taxonomy":"product_brand","embeddable":true,"href":"https:\/\/secureus.se\/fi\/wp-json\/wp\/v2\/product_brand?post=160055"},{"taxonomy":"product_cat","embeddable":true,"href":"https:\/\/secureus.se\/fi\/wp-json\/wp\/v2\/product_cat?post=160055"},{"taxonomy":"product_tag","embeddable":true,"href":"https:\/\/secureus.se\/fi\/wp-json\/wp\/v2\/product_tag?post=160055"}],"curies":[{"name":"wp","href":"https:\/\/api.w.org\/{rel}","templated":true}]}}