{"id":160061,"date":"2025-11-21T11:12:27","date_gmt":"2025-11-21T10:12:27","guid":{"rendered":"https:\/\/secureus.se\/?post_type=product&#038;p=160061"},"modified":"2026-04-09T11:22:54","modified_gmt":"2026-04-09T09:22:54","slug":"axis-t91b67-stolpmontering-for-fasta-dome-kameror-15-nps-ganga","status":"publish","type":"product","link":"https:\/\/secureus.se\/fi\/axis-t91b67-stolpmontering-for-fasta-dome-kameror-15-nps-ganga\/","title":{"rendered":"AXIS T91B67 -tankokiinnike kiinteille kupukameroille, 1,5 tuumaa, NPS-kierre"},"content":{"rendered":"<h1>AXIS T91B67 -tankokiinnike kiinteille kupukameroille, 1,5 tuumaa, NPS-kierre<\/h1>\n<div class=\"dad65929\">\n<div class=\"_4f9bf79 d7dc56a8 _43c05b5\">\n<div class=\"ds-message _63c77b1\">\n<div class=\"ds-markdown\">\n<p class=\"ds-markdown-paragraph\"><strong>Tuotekatsaus<\/strong><\/p>\n<p class=\"ds-markdown-paragraph\">Axis T91B67 on kest\u00e4v\u00e4 tankokiinnike, joka on erityisesti suunniteltu Axis-kiinteille kupu- ja panoraamakameroille, joissa on 1,5 tuuman NPS-kierteitetyt heilurikiinnitykset.<\/p>\n<p class=\"ds-markdown-paragraph\">IK10- ja NEMA 4X -luokituksensa ansiosta se sopii sek\u00e4 sis\u00e4- ett\u00e4 ulkoymp\u00e4rist\u00f6ihin.<\/p>\n<p class=\"ds-markdown-paragraph\">Kiinnike on suunniteltu 65\u2013165 mm halkaisijaltaan oleville pylv\u00e4ille ja palkeille, ja siin\u00e4 on sivuilla olevat l\u00e4piviennit 3\/4 tuuman kaapelikourulle sek\u00e4 suljettu takaosa, jossa on tiiviste hy\u00f6nteisilt\u00e4 suojaamiseksi.<\/p>\n<p class=\"ds-markdown-paragraph\"><strong>T\u00e4rkeimm\u00e4t ominaisuudet<\/strong><\/p>\n<ul>\n<li>\n<p class=\"ds-markdown-paragraph\">1,5 tuuman NPS-kierre Axis-heilurisarjoille<\/p>\n<\/li>\n<li>\n<p class=\"ds-markdown-paragraph\">Sopii 65\u2013165 mm:n tolppiin<\/p>\n<\/li>\n<li>\n<p class=\"ds-markdown-paragraph\">IK10-ilkivaltasuojaus ja NEMA 4X -korroosiosuojaus<\/p>\n<\/li>\n<li>\n<p class=\"ds-markdown-paragraph\">Hy\u00f6nteisilt\u00e4 suojaava kaapelitiiviste<\/p>\n<\/li>\n<li>\n<p class=\"ds-markdown-paragraph\">Ruostumattomasta ter\u00e4ksest\u00e4 valmistetut merihihnat (SS316L) TX30-ruuvilla<\/p>\n<\/li>\n<\/ul>\n<p class=\"ds-markdown-paragraph\"><strong>Yhteensopivuus<\/strong><\/p>\n<ul>\n<li>\n<p class=\"ds-markdown-paragraph\">Kaikki Axis-kiinte\u00e4t domekamerat 1,5 tuuman NPS-kierteill\u00e4 varustetuilla heilurisarjoilla<\/p>\n<\/li>\n<li>\n<p class=\"ds-markdown-paragraph\">Panorama-sarjan kamerat<\/p>\n<\/li>\n<\/ul>\n<p class=\"ds-markdown-paragraph\"><strong>Tekniset tiedot<\/strong><\/p>\n<ul>\n<li>\n<p class=\"ds-markdown-paragraph\">Maksimikuormitus: 15 kg<\/p>\n<\/li>\n<li>\n<p class=\"ds-markdown-paragraph\">Materiaali: Jauhemaalattu alumiini, valkoinen (NCS S 1002-B)<\/p>\n<\/li>\n<li>\n<p class=\"ds-markdown-paragraph\">Mitat: 252 x 134 x 194 mm<\/p>\n<\/li>\n<li>\n<p class=\"ds-markdown-paragraph\">Paino: 1,2 kg<\/p>\n<\/li>\n<li>\n<p class=\"ds-markdown-paragraph\">Sis\u00e4lt\u00e4\u00e4: Asennusohjeen, ruostumattomasta ter\u00e4ksest\u00e4 valmistetut hihnat, hy\u00f6nteissuojatun kaapelitiivisteen<\/p>\n<\/li>\n<li>\n<p class=\"ds-markdown-paragraph\">Vaatii: 1,5 tuuman NPS-kierteisen akseliheilurisarjan<\/p>\n<\/li>\n<\/ul>\n<p class=\"ds-markdown-paragraph\"><strong>Sertifikaatit<\/strong><\/p>\n<ul>\n<li>\n<p class=\"ds-markdown-paragraph\">Turvallisuus: IEC\/EN\/UL 60950-1, IEC\/EN\/UL 60950-22<\/p>\n<\/li>\n<li>\n<p class=\"ds-markdown-paragraph\">Ymp\u00e4rist\u00f6: IEC 60721, NEMA 250 tyyppi 4X, RoHS, WEEE<\/p>\n<\/li>\n<li>\n<p class=\"ds-markdown-paragraph\">Iskuluokka: IEC 62262 IK10<\/p>\n<\/li>\n<\/ul>\n<p class=\"ds-markdown-paragraph\">Axis T91B67 tarjoaa turvallisen ja kest\u00e4v\u00e4n ratkaisun edistyneeseen kamera-asennukseen vaativissa ymp\u00e4rist\u00f6iss\u00e4.<\/p>\n<\/div>\n<\/div>\n<\/div>\n<\/div>","protected":false},"excerpt":{"rendered":"<p>Axis T91B67 -pylv\u00e4skiinnike kiinteille kupukameroille, jossa 1,5 tuuman NPS-kierre. 65\u2013165 mm:n pylv\u00e4ille, IK10- ja NEMA 4X -luokituksilla.<\/p>\n<p>Hy\u00f6nteisilt\u00e4 suojattu johdotus.<\/p>\n<p>Mukana ruostumattomasta ter\u00e4ksest\u00e4 valmistetut nauhat.<\/p>","protected":false},"featured_media":160059,"template":"","meta":{"_acf_changed":false},"product_brand":[],"product_cat":[4954],"product_tag":[],"class_list":{"0":"post-160061","1":"product","2":"type-product","3":"status-publish","4":"has-post-thumbnail","6":"product_cat-axis-stativ-fasten","7":"pa_brands-axis","8":"pa_farg-vit","9":"tm-no-options","11":"first","12":"instock","13":"sale","14":"taxable","15":"shipping-taxable","16":"purchasable","17":"product-type-simple"},"acf":[],"_links":{"self":[{"href":"https:\/\/secureus.se\/fi\/wp-json\/wp\/v2\/product\/160061","targetHints":{"allow":["GET"]}}],"collection":[{"href":"https:\/\/secureus.se\/fi\/wp-json\/wp\/v2\/product"}],"about":[{"href":"https:\/\/secureus.se\/fi\/wp-json\/wp\/v2\/types\/product"}],"wp:featuredmedia":[{"embeddable":true,"href":"https:\/\/secureus.se\/fi\/wp-json\/wp\/v2\/media\/160059"}],"wp:attachment":[{"href":"https:\/\/secureus.se\/fi\/wp-json\/wp\/v2\/media?parent=160061"}],"wp:term":[{"taxonomy":"product_brand","embeddable":true,"href":"https:\/\/secureus.se\/fi\/wp-json\/wp\/v2\/product_brand?post=160061"},{"taxonomy":"product_cat","embeddable":true,"href":"https:\/\/secureus.se\/fi\/wp-json\/wp\/v2\/product_cat?post=160061"},{"taxonomy":"product_tag","embeddable":true,"href":"https:\/\/secureus.se\/fi\/wp-json\/wp\/v2\/product_tag?post=160061"}],"curies":[{"name":"wp","href":"https:\/\/api.w.org\/{rel}","templated":true}]}}