{"id":160064,"date":"2025-11-21T11:12:27","date_gmt":"2025-11-21T10:12:27","guid":{"rendered":"https:\/\/secureus.se\/?post_type=product&#038;p=160064"},"modified":"2026-04-23T13:11:01","modified_gmt":"2026-04-23T11:11:01","slug":"axis-t91a64-hornfaste-for-vaggfastena-t91b6-och-t91d61-inomhus-och-utomhusbruk-vit","status":"publish","type":"product","link":"https:\/\/secureus.se\/fi\/axis-t91a64-hornfaste-for-vaggfastena-t91b6-och-t91d61-inomhus-och-utomhusbruk-vit\/","title":{"rendered":"AXIS T91A64 -kulmakiinnike T91B6- ja T91D61-sein\u00e4kiinnikkeille, sis\u00e4- ja ulkok\u00e4ytt\u00f6\u00f6n, valkoinen"},"content":{"rendered":"<h1>AXIS T91A64 -kulmakiinnike T91B6- ja T91D61-sein\u00e4kiinnikkeille, sis\u00e4- ja ulkok\u00e4ytt\u00f6\u00f6n, valkoinen<\/h1>\n<p class=\"ds-markdown-paragraph\"><strong>Tuotekatsaus<\/strong><\/p>\n<p class=\"ds-markdown-paragraph\">Axis T91A64 on kest\u00e4v\u00e4 alumiininen kulmakiinnike, joka on suunniteltu Axis-verkkokameroiden kiinnitt\u00e4miseen ulkokulmiin. Kiinnike vaatii erillisen sein\u00e4kiinnikkeen asennukseen ja on yhteensopiva AXIS T91B6- ja AXIS T91D61 -sein\u00e4kiinnikkeiden kanssa. IK10-luokituksensa ansiosta se sopii sek\u00e4 sis\u00e4- ett\u00e4 ulkoymp\u00e4rist\u00f6ihin.<\/p>\n<p class=\"ds-markdown-paragraph\"><strong>T\u00e4rkeimm\u00e4t ominaisuudet<\/strong><\/p>\n<ul>\n<li>\n<p class=\"ds-markdown-paragraph\">Kest\u00e4v\u00e4 ja turvallinen kiinnitys ulkokulmiin<\/p>\n<\/li>\n<li>\n<p class=\"ds-markdown-paragraph\">Sopii sis\u00e4- ja ulkok\u00e4ytt\u00f6\u00f6n<\/p>\n<\/li>\n<li>\n<p class=\"ds-markdown-paragraph\">Yksinkertainen asennus<\/p>\n<\/li>\n<li>\n<p class=\"ds-markdown-paragraph\">Valkoinen pulverimaalattu alumiini<\/p>\n<\/li>\n<\/ul>\n<p class=\"ds-markdown-paragraph\"><strong>Yhteensopivuus<\/strong><\/p>\n<ul>\n<li>\n<p class=\"ds-markdown-paragraph\">AXIS T91B6 -sein\u00e4kiinnike<\/p>\n<\/li>\n<li>\n<p class=\"ds-markdown-paragraph\">AXIS T91D61 -sein\u00e4kiinnike 1,5 tuuman NPS-kiinnityksell\u00e4<\/p>\n<\/li>\n<li>\n<p class=\"ds-markdown-paragraph\">AXIS T91161 -sein\u00e4kiinnike<\/p>\n<\/li>\n<li>\n<p class=\"ds-markdown-paragraph\">AXIS T91061 -sein\u00e4kiinnike<\/p>\n<\/li>\n<\/ul>\n<p class=\"ds-markdown-paragraph\"><strong>Tekniset tiedot<\/strong><\/p>\n<ul>\n<li>\n<p class=\"ds-markdown-paragraph\">Maksimikuormitus: 25 kg<\/p>\n<\/li>\n<li>\n<p class=\"ds-markdown-paragraph\">Paino: 1250 g<\/p>\n<\/li>\n<li>\n<p class=\"ds-markdown-paragraph\">Materiaali: Alumiini<\/p>\n<\/li>\n<li>\n<p class=\"ds-markdown-paragraph\">V\u00e4ri: Valkoinen<\/p>\n<\/li>\n<li>\n<ul>\n<li>\n<p class=\"ds-markdown-paragraph\">Sis\u00e4lt\u00e4\u00e4: Asennusohjeen<\/p>\n<\/li>\n<li>\n<p class=\"ds-markdown-paragraph\"><strong>Sertifikaatit<\/strong><\/p>\n<\/li>\n<\/ul>\n<ul>\n<li>\n<p class=\"ds-markdown-paragraph\">Iskuluokka: IEC 62262 IK10<\/p>\n<\/li>\n<li>\n<p class=\"ds-markdown-paragraph\">Ymp\u00e4rist\u00f6: EN 50581<\/p>\n<\/li>\n<\/ul>\n<\/li>\n<\/ul>","protected":false},"excerpt":{"rendered":"<p>Axis T91A64 tarjoaa joustavan ja luotettavan ratkaisun kameroiden nurkkaan kiinnitt\u00e4miseen, jossa keskityt\u00e4\u00e4n vakauteen ja kest\u00e4vyyteen.<\/p>","protected":false},"featured_media":160062,"template":"","meta":{"_acf_changed":false},"product_brand":[],"product_cat":[4954],"product_tag":[],"class_list":{"0":"post-160064","1":"product","2":"type-product","3":"status-publish","4":"has-post-thumbnail","6":"product_cat-axis-stativ-fasten","7":"pa_brands-axis","8":"pa_farg-vit","9":"tm-no-options","11":"first","12":"onbackorder","13":"sale","14":"taxable","15":"shipping-taxable","16":"purchasable","17":"product-type-simple"},"acf":[],"_links":{"self":[{"href":"https:\/\/secureus.se\/fi\/wp-json\/wp\/v2\/product\/160064","targetHints":{"allow":["GET"]}}],"collection":[{"href":"https:\/\/secureus.se\/fi\/wp-json\/wp\/v2\/product"}],"about":[{"href":"https:\/\/secureus.se\/fi\/wp-json\/wp\/v2\/types\/product"}],"wp:featuredmedia":[{"embeddable":true,"href":"https:\/\/secureus.se\/fi\/wp-json\/wp\/v2\/media\/160062"}],"wp:attachment":[{"href":"https:\/\/secureus.se\/fi\/wp-json\/wp\/v2\/media?parent=160064"}],"wp:term":[{"taxonomy":"product_brand","embeddable":true,"href":"https:\/\/secureus.se\/fi\/wp-json\/wp\/v2\/product_brand?post=160064"},{"taxonomy":"product_cat","embeddable":true,"href":"https:\/\/secureus.se\/fi\/wp-json\/wp\/v2\/product_cat?post=160064"},{"taxonomy":"product_tag","embeddable":true,"href":"https:\/\/secureus.se\/fi\/wp-json\/wp\/v2\/product_tag?post=160064"}],"curies":[{"name":"wp","href":"https:\/\/api.w.org\/{rel}","templated":true}]}}