{"id":160071,"date":"2025-11-21T11:12:28","date_gmt":"2025-11-21T10:12:28","guid":{"rendered":"https:\/\/secureus.se\/?post_type=product&#038;p=160071"},"modified":"2026-04-09T11:23:10","modified_gmt":"2026-04-09T09:23:10","slug":"axis-tu6004-e-kabel-for-modulara-kameror-i-f-serien-8-m-ip67","status":"publish","type":"product","link":"https:\/\/secureus.se\/fi\/axis-tu6004-e-kabel-for-modulara-kameror-i-f-serien-8-m-ip67\/","title":{"rendered":"AXIS TU6004-E -kaapeli F-sarjan modulaarisille kameroille, 8 m, IP67"},"content":{"rendered":"<h1>AXIS TU6004-E -kaapeli F-sarjan modulaarisille kameroille, 8 m, IP67<\/h1>\n<p class=\"ds-markdown-paragraph\"><strong>Tuotekatsaus<\/strong><\/p>\n<p class=\"ds-markdown-paragraph\">Axis TU6004-E on ammattimainen sis\u00e4- ja ulkok\u00e4ytt\u00f6\u00f6n tarkoitettu kaapeli, joka on kehitetty erityisesti Axis F-sarjan toisen sukupolven modulaarisille kameroille.<\/p>\n<p class=\"ds-markdown-paragraph\">T\u00e4m\u00e4 joustava ja kest\u00e4v\u00e4 kaapeli tarjoaa suuren kaistanleveyden, mik\u00e4 minimoi viiveen anturiyksik\u00f6iden ja p\u00e4\u00e4yksik\u00f6iden v\u00e4lill\u00e4.<\/p>\n<p class=\"ds-markdown-paragraph\">Edistyneen suojaustasonsa ja laajan yhteensopivuuden ansiosta se sopii erinomaisesti vaativiin valvontaj\u00e4rjestelmiin sek\u00e4 toimistoymp\u00e4rist\u00f6iss\u00e4 ett\u00e4 ulkotiloissa.<\/p>\n<p class=\"ds-markdown-paragraph\"><strong>T\u00e4rkeimm\u00e4t ominaisuudet<\/strong><\/p>\n<ul>\n<li>\n<p class=\"ds-markdown-paragraph\">IP67-, IP66- ja IP6K9K-luokitellut luotettavaa suojausta varten<\/p>\n<\/li>\n<li>\n<p class=\"ds-markdown-paragraph\">40 mm:n taivutuss\u00e4de joustavaa asennusta varten<\/p>\n<\/li>\n<li>\n<p class=\"ds-markdown-paragraph\">Suuri kaistanleveys minimoi viiveen<\/p>\n<\/li>\n<li>\n<p class=\"ds-markdown-paragraph\">Suunniteltu sek\u00e4 sis\u00e4- ett\u00e4 ulkok\u00e4ytt\u00f6\u00f6n<\/p>\n<\/li>\n<li>\n<p class=\"ds-markdown-paragraph\">Saatavilla 1 m, 8 m ja 30 m versioina<\/p>\n<\/li>\n<\/ul>\n<p class=\"ds-markdown-paragraph\"><strong>Yhteensopivuus<\/strong><\/p>\n<ul>\n<li>\n<p class=\"ds-markdown-paragraph\">Axis F91 -p\u00e4\u00e4yksik\u00f6t<\/p>\n<\/li>\n<li>\n<p class=\"ds-markdown-paragraph\">Axis F21 -anturiyksik\u00f6t<\/p>\n<\/li>\n<li>\n<p class=\"ds-markdown-paragraph\">Axis F4105-LRE -kupuanturi<\/p>\n<\/li>\n<li>\n<p class=\"ds-markdown-paragraph\">Axis F7225-RE neulanreik\u00e4anturi<\/p>\n<\/li>\n<li>\n<p class=\"ds-markdown-paragraph\">Pituus mukautettavissa Axis TU6003 -liitinsarjalla<\/p>\n<\/li>\n<li>\n<p class=\"ds-markdown-paragraph\"><strong>Tekniset tiedot<\/strong><\/p>\n<ul>\n<li>\n<p class=\"ds-markdown-paragraph\">Pituus: 8 m (26 jalkaa)<\/p>\n<\/li>\n<li>\n<p class=\"ds-markdown-paragraph\">V\u00e4ri: Musta<\/p>\n<\/li>\n<li>\n<p class=\"ds-markdown-paragraph\">Impedanssi: 50 ohmia<\/p>\n<\/li>\n<li>\n<p class=\"ds-markdown-paragraph\">Taajuusalue: 0\u20133 GHz<\/p>\n<\/li>\n<li>\n<p class=\"ds-markdown-paragraph\">Liittimet: SMA ja FAKRA<\/p>\n<\/li>\n<li>\n<p class=\"ds-markdown-paragraph\">L\u00e4mp\u00f6tilankesto: -40 \u00b0C - +75 \u00b0C<\/p>\n<\/li>\n<li>\n<p class=\"ds-markdown-paragraph\">Kosteuskest\u00e4vyys: 10\u2013100% RH (tiivistyv\u00e4)<\/p>\n<\/li>\n<li>\n<p class=\"ds-markdown-paragraph\">Paino: 300 g (8 m versio)<\/p>\n<\/li>\n<\/ul>\n<\/li>\n<\/ul>\n<div class=\"sc-bczRLJ fySwpa\">\n<div class=\"sc-bczRLJ kEeNDb\">\n<p class=\"ds-markdown-paragraph\"><strong>Sertifioinnit ja takuut<\/strong><\/p>\n<ul>\n<li>\n<p class=\"ds-markdown-paragraph\">UL CL2 auringonvalolta suojattu E335585-T<\/p>\n<\/li>\n<li>\n<p class=\"ds-markdown-paragraph\">YK:n Euroopan talouskomission s\u00e4\u00e4nt\u00f6 118<\/p>\n<\/li>\n<li>\n<p class=\"ds-markdown-paragraph\">3 vuoden takuu Axisilta<\/p>\n<\/li>\n<\/ul>\n<p class=\"ds-markdown-paragraph\">Axis TU6004-E -kaapeli edustaa huippuluokan kaapelitekniikkaa ammattimaisille videovalvontaj\u00e4rjestelmille, keskittyen luotettavuuteen, suorituskykyyn ja pitk\u00e4\u00e4n k\u00e4ytt\u00f6ik\u00e4\u00e4n vaihtelevissa ymp\u00e4rist\u00f6olosuhteissa.<\/p>\n<\/div>\n<\/div>","protected":false},"excerpt":{"rendered":"<div class=\"_4f9bf79 _43c05b5\">\n<div class=\"ds-message _63c77b1\">\n<div class=\"ds-markdown\">\n<p class=\"ds-markdown-paragraph\">Kest\u00e4v\u00e4 IP67-luokiteltu kaapeli Axis F-sarjalle.<\/p>\n<p class=\"ds-markdown-paragraph\">Taivutuss\u00e4de 40 mm, suuri kaistanleveys minimoi latenssin.<\/p>\n<p class=\"ds-markdown-paragraph\">Yhteensopiva F91:n, F21:n, F4105-LRE:n ja F7225-RE:n kanssa.<\/p>\n<p class=\"ds-markdown-paragraph\">Toimii \u00e4\u00e4rimm\u00e4isiss\u00e4 l\u00e4mp\u00f6tiloissa (-40 \u00b0C - +75 \u00b0C).<\/p>\n<p class=\"ds-markdown-paragraph\">Saatavilla 1 metrin, 8 metrin ja 30 metrin versioina.<\/p>\n<\/div>\n<\/div>\n<div class=\"ds-theme\"><\/div>\n<div class=\"ds-flex _0a3d93b\">\n<div class=\"ds-flex _965abe9\">\n<div class=\"ds-icon-button db183363\" role=\"button\">\n<div class=\"ds-icon-button__hover-bg\"><\/div>\n<\/div>\n<div class=\"ds-icon-button db183363\" role=\"button\">\n<div class=\"ds-icon-button__hover-bg\">\n<div class=\"_4f9bf79 _43c05b5\">\n<div class=\"ds-message _63c77b1\">\n<div class=\"ds-markdown\">\n<p class=\"ds-markdown-paragraph\">\n<\/div>\n<\/div>\n<div class=\"ds-theme\"><\/div>\n<div class=\"ds-flex _0a3d93b\">\n<div class=\"ds-flex _965abe9\">\n<div class=\"ds-icon-button db183363\" role=\"button\">\n<div class=\"ds-icon-button__hover-bg\"><\/div>\n<div class=\"ds-icon\"><\/div>\n<\/div>\n<div class=\"ds-icon-button db183363 ds-icon-button--disabled\" role=\"button\">\n<div class=\"ds-icon\"><\/div>\n<\/div>\n<div class=\"ds-icon-button db183363\" role=\"button\">\n<div class=\"ds-icon-button__hover-bg\"><\/div>\n<div class=\"ds-icon\"><\/div>\n<\/div>\n<div class=\"ds-icon-button db183363\" role=\"button\">\n<div class=\"ds-icon-button__hover-bg\"><\/div>\n<div class=\"ds-icon\"><\/div>\n<\/div>\n<div class=\"ds-icon-button db183363\" role=\"button\">\n<div class=\"ds-icon-button__hover-bg\"><\/div>\n<div class=\"ds-icon\"><\/div>\n<\/div>\n<\/div>\n<div><\/div>\n<\/div>\n<\/div>\n<div class=\"_9663006\" data-um-id=\"33\">\n<div class=\"d29f3d7d ds-message _63c77b1\"><\/div>\n<\/div>\n<\/div>\n<div class=\"ds-icon\"><\/div>\n<\/div>\n<div class=\"ds-icon-button db183363\" role=\"button\">\n<div class=\"ds-icon-button__hover-bg\"><\/div>\n<div class=\"ds-icon\"><\/div>\n<\/div>\n<div class=\"ds-icon-button db183363\" role=\"button\">\n<div class=\"ds-icon-button__hover-bg\"><\/div>\n<div class=\"ds-icon\"><\/div>\n<\/div>\n<\/div>\n<div><\/div>\n<\/div>\n<\/div>\n<div class=\"_9663006\" data-um-id=\"33\">\n<div class=\"d29f3d7d ds-message _63c77b1\"><\/div>\n<\/div>","protected":false},"featured_media":160070,"template":"","meta":{"_acf_changed":false},"product_brand":[],"product_cat":[4956],"product_tag":[],"class_list":{"0":"post-160071","1":"product","2":"type-product","3":"status-publish","4":"has-post-thumbnail","6":"product_cat-ovrigt-fran-axis","7":"pa_brands-axis","8":"pa_farg-svart","9":"tm-no-options","11":"first","12":"onbackorder","13":"sale","14":"taxable","15":"shipping-taxable","16":"purchasable","17":"product-type-simple"},"acf":[],"_links":{"self":[{"href":"https:\/\/secureus.se\/fi\/wp-json\/wp\/v2\/product\/160071","targetHints":{"allow":["GET"]}}],"collection":[{"href":"https:\/\/secureus.se\/fi\/wp-json\/wp\/v2\/product"}],"about":[{"href":"https:\/\/secureus.se\/fi\/wp-json\/wp\/v2\/types\/product"}],"wp:featuredmedia":[{"embeddable":true,"href":"https:\/\/secureus.se\/fi\/wp-json\/wp\/v2\/media\/160070"}],"wp:attachment":[{"href":"https:\/\/secureus.se\/fi\/wp-json\/wp\/v2\/media?parent=160071"}],"wp:term":[{"taxonomy":"product_brand","embeddable":true,"href":"https:\/\/secureus.se\/fi\/wp-json\/wp\/v2\/product_brand?post=160071"},{"taxonomy":"product_cat","embeddable":true,"href":"https:\/\/secureus.se\/fi\/wp-json\/wp\/v2\/product_cat?post=160071"},{"taxonomy":"product_tag","embeddable":true,"href":"https:\/\/secureus.se\/fi\/wp-json\/wp\/v2\/product_tag?post=160071"}],"curies":[{"name":"wp","href":"https:\/\/api.w.org\/{rel}","templated":true}]}}