{"id":160073,"date":"2025-11-21T11:12:28","date_gmt":"2025-11-21T10:12:28","guid":{"rendered":"https:\/\/secureus.se\/?post_type=product&#038;p=160073"},"modified":"2026-04-23T13:10:38","modified_gmt":"2026-04-23T11:10:38","slug":"axis-01589-001l-judforlangningskabel-b-5m-for-utvalda-35-mm-mikrofoner","status":"publish","type":"product","link":"https:\/\/secureus.se\/fi\/axis-01589-001l-judforlangningskabel-b-5m-for-utvalda-35-mm-mikrofoner\/","title":{"rendered":"AXIS 01589-001l jatkokaapeli B 5M valituille 3,5 mm:n mikrofoneille"},"content":{"rendered":"<h1>AXIS 01589-001 \u00e4\u00e4nijatkokaapeli B 5M valituille 3,5 mm:n mikrofoneille<\/h1>\n<p class=\"ds-markdown-paragraph\"><strong>Tuotekatsaus<\/strong><\/p>\n<p class=\"ds-markdown-paragraph\">Axis 01589-001 on erillinen \u00e4\u00e4nijatkokaapeli, joka on suunniteltu laajentamaan yhteensopivien Axis-mikrofonien kantamaa 3,5 mm:n liit\u00e4nn\u00e4ll\u00e4.<\/p>\n<p class=\"ds-markdown-paragraph\">Viiden metrin (16,4 jalan) pituutensa ansiosta mikrofoni voidaan sijoittaa joustavasti verkkokameraan n\u00e4hden, mik\u00e4 on ihanteellista asennuksissa, joissa suora yhteys ei ole k\u00e4yt\u00e4nn\u00f6llinen.<\/p>\n<p class=\"ds-markdown-paragraph\"><strong>T\u00e4rkeimm\u00e4t ominaisuudet<\/strong><\/p>\n<ul>\n<li>\n<p class=\"ds-markdown-paragraph\">3,5 mm:n mono- tai stereoliitin<\/p>\n<\/li>\n<li>\n<p class=\"ds-markdown-paragraph\">Pituus: 5 metri\u00e4 (16,4 jalkaa)<\/p>\n<\/li>\n<li>\n<p class=\"ds-markdown-paragraph\">Yhteensopiva tiettyjen Axis-mikrofonien kanssa<\/p>\n<\/li>\n<li>\n<p class=\"ds-markdown-paragraph\">Mahdollistaa \u00e4\u00e4nisignaalin siirron et\u00e4isyyden yli<\/p>\n<\/li>\n<li>\n<p class=\"ds-markdown-paragraph\">Yksinkertainen ja suora asennus<\/p>\n<\/li>\n<\/ul>\n<p class=\"ds-markdown-paragraph\"><strong>K\u00e4ytt\u00f6alueet<\/strong><\/p>\n<ul>\n<li>\n<p class=\"ds-markdown-paragraph\">\u00c4\u00e4nitallennuksen laajentaminen valvontaj\u00e4rjestelmiss\u00e4<\/p>\n<\/li>\n<li>\n<p class=\"ds-markdown-paragraph\">Joustava mikrofonien sijoittelu myym\u00e4l\u00f6iss\u00e4, toimistoissa ja julkisissa tiloissa<\/p>\n<\/li>\n<li>\n<p class=\"ds-markdown-paragraph\">Asennukset, joissa kamera ja mikrofoni on pidett\u00e4v\u00e4 erill\u00e4\u00e4n<\/p>\n<\/li>\n<\/ul>\n<p class=\"ds-markdown-paragraph\"><strong>Tekniset tiedot<\/strong><\/p>\n<ul>\n<li>\n<p class=\"ds-markdown-paragraph\">Liittimen tyyppi: 3,5 mm:n jakki<\/p>\n<\/li>\n<li>\n<p class=\"ds-markdown-paragraph\">Kaapelin pituus: 5 m<\/p>\n<\/li>\n<li>\n<p class=\"ds-markdown-paragraph\">V\u00e4ri: Musta<\/p>\n<\/li>\n<li>\n<p class=\"ds-markdown-paragraph\">UPC-koodi: 7331021065628<\/p>\n<\/li>\n<li>\n<p class=\"ds-markdown-paragraph\">EAN-koodi: 7331021065628<\/p>\n<\/li>\n<li>\n<p class=\"ds-markdown-paragraph\">Alkuper\u00e4maa: Kiina<\/p>\n<\/li>\n<\/ul>\n<p class=\"ds-markdown-paragraph\"><strong>Yhteensopivuus<\/strong><\/p>\n<ul>\n<li>\n<p class=\"ds-markdown-paragraph\">Valitut Axis-mikrofonit 3,5 mm:n liit\u00e4nn\u00e4ll\u00e4<\/p>\n<\/li>\n<li>\n<p class=\"ds-markdown-paragraph\">Axis-verkkokamerat \u00e4\u00e4nitulolla<\/p>\n<\/li>\n<\/ul>\n<p class=\"ds-markdown-paragraph\">Axis 01589-001 -\u00e4\u00e4nijatkokaapeli tarjoaa yksinkertaisen ja tehokkaan ratkaisun valvontaj\u00e4rjestelm\u00e4si \u00e4\u00e4nitallennusominaisuuksien laajentamiseen korkealla laadulla ja luotettavalla suorituskyvyll\u00e4.<\/p>","protected":false},"excerpt":{"rendered":"<div class=\"_4f9bf79 _43c05b5\">\n<div class=\"ds-message _63c77b1\">\n<div class=\"ds-markdown\">\n<p class=\"ds-markdown-paragraph\">5 metrin jatkokaapeli 3,5 mm:n liittimell\u00e4 valituille Axis-mikrofoneille.<\/p>\n<p class=\"ds-markdown-paragraph\">Mahdollistaa \u00e4\u00e4nisignaalin siirron jopa 5 metrin p\u00e4\u00e4h\u00e4n mikrofonista verkkokameraan. Ihanteellinen asennuksiin, joissa mikrofoni on sijoitettava et\u00e4\u00e4lle kamerasta.<\/p>\n<p class=\"ds-markdown-paragraph\">Helppo kytke\u00e4 ja k\u00e4ytt\u00e4\u00e4.<\/p>\n<\/div>\n<\/div>\n<div class=\"ds-theme\"><\/div>\n<div class=\"ds-flex _0a3d93b\">\n<div class=\"ds-flex _965abe9\">\n<div class=\"ds-icon-button db183363\" role=\"button\">\n<div class=\"ds-icon-button__hover-bg\"><\/div>\n<div class=\"ds-icon\"><\/div>\n<\/div>\n<div class=\"ds-icon-button db183363 ds-icon-button--disabled\" role=\"button\">\n<div class=\"ds-icon\"><\/div>\n<\/div>\n<div class=\"ds-icon-button db183363\" role=\"button\">\n<div class=\"ds-icon-button__hover-bg\"><\/div>\n<div class=\"ds-icon\"><\/div>\n<\/div>\n<div class=\"ds-icon-button db183363\" role=\"button\">\n<div class=\"ds-icon-button__hover-bg\"><\/div>\n<div class=\"ds-icon\"><\/div>\n<\/div>\n<div class=\"ds-icon-button db183363\" role=\"button\">\n<div class=\"ds-icon-button__hover-bg\"><\/div>\n<div class=\"ds-icon\"><\/div>\n<\/div>\n<\/div>\n<div><\/div>\n<\/div>\n<\/div>\n<div class=\"_9663006\" data-um-id=\"41\">\n<div class=\"d29f3d7d ds-message _63c77b1\"><\/div>\n<\/div>","protected":false},"featured_media":160072,"template":"","meta":{"_acf_changed":false},"product_brand":[],"product_cat":[4956],"product_tag":[],"class_list":{"0":"post-160073","1":"product","2":"type-product","3":"status-publish","4":"has-post-thumbnail","6":"product_cat-ovrigt-fran-axis","7":"pa_brands-axis","8":"pa_farg-vit","9":"tm-no-options","11":"first","12":"instock","13":"sale","14":"taxable","15":"shipping-taxable","16":"purchasable","17":"product-type-simple"},"acf":[],"_links":{"self":[{"href":"https:\/\/secureus.se\/fi\/wp-json\/wp\/v2\/product\/160073","targetHints":{"allow":["GET"]}}],"collection":[{"href":"https:\/\/secureus.se\/fi\/wp-json\/wp\/v2\/product"}],"about":[{"href":"https:\/\/secureus.se\/fi\/wp-json\/wp\/v2\/types\/product"}],"wp:featuredmedia":[{"embeddable":true,"href":"https:\/\/secureus.se\/fi\/wp-json\/wp\/v2\/media\/160072"}],"wp:attachment":[{"href":"https:\/\/secureus.se\/fi\/wp-json\/wp\/v2\/media?parent=160073"}],"wp:term":[{"taxonomy":"product_brand","embeddable":true,"href":"https:\/\/secureus.se\/fi\/wp-json\/wp\/v2\/product_brand?post=160073"},{"taxonomy":"product_cat","embeddable":true,"href":"https:\/\/secureus.se\/fi\/wp-json\/wp\/v2\/product_cat?post=160073"},{"taxonomy":"product_tag","embeddable":true,"href":"https:\/\/secureus.se\/fi\/wp-json\/wp\/v2\/product_tag?post=160073"}],"curies":[{"name":"wp","href":"https:\/\/api.w.org\/{rel}","templated":true}]}}