{"id":160078,"date":"2025-11-21T11:12:28","date_gmt":"2025-11-21T10:12:28","guid":{"rendered":"https:\/\/secureus.se\/?post_type=product&#038;p=160078"},"modified":"2026-04-23T13:10:42","modified_gmt":"2026-04-23T11:10:42","slug":"axis-m3086-v-4mp-mini-dome-kamera-med-deep-learning-inomhus","status":"publish","type":"product","link":"https:\/\/secureus.se\/fi\/axis-m3086-v-4mp-mini-dome-kamera-med-deep-learning-inomhus\/","title":{"rendered":"AXIS M3086-V 4 megapikselin sis\u00e4inen minikuppikamera, jossa on syv\u00e4oppiminen"},"content":{"rendered":"<h1>AXIS M3086-V 4 megapikselin sis\u00e4inen minikuppikamera, jossa on syv\u00e4oppiminen<\/h1>\n<p class=\"ds-markdown-paragraph\"><strong>Tuotekatsaus<\/strong><\/p>\n<p class=\"ds-markdown-paragraph\">Axis M3086-V on kustannustehokas 4 megapikselin minikupukamera, jossa on edistynyt syv\u00e4oppimisteknologia \u00e4lyk\u00e4st\u00e4 videoanalytiikkaa varten.<\/p>\n<p class=\"ds-markdown-paragraph\">Kompaktin ja ilkivallan kest\u00e4v\u00e4n rakenteensa ansiosta kamera sopii erinomaisesti sis\u00e4asennuksiin, joissa tarvitaan huomaamatonta valvontaa ja edistynytt\u00e4 analytiikkaa.<\/p>\n<p class=\"ds-markdown-paragraph\"><strong>Edistynyt kuvanlaatu ja suorituskyky<\/strong><br \/>\nKamera tarjoaa poikkeuksellisen kuvanlaadun 4 megapikselin resoluutiolla ja 130 asteen laajakulmalla.<\/p>\n<p class=\"ds-markdown-paragraph\">Axis Lightfinder -teknologian ansiosta se tuottaa ter\u00e4vi\u00e4 v\u00e4rikuvia my\u00f6s h\u00e4m\u00e4r\u00e4ss\u00e4, ja laaja dynaaminen alue (WDR) varmistaa optimaalisen kuvanlaadun voimakkaissa valokontrasteissa.<\/p>\n<p class=\"ds-markdown-paragraph\">Kamera on tehdasasennettu, eik\u00e4 sit\u00e4 tarvitse s\u00e4\u00e4t\u00e4\u00e4 manuaalisesti.<\/p>\n<p class=\"ds-markdown-paragraph\"><strong>\u00c4lyk\u00e4s analyysi syv\u00e4oppimisen avulla<\/strong><br \/>\nKameran erillinen syv\u00e4oppimisprosessointiyksikk\u00f6 mahdollistaa edistyneen teko\u00e4lyanalyysin suoraan kamerassa.<\/p>\n<p class=\"ds-markdown-paragraph\">AXIS Object Analytics on esiasennettu ja pystyy tunnistamaan ja luokittelemaan ihmisi\u00e4, ajoneuvoja ja ajoneuvotyyppej\u00e4 reaaliajassa.<\/p>\n<p class=\"ds-markdown-paragraph\">Kamera tukee my\u00f6s AXIS Audio Analyticsia (mikrofoniversiossa) \u00e4\u00e4nen havaitsemista ja luokittelua varten.<\/p>\n<p class=\"ds-markdown-paragraph\"><strong>Vankka ja turvallinen rakenne<\/strong><br \/>\nKameran p\u00f6ly- ja tippuvan veden suojausluokka on IP42 ja ilkivaltasuojausluokka IK08, joten se sopii vaativiin ymp\u00e4rist\u00f6ihin.<\/p>\n<p class=\"ds-markdown-paragraph\">Kompakti muotoilu ja bajonettikiinnitys tekev\u00e4t asennuksesta nopeaa ja helppoa. Axis Edge Vault varmistaa kyberturvallisuuden laitteistopohjaisella salauksella ja suojauksella luvattomalta k\u00e4yt\u00f6lt\u00e4.<\/p>\n<p class=\"ds-markdown-paragraph\"><strong>Tekniset tiedot<\/strong><\/p>\n<ul>\n<li>\n<p class=\"ds-markdown-paragraph\">Kenno: 1\/2,7 tuuman RGB CMOS<\/p>\n<\/li>\n<li>\n<p class=\"ds-markdown-paragraph\">Objektiivi: 2,4 mm:n kiinte\u00e4 objektiivi, F2.1<\/p>\n<\/li>\n<li>\n<p class=\"ds-markdown-paragraph\">Valoherkkyys: 0,19 luksia v\u00e4rillisess\u00e4 valonhakulaitteella<\/p>\n<\/li>\n<li>\n<p class=\"ds-markdown-paragraph\">Videopakkaus: H.264, H.265, Motion JPEG<\/p>\n<\/li>\n<li>\n<p class=\"ds-markdown-paragraph\">Verkko: Power over Ethernet (PoE)<\/p>\n<\/li>\n<li>\n<p class=\"ds-markdown-paragraph\">Tallennustila: microSD-kortti ja NAS<\/p>\n<\/li>\n<li>\n<p class=\"ds-markdown-paragraph\">Sertifikaatit: CE, FCC, IP42, IK08<\/p>\n<\/li>\n<\/ul>\n<p class=\"ds-markdown-paragraph\"><strong>Analyysitoiminnot<\/strong><\/p>\n<ul>\n<li>\n<p class=\"ds-markdown-paragraph\">AXIS Object Analytics: Ihmisten ja ajoneuvojen tunnistus<\/p>\n<\/li>\n<li>\n<p class=\"ds-markdown-paragraph\">AXIS Audio Analytics: \u00c4\u00e4nen havaitseminen ja luokittelu<\/p>\n<\/li>\n<li>\n<p class=\"ds-markdown-paragraph\">AXIS-kohtauksen metatiedot: Edistynyt metatietojen poiminta<\/p>\n<\/li>\n<li>\n<p class=\"ds-markdown-paragraph\">AXIS Video Motion Detection: Liiketunnistus<\/p>\n<\/li>\n<li>\n<p class=\"ds-markdown-paragraph\">Tuki ACAP-sovelluksille<\/p>\n<\/li>\n<\/ul>\n<p class=\"ds-markdown-paragraph\">Axis M3086-V yhdist\u00e4\u00e4 edistyneen kuvantamisteknologian \u00e4lykk\u00e4\u00e4seen analytiikkaan luoden t\u00e4ydellisen valvontaratkaisun nykyaikaisiin sis\u00e4ymp\u00e4rist\u00f6ihin.<\/p>\n<p class=\"ds-markdown-paragraph\">Kompaktin rakenteensa ja laajojen analyysiominaisuuksiensa ansiosta kamera tarjoaa sek\u00e4 ennaltaehk\u00e4isev\u00e4\u00e4 turvallisuutta ett\u00e4 tehokasta ruumiinavausta.<\/p>\n<div class=\"sc-bczRLJ gTFQwC\">\n<div class=\"sc-bczRLJ fySwpa\">\n<div class=\"sc-bczRLJ kEeNDb\"><\/div>\n<\/div>\n<\/div>","protected":false},"excerpt":{"rendered":"<p>Kompakti sis\u00e4kuvakupu, jossa on syv\u00e4oppiva analytiikka. 4MP, 130\u00b0 laajakulma, WDR ja Lightfinder hyv\u00e4\u00e4n kuvaan my\u00f6s h\u00e4m\u00e4r\u00e4ss\u00e4. Sis\u00e4\u00e4nrakennettu teko\u00e4ly henkil\u00f6iden ja ajoneuvojen tunnistusta varten.<\/p>\n<p>Ilkivallankest\u00e4v\u00e4 (IK08), helppo asennus PoE:n avulla. Ihanteellinen \u00e4lykk\u00e4\u00e4seen valvontaan, jossa on kehittynyt analytiikka.<\/p>","protected":false},"featured_media":160074,"template":"","meta":{"_acf_changed":false},"product_brand":[],"product_cat":[4950],"product_tag":[],"class_list":{"0":"post-160078","1":"product","2":"type-product","3":"status-publish","4":"has-post-thumbnail","6":"product_cat-axis-domekameror","7":"pa_brands-axis","8":"pa_farg-vit","9":"tm-no-options","11":"first","12":"instock","13":"sale","14":"taxable","15":"shipping-taxable","16":"purchasable","17":"product-type-simple"},"acf":[],"_links":{"self":[{"href":"https:\/\/secureus.se\/fi\/wp-json\/wp\/v2\/product\/160078","targetHints":{"allow":["GET"]}}],"collection":[{"href":"https:\/\/secureus.se\/fi\/wp-json\/wp\/v2\/product"}],"about":[{"href":"https:\/\/secureus.se\/fi\/wp-json\/wp\/v2\/types\/product"}],"wp:featuredmedia":[{"embeddable":true,"href":"https:\/\/secureus.se\/fi\/wp-json\/wp\/v2\/media\/160074"}],"wp:attachment":[{"href":"https:\/\/secureus.se\/fi\/wp-json\/wp\/v2\/media?parent=160078"}],"wp:term":[{"taxonomy":"product_brand","embeddable":true,"href":"https:\/\/secureus.se\/fi\/wp-json\/wp\/v2\/product_brand?post=160078"},{"taxonomy":"product_cat","embeddable":true,"href":"https:\/\/secureus.se\/fi\/wp-json\/wp\/v2\/product_cat?post=160078"},{"taxonomy":"product_tag","embeddable":true,"href":"https:\/\/secureus.se\/fi\/wp-json\/wp\/v2\/product_tag?post=160078"}],"curies":[{"name":"wp","href":"https:\/\/api.w.org\/{rel}","templated":true}]}}