{"id":160091,"date":"2025-11-21T11:12:28","date_gmt":"2025-11-21T10:12:28","guid":{"rendered":"https:\/\/secureus.se\/?post_type=product&#038;p=160091"},"modified":"2026-04-09T11:22:24","modified_gmt":"2026-04-09T09:22:24","slug":"axis-m4216-v-m42-serien-4mp-zipstream-ip-dome-kamera-3-6-mm-varifokalt-objektiv-ip42-vit","status":"publish","type":"product","link":"https:\/\/secureus.se\/fi\/axis-m4216-v-m42-serien-4mp-zipstream-ip-dome-kamera-3-6-mm-varifokalt-objektiv-ip42-vit\/","title":{"rendered":"AXIS M4216-V M42 -sarjan 4MP Zipstream IP -kupukamera, 3-6 mm:n varifokaalisella objektiivilla, IP42, valkoinen"},"content":{"rendered":"<h1>AXIS M4216-V M42 -sarjan 4MP Zipstream IP -kupukamera, 3-6 mm:n varifokaalisella objektiivilla, IP42, valkoinen<\/h1>\n<div class=\"dad65929\">\n<div class=\"_4f9bf79 d7dc56a8 _43c05b5\">\n<div class=\"ds-message _63c77b1\">\n<div class=\"ds-markdown\">\n<p class=\"ds-markdown-paragraph\"><strong>Tuotekatsaus<\/strong><\/p>\n<p class=\"ds-markdown-paragraph\">Axis M4216-V on edistynyt 4 megapikselin domekamera, joka yhdist\u00e4\u00e4 poikkeuksellisen kuvanlaadun \u00e4lykk\u00e4\u00e4seen analytiikkaan ammattimaista sis\u00e4valvontaa varten.<\/p>\n<p class=\"ds-markdown-paragraph\">Muuttuvan 3\u20136 mm:n objektiivin sek\u00e4 et\u00e4zoomauksen ja -tarkennuksen ansiosta kamera tarjoaa erinomaisen joustavuuden asennuksessa ja mukauttamisessa erilaisiin valvontatarpeisiin.<\/p>\n<p class=\"ds-markdown-paragraph\"><strong>Edistynyt kuvantamistekniikka ja joustava linssi<\/strong><br \/>\nKamerassa on 3\u20136 mm:n varifokalinen objektiivi, jonka avulla sek\u00e4 zoomausta ett\u00e4 tarkennusta voidaan s\u00e4\u00e4t\u00e4\u00e4 et\u00e4n\u00e4, mik\u00e4 yksinkertaistaa asennusta huomattavasti.<\/p>\n<p class=\"ds-markdown-paragraph\">4 megapikselin kennon ja Axis Lightfinder -teknologian ansiosta se tuottaa ter\u00e4vi\u00e4 v\u00e4rikuvia my\u00f6s h\u00e4m\u00e4r\u00e4ss\u00e4, ja laaja dynaaminen alue (WDR) varmistaa optimaalisen kuvanlaadun voimakkaissa valokontrasteissa.<\/p>\n<p class=\"ds-markdown-paragraph\"><strong>\u00c4lyk\u00e4s analyysi syv\u00e4oppimisen avulla<\/strong><br \/>\nKameran erillinen syv\u00e4oppimisprosessointiyksikk\u00f6 (DLPU) mahdollistaa edistyneen teko\u00e4lyanalyysin suoraan kamerassa.<\/p>\n<p class=\"ds-markdown-paragraph\">AXIS Object Analytics on esiasennettu ja pystyy tunnistamaan ja luokittelemaan ihmisi\u00e4, ajoneuvoja ja ajoneuvotyyppej\u00e4 reaaliajassa.<\/p>\n<p class=\"ds-markdown-paragraph\">Kamera tukee my\u00f6s AXIS Scene Metadataa edistynytt\u00e4 metatietojen poimintaa varten ja AXIS Face Detectoria kasvojentunnistusta varten.<\/p>\n<p class=\"ds-markdown-paragraph\"><strong>Joustavat suunnittelu- ja liit\u00e4nt\u00e4vaihtoehdot<\/strong><br \/>\nKameran kompakti ja huomaamaton muotoilu tekee siit\u00e4 sopivan monenlaisiin sis\u00e4ymp\u00e4rist\u00f6ihin.<\/p>\n<p class=\"ds-markdown-paragraph\">HDMI-ulostulon ansiosta video voidaan helposti n\u00e4ytt\u00e4\u00e4 paikallisilla n\u00e4yt\u00f6ill\u00e4, mik\u00e4 on ihanteellista myym\u00e4l\u00f6ihin, vastaanottoihin ja julkisiin tiloihin.<\/p>\n<p class=\"ds-markdown-paragraph\">Kamera tukee my\u00f6s \u00e4\u00e4nt\u00e4 Axis T61 -sarjan lis\u00e4varusteiden kautta t\u00e4ydellisi\u00e4 ratkaisuja varten.<\/p>\n<p class=\"ds-markdown-paragraph\"><strong>Tekniset tiedot<\/strong><\/p>\n<ul>\n<li>\n<p class=\"ds-markdown-paragraph\">Kenno: 1\/2,7 tuuman RGB CMOS, 4 MP<\/p>\n<\/li>\n<li>\n<p class=\"ds-markdown-paragraph\">Objektiivi: 3\u20136 mm:n moniteholinssi, F1.9\u20132.7<\/p>\n<\/li>\n<li>\n<p class=\"ds-markdown-paragraph\">N\u00e4k\u00f6kentt\u00e4: 100\u00b0\u201345\u00b0 vaakasuunnassa, 72\u00b0\u201334\u00b0 pystysuunnassa<\/p>\n<\/li>\n<li>\n<p class=\"ds-markdown-paragraph\">Videopakkaus: H.264, H.265, Motion JPEG<\/p>\n<\/li>\n<li>\n<p class=\"ds-markdown-paragraph\">Kuvataajuus: Jopa 30 kuvaa sekunnissa<\/p>\n<\/li>\n<li>\n<p class=\"ds-markdown-paragraph\">\u00c4\u00e4ni: Tuki Axis T61 -sarjan kautta<\/p>\n<\/li>\n<li>\n<p class=\"ds-markdown-paragraph\">Verkko: Power over Ethernet (PoE)<\/p>\n<\/li>\n<li>\n<p class=\"ds-markdown-paragraph\">Tallennustila: microSD-kortti ja NAS<\/p>\n<\/li>\n<li>\n<p class=\"ds-markdown-paragraph\">Sertifikaatit: IP42, IK08<\/p>\n<\/li>\n<\/ul>\n<p class=\"ds-markdown-paragraph\"><strong>Analyysitoiminnot<\/strong><\/p>\n<ul>\n<li>\n<p class=\"ds-markdown-paragraph\">AXIS Object Analytics: Ihmisten ja ajoneuvojen tunnistaminen<\/p>\n<\/li>\n<li>\n<p class=\"ds-markdown-paragraph\">AXIS-kohtauksen metatiedot: Metadatan poiminta<\/p>\n<\/li>\n<li>\n<p class=\"ds-markdown-paragraph\">AXIS-kasvojentunnistin: Kasvojentunnistus<\/p>\n<\/li>\n<li>\n<p class=\"ds-markdown-paragraph\">AXIS Video Motion Detection: Liiketunnistus<\/p>\n<\/li>\n<li>\n<p class=\"ds-markdown-paragraph\">AXIS Live Privacy Shield: Yksityisyyden suoja<\/p>\n<\/li>\n<li>\n<p class=\"ds-markdown-paragraph\">Tuki ACAP-sovelluksille<\/p>\n<\/li>\n<\/ul>\n<p class=\"ds-markdown-paragraph\"><strong>Tietoturva ja integrointi<\/strong><br \/>\nAxis Edge Vault varmistaa laitteistopohjaisen kyberturvallisuuden suojatulla k\u00e4ynnistyksell\u00e4, salatulla tallennuksella ja allekirjoitetuilla videostriimeill\u00e4.<\/p>\n<p class=\"ds-markdown-paragraph\">Kamera on ONVIF-yhteensopiva ja integroituu saumattomasti johtaviin VMS-j\u00e4rjestelmiin, kuten AXIS Camera Stationiin.<\/p>\n<p class=\"ds-markdown-paragraph\">Axis M4216-V yhdist\u00e4\u00e4 edistyneen kuvantamisteknologian \u00e4lykk\u00e4\u00e4seen analytiikkaan luoden monipuolisen valvontaratkaisun nykyaikaisiin sis\u00e4ymp\u00e4rist\u00f6ihin.<\/p>\n<p class=\"ds-markdown-paragraph\">Joustavan linssiratkaisunsa ja laajojen analyysiominaisuuksiensa ansiosta kamera tarjoaa sek\u00e4 mukautuvuutta ett\u00e4 edistyneit\u00e4 toimintoja ammattimaisiin valvontatarpeisiin.<\/p>\n<\/div>\n<\/div>\n<\/div>\n<\/div>","protected":false},"excerpt":{"rendered":"<p>Kompakti sis\u00e4kupolikamera, jossa on 3\u20136 mm:n varifokaalobjektiivi ja et\u00e4zoom\/tarkennus. 4 megapikselin kenno, jossa on WDR ja Lightfinder, laadukkaita kuvia kaikissa valaistusolosuhteissa.<\/p>\n<p>Sis\u00e4\u00e4nrakennettu teko\u00e4lyprosessori syv\u00e4oppimiseen ja henkil\u00f6iden ja ajoneuvojen tunnistukseen.<\/p>\n<p>HDMI-l\u00e4ht\u00f6 paikalliseen kuvann\u00e4ytt\u00f6\u00f6n, IP42\/IK08-suojausluokka. T\u00e4ydellinen kauppoihin, toimistoihin ja julkisiin tiloihin.<\/p>","protected":false},"featured_media":160089,"template":"","meta":{"_acf_changed":false},"product_brand":[],"product_cat":[4950],"product_tag":[],"class_list":{"0":"post-160091","1":"product","2":"type-product","3":"status-publish","4":"has-post-thumbnail","6":"product_cat-axis-domekameror","7":"pa_brands-axis","8":"pa_farg-vit","9":"tm-no-options","11":"first","12":"instock","13":"sale","14":"taxable","15":"shipping-taxable","16":"purchasable","17":"product-type-simple"},"acf":[],"_links":{"self":[{"href":"https:\/\/secureus.se\/fi\/wp-json\/wp\/v2\/product\/160091","targetHints":{"allow":["GET"]}}],"collection":[{"href":"https:\/\/secureus.se\/fi\/wp-json\/wp\/v2\/product"}],"about":[{"href":"https:\/\/secureus.se\/fi\/wp-json\/wp\/v2\/types\/product"}],"wp:featuredmedia":[{"embeddable":true,"href":"https:\/\/secureus.se\/fi\/wp-json\/wp\/v2\/media\/160089"}],"wp:attachment":[{"href":"https:\/\/secureus.se\/fi\/wp-json\/wp\/v2\/media?parent=160091"}],"wp:term":[{"taxonomy":"product_brand","embeddable":true,"href":"https:\/\/secureus.se\/fi\/wp-json\/wp\/v2\/product_brand?post=160091"},{"taxonomy":"product_cat","embeddable":true,"href":"https:\/\/secureus.se\/fi\/wp-json\/wp\/v2\/product_cat?post=160091"},{"taxonomy":"product_tag","embeddable":true,"href":"https:\/\/secureus.se\/fi\/wp-json\/wp\/v2\/product_tag?post=160091"}],"curies":[{"name":"wp","href":"https:\/\/api.w.org\/{rel}","templated":true}]}}