{"id":160102,"date":"2025-11-21T11:12:28","date_gmt":"2025-11-21T10:12:28","guid":{"rendered":"https:\/\/secureus.se\/?post_type=product&#038;p=160102"},"modified":"2026-04-01T12:16:08","modified_gmt":"2026-04-01T10:16:08","slug":"axis-m3086-v-m30-serien-4mp-vandalskyddad-ip-minidomkamera-med-zipstream-24-mm-fast-objektiv-ip42","status":"publish","type":"product","link":"https:\/\/secureus.se\/fi\/axis-m3086-v-m30-serien-4mp-vandalskyddad-ip-minidomkamera-med-zipstream-24-mm-fast-objektiv-ip42\/","title":{"rendered":"AXIS M3086-V M30-sarja, 4 megapikselin vandaalinkest\u00e4v\u00e4 IP-minikuppikamera zipstreamill\u00e4, 2,4 mm:n kiinte\u00e4 objektiivi, IP42-luokka"},"content":{"rendered":"<h1>AXIS M3086-V M30-sarja, 4 megapikselin vandaalinkest\u00e4v\u00e4 IP-minikuppikamera zipstreamill\u00e4, 2,4 mm:n kiinte\u00e4 objektiivi, IP42-luokka<\/h1>\n<div class=\"dad65929\">\n<div class=\"_4f9bf79 d7dc56a8 _43c05b5\">\n<div class=\"ds-message _63c77b1\">\n<div class=\"ds-markdown\">\n<p class=\"ds-markdown-paragraph\"><strong>Tuotekatsaus<\/strong><\/p>\n<p class=\"ds-markdown-paragraph\">Axis M3086-V on kustannustehokas 4 megapikselin minikupukamera, joka yhdist\u00e4\u00e4 edistyneen kuvantamistekniikan \u00e4lykk\u00e4\u00e4seen teko\u00e4lyanalyysiin ammattimaista sis\u00e4valvontaa varten.<\/p>\n<p class=\"ds-markdown-paragraph\">Kompaktin ja ilkivallan kest\u00e4v\u00e4n rakenteensa ansiosta kamera sopii erinomaisesti kauppoihin, toimistoihin ja julkisiin tiloihin, joissa tarvitaan huomaamatonta ja luotettavaa valvontaa.<\/p>\n<p class=\"ds-markdown-paragraph\"><strong>Erinomainen kuvanlaatu kaikissa valaistusolosuhteissa<\/strong><br \/>\nKamerassa on 4 megapikselin resoluutio ja 130 asteen laajakulma, joka tarjoaa laajan kuvausalueen ilman katvealueita.<\/p>\n<p class=\"ds-markdown-paragraph\">Axis Lightfinder -teknologian ansiosta se tuottaa ter\u00e4vi\u00e4 v\u00e4rikuvia my\u00f6s h\u00e4m\u00e4r\u00e4ss\u00e4, ja laaja dynaaminen alue (WDR) varmistaa optimaalisen kuvanlaadun voimakkaissa valokontrasteissa. Kamera toimitetaan tehtaalla valmiiksi s\u00e4\u00e4dettyn\u00e4, eik\u00e4 se vaadi manuaalisia s\u00e4\u00e4t\u00f6j\u00e4.<\/p>\n<p class=\"ds-markdown-paragraph\"><strong>\u00c4lyk\u00e4s analyysi syv\u00e4oppimisen avulla<\/strong><br \/>\nKameran erillinen syv\u00e4oppimisprosessointiyksikk\u00f6 mahdollistaa edistyneen teko\u00e4lyanalyysin suoraan kamerassa.<\/p>\n<p class=\"ds-markdown-paragraph\">AXIS Object Analytics on esiasennettu ja pystyy tunnistamaan ja luokittelemaan ihmisi\u00e4, ajoneuvoja ja ajoneuvotyyppej\u00e4 reaaliajassa.<\/p>\n<p class=\"ds-markdown-paragraph\">Kamera tukee my\u00f6s AXIS Audio Analyticsia (mikrofoniversiossa) \u00e4\u00e4nen havaitsemista ja luokittelua varten.<\/p>\n<p class=\"ds-markdown-paragraph\"><strong>Vankka ja turvallinen rakenne<\/strong><br \/>\nKameran p\u00f6ly- ja tippuvan veden suojausluokka on IP42 ja ilkivaltasuojausluokka IK08, joten se sopii vaativiin ymp\u00e4rist\u00f6ihin.<\/p>\n<p class=\"ds-markdown-paragraph\">Kompakti muotoilu ja bajonettikiinnitys tekev\u00e4t asennuksesta nopeaa ja helppoa. Axis Edge Vault varmistaa kyberturvallisuuden laitteistopohjaisella salauksella ja suojauksella luvattomalta k\u00e4yt\u00f6lt\u00e4.<\/p>\n<p class=\"ds-markdown-paragraph\"><strong>Tekniset tiedot<\/strong><\/p>\n<ul>\n<li>\n<p class=\"ds-markdown-paragraph\">Kenno: 1\/2,7 tuuman RGB CMOS, 4 MP<\/p>\n<\/li>\n<li>\n<p class=\"ds-markdown-paragraph\">Objektiivi: 2,4 mm:n kiinte\u00e4 objektiivi, F2.1<\/p>\n<\/li>\n<li>\n<p class=\"ds-markdown-paragraph\">N\u00e4k\u00f6kentt\u00e4: 130\u00b0 vaakasuunnassa, 93\u00b0 pystysuunnassa<\/p>\n<\/li>\n<li>\n<p class=\"ds-markdown-paragraph\">Valoherkkyys: 0,19 luksia v\u00e4rillisess\u00e4 valonhakulaitteella<\/p>\n<\/li>\n<li>\n<p class=\"ds-markdown-paragraph\">Videopakkaus: H.264, H.265, Motion JPEG<\/p>\n<\/li>\n<li>\n<p class=\"ds-markdown-paragraph\">Kuvataajuus: 25\/30 kuvaa\/sekunti<\/p>\n<\/li>\n<li>\n<p class=\"ds-markdown-paragraph\">Verkko: Power over Ethernet (PoE)<\/p>\n<\/li>\n<li>\n<p class=\"ds-markdown-paragraph\">Tallennustila: microSD-kortti ja NAS<\/p>\n<\/li>\n<li>\n<p class=\"ds-markdown-paragraph\">Virrankulutus: Tyypillinen 3,6 W<\/p>\n<\/li>\n<li>\n<p class=\"ds-markdown-paragraph\">Sertifikaatit: IP42, IK08<\/p>\n<\/li>\n<\/ul>\n<p class=\"ds-markdown-paragraph\"><strong>Analyysitoiminnot<\/strong><\/p>\n<ul>\n<li>\n<p class=\"ds-markdown-paragraph\">AXIS Object Analytics: Ihmisten ja ajoneuvojen tunnistaminen<\/p>\n<\/li>\n<li>\n<p class=\"ds-markdown-paragraph\">AXIS-kohtauksen metatiedot: Edistynyt metatietojen poiminta<\/p>\n<\/li>\n<li>\n<p class=\"ds-markdown-paragraph\">AXIS Audio Analytics: \u00c4\u00e4nen tunnistus ja luokittelu (mikrofoniversio)<\/p>\n<\/li>\n<li>\n<p class=\"ds-markdown-paragraph\">AXIS Video Motion Detection: Liiketunnistus<\/p>\n<\/li>\n<li>\n<p class=\"ds-markdown-paragraph\">AXIS Live Privacy Shield: Yksityisyyden suoja<\/p>\n<\/li>\n<li>\n<p class=\"ds-markdown-paragraph\">Tuki ACAP-sovelluksille<\/p>\n<\/li>\n<\/ul>\n<p class=\"ds-markdown-paragraph\"><strong>Kokoonpano ja lis\u00e4varusteet<\/strong><br \/>\nKameran kompakti muotoilu ja bajonettikiinnitys mahdollistavat nopean ja helpon asennuksen.<\/p>\n<p class=\"ds-markdown-paragraph\">Se tarjoaa laajan valikoiman kiinnitystarvikkeita joustavaa sijoittelua varten, ja sit\u00e4 voidaan t\u00e4ydent\u00e4\u00e4 \u00e4\u00e4ni- ja I\/O-lis\u00e4varusteilla toiminnallisuuden laajentamiseksi.<\/p>\n<p class=\"ds-markdown-paragraph\">Axis M3086-V yhdist\u00e4\u00e4 edistyneen kuvantamisteknologian \u00e4lykk\u00e4\u00e4seen analytiikkaan luoden kustannustehokkaan valvontaratkaisun nykyaikaisiin sis\u00e4ymp\u00e4rist\u00f6ihin.<\/p>\n<p class=\"ds-markdown-paragraph\">Vandalismin kest\u00e4v\u00e4n rakenteensa ja laajojen analyysiominaisuuksiensa ansiosta kamera tarjoaa sek\u00e4 luotettavuutta ett\u00e4 edistyneit\u00e4 toimintoja ammattimaisiin valvontatarpeisiin.<\/p>\n<\/div>\n<\/div>\n<div class=\"ds-theme\"><\/div>\n<\/div>\n<\/div>","protected":false},"excerpt":{"rendered":"<p>Kustannustehokas 4 megapikselin ja 130\u00b0 laajakulmalla varustettu sis\u00e4tilakupu. WDR ja Lightfinder hyv\u00e4\u00e4n kuvaan kaikissa valaistusolosuhteissa.<\/p>\n<p>Teko\u00e4lyanalyysi henkil\u00f6iden ja ajoneuvojen havaitsemista varten. Ilkivallan kest\u00e4v\u00e4 (IK08), helppo asennus PoE:n avulla.<\/p>\n<p>Ihanteellinen myym\u00e4l\u00f6ihin ja toimistoihin.<\/p>","protected":false},"featured_media":160098,"template":"","meta":{"_acf_changed":false},"product_brand":[],"product_cat":[4950],"product_tag":[],"class_list":{"0":"post-160102","1":"product","2":"type-product","3":"status-publish","4":"has-post-thumbnail","6":"product_cat-axis-domekameror","7":"pa_brands-axis","8":"pa_farg-vit","9":"tm-no-options","11":"first","12":"onbackorder","13":"sale","14":"taxable","15":"shipping-taxable","16":"purchasable","17":"product-type-simple"},"acf":[],"_links":{"self":[{"href":"https:\/\/secureus.se\/fi\/wp-json\/wp\/v2\/product\/160102","targetHints":{"allow":["GET"]}}],"collection":[{"href":"https:\/\/secureus.se\/fi\/wp-json\/wp\/v2\/product"}],"about":[{"href":"https:\/\/secureus.se\/fi\/wp-json\/wp\/v2\/types\/product"}],"wp:featuredmedia":[{"embeddable":true,"href":"https:\/\/secureus.se\/fi\/wp-json\/wp\/v2\/media\/160098"}],"wp:attachment":[{"href":"https:\/\/secureus.se\/fi\/wp-json\/wp\/v2\/media?parent=160102"}],"wp:term":[{"taxonomy":"product_brand","embeddable":true,"href":"https:\/\/secureus.se\/fi\/wp-json\/wp\/v2\/product_brand?post=160102"},{"taxonomy":"product_cat","embeddable":true,"href":"https:\/\/secureus.se\/fi\/wp-json\/wp\/v2\/product_cat?post=160102"},{"taxonomy":"product_tag","embeddable":true,"href":"https:\/\/secureus.se\/fi\/wp-json\/wp\/v2\/product_tag?post=160102"}],"curies":[{"name":"wp","href":"https:\/\/api.w.org\/{rel}","templated":true}]}}