{"id":160105,"date":"2025-11-21T11:12:28","date_gmt":"2025-11-21T10:12:28","guid":{"rendered":"https:\/\/secureus.se\/?post_type=product&#038;p=160105"},"modified":"2026-04-01T12:18:51","modified_gmt":"2026-04-01T10:18:51","slug":"axis-m3216-lve-m32-serien-4mp-zipstream-ip-dome-kamera-29-mm-fast-objektiv-ir-30m-ip66-vit","status":"publish","type":"product","link":"https:\/\/secureus.se\/fi\/axis-m3216-lve-m32-serien-4mp-zipstream-ip-dome-kamera-29-mm-fast-objektiv-ir-30m-ip66-vit\/","title":{"rendered":"AXIS M3216-LVE M32-sarja, 4MP Zipstream IP-kuppikamera, 2.9mm kiinte\u00e4 objektiivi, IR 30M, IP66, valkoinen v\u00e4ri"},"content":{"rendered":"<h1>AXIS M3216-LVE M32-sarja, 4MP Zipstream IP-kuppikamera, 2.9mm kiinte\u00e4 objektiivi, IR 30M, IP66, valkoinen v\u00e4ri<\/h1>\n<h3>Tuotekatsaus<\/h3>\n<p class=\"ds-markdown-paragraph\">AXIS M3216-LVE \u00e4r en kostnadseffektiv 4MP n\u00e4tverkskamera i dome-utf\u00f6rande. Den \u00e4r byggd f\u00f6r att leverera utm\u00e4rkt bildkvalitet under alla ljusf\u00f6rh\u00e5llanden och har inbyggd intelligens f\u00f6r avancerad analys direkt i kameran (&#8220;p\u00e5 kanten&#8221;).<\/p>\n<h3>T\u00e4rkeimm\u00e4t ominaisuudet<\/h3>\n<ul>\n<li>\n<p class=\"ds-markdown-paragraph\"><strong>Erinomainen 4MP:n kuvanlaatu:<\/strong>\u00a0Ter\u00e4v\u00e4 kuva korkealla resoluutiolla.<\/p>\n<\/li>\n<li>\n<p class=\"ds-markdown-paragraph\"><strong>Edistynyt kuvantamistekniikka:<\/strong><\/p>\n<ul>\n<li>\n<p class=\"ds-markdown-paragraph\"><strong>Valonetsin:<\/strong>\u00a0Mahdollistaa hyv\u00e4t v\u00e4rikuvat my\u00f6s h\u00e4m\u00e4r\u00e4ss\u00e4.<\/p>\n<\/li>\n<li>\n<p class=\"ds-markdown-paragraph\"><strong>Oikeusl\u00e4\u00e4ketieteellinen WDR:<\/strong>\u00a0K\u00e4sittelee mustat varjot ja kirkkaat alueet hyvin (jopa 120 dB).<\/p>\n<\/li>\n<li>\n<p class=\"ds-markdown-paragraph\"><strong>Optimoitu IR:<\/strong>\u00a0Tehokas infrapunavalaistus, jonka kantama on 30 metri\u00e4.<\/p>\n<\/li>\n<\/ul>\n<\/li>\n<li>\n<p class=\"ds-markdown-paragraph\"><strong>Syv\u00e4oppimisen analyysi:<\/strong>\u00a0Osaa tunnistaa ja luokitella\u00a0<strong>ihmiset ja ajoneuvot<\/strong>\u00a0(autot, linja-autot, kuorma-autot, polkupy\u00f6r\u00e4t). Tukee skenaarioita, kuten rajan ylitt\u00e4mist\u00e4, alueelle saapumista ja laskentaa.<\/p>\n<\/li>\n<li>\n<p class=\"ds-markdown-paragraph\"><strong>\u00c4\u00e4ni- ja I\/O-liit\u00e4nn\u00e4t:<\/strong>\u00a0Mahdollistaa ulkoisen mikrofonin, kaiuttimien ja antureiden liitt\u00e4misen.<\/p>\n<\/li>\n<li>\n<p class=\"ds-markdown-paragraph\"><strong>Sis\u00e4\u00e4nrakennettu kyberturvallisuussuoja:<\/strong>\u00a0Kattavat turvaominaisuudet kameran ja verkon suojaamiseksi.<\/p>\n<\/li>\n<\/ul>\n<h3>Tekniset tiedot<\/h3>\n<div class=\"ds-scroll-area _1210dd7 c03cafe9\">\n<div class=\"ds-scroll-area__gutters\">\n<div class=\"ds-scroll-area__vertical-gutter\"><\/div>\n<\/div>\n<table>\n<thead>\n<tr>\n<th>Luokka<\/th>\n<th>Erittely<\/th>\n<\/tr>\n<\/thead>\n<tbody>\n<tr>\n<td><strong>Kuva-anturi<\/strong><\/td>\n<td>1\/2.7&#8243; RGB CMOS<\/td>\n<\/tr>\n<tr>\n<td><strong>Tavoite<\/strong><\/td>\n<td>2,9 mm:n kiinte\u00e4 objektiivi, F2.0. Vaakasuuntainen kuva-ala: 102\u00b0<\/td>\n<\/tr>\n<tr>\n<td><strong>24\/7-tila<\/strong><\/td>\n<td>Automaattinen IR-leikkaussuodatin<\/td>\n<\/tr>\n<tr>\n<td><strong>Minimivalaistus<\/strong><\/td>\n<td>V\u00e4ri: 10 luksia (WDR:ll\u00e4 ja Lightfinderilla). Mustavalkoinen: 0 luksia (infrapuna p\u00e4\u00e4ll\u00e4)<\/td>\n<\/tr>\n<tr>\n<td><strong>S\u00e4\u00e4t\u00f6alue<\/strong><\/td>\n<td>Panorointikulma: \u00b1190\u00b0, Kallistuskulma: -10\u00b0 - +80\u00b0, Kierto: \u00b1190\u00b0<\/td>\n<\/tr>\n<tr>\n<td><strong>Suoritin (SoC)<\/strong><\/td>\n<td>ARTPEC-8 syv\u00e4oppimisyksik\u00f6ll\u00e4 (DLPU)<\/td>\n<\/tr>\n<tr>\n<td><strong>Muisti<\/strong><\/td>\n<td>1 Gt RAM-muistia, 8 Gt flash-muistia<\/td>\n<\/tr>\n<tr>\n<td><strong>Videon pakkaus<\/strong><\/td>\n<td>H.264, H.265, Motion JPEG<\/td>\n<\/tr>\n<tr>\n<td><strong>Kuvataajuus<\/strong><\/td>\n<td>Jopa 30 kuvaa sekunnissa kaikilla resoluutioilla<\/td>\n<\/tr>\n<tr>\n<td><strong>\u00c4\u00e4nen pakkaus<\/strong><\/td>\n<td>AAC, G.711, G.726, Opus, LPCM<\/td>\n<\/tr>\n<tr>\n<td><strong>Verkkoprotokolla<\/strong><\/td>\n<td>IPv4\/IPv6, HTTP\/HTTPS, RTSP, ONVIF, SIP jne.<\/td>\n<\/tr>\n<tr>\n<td><strong>Virtal\u00e4hde<\/strong><\/td>\n<td>Power over Ethernet (PoE) \u2013 IEEE 802.3af\/at<\/td>\n<\/tr>\n<tr>\n<td><strong>K\u00e4ytt\u00f6l\u00e4mp\u00f6tila<\/strong><\/td>\n<td>-40 \u00b0C - 50 \u00b0C<\/td>\n<\/tr>\n<tr>\n<td><strong>Varastointi<\/strong><\/td>\n<td>Tuki microSD-korteille ja NAS-laitteille (verkkotallennustila)<\/td>\n<\/tr>\n<tr>\n<td><strong>Suojausluokka<\/strong><\/td>\n<td>IP66, IK10<\/td>\n<\/tr>\n<\/tbody>\n<\/table>\n<\/div>\n<h3>Mukana tulevat lis\u00e4varusteet<\/h3>\n<p class=\"ds-markdown-paragraph\">Asennusopas, reik\u00e4malli, RESISTORxe TR20 -k\u00e4rki, puristinliit\u00e4nt\u00e4, kaapelitiivisteet, kosketusliuska ja s\u00e4\u00e4suoja.<\/p>\n<h3>Valinnaiset lis\u00e4varusteet<\/h3>\n<ul>\n<li>\n<p class=\"ds-markdown-paragraph\">AXIS TP3822-E s\u00e4\u00e4suoja (musta)<\/p>\n<\/li>\n<li>\n<p class=\"ds-markdown-paragraph\">AXIS TP3821-E -suoja (musta)<\/p>\n<\/li>\n<li>\n<p class=\"ds-markdown-paragraph\">AXIS TM3815-E Kupoli (Savutettu)<\/p>\n<\/li>\n<li>\n<p class=\"ds-markdown-paragraph\">AXIS-valvontakortit (muistikortit)<\/p>\n<\/li>\n<\/ul>\n<h3>K\u00e4ytt\u00f6alueet<\/h3>\n<p class=\"ds-markdown-paragraph\">Kamera soveltuu kauppojen, toimistojen, koulujen, julkisen liikenteen ja teollisuusymp\u00e4rist\u00f6jen valvontaan, joissa \u00e4lyk\u00e4s analyysi ja korkea kuvanlaatu ovat t\u00e4rkeit\u00e4.<\/p>","protected":false},"excerpt":{"rendered":"<p>Kustannustehokas 4 megapikselin dome-kamera, jossa on edistyksellinen kuvantamistekniikka, joka takaa erinomaisen kuvanlaadun kaikissa valaistusolosuhteissa.<\/p>\n<p>Kamerassa on sis\u00e4\u00e4nrakennettu teko\u00e4lyanalyysi, jonka avulla ihmiset ja ajoneuvot voidaan tunnistaa suoraan kamerasta, sek\u00e4 \u00e4\u00e4ni- ja I\/O-liit\u00e4nn\u00e4t j\u00e4rjestelm\u00e4integraatiota varten.<\/p>\n<p>IP66\/I<\/p>","protected":false},"featured_media":160103,"template":"","meta":{"_acf_changed":false},"product_brand":[],"product_cat":[4950],"product_tag":[],"class_list":{"0":"post-160105","1":"product","2":"type-product","3":"status-publish","4":"has-post-thumbnail","6":"product_cat-axis-domekameror","7":"pa_brands-axis","8":"pa_farg-vit","9":"tm-no-options","11":"first","12":"instock","13":"sale","14":"taxable","15":"shipping-taxable","16":"purchasable","17":"product-type-simple"},"acf":[],"_links":{"self":[{"href":"https:\/\/secureus.se\/fi\/wp-json\/wp\/v2\/product\/160105","targetHints":{"allow":["GET"]}}],"collection":[{"href":"https:\/\/secureus.se\/fi\/wp-json\/wp\/v2\/product"}],"about":[{"href":"https:\/\/secureus.se\/fi\/wp-json\/wp\/v2\/types\/product"}],"wp:featuredmedia":[{"embeddable":true,"href":"https:\/\/secureus.se\/fi\/wp-json\/wp\/v2\/media\/160103"}],"wp:attachment":[{"href":"https:\/\/secureus.se\/fi\/wp-json\/wp\/v2\/media?parent=160105"}],"wp:term":[{"taxonomy":"product_brand","embeddable":true,"href":"https:\/\/secureus.se\/fi\/wp-json\/wp\/v2\/product_brand?post=160105"},{"taxonomy":"product_cat","embeddable":true,"href":"https:\/\/secureus.se\/fi\/wp-json\/wp\/v2\/product_cat?post=160105"},{"taxonomy":"product_tag","embeddable":true,"href":"https:\/\/secureus.se\/fi\/wp-json\/wp\/v2\/product_tag?post=160105"}],"curies":[{"name":"wp","href":"https:\/\/api.w.org\/{rel}","templated":true}]}}