{"id":160128,"date":"2025-11-21T11:12:29","date_gmt":"2025-11-21T10:12:29","guid":{"rendered":"https:\/\/secureus.se\/?post_type=product&#038;p=160128"},"modified":"2026-04-23T13:01:50","modified_gmt":"2026-04-23T11:01:50","slug":"axis-m3215-lve-m32-serien-2mp-zipstream-ip-dome-kamera-med-dlpu-28-mm-fast-objektiv-ir-30m-ip66-ersatter-m3205-lve","status":"publish","type":"product","link":"https:\/\/secureus.se\/fi\/axis-m3215-lve-m32-serien-2mp-zipstream-ip-dome-kamera-med-dlpu-28-mm-fast-objektiv-ir-30m-ip66-ersatter-m3205-lve\/","title":{"rendered":"AXIS M3215-LVE M32-sarja, 2MP Zipstream IP-kuppikamera DLPU:lla, 2,8 mm kiinte\u00e4 objektiivi, IR 30M, IP66 (korvaa M3205-LVE)"},"content":{"rendered":"<h1>AXIS M3215-LVE M32 -sarja, 2MP Zipstream IP -kupukamera DLPU:lla, 2,8 mm:n kiinte\u00e4 objektiivi, IR 30M, IP66<\/h1>\n<div class=\"dad65929\">\n<div class=\"_4f9bf79 d7dc56a8 _43c05b5\">\n<div class=\"ds-message _63c77b1\">\n<div class=\"ds-markdown\">\n<p class=\"ds-markdown-paragraph\">AXIS M3215-LVE on kustannustehokas 2 megapikselin domekamera, joka yhdist\u00e4\u00e4 luotettavan suorituskyvyn edistyneisiin ominaisuuksiin sek\u00e4 sis\u00e4- ett\u00e4 ulkovalvontaan.<\/p>\n<p class=\"ds-markdown-paragraph\">Kiinte\u00e4n 2,8 mm:n objektiivin ja 1\/2,9 tuuman RGB CMOS -kennon ansiosta kamera tuottaa ter\u00e4vi\u00e4 1080p-kuvia jopa 30 kuvan sekuntinopeudella.<\/p>\n<p class=\"ds-markdown-paragraph\">Kamera on varustettu Axisin luotettavalla kuvantamistekniikalla, johon kuuluvat poikkeuksellisen kuvanlaadun takaava Lightfinder h\u00e4m\u00e4r\u00e4ss\u00e4, Forensic WDR yksityiskohtaisten kuvien ottamiseen suurikontrastisissa kohtauksissa sek\u00e4 OptimizedIR jopa 30 metrin p\u00e4\u00e4h\u00e4n ulottuvalla infrapunavalaistuksella.<\/p>\n<p class=\"ds-markdown-paragraph\">T\u00e4m\u00e4 varmistaa luotettavan 24\/7-valvonnan valaistusolosuhteista riippumatta.<\/p>\n<p class=\"ds-markdown-paragraph\">ARTPEC-8-prosessoriin ja erilliseen syv\u00e4oppimisprosessointiyksikk\u00f6\u00f6n (DLPU) rakennettu kamera mahdollistaa edistyneen teko\u00e4lyanalyysin suoraan kamerassa.<\/p>\n<p class=\"ds-markdown-paragraph\">AXIS Object Analyticsin avulla se voi automaattisesti tunnistaa ja luokitella ihmisi\u00e4, ajoneuvoja ja erilaisia ajoneuvotyyppej\u00e4 ja tukee esimerkiksi linjan ylityksi\u00e4 ja aluevalvontaa.<\/p>\n<p class=\"ds-markdown-paragraph\">Vankan IP66- ja IK10-suojauksen ansiosta kamera kest\u00e4\u00e4 ankaria s\u00e4\u00e4olosuhteita ja fyysist\u00e4 rasitusta.<\/p>\n<p class=\"ds-markdown-paragraph\">Sis\u00e4\u00e4nrakennettuihin kyberturvallisuustoimintoihin kuuluvat Axis Edge Vault -alusta kryptografisten avainten turvalliseen tallennukseen, suojattu k\u00e4ynnistys ja salattu tiedostoj\u00e4rjestelm\u00e4.<\/p>\n<p class=\"ds-markdown-paragraph\"><strong>T\u00e4rkeimm\u00e4t tekniset ominaisuudet:<\/strong><\/p>\n<ul>\n<li>\n<p class=\"ds-markdown-paragraph\">2 megapikselin RGB CMOS -kenno kiinte\u00e4ll\u00e4 2,8 mm:n objektiivilla<\/p>\n<\/li>\n<li>\n<p class=\"ds-markdown-paragraph\">Lightfinder, Forensic WDR ja OptimizedIR 30 metrin infrapunavalaistuksella<\/p>\n<\/li>\n<li>\n<p class=\"ds-markdown-paragraph\">ARTPEC-8-prosessori ja syv\u00e4oppimisprosessointiyksikk\u00f6 (DLPU)<\/p>\n<\/li>\n<li>\n<p class=\"ds-markdown-paragraph\">AXIS Object Analytics ihmisten ja ajoneuvojen luokittelulla<\/p>\n<\/li>\n<li>\n<p class=\"ds-markdown-paragraph\">IP66- ja IK10-suojaus ulkok\u00e4ytt\u00f6\u00f6n<\/p>\n<\/li>\n<li>\n<p class=\"ds-markdown-paragraph\">Axis Edge Vault edistyneeseen kyberturvallisuuteen<\/p>\n<\/li>\n<li>\n<p class=\"ds-markdown-paragraph\">Tuki H.264\/H.265-pakkaukselle Axis Zipstream -tekniikalla<\/p>\n<\/li>\n<li>\n<p class=\"ds-markdown-paragraph\">PoE-toiminto (IEEE 802.3af\/at) helppoa asennusta varten<\/p>\n<\/li>\n<li>\n<p class=\"ds-markdown-paragraph\">5 vuoden takuu<\/p>\n<\/li>\n<\/ul>\n<p class=\"ds-markdown-paragraph\">AXIS M3215-LVE on erinomainen valinta budjettitietoisille asennuksille, jotka vaativat luotettavaa kuvanlaatua, \u00e4lyk\u00e4st\u00e4 analytiikkaa ja vankkaa suojausta sek\u00e4 sis\u00e4- ett\u00e4 ulkoymp\u00e4rist\u00f6iss\u00e4.<\/p>\n<\/div>\n<\/div>\n<\/div>\n<\/div>","protected":false},"excerpt":{"rendered":"<p>Lightfinder, Forensic WDR ja OptimisedIR 30 metrin IR-valaistuksella takaavat erinomaisen kuvanlaadun kaikissa valaistusolosuhteissa. Kamerassa on IP66-suojaus ulkok\u00e4ytt\u00f6\u00e4 varten ja sis\u00e4\u00e4nrakennettu kyberturvallisuus.<\/p>","protected":false},"featured_media":160125,"template":"","meta":{"_acf_changed":false},"product_brand":[],"product_cat":[4950],"product_tag":[],"class_list":{"0":"post-160128","1":"product","2":"type-product","3":"status-publish","4":"has-post-thumbnail","6":"product_cat-axis-domekameror","7":"pa_brands-axis","8":"pa_farg-vit","9":"tm-no-options","11":"first","12":"onbackorder","13":"sale","14":"taxable","15":"shipping-taxable","16":"purchasable","17":"product-type-simple"},"acf":[],"_links":{"self":[{"href":"https:\/\/secureus.se\/fi\/wp-json\/wp\/v2\/product\/160128","targetHints":{"allow":["GET"]}}],"collection":[{"href":"https:\/\/secureus.se\/fi\/wp-json\/wp\/v2\/product"}],"about":[{"href":"https:\/\/secureus.se\/fi\/wp-json\/wp\/v2\/types\/product"}],"wp:featuredmedia":[{"embeddable":true,"href":"https:\/\/secureus.se\/fi\/wp-json\/wp\/v2\/media\/160125"}],"wp:attachment":[{"href":"https:\/\/secureus.se\/fi\/wp-json\/wp\/v2\/media?parent=160128"}],"wp:term":[{"taxonomy":"product_brand","embeddable":true,"href":"https:\/\/secureus.se\/fi\/wp-json\/wp\/v2\/product_brand?post=160128"},{"taxonomy":"product_cat","embeddable":true,"href":"https:\/\/secureus.se\/fi\/wp-json\/wp\/v2\/product_cat?post=160128"},{"taxonomy":"product_tag","embeddable":true,"href":"https:\/\/secureus.se\/fi\/wp-json\/wp\/v2\/product_tag?post=160128"}],"curies":[{"name":"wp","href":"https:\/\/api.w.org\/{rel}","templated":true}]}}