{"id":160137,"date":"2025-11-21T11:12:29","date_gmt":"2025-11-21T10:12:29","guid":{"rendered":"https:\/\/secureus.se\/?post_type=product&#038;p=160137"},"modified":"2026-04-23T13:01:41","modified_gmt":"2026-04-23T11:01:41","slug":"axis-p1465-le-p14-serien-2mp-zipstream-ip-bullet-kamera-29-mm-objektiv-ir-80m-ip67-vit","status":"publish","type":"product","link":"https:\/\/secureus.se\/fi\/axis-p1465-le-p14-serien-2mp-zipstream-ip-bullet-kamera-29-mm-objektiv-ir-80m-ip67-vit\/","title":{"rendered":"AXIS P1465-LE P14-sarja, 2MP Zipstream IP Bullet-kamera, 29mm objektiivi, IR 80M, IP67, valkoinen, valkoinen"},"content":{"rendered":"<h1>AXIS P1465-LE P14-sarja, 2MP Zipstream IP Bullet-kamera, 29mm objektiivi, IR 80M, IP67, valkoinen, valkoinen<\/h1>\n<h3 class=\"TypographyStyle--11lquxl jakscM titleText\" data-test-selector=\"OverviewTitle\">Tuotekatsaus<\/h3>\n<div class=\"sc-bczRLJ eJpGGI\">\n<div class=\"headernamehrnone\">T\u00e4m\u00e4 t\u00e4ysin varusteltu kamera tarjoaa erinomaisen kuvanlaadun kaikissa valaistusolosuhteissa. Sen resoluutio on 2 MP ja kuvataajuus jopa 60 fps.<\/div>\n<div><\/div>\n<div class=\"headernamehrnone\">Lightfinder 2.0:n ja Forensic WDR:n ansiosta se tuottaa todellisia v\u00e4rej\u00e4 ja upeita rikosteknisi\u00e4 yksityiskohtia haastavassa valossa tai l\u00e4hes pime\u00e4ss\u00e4.<\/div>\n<div><\/div>\n<div class=\"headernamehrnone\">OptimizedIR mahdollistaa valvonnan t\u00e4ydellisess\u00e4 pimeydess\u00e4 jopa 40 metrin (131 jalan) et\u00e4isyydelt\u00e4 ilman lis\u00e4valaistusta.<\/div>\n<div><\/div>\n<div class=\"headernamehrnone\">Ja liikkeeseen mukautuva valotus v\u00e4hent\u00e4\u00e4 l\u00e4hestyvien tai l\u00e4hell\u00e4 olevien kohteiden aiheuttamaa liike-ep\u00e4ter\u00e4vyytt\u00e4.<\/div>\n<div><\/div>\n<div class=\"headernamehrnone\">Kamera on saatavana my\u00f6s kahtena versiona, joissa on erilaiset objektiivit: 9 mm:n laajakulmaobjektiivi suurten alueiden valvontaan ja 29 mm:n teleobjektiivi et\u00e4valvontaan.<\/div>\n<div><\/div>\n<div class=\"headernamehrnone\">T\u00e4m\u00e4 tehokas kamera perustuu ARTPEC-8-piiriin ja siin\u00e4 on DLPU (Deep Learning Processing Unit).<\/div>\n<div><\/div>\n<div class=\"headernamehrnone\">T\u00e4m\u00e4 mahdollistaa parannetut k\u00e4sittely- ja tallennusominaisuudet, joiden avulla voit ker\u00e4t\u00e4 ja analysoida entist\u00e4 enemm\u00e4n dataa \u2013 reunalla.<\/div>\n<div><\/div>\n<div class=\"headernamehrnone\">AXIS Object Analyticsin ansiosta se pystyy tunnistamaan ja luokittelemaan ihmisi\u00e4, ajoneuvoja ja ajoneuvotyyppej\u00e4 \u2013 kaikki r\u00e4\u00e4t\u00e4l\u00f6ityn\u00e4 juuri sinun tarpeisiisi.<\/div>\n<div><\/div>\n<div class=\"headernamehrnone\">Reunasta reunaan -tekniikan ansiosta se voidaan liitt\u00e4\u00e4 Axis-verkkokaiuttimeen kaksisuuntaista \u00e4\u00e4nt\u00e4 varten.<\/div>\n<div><\/div>\n<div class=\"headernamehrnone\">Lis\u00e4ksi sit\u00e4 voidaan k\u00e4ytt\u00e4\u00e4 tasavirralla ja PoE:lla.<\/div>\n<div><\/div>\n<div class=\"headernamehrnone\">Ja vaikka s\u00e4hk\u00f6katkos tapahtuisi, redundantti tasavirta varmistaa luotettavan virransy\u00f6t\u00f6n tietojesi suojaamiseksi.<\/div>\n<div><\/div>\n<div class=\"headernamehrnone\">AXIS P1465-LE:ss\u00e4 on sis\u00e4\u00e4nrakennetut kyberturvallisuusominaisuudet, jotka auttavat est\u00e4m\u00e4\u00e4n luvattoman k\u00e4yt\u00f6n ja suojaamaan j\u00e4rjestelm\u00e4\u00e4si.<\/div>\n<div><\/div>\n<div class=\"headernamehrnone\">Axis Edge Vault suojaa Axis-laitetunnustasi ja yksinkertaistaa Axis-tuotteiden valtuutusta verkossasi.<\/div>\n<div><\/div>\n<div class=\"headernamehrnone\">Lis\u00e4ksi allekirjoitettu laiteohjelmisto ja suojattu k\u00e4ynnistys varmistavat, ett\u00e4 laiteohjelmistoa ei ole vaarannettu ja ett\u00e4 asennetaan vain valtuutettu laiteohjelmisto.<\/div>\n<div><\/div>\n<div class=\"headernamehrnone\">Ja tarvittaessa suojattu k\u00e4ynnistys varmistaa, ett\u00e4 kamera on t\u00e4ysin vapaa haittaohjelmista my\u00f6s tehdasasetusten palauttamisen j\u00e4lkeen.<\/div>\n<div><\/div>\n<div class=\"headernamehrnone\">Lis\u00e4ksi t\u00e4m\u00e4 kest\u00e4v\u00e4, ulkok\u00e4ytt\u00f6\u00f6n sopiva kamera, jolla on IP66\/67-, NEMA 4X- ja IK10-luokitukset, on suojattu p\u00f6lylt\u00e4, sateelta, lumelta ja iskuilta ja kest\u00e4\u00e4 jopa 50 m\/s tuulen.<\/div>\n<div><\/div>\n<div class=\"row headername\">\n<div class=\"item-header rd-hyg-item-header\"><strong>P\u00e4\u00e4ominaisuudet<\/strong><\/div>\n<div class=\"row\">\n<ul>\n<li>Lightfinder 2.0, rikostekninen WDR, optimoitu infrapuna<\/li>\n<li>Analyysi syv\u00e4oppimisen avulla<\/li>\n<li>\u00c4\u00e4ni- ja I\/O-liit\u00e4nn\u00e4t<\/li>\n<li>Sis\u00e4\u00e4nrakennetut kyberturvallisuusominaisuudet<\/li>\n<li>Kaksi vaihtoehtoista linssi\u00e4<\/li>\n<\/ul>\n<\/div>\n<\/div>\n<div>\n<div class=\"row headername non-etl-overview\"><\/div>\n<\/div>\n<\/div>\n<div class=\"sc-bczRLJ fySwpa\">\n<div class=\"sc-bczRLJ kEeNDb\"><\/div>\n<\/div>","protected":false},"excerpt":{"rendered":"<p>AXIS P1465-LE P14-sarja, 2MP Zipstream IP Bullet -kamera, 29mm objektiivi, IR 80M, IP67, valkoinen, valkoinen<\/p>","protected":false},"featured_media":160134,"template":"","meta":{"_acf_changed":false},"product_brand":[],"product_cat":[4949],"product_tag":[],"class_list":{"0":"post-160137","1":"product","2":"type-product","3":"status-publish","4":"has-post-thumbnail","6":"product_cat-axis-bulletkameror","7":"pa_brands-axis","8":"pa_farg-vit","9":"tm-no-options","11":"first","12":"onbackorder","13":"sale","14":"taxable","15":"shipping-taxable","16":"purchasable","17":"product-type-simple"},"acf":[],"_links":{"self":[{"href":"https:\/\/secureus.se\/fi\/wp-json\/wp\/v2\/product\/160137","targetHints":{"allow":["GET"]}}],"collection":[{"href":"https:\/\/secureus.se\/fi\/wp-json\/wp\/v2\/product"}],"about":[{"href":"https:\/\/secureus.se\/fi\/wp-json\/wp\/v2\/types\/product"}],"wp:featuredmedia":[{"embeddable":true,"href":"https:\/\/secureus.se\/fi\/wp-json\/wp\/v2\/media\/160134"}],"wp:attachment":[{"href":"https:\/\/secureus.se\/fi\/wp-json\/wp\/v2\/media?parent=160137"}],"wp:term":[{"taxonomy":"product_brand","embeddable":true,"href":"https:\/\/secureus.se\/fi\/wp-json\/wp\/v2\/product_brand?post=160137"},{"taxonomy":"product_cat","embeddable":true,"href":"https:\/\/secureus.se\/fi\/wp-json\/wp\/v2\/product_cat?post=160137"},{"taxonomy":"product_tag","embeddable":true,"href":"https:\/\/secureus.se\/fi\/wp-json\/wp\/v2\/product_tag?post=160137"}],"curies":[{"name":"wp","href":"https:\/\/api.w.org\/{rel}","templated":true}]}}