{"id":160140,"date":"2025-11-21T11:12:29","date_gmt":"2025-11-21T10:12:29","guid":{"rendered":"https:\/\/secureus.se\/?post_type=product&#038;p=160140"},"modified":"2026-04-09T11:21:40","modified_gmt":"2026-04-09T09:21:40","slug":"axis-m2036-le-m20-serien-4mp-zipstream-ip-bullet-kamera-24-mm-fast-objektiv-ir-20m-ip66-vit","status":"publish","type":"product","link":"https:\/\/secureus.se\/fi\/axis-m2036-le-m20-serien-4mp-zipstream-ip-bullet-kamera-24-mm-fast-objektiv-ir-20m-ip66-vit\/","title":{"rendered":"AXIS M2036-LE M20-sarja, 4 megapikselin Zipstream IP-luodikamera, 2,4 mm kiinte\u00e4 objektiivi, IR 20M, IP66, valkoinen v\u00e4ri"},"content":{"rendered":"<h1>AXIS M2036-LE M20-sarja, 4 megapikselin Zipstream IP-luodikamera, 2,4 mm kiinte\u00e4 objektiivi, IR 20M, IP66, valkoinen v\u00e4ri<\/h1>\n<p class=\"ds-markdown-paragraph\">AXIS M2036-LE on kustannustehokas 4 megapikselin luotikamera, joka yhdist\u00e4\u00e4 korkean kuvanlaadun edistyneeseen teko\u00e4lyanalyysiin.<\/p>\n<p class=\"ds-markdown-paragraph\">Kiinte\u00e4n 2,4 mm:n objektiivin ja poikkeuksellisen laajan 129 asteen kuvakent\u00e4n ansiosta kamera kattaa tehokkaasti laajoja alueita.<\/p>\n<p class=\"ds-markdown-paragraph\">Se tuottaa ter\u00e4v\u00e4\u00e4 Quad HD 1440p -kuvaa jopa 30 kuvaa sekunnissa.<\/p>\n<p class=\"ds-markdown-paragraph\">Kamera on varustettu erillisell\u00e4 syv\u00e4oppimisprosessointiyksik\u00f6ll\u00e4 (DLPU), joka mahdollistaa \u00e4lykk\u00e4\u00e4n analyysin suoraan kamerassa.<\/p>\n<p class=\"ds-markdown-paragraph\">AXIS Object Analyticsin avulla j\u00e4rjestelm\u00e4 pystyy automaattisesti tunnistamaan ja luokittelemaan ihmisi\u00e4, ajoneuvoja ja erilaisia ajoneuvotyyppej\u00e4. Se tukee jopa 10 rinnakkaista analyysiskenaariota, mukaan lukien viivojen ylitykset ja alueen valvonta.<\/p>\n<p class=\"ds-markdown-paragraph\">Kamera tarjoaa jopa 115 dB:n laajan dynaamisen alueen (WDR) haastavissa valaistusolosuhteissa valvontaa varten, mik\u00e4 varmistaa selke\u00e4t kuvat my\u00f6s voimakkaissa kontrasteissa.<\/p>\n<p class=\"ds-markdown-paragraph\">Optimoidun infrapunan ja 865 nm:n infrapunavalojen ansiosta kamera ylt\u00e4\u00e4 jopa 20 metrin kantamaan t\u00e4ydellisess\u00e4 pimeydess\u00e4. Lightfinder-teknologia varmistaa my\u00f6s luonnolliset v\u00e4rit h\u00e4m\u00e4r\u00e4ss\u00e4.<\/p>\n<p class=\"ds-markdown-paragraph\">Vankan IP66\/IP67- ja IK08-suojauksen ansiosta kamera kest\u00e4\u00e4 ankaria s\u00e4\u00e4olosuhteita. Sis\u00e4\u00e4nrakennettuihin kyberturvallisuustoimintoihin kuuluvat Axis Edge Vault turvalliseen laitetodennukseen ja salattuun tiedontallennukseen.<\/p>\n<p class=\"ds-markdown-paragraph\">Kamera tukee sek\u00e4 PoE-toimintoa ett\u00e4 microSD-kortteja joustavaa asennusta ja tallennusta varten.<\/p>\n<p class=\"ds-markdown-paragraph\"><strong>T\u00e4rkeimm\u00e4t tekniset ominaisuudet:<\/strong><\/p>\n<ul>\n<li>\n<p class=\"ds-markdown-paragraph\">4 megapikselin kenno kiinte\u00e4ll\u00e4 2,4 mm:n objektiivilla ja 129\u00b0:n kuva-alalla<\/p>\n<\/li>\n<li>\n<p class=\"ds-markdown-paragraph\">Syv\u00e4oppimisen prosessointiyksikk\u00f6 (DLPU) teko\u00e4lyanalyysi\u00e4 varten<\/p>\n<\/li>\n<li>\n<p class=\"ds-markdown-paragraph\">AXIS Object Analytics ihmisten\/ajoneuvojen luokittelulla<\/p>\n<\/li>\n<li>\n<p class=\"ds-markdown-paragraph\">WDR jopa 115 dB ja IR-valaistus jopa 20 metriin asti<\/p>\n<\/li>\n<li>\n<p class=\"ds-markdown-paragraph\">IP66\/IP67- ja IK08-suojaus ulkok\u00e4ytt\u00f6\u00f6n<\/p>\n<\/li>\n<li>\n<p class=\"ds-markdown-paragraph\">Axis Edge Vault edistyneeseen kyberturvallisuuteen<\/p>\n<\/li>\n<li>\n<p class=\"ds-markdown-paragraph\">Tuki H.264\/H.265-muotoon Axis Zipstream -tekniikalla<\/p>\n<\/li>\n<li>\n<p class=\"ds-markdown-paragraph\">PoE-toiminto (IEEE 802.3af\/at) helppoa asennusta varten<\/p>\n<\/li>\n<li>\n<p class=\"ds-markdown-paragraph\">5 vuoden takuu<\/p>\n<\/li>\n<\/ul>\n<p class=\"ds-markdown-paragraph\">AXIS M2036-LE on erinomainen valinta budjettitietoisille asennuksille, jotka vaativat \u00e4lyk\u00e4st\u00e4 analytiikkaa ja luotettavaa suorituskyky\u00e4 haastavissa ymp\u00e4rist\u00f6iss\u00e4.<\/p>","protected":false},"excerpt":{"rendered":"<p>AXIS M2036-LE on edullinen 4 megapikselin bullet-kamera, jossa on 2,4 mm:n objektiivi ja 129\u00b0:n laaja n\u00e4k\u00f6kentt\u00e4.<\/p>\n<p>Teko\u00e4lyanalytiikan (DLPU), 20 metrin IR-valaistuksen ja WDR:n ansiosta se takaa luotettavan valvonnan kaikissa valaistusolosuhteissa.<\/p>\n<p>IP66-suojaus ulkok\u00e4ytt\u00f6\u00f6n.<\/p>","protected":false},"featured_media":160138,"template":"","meta":{"_acf_changed":false},"product_brand":[],"product_cat":[4949],"product_tag":[],"class_list":{"0":"post-160140","1":"product","2":"type-product","3":"status-publish","4":"has-post-thumbnail","6":"product_cat-axis-bulletkameror","7":"pa_brands-axis","8":"pa_farg-vit","9":"tm-no-options","11":"first","12":"onbackorder","13":"sale","14":"taxable","15":"shipping-taxable","16":"purchasable","17":"product-type-simple"},"acf":[],"_links":{"self":[{"href":"https:\/\/secureus.se\/fi\/wp-json\/wp\/v2\/product\/160140","targetHints":{"allow":["GET"]}}],"collection":[{"href":"https:\/\/secureus.se\/fi\/wp-json\/wp\/v2\/product"}],"about":[{"href":"https:\/\/secureus.se\/fi\/wp-json\/wp\/v2\/types\/product"}],"wp:featuredmedia":[{"embeddable":true,"href":"https:\/\/secureus.se\/fi\/wp-json\/wp\/v2\/media\/160138"}],"wp:attachment":[{"href":"https:\/\/secureus.se\/fi\/wp-json\/wp\/v2\/media?parent=160140"}],"wp:term":[{"taxonomy":"product_brand","embeddable":true,"href":"https:\/\/secureus.se\/fi\/wp-json\/wp\/v2\/product_brand?post=160140"},{"taxonomy":"product_cat","embeddable":true,"href":"https:\/\/secureus.se\/fi\/wp-json\/wp\/v2\/product_cat?post=160140"},{"taxonomy":"product_tag","embeddable":true,"href":"https:\/\/secureus.se\/fi\/wp-json\/wp\/v2\/product_tag?post=160140"}],"curies":[{"name":"wp","href":"https:\/\/api.w.org\/{rel}","templated":true}]}}