{"id":160146,"date":"2025-11-21T11:12:30","date_gmt":"2025-11-21T10:12:30","guid":{"rendered":"https:\/\/secureus.se\/?post_type=product&#038;p=160146"},"modified":"2026-04-01T12:18:56","modified_gmt":"2026-04-01T10:18:56","slug":"axis-p1455-le-p14-serien-wdr-ip66-2mp-9mm-ip-bulletkamera-med-fast-objektiv-vit","status":"publish","type":"product","link":"https:\/\/secureus.se\/fi\/axis-p1455-le-p14-serien-wdr-ip66-2mp-9mm-ip-bulletkamera-med-fast-objektiv-vit\/","title":{"rendered":"AXIS P1455-LE P14 -sarja, WDR IP66 2MP 9 mm:n kiinte\u00e4ll\u00e4 objektiivilla varustettu IP-bullet-kamera, valkoinen"},"content":{"rendered":"<div class=\"sc-bczRLJ gTFQwC\">\n<div class=\"sc-bczRLJ eJpGGI\">\n<div class=\"row headername\">\n<div class=\"row\">\n<h1>AXIS P1455-LE P14 -sarja, WDR IP66 2MP 9 mm:n kiinte\u00e4ll\u00e4 objektiivilla varustettu IP-bullet-kamera, valkoinen<\/h1>\n<p class=\"ds-markdown-paragraph\">AXIS P1455-LE on monipuolinen 2 megapikselin bullet-kamera, joka tarjoaa poikkeuksellisen kuvanlaadun HDTV 1080p -laadulla jopa 60 kuvaa sekunnissa.<\/p>\n<p class=\"ds-markdown-paragraph\">Kiinte\u00e4n 9 mm:n objektiivin ansiosta kamera tarjoaa optimaalisen n\u00e4k\u00f6kent\u00e4n keskikokoisten alueiden valvontaan.<\/p>\n<p class=\"ds-markdown-paragraph\">Se on varustettu Axisin edistyneell\u00e4 kuvantamistekniikalla, mukaan lukien Lightfinder 2.0 luonnollisten v\u00e4rien toistamiseen h\u00e4m\u00e4r\u00e4ss\u00e4 ja Forensic WDR jopa 120 dB:n dynaamisella alueella yksityiskohtaisten kuvien tuottamiseen suurikontrastisissa kohtauksissa.<\/p>\n<p class=\"ds-markdown-paragraph\">Kamera perustuu ARTPEC-7-prosessoriin ja koneoppimisprosessointiyksikk\u00f6\u00f6n (MLPU), joka mahdollistaa \u00e4lykk\u00e4\u00e4n analyysin suoraan kamerassa.<\/p>\n<p class=\"ds-markdown-paragraph\">AXIS Object Analyticsin avulla j\u00e4rjestelm\u00e4 pystyy automaattisesti tunnistamaan ja luokittelemaan sek\u00e4 ihmiset ett\u00e4 ajoneuvot.<\/p>\n<p class=\"ds-markdown-paragraph\">Se tukee jopa 10 rinnakkaisanalyysiskenaariota, mukaan lukien viivan ylitys ja alueelle sy\u00f6tt\u00e4minen.<\/p>\n<p class=\"ds-markdown-paragraph\">Pime\u00e4ss\u00e4 tapahtuvaa valvontaa varten kamerassa on OptimizedIR tehokkailla 850 nm:n LEDeill\u00e4, jotka ulottuvat jopa 40 metriin.<\/p>\n<p class=\"ds-markdown-paragraph\">Liikkeeseen mukautuva valotus minimoi ohikulkevien kohteiden aiheuttaman liike-ep\u00e4ter\u00e4vyyden varmistaen ter\u00e4v\u00e4t kuvat my\u00f6s nopeissa liikkeiss\u00e4. \u00c4lyk\u00e4s reunasta reunaan -teknologia mahdollistaa helpon integroinnin Axis-verkkokaiuttimiin kaksisuuntaista viestint\u00e4\u00e4 varten.<\/p>\n<p class=\"ds-markdown-paragraph\">Vankan IP66\/IP67- ja IK10-suojauksen ansiosta kamera kest\u00e4\u00e4 ankaria s\u00e4\u00e4olosuhteita ja fyysist\u00e4 rasitusta.<\/p>\n<p class=\"ds-markdown-paragraph\">Sis\u00e4\u00e4nrakennettuihin kyberturvallisuustoimintoihin kuuluu Axis Edge Vault turvalliseen laitetodennukseen ja salattuun tiedontallennukseen. Kamera tukee sek\u00e4 PoE-toimintoa ett\u00e4 microSD-kortteja joustavaa asennusta ja tallennusta varten.<\/p>\n<p class=\"ds-markdown-paragraph\"><strong>T\u00e4rkeimm\u00e4t tekniset ominaisuudet:<\/strong><\/p>\n<ul>\n<li>\n<p class=\"ds-markdown-paragraph\">2 megapikselin kenno ja kiinte\u00e4 9 mm:n objektiivi<\/p>\n<\/li>\n<li>\n<p class=\"ds-markdown-paragraph\">Lightfinder 2.0 ja Forensic WDR jopa 120 dB<\/p>\n<\/li>\n<li>\n<p class=\"ds-markdown-paragraph\">Optimoitu infrapuna, jossa IR-valaistus jopa 40 metrin kantamaan<\/p>\n<\/li>\n<li>\n<p class=\"ds-markdown-paragraph\">ARTPEC-7-prosessori koneoppimisprosessointiyksik\u00f6ll\u00e4<\/p>\n<\/li>\n<li>\n<p class=\"ds-markdown-paragraph\">AXIS-objektianalytiikka ihmisille ja ajoneuvoille<\/p>\n<\/li>\n<li>\n<p class=\"ds-markdown-paragraph\">IP66\/IP67- ja IK10-suojaus ulkok\u00e4ytt\u00f6\u00f6n<\/p>\n<\/li>\n<li>\n<p class=\"ds-markdown-paragraph\">Axis Edge Vault edistyneeseen kyberturvallisuuteen<\/p>\n<\/li>\n<li>\n<p class=\"ds-markdown-paragraph\">Tuki H.264\/H.265-muotoon Axis Zipstream -tekniikalla<\/p>\n<\/li>\n<li>\n<p class=\"ds-markdown-paragraph\">PoE-toiminto (IEEE 802.3af\/at) helppoa asennusta varten<\/p>\n<\/li>\n<li>\n<p class=\"ds-markdown-paragraph\">5 vuoden takuu<\/p>\n<\/li>\n<\/ul>\n<p class=\"ds-markdown-paragraph\">AXIS P1455-LE on erinomainen valinta vaativiin valvontatarpeisiin, joissa korkea kuvanlaatu, \u00e4lyk\u00e4s analytiikka ja kest\u00e4v\u00e4 rakenne ovat v\u00e4ltt\u00e4m\u00e4tt\u00f6mi\u00e4 tehokkaan ja turvallisen ratkaisun saavuttamiseksi.<\/p>\n<\/div>\n<\/div>\n<div>\n<div class=\"row headername non-etl-overview\"><\/div>\n<\/div>\n<\/div>\n<\/div>","protected":false},"excerpt":{"rendered":"<p>AXIS P1455-LE on monipuolinen 2 megapikselin bullet-kamera, jossa on 9 mm:n kiinte\u00e4 objektiivi.<\/p>\n<p>Lightfinder 2.0:n, Forensic WDR:n ja jopa 40 metrin infrapunavalaistuksen ansiosta se varmistaa erinomaisen kuvanlaadun kaikissa valaistusolosuhteissa.<\/p>\n<p>Kamerassa on teko\u00e4lyanalytiikka ja IP66\/IP67-suojaus luotettavaa ulkovalvontaa varten.<\/p>","protected":false},"featured_media":160145,"template":"","meta":{"_acf_changed":false},"product_brand":[],"product_cat":[4949],"product_tag":[],"class_list":{"0":"post-160146","1":"product","2":"type-product","3":"status-publish","4":"has-post-thumbnail","6":"product_cat-axis-bulletkameror","7":"pa_brands-axis","8":"pa_farg-vit","9":"tm-no-options","11":"first","12":"onbackorder","13":"sale","14":"taxable","15":"shipping-taxable","16":"purchasable","17":"product-type-simple"},"acf":[],"_links":{"self":[{"href":"https:\/\/secureus.se\/fi\/wp-json\/wp\/v2\/product\/160146","targetHints":{"allow":["GET"]}}],"collection":[{"href":"https:\/\/secureus.se\/fi\/wp-json\/wp\/v2\/product"}],"about":[{"href":"https:\/\/secureus.se\/fi\/wp-json\/wp\/v2\/types\/product"}],"wp:featuredmedia":[{"embeddable":true,"href":"https:\/\/secureus.se\/fi\/wp-json\/wp\/v2\/media\/160145"}],"wp:attachment":[{"href":"https:\/\/secureus.se\/fi\/wp-json\/wp\/v2\/media?parent=160146"}],"wp:term":[{"taxonomy":"product_brand","embeddable":true,"href":"https:\/\/secureus.se\/fi\/wp-json\/wp\/v2\/product_brand?post=160146"},{"taxonomy":"product_cat","embeddable":true,"href":"https:\/\/secureus.se\/fi\/wp-json\/wp\/v2\/product_cat?post=160146"},{"taxonomy":"product_tag","embeddable":true,"href":"https:\/\/secureus.se\/fi\/wp-json\/wp\/v2\/product_tag?post=160146"}],"curies":[{"name":"wp","href":"https:\/\/api.w.org\/{rel}","templated":true}]}}