{"id":160161,"date":"2025-11-21T11:12:30","date_gmt":"2025-11-21T10:12:30","guid":{"rendered":"https:\/\/secureus.se\/?post_type=product&#038;p=160161"},"modified":"2026-04-23T12:59:27","modified_gmt":"2026-04-23T10:59:27","slug":"axis-q1971-e-varmekamera-for-utomhusbruk-13-mm-fast-objektiv-30-fps-ik10-vit","status":"publish","type":"product","link":"https:\/\/secureus.se\/fi\/axis-q1971-e-varmekamera-for-utomhusbruk-13-mm-fast-objektiv-30-fps-ik10-vit\/","title":{"rendered":"AXIS Q1971-E ulkok\u00e4ytt\u00f6\u00f6n tarkoitettu l\u00e4mp\u00f6kamera, 13 mm:n kiinte\u00e4 objektiivi, 30 fps, IK10, valkoinen"},"content":{"rendered":"<h1>AXIS Q1971-E ulkok\u00e4ytt\u00f6\u00f6n tarkoitettu l\u00e4mp\u00f6kamera, 13 mm:n kiinte\u00e4 objektiivi, 30 fps, IK10, valkoinen<\/h1>\n<p class=\"ds-markdown-paragraph\">AXIS Q1971-E -l\u00e4mp\u00f6kamera 13 mm:n objektiivilla on edistynyt l\u00e4mp\u00f6kamera, joka ei tarvitse p\u00e4iv\u00e4nvaloa eik\u00e4 visuaalista kuvaa, vaan tarjoaa poikkeuksellisen hyv\u00e4n havaitsemisen ja varmennuksen kellon ymp\u00e4ri.<\/p>\n<p class=\"ds-markdown-paragraph\">Se sopii erityisen hyvin reunasuojaukseen kriittisiss\u00e4 ulkoymp\u00e4rist\u00f6iss\u00e4, joissa kest\u00e4v\u00e4 ja halogeeniton rakenne kest\u00e4\u00e4 ankaria olosuhteita ja tarjoaa tasaisen suorituskyvyn jopa sumussa, savussa, lumisateessa tai t\u00e4ydellisess\u00e4 pimeydess\u00e4.<\/p>\n<p class=\"ds-markdown-paragraph\"><strong>Tekninen suorituskyky 13 mm:n objektiivilla<\/strong><br \/>\nT\u00e4m\u00e4 Q1971-E-malli on varustettu kiinte\u00e4ll\u00e4 13 mm:n l\u00e4mp\u00f6objektiivilla, jonka kirkkaus on F1.0.<\/p>\n<p class=\"ds-markdown-paragraph\">Linssi tarjoaa 29\u00b0 vaakasuuntaisen n\u00e4k\u00f6kent\u00e4n ja 22\u00b0 pystysuuntaisen n\u00e4k\u00f6kent\u00e4n, joten se sopii ihanteellisesti kohtalaisen suurten alueiden, kuten lastauslaitureiden, porttien k\u00e4yt\u00e4vien tai suuren alueen tiettyjen sektoreiden, valvontaan.<\/p>\n<p class=\"ds-markdown-paragraph\">L\u00e4hin 4,7 metrin tarkennuset\u00e4isyys varmistaa ter\u00e4v\u00e4n havainnon jopa suhteellisen lyhyill\u00e4 et\u00e4isyyksill\u00e4. Kameran ydin on j\u00e4\u00e4hdytt\u00e4m\u00e4t\u00f6n 384\u00d7288 pikselin mikrobolometrianturi, jolla on eritt\u00e4in korkea herkkyys (NETD &lt;20 mK), mik\u00e4 takaa selke\u00e4t ja yksityiskohtaiset l\u00e4mp\u00f6kuvat l\u00e4sn\u00e4olon ja toiminnan havaitsemiseksi suurella tarkkuudella.<\/p>\n<p class=\"ds-markdown-paragraph\"><strong>Teko\u00e4lyyn perustuva analytiikka ja ennakoiva seuranta<\/strong><br \/>\nTehokkaan ARTPEC-8 System-on-Chip -piirin ja erillisen syv\u00e4oppimisprosessointiyksik\u00f6n (DLPU) ansiosta Q1971-E on \u00e4lyk\u00e4s laite, joka tukee edistynytt\u00e4 analytiikkaa.<\/p>\n<p class=\"ds-markdown-paragraph\">Siin\u00e4 on sis\u00e4\u00e4nrakennetut analytiikkaominaisuudet, kuten AXIS Video Motion Detection, AXIS Fence Guard ja AXIS Loitering Guard.<\/p>\n<p class=\"ds-markdown-paragraph\">Lis\u00e4suojaa varten voidaan aktivoida tehokas teko\u00e4lyanalyytikko AXIS Perimeter Defender, joka mahdollistaa tunkeilijoiden tarkan luokittelun ja varhaisen havaitsemisen.<\/p>\n<p class=\"ds-markdown-paragraph\">Alusta tukee my\u00f6s kolmannen osapuolen analyytikoita AXIS Camera Application Platformin (ACAP) kautta, mik\u00e4 tarjoaa loputtomasti mahdollisuuksia r\u00e4\u00e4t\u00e4l\u00f6intiin.<\/p>\n<p class=\"ds-markdown-paragraph\"><strong>Johtavaa kyberturvallisuutta Axis Edge Vaultin avulla<\/strong><br \/>\nNykymaailmassa kyberturvallisuus on olennaista. AXIS Q1971-E:ss\u00e4 on sis\u00e4\u00e4nrakennettu laitteistopohjainen Axis Edge Vault -tietoturva-alusta.<\/p>\n<p class=\"ds-markdown-paragraph\">T\u00e4m\u00e4 alusta suojaa laitteen identiteetti\u00e4 ja eheytt\u00e4 ominaisuuksilla, kuten suojatulla k\u00e4ynnistyksell\u00e4 ja FIPS 140-2 Level 2 -sertifioidulla suojatulla avains\u00e4il\u00f6ll\u00e4.<\/p>\n<p class=\"ds-markdown-paragraph\">Se tarjoaa my\u00f6s &quot;allekirjoitetun videon&quot;, joka takaa, ett\u00e4 videomateriaalia ei ole peukaloitu ja ett\u00e4 se voidaan j\u00e4ljitt\u00e4\u00e4 t\u00e4h\u00e4n tiettyyn kameraan.<\/p>\n<p class=\"ds-markdown-paragraph\"><strong>Kest\u00e4v\u00e4 rakenne ja helppo integrointi<\/strong><br \/>\nKamera on rakennettu kest\u00e4v\u00e4ksi alumiini- ja polykarbonaattikotelolla, joka t\u00e4ytt\u00e4\u00e4 IP66\/IP67-, IK10- ja NEMA 4X -suojausluokitukset.<\/p>\n<p class=\"ds-markdown-paragraph\">Se kest\u00e4\u00e4 -40 \u00b0C - 60 \u00b0C l\u00e4mp\u00f6tiloja ja tiivistyv\u00e4\u00e4 kosteutta. Helppoa integrointia ja k\u00e4ytt\u00f6\u00e4 varten se tukee laajaa valikoimaa verkkoprotokollia, ONVIF-profiileja (G, M, S, T) ja VAPIX API:a.<\/p>\n<p class=\"ds-markdown-paragraph\">I\/O-porttien kautta kameraan voidaan liitt\u00e4\u00e4 ulkoisia laitteita, kuten sireenej\u00e4 tai valoja, v\u00e4lit\u00f6nt\u00e4 toimintaa varten. Kamera saa virransy\u00f6t\u00f6n PoE:n (IEEE 802.3af\/at) tai 12\u201328 V DC:n kautta, mik\u00e4 tarjoaa joustavuutta asennuksessa.<\/p>\n<p class=\"ds-markdown-paragraph\"><strong>Kuvat ja videovirrat<\/strong><br \/>\nVaikka anturin natiiviresoluutio on 384\u00d7288, sit\u00e4 voidaan skaalata jopa 768\u00d7576:een visuaalisten yksityiskohtien parantamiseksi.<\/p>\n<p class=\"ds-markdown-paragraph\">Kamera tukee videokuvaa jopa 30 kuvaa sekunnissa ja useita H.264-, H.265- ja Motion JPEG -muotoisia suoratoistoja.<\/p>\n<p class=\"ds-markdown-paragraph\">Axis Zipstream -teknologia v\u00e4hent\u00e4\u00e4 kaistanleveyden ja tallennustilan vaatimuksia keskim\u00e4\u00e4rin 50 %:lla tinkim\u00e4tt\u00e4 rikosteknisesti t\u00e4rkeist\u00e4 tiedoista.<\/p>\n<p class=\"ds-markdown-paragraph\">Yhteenvetona voidaan todeta, ett\u00e4 AXIS Q1971-E 13 mm:n objektiivilla on erinomainen valinta erityisiin valvontatarpeisiin, joissa vaaditaan tasapainoa peittoalueen ja yksityiskohtien tason v\u00e4lill\u00e4.<\/p>\n<p class=\"ds-markdown-paragraph\">Sen vertaansa vailla olevan l\u00e4mp\u00f6tunnistuksen, teko\u00e4lyominaisuuksien, vankan kyberturvallisuuden ja luotettavan rakenteen yhdistelm\u00e4 tekee siit\u00e4 ensisijaisen valinnan tilojen ja infrastruktuurin ennakoivaan suojaamiseen.<\/p>\n<p class=\"ds-markdown-paragraph\"><strong>13 mm mallin t\u00e4rkeimm\u00e4t tekniset tiedot:<\/strong><\/p>\n<ul>\n<li>\n<p class=\"ds-markdown-paragraph\"><strong>Anturi:<\/strong>\u00a0J\u00e4\u00e4hdytt\u00e4m\u00e4t\u00f6n mikrobolometri, 384 \u00d7 288 pikseli\u00e4<\/p>\n<\/li>\n<li>\n<p class=\"ds-markdown-paragraph\"><strong>Tavoite:<\/strong>\u00a0Kiinte\u00e4 13 mm, F1.0, 29\u00b0 vaakasuuntainen kuva-ala<\/p>\n<\/li>\n<li>\n<p class=\"ds-markdown-paragraph\"><strong>Herkkyys (NETD):<\/strong>\u00a0&lt;20 mK<\/p>\n<\/li>\n<li>\n<p class=\"ds-markdown-paragraph\"><strong>Kuvank\u00e4sittely:<\/strong>\u00a0ARTPEC-8 SoC DLPU:lla (teko\u00e4ly)<\/p>\n<\/li>\n<li>\n<p class=\"ds-markdown-paragraph\"><strong>Analyytikko:<\/strong>\u00a0Sis\u00e4lt\u00e4\u00e4\/tukee AXIS Perimeter Defenderi\u00e4<\/p>\n<\/li>\n<li>\n<p class=\"ds-markdown-paragraph\"><strong>Kyberturvallisuus:<\/strong>\u00a0Axis Edge Vault (FIPS 140-2 taso 2)<\/p>\n<\/li>\n<li>\n<p class=\"ds-markdown-paragraph\"><strong>Suojausluokka:<\/strong>\u00a0IP66\/IP67, IK10, NEMA 4X<\/p>\n<\/li>\n<li>\n<p class=\"ds-markdown-paragraph\"><strong>Virtal\u00e4hde:<\/strong>\u00a0PoE (IEEE 802.3af\/at) tai 12\u201328 V DC<\/p>\n<\/li>\n<li>\n<p class=\"ds-markdown-paragraph\"><strong>Takuu:<\/strong>\u00a05 vuoden takuu<\/p>\n<\/li>\n<\/ul>","protected":false},"excerpt":{"rendered":"<p>AXIS Q1971-E on kest\u00e4v\u00e4 l\u00e4mp\u00f6kamera, jossa on 13 mm:n kiinte\u00e4 objektiivi. Se on suunniteltu luotettavaan havaitsemiseen ja varmentamiseen kellon ymp\u00e4ri valo- ja s\u00e4\u00e4olosuhteista riippumatta.<\/p>\n<p>Se sopii erinomaisesti vaativaan keh\u00e4suojaukseen ja toimii erinomaisesti my\u00f6s matalakontrastisissa tilanteissa.<\/p>\n<p>Kamerassa on 13 mm:n atermisoitu linssi ja 29 asteen vaakasuuntainen kuvakentt\u00e4, joka sopii t\u00e4ydellisesti kohtalaisen suurten alueiden valvontaan keskisuurilla et\u00e4isyyksill\u00e4.<\/p>","protected":false},"featured_media":160158,"template":"","meta":{"_acf_changed":false},"product_brand":[],"product_cat":[4955],"product_tag":[],"class_list":{"0":"post-160161","1":"product","2":"type-product","3":"status-publish","4":"has-post-thumbnail","6":"product_cat-axis-varmekameror","7":"pa_brands-axis","8":"pa_farg-vit","9":"tm-no-options","11":"first","12":"instock","13":"sale","14":"taxable","15":"shipping-taxable","16":"purchasable","17":"product-type-simple"},"acf":[],"_links":{"self":[{"href":"https:\/\/secureus.se\/fi\/wp-json\/wp\/v2\/product\/160161","targetHints":{"allow":["GET"]}}],"collection":[{"href":"https:\/\/secureus.se\/fi\/wp-json\/wp\/v2\/product"}],"about":[{"href":"https:\/\/secureus.se\/fi\/wp-json\/wp\/v2\/types\/product"}],"wp:featuredmedia":[{"embeddable":true,"href":"https:\/\/secureus.se\/fi\/wp-json\/wp\/v2\/media\/160158"}],"wp:attachment":[{"href":"https:\/\/secureus.se\/fi\/wp-json\/wp\/v2\/media?parent=160161"}],"wp:term":[{"taxonomy":"product_brand","embeddable":true,"href":"https:\/\/secureus.se\/fi\/wp-json\/wp\/v2\/product_brand?post=160161"},{"taxonomy":"product_cat","embeddable":true,"href":"https:\/\/secureus.se\/fi\/wp-json\/wp\/v2\/product_cat?post=160161"},{"taxonomy":"product_tag","embeddable":true,"href":"https:\/\/secureus.se\/fi\/wp-json\/wp\/v2\/product_tag?post=160161"}],"curies":[{"name":"wp","href":"https:\/\/api.w.org\/{rel}","templated":true}]}}