{"id":160166,"date":"2025-11-21T11:12:30","date_gmt":"2025-11-21T10:12:30","guid":{"rendered":"https:\/\/secureus.se\/?post_type=product&#038;p=160166"},"modified":"2026-04-23T12:59:23","modified_gmt":"2026-04-23T10:59:23","slug":"axis-t8120-1-port-midspan-15w","status":"publish","type":"product","link":"https:\/\/secureus.se\/fi\/axis-t8120-1-port-midspan-15w\/","title":{"rendered":"AXIS T8120 1-porttinen Midspan, 15W"},"content":{"rendered":"<h1>AXIS T8120 1-porttinen Midspan, 15W<\/h1>\n<p class=\"ds-markdown-paragraph\">AXIS T8120 Midspan 15 W 1-porttinen on tehokas ja kustannuss\u00e4\u00e4st\u00f6inen ratkaisu yhden verkkolaitteen virransy\u00f6tt\u00f6\u00f6n Power over Ethernet (PoE) -tekniikalla.<\/p>\n<p class=\"ds-markdown-paragraph\">Se sopii erityisen hyvin pienempiin asennuksiin tai t\u00e4ydent\u00e4m\u00e4\u00e4n olemassa olevia verkkoja, joissa kytkimist\u00e4 puuttuu sis\u00e4\u00e4nrakennettu PoE-toiminto.<\/p>\n<p class=\"ds-markdown-paragraph\"><strong>Tehokas PoE-ratkaisu yksinkertaistettuun asennukseen<\/strong><br \/>\nAXIS T8120 poistaa tarpeen vet\u00e4\u00e4 erillisi\u00e4 s\u00e4hk\u00f6kaapeleita verkkolaitteisiin.<\/p>\n<p class=\"ds-markdown-paragraph\">Yhdist\u00e4m\u00e4ll\u00e4 datan ja virran yhteen Ethernet-kaapeliin (luokka 5 tai uudempi) voit helposti sijoittaa kamerat optimaalisiin paikkoihin riippumatta siit\u00e4, kuinka l\u00e4hell\u00e4 pistorasioita ne ovat.<\/p>\n<p class=\"ds-markdown-paragraph\">T\u00e4m\u00e4 johtaa merkitt\u00e4viin s\u00e4\u00e4st\u00f6ihin sek\u00e4 materiaaleissa ett\u00e4 asennusty\u00f6ss\u00e4. Laite on t\u00e4ysin plug-and-play-valmis, eli se on heti k\u00e4ytt\u00f6valmis ilman erillist\u00e4 konfigurointia.<\/p>\n<p class=\"ds-markdown-paragraph\">Se tunnistaa automaattisesti kytketyn PoE-yhteensopivan laitteen ja alkaa sy\u00f6tt\u00e4\u00e4 virtaa.<\/p>\n<p class=\"ds-markdown-paragraph\"><strong>Tekninen suorituskyky ja yhteensopivuus<\/strong><br \/>\nT\u00e4m\u00e4 midspan-laite on t\u00e4ysin IEEE 802.3af -standardin (PoE) mukainen ja sen l\u00e4ht\u00f6j\u00e4nnite on 48 V DC ja enimm\u00e4isteho 15,4 W porttia kohden \u2013 riitt\u00e4v\u00e4sti useimmille kiinteille IP-kameroille, videoenkoodereille ja vastaaville laitteille.<\/p>\n<p class=\"ds-markdown-paragraph\">Se tukee my\u00f6s Gigabit Etherneti\u00e4 (10\/100\/1000 Mbps), mik\u00e4 varmistaa, ett\u00e4 ter\u00e4v\u00e4piirtovideon tiedonsiirtokaistanleveys ei k\u00e4rsi.<\/p>\n<p class=\"ds-markdown-paragraph\">Yhteensopivuuden varmistamiseksi vanhempien laitteiden kanssa siin\u00e4 on my\u00f6s esistandardi taaksep\u00e4in yhteensopivuusalgoritmi. Kaapeliyhteys tapahtuu suojatun RJ-45-portin kautta.<\/p>\n<p class=\"ds-markdown-paragraph\"><strong>Suunnittelu ja kest\u00e4vyys<\/strong><br \/>\nAXIS T8120 on eritt\u00e4in kompakti, mitat 33 x 53 x 81 mm ja paino vain 450 grammaa.<\/p>\n<p class=\"ds-markdown-paragraph\">Pieni koko yhdistettyn\u00e4 useisiin kiinnitysvaihtoehtoihin (sein\u00e4, hylly tai DIN-kisko lis\u00e4varusteineen) tekee siit\u00e4 eritt\u00e4in monipuolisen ja helposti integroitavan mihin tahansa tilaan.<\/p>\n<p class=\"ds-markdown-paragraph\">LED-merkkivalo tarjoaa helpon visuaalisen vahvistuksen virransy\u00f6t\u00f6st\u00e4 ja tiedonsy\u00f6t\u00f6st\u00e4. Laite on suunniteltu toimimaan 0\u201340 \u00b0C:n l\u00e4mp\u00f6tilassa ja 10\u201390 %:n suhteellisessa kosteudessa (ei tiivistyv\u00e4).<\/p>\n<p class=\"ds-markdown-paragraph\"><strong>Turvallisuus ja hyv\u00e4ksynn\u00e4t<\/strong><br \/>\nAXIS T8120 on valmistettu korkeiden laatu- ja turvallisuusstandardien mukaisesti. Sill\u00e4 on asiaankuuluvat hyv\u00e4ksynn\u00e4t, kuten FCC, CE, UL ja TUV, mik\u00e4 varmistaa turvallisen ja luotettavan toiminnan kaupallisissa ymp\u00e4rist\u00f6iss\u00e4.<\/p>\n<p class=\"ds-markdown-paragraph\"><strong>Yhteenveto<\/strong><br \/>\nAXIS T8120 1-porttinen Midspan on t\u00e4ydellinen ratkaisu yhden PoE-laitteen nopeaan, helppoon ja kustannustehokkaaseen virransy\u00f6tt\u00f6\u00f6n.<\/p>\n<p class=\"ds-markdown-paragraph\">Sen luotettavuus, helppo asennus ja kompakti koko tekev\u00e4t siit\u00e4 erinomaisen valinnan verkon laajentamiseen ilman, ett\u00e4 tarvitsee investoida uuteen kytkimeen.<\/p>\n<p class=\"ds-markdown-paragraph\">Asensitpa sitten uuden kameran tai siirsit olemassa olevaa, t\u00e4m\u00e4 Midspan tarjoaa tarvitsemaasi joustavuutta.<\/p>\n<p class=\"ds-markdown-paragraph\"><strong>T\u00e4rkeimm\u00e4t tiedot:<\/strong><\/p>\n<ul>\n<li>\n<p class=\"ds-markdown-paragraph\"><strong>Tyyppi:<\/strong>\u00a01-porttinen PoE-injektori (Midspan)<\/p>\n<\/li>\n<li>\n<p class=\"ds-markdown-paragraph\"><strong>PoE-standardi:<\/strong>\u00a0IEEE 802.3af (PoE)<\/p>\n<\/li>\n<li>\n<p class=\"ds-markdown-paragraph\"><strong>Suurin teho:<\/strong>\u00a015,4 W porttia kohden<\/p>\n<\/li>\n<li>\n<p class=\"ds-markdown-paragraph\"><strong>Tiedonsiirto:<\/strong>\u00a010\/100\/1000 Mbps (gigabitti)<\/p>\n<\/li>\n<li>\n<p class=\"ds-markdown-paragraph\"><strong>Tuloj\u00e4nnite:<\/strong>\u00a0100\u2013240 V AC<\/p>\n<\/li>\n<li>\n<p class=\"ds-markdown-paragraph\"><strong>Asennus:<\/strong>\u00a0Sein\u00e4, hylly, DIN-kisko (lis\u00e4varuste)<\/p>\n<\/li>\n<li>\n<p class=\"ds-markdown-paragraph\"><strong>K\u00e4ytt\u00f6l\u00e4mp\u00f6tila:<\/strong>\u00a00\u201340 \u00b0C<\/p>\n<\/li>\n<\/ul>\n<div class=\"sc-bczRLJ fySwpa\">\n<div class=\"sc-bczRLJ kEeNDb\"><\/div>\n<\/div>","protected":false},"excerpt":{"rendered":"<p>AXIS T8120 Midspan 15 W on kompakti ja luotettava 1-porttinen PoE-injektori, joka toimittaa verkkolaitteelle virtaa ja dataa yhden Ethernet-kaapelin kautta.<\/p>\n<p>Se on IEEE 802.3af -standardin mukainen, ja se voi tuottaa jopa 15,4 W:n tehon, mik\u00e4 tekee siit\u00e4 ihanteellisen useimmille Axis-verkkokameroille ja muille PoE-yhteensopiville laitteille.<\/p>","protected":false},"featured_media":160165,"template":"","meta":{"_acf_changed":false},"product_brand":[],"product_cat":[4951],"product_tag":[],"class_list":{"0":"post-160166","1":"product","2":"type-product","3":"status-publish","4":"has-post-thumbnail","6":"product_cat-axis-natverksuttag-poe","7":"pa_brands-axis","8":"tm-no-options","10":"first","11":"onbackorder","12":"sale","13":"taxable","14":"shipping-taxable","15":"purchasable","16":"product-type-simple"},"acf":[],"_links":{"self":[{"href":"https:\/\/secureus.se\/fi\/wp-json\/wp\/v2\/product\/160166","targetHints":{"allow":["GET"]}}],"collection":[{"href":"https:\/\/secureus.se\/fi\/wp-json\/wp\/v2\/product"}],"about":[{"href":"https:\/\/secureus.se\/fi\/wp-json\/wp\/v2\/types\/product"}],"wp:featuredmedia":[{"embeddable":true,"href":"https:\/\/secureus.se\/fi\/wp-json\/wp\/v2\/media\/160165"}],"wp:attachment":[{"href":"https:\/\/secureus.se\/fi\/wp-json\/wp\/v2\/media?parent=160166"}],"wp:term":[{"taxonomy":"product_brand","embeddable":true,"href":"https:\/\/secureus.se\/fi\/wp-json\/wp\/v2\/product_brand?post=160166"},{"taxonomy":"product_cat","embeddable":true,"href":"https:\/\/secureus.se\/fi\/wp-json\/wp\/v2\/product_cat?post=160166"},{"taxonomy":"product_tag","embeddable":true,"href":"https:\/\/secureus.se\/fi\/wp-json\/wp\/v2\/product_tag?post=160166"}],"curies":[{"name":"wp","href":"https:\/\/api.w.org\/{rel}","templated":true}]}}