{"id":160176,"date":"2025-11-21T11:12:31","date_gmt":"2025-11-21T10:12:31","guid":{"rendered":"https:\/\/secureus.se\/?post_type=product&#038;p=160176"},"modified":"2026-04-23T12:59:27","modified_gmt":"2026-04-23T10:59:27","slug":"axis-q6075-e-60-hz-nm-dome-ptz-ip-kamera-hdtv-1080p-50-hz","status":"publish","type":"product","link":"https:\/\/secureus.se\/fi\/axis-q6075-e-60-hz-nm-dome-ptz-ip-kamera-hdtv-1080p-50-hz\/","title":{"rendered":"AXIS Q6075-E 60 Hz:n NM-kupoli PTZ IP -kamera, HDTV 1080p, 50 Hz"},"content":{"rendered":"<h1>AXIS Q6075-E 60 Hz:n NM-kupoli PTZ IP -kamera, HDTV 1080p, 50 Hz<\/h1>\n<p class=\"ds-markdown-paragraph\">AXIS Q6075-E PTZ -verkkokamera on kest\u00e4v\u00e4 ja tehokas ulkokamera, joka on suunniteltu vastaamaan laajojen valvontatilanteiden vaatimuksiin.<\/p>\n<p class=\"ds-markdown-paragraph\">Vaikuttavan 40x optisen zoominsa ja HDTV 1080p -resoluutionsa ansiosta se tarjoaa sek\u00e4 laajan yleiskuvan ett\u00e4 kyvyn tunnistaa t\u00e4rke\u00e4t yksityiskohdat et\u00e4\u00e4lt\u00e4, mik\u00e4 tekee siit\u00e4 ihanteellisen vaihtoehdon suurten alueiden, kuten teollisuusalueiden, pys\u00e4k\u00f6intialueiden, satama-alueiden ja julkisten paikkojen, suojaamiseen.<\/p>\n<p class=\"ds-markdown-paragraph\"><strong>Edistynyt PTZ-suorituskyky ja \u00e4lyk\u00e4s seuranta<\/strong><br \/>\nKameran fyysinen suorituskyky on erinomainen, ja se tarjoaa nopean ja tasaisen 360\u00b0 panoroinnin ja 220\u00b0 kallistuksen sek\u00e4 s\u00e4\u00e4dett\u00e4v\u00e4t zoomausnopeudet.<\/p>\n<p class=\"ds-markdown-paragraph\">N\u00e4kyvin ominaisuus on\u00a0<strong>Automaattinen seuranta 2<\/strong>, joka sis\u00e4lt\u00e4\u00e4 \u201dnapsauta ja seuraa\u201d -toiminnon. T\u00e4m\u00e4n avulla k\u00e4ytt\u00e4j\u00e4 voi yksinkertaisesti napsauttaa kohdetta reaaliaikaisessa n\u00e4kym\u00e4ss\u00e4, jolloin kamera alkaa automaattisesti seurata sen liikett\u00e4.<\/p>\n<p class=\"ds-markdown-paragraph\">\u201dSuunnistusapu\u201d tarjoaa visuaalisen viitteen kameran suunnan nopeaan ymm\u00e4rt\u00e4miseen reaaliajassa.<\/p>\n<p class=\"ds-markdown-paragraph\"><strong>Erinomainen kuvanlaatu kaikissa valaistusolosuhteissa<\/strong><br \/>\nAXIS Q6075-E on varustettu\u00a0<strong>Axis Lightfinder 2.0<\/strong>tekniikka, joka varmistaa, ett\u00e4 kamera tuottaa v\u00e4rikk\u00e4it\u00e4, ter\u00e4vi\u00e4 ja k\u00e4ytt\u00f6kelpoisia kuvia my\u00f6s eritt\u00e4in h\u00e4m\u00e4r\u00e4ss\u00e4.<\/p>\n<p class=\"ds-markdown-paragraph\">Se k\u00e4sittelee my\u00f6s suurikontrastisia tilanteita jopa 120 dB:n laajan dynaamisen alueen (WDR) ansiosta. Kuvanvakautus (EIS) kompensoi t\u00e4rin\u00e4\u00e4 ja tuulta, mik\u00e4 tuottaa vakaita videoleikkeit\u00e4.<\/p>\n<p class=\"ds-markdown-paragraph\"><strong>Sis\u00e4\u00e4nrakennettu analytiikka ja huippuluokan kyberturvallisuus<\/strong><br \/>\nKamerassa on ARTPEC-7-piirisarja ja koneoppimisprosessointiyksikk\u00f6 (MLPU) \u00e4lyk\u00e4st\u00e4 reuna-analytiikkaa varten.<\/p>\n<p class=\"ds-markdown-paragraph\">Esiasennettu\u00a0<strong>AXIS-objektianalytiikka<\/strong>\u00a0pystyy havaitsemaan ihmisi\u00e4 ja ajoneuvoja, ja niit\u00e4 voidaan k\u00e4ytt\u00e4\u00e4 esimerkiksi linjan ylitt\u00e4misess\u00e4 ja kiellettyjen alueiden ylitt\u00e4misess\u00e4.<\/p>\n<p class=\"ds-markdown-paragraph\">J\u00e4rjestelm\u00e4n eheyden suojaamiseksi kamerassa on laitteistopohjainen suojausalusta\u00a0<strong>Axis Edge -holvi<\/strong>\u00a0TPM 2.0 -moduulilla, joka on\u00a0<strong>FIPS 140-2 -tason 2 sertifioitu<\/strong>.<\/p>\n<p class=\"ds-markdown-paragraph\">T\u00e4m\u00e4 varmistaa turvallisen k\u00e4ynnistyksen, allekirjoitetun laiteohjelmiston ja suojaa kameran identiteetti\u00e4 ja tietoja.<\/p>\n<p class=\"ds-markdown-paragraph\"><strong>Kest\u00e4v\u00e4 rakenne \u00e4\u00e4rimm\u00e4isiin ulko-olosuhteisiin<\/strong><br \/>\nIP66\/IP67-luokitellun kotelon, NEMA 4X- ja IK10-luokituksen ansiosta t\u00e4m\u00e4 kamera on rakennettu kest\u00e4m\u00e4\u00e4n ja toimimaan \u00e4\u00e4rimm\u00e4isiss\u00e4 s\u00e4\u00e4olosuhteissa, kuten sateessa, p\u00f6lyss\u00e4 ja fyysisess\u00e4 rasituksessa.<\/p>\n<p class=\"ds-markdown-paragraph\">Se on suunniteltu my\u00f6s arktisiin ilmastoihin, ja sen arktinen l\u00e4mp\u00f6tilans\u00e4\u00e4t\u00f6 mahdollistaa k\u00e4ynnistyksen jopa -40 \u00b0C:ssa.<\/p>\n<p class=\"ds-markdown-paragraph\">Se tulee omalla\u00a0<strong>Axis High PoE 60 W SFP keskispan<\/strong>\u00a0varmistaakseen luotettavan virransy\u00f6t\u00f6n pitkill\u00e4 et\u00e4isyyksill\u00e4.<\/p>\n<p class=\"ds-markdown-paragraph\"><strong>Yhteenveto<\/strong><br \/>\nAXIS Q6075-E on ensiluokkainen valinta ammattimaisiin ulkovalvontatarpeisiin, joissa pitk\u00e4 kantama, \u00e4lyk\u00e4s seuranta ja ehdoton luotettavuus ovat olennaisia.<\/p>\n<p class=\"ds-markdown-paragraph\">Sen optisen tehon, edistyneen kuvank\u00e4sittelyn, ennakoivan analyysin ja ly\u00f6m\u00e4tt\u00f6m\u00e4n kest\u00e4vyyden yhdistelm\u00e4 tekee siit\u00e4 nykyaikaisten turvaj\u00e4rjestelmien kulmakiven.<\/p>\n<p class=\"ds-markdown-paragraph\"><strong>T\u00e4rkeimm\u00e4t tiedot:<\/strong><\/p>\n<ul>\n<li>\n<p class=\"ds-markdown-paragraph\"><strong>Anturi:<\/strong>\u00a01\/2,8 tuuman progressiivinen CMOS-kenno<\/p>\n<\/li>\n<li>\n<p class=\"ds-markdown-paragraph\"><strong>Tavoite:<\/strong>\u00a04,25\u2013170 mm, F1,6\u20134,95, 40-kertainen optinen zoom<\/p>\n<\/li>\n<li>\n<p class=\"ds-markdown-paragraph\"><strong>PTZ-kamera:<\/strong>\u00a0360\u00b0 panorointi, 220\u00b0 kallistus, Autotracking 2<\/p>\n<\/li>\n<li>\n<p class=\"ds-markdown-paragraph\"><strong>Kuvatekniikka:<\/strong>\u00a0Lightfinder 2.0, WDR (jopa 120 dB)<\/p>\n<\/li>\n<li>\n<p class=\"ds-markdown-paragraph\"><strong>Analyysi:<\/strong>\u00a0AXIS-objektianalytiikka (ihmiset, ajoneuvot)<\/p>\n<\/li>\n<li>\n<p class=\"ds-markdown-paragraph\"><strong>Kyberturvallisuus:<\/strong>\u00a0Axis Edge Vault, TPM (FIPS 140-2 taso 2)<\/p>\n<\/li>\n<li>\n<p class=\"ds-markdown-paragraph\"><strong>Suojausluokka:<\/strong>\u00a0IP66\/IP67, IK10, NEMA 4X<\/p>\n<\/li>\n<li>\n<p class=\"ds-markdown-paragraph\"><strong>Virtal\u00e4hde:<\/strong>\u00a0Sis\u00e4lt\u00e4\u00e4 60 W:n High PoE Midspan -liit\u00e4nn\u00e4n<\/p>\n<\/li>\n<li>\n<p class=\"ds-markdown-paragraph\"><strong>Takuu:<\/strong>\u00a05 vuoden takuu<\/p>\n<\/li>\n<\/ul>\n<div class=\"sc-bczRLJ fySwpa\">\n<div class=\"sc-bczRLJ kEeNDb\"><\/div>\n<\/div>","protected":false},"excerpt":{"rendered":"<p>AXIS Q6075-E on tehokas PTZ-kamera vaativiin ulkoymp\u00e4rist\u00f6ihin.<\/p>\n<p>Se tarjoaa ter\u00e4vi\u00e4 kuvia HDTV 1080p -laadulla ja poikkeuksellisen 40-kertaisen optisen zoomin, jonka avulla voit ottaa yksityiskohtaisia l\u00e4hikuvia kaukaa.<\/p>\n<p>Kamerassa on edistynyt Autotracking 2 -toiminto ja &quot;click and track&quot; -toiminto, joka seuraa ja seuraa liikkuvia kohteita automaattisesti varmistaakseen, ettei mik\u00e4\u00e4n t\u00e4rke\u00e4 tapahtuma j\u00e4\u00e4 huomaamatta.<\/p>","protected":false},"featured_media":160173,"template":"","meta":{"_acf_changed":false},"product_brand":[],"product_cat":[4948,4952],"product_tag":[],"class_list":{"0":"post-160176","1":"product","2":"type-product","3":"status-publish","4":"has-post-thumbnail","6":"product_cat-axis-kamerasystem","7":"product_cat-axis-ptz-kamera","8":"pa_brands-axis","9":"tm-no-options","11":"first","12":"onbackorder","13":"sale","14":"taxable","15":"shipping-taxable","16":"purchasable","17":"product-type-simple"},"acf":[],"_links":{"self":[{"href":"https:\/\/secureus.se\/fi\/wp-json\/wp\/v2\/product\/160176","targetHints":{"allow":["GET"]}}],"collection":[{"href":"https:\/\/secureus.se\/fi\/wp-json\/wp\/v2\/product"}],"about":[{"href":"https:\/\/secureus.se\/fi\/wp-json\/wp\/v2\/types\/product"}],"wp:featuredmedia":[{"embeddable":true,"href":"https:\/\/secureus.se\/fi\/wp-json\/wp\/v2\/media\/160173"}],"wp:attachment":[{"href":"https:\/\/secureus.se\/fi\/wp-json\/wp\/v2\/media?parent=160176"}],"wp:term":[{"taxonomy":"product_brand","embeddable":true,"href":"https:\/\/secureus.se\/fi\/wp-json\/wp\/v2\/product_brand?post=160176"},{"taxonomy":"product_cat","embeddable":true,"href":"https:\/\/secureus.se\/fi\/wp-json\/wp\/v2\/product_cat?post=160176"},{"taxonomy":"product_tag","embeddable":true,"href":"https:\/\/secureus.se\/fi\/wp-json\/wp\/v2\/product_tag?post=160176"}],"curies":[{"name":"wp","href":"https:\/\/api.w.org\/{rel}","templated":true}]}}