{"id":160189,"date":"2025-11-21T11:12:31","date_gmt":"2025-11-21T10:12:31","guid":{"rendered":"https:\/\/secureus.se\/?post_type=product&#038;p=160189"},"modified":"2026-04-09T11:18:13","modified_gmt":"2026-04-09T09:18:13","slug":"axis-a9210-relamodul-for-i-o-i-natverk","status":"publish","type":"product","link":"https:\/\/secureus.se\/fi\/axis-a9210-relamodul-for-i-o-i-natverk\/","title":{"rendered":"AXIS A9210 -verkon I\/O-relemoduuli"},"content":{"rendered":"<h1>AXIS A9210 -verkon I\/O-relemoduuli<\/h1>\n<p class=\"ds-markdown-paragraph\">AXIS A9210 -verkon I\/O-relemoduuli on hienostunut liit\u00e4nt\u00e4laite, joka on suunniteltu laajentamaan turvallisuus- ja kiinteist\u00f6nhallintaj\u00e4rjestelmien ominaisuuksia.<\/p>\n<p class=\"ds-markdown-paragraph\">Tarjoamalla useita tulo-\/l\u00e4ht\u00f6liit\u00e4nt\u00f6j\u00e4 yhdess\u00e4 verkkolaitteessa, se mahdollistaa erilaisten oheislaitteiden ja j\u00e4rjestelmien kattavan valvonnan ja ohjauksen.<\/p>\n<p class=\"ds-markdown-paragraph\"><strong>Kattava I\/O-konfiguraatio<\/strong><br \/>\nA9210 tarjoaa yhteens\u00e4 10 I\/O-porttia joustavilla kokoonpanovaihtoehdoilla:<\/p>\n<ul>\n<li>\n<p class=\"ds-markdown-paragraph\">2 konfiguroitavaa I\/O:ta, jotka voidaan asettaa joko tuloiksi tai l\u00e4ht\u00f6iksi<\/p>\n<\/li>\n<li>\n<p class=\"ds-markdown-paragraph\">5 erillist\u00e4 digitaalituloa valvontatoiminnolla (0\u201312 V DC, 4 tilaa)<\/p>\n<\/li>\n<li>\n<p class=\"ds-markdown-paragraph\">3 digitaalil\u00e4ht\u00f6\u00e4 (avoin tyhjennys, maks. 30 V DC, 100 mA kukin)<\/p>\n<\/li>\n<li>\n<p class=\"ds-markdown-paragraph\">1 C-tyypin relekosketin (NO\/NC), mitoitus 2 A @ 30 V DC<\/p>\n<\/li>\n<\/ul>\n<p class=\"ds-markdown-paragraph\">Valvotuissa tuloissa on ohjelmoitavat p\u00e4\u00e4tevastukset (1K, 2.2K, 4.7K ja 10K), jotka parantavat turvallisuutta havaitsemalla peukaloinnin tai kaapelikatkokset.<\/p>\n<p class=\"ds-markdown-paragraph\">Moduuli sis\u00e4lt\u00e4\u00e4 my\u00f6s 12 V:n tasavirtal\u00e4hteen (50 mA) liitettyjen laitteiden tukemista varten.<\/p>\n<p class=\"ds-markdown-paragraph\"><strong>Skaalautuva j\u00e4rjestelm\u00e4n laajennus<\/strong><br \/>\nA9210:n keskeinen etu on sen moniliit\u00e4nt\u00e4ominaisuus, joka mahdollistaa jopa 16 laajennusmoduulin liitt\u00e4misen yhden IP-yhteyden kautta.<\/p>\n<p class=\"ds-markdown-paragraph\">T\u00e4m\u00e4 skaalautuvuus mahdollistaa jopa 128 I\/O:n ja 64 releen tuen, mik\u00e4 tekee siit\u00e4 ihanteellisen laaja-alaisiin asennuksiin ilman lis\u00e4verkkoinfrastruktuuria.<\/p>\n<p class=\"ds-markdown-paragraph\"><strong>Vankka liitett\u00e4vyys ja integrointi<\/strong><br \/>\nModuuli sis\u00e4lt\u00e4\u00e4 RS485-portin Modbus-tuella, mik\u00e4 helpottaa integrointia teollisuuden ohjausj\u00e4rjestelmiin ja rakennusautomaatioon.<\/p>\n<p class=\"ds-markdown-paragraph\">Se tukee standardiverkkoprotokollia, kuten IPv4\/IPv6, HTTP\/HTTPS ja SNMP, mik\u00e4 varmistaa yhteensopivuuden useimpien tietoturva- ja hallintaj\u00e4rjestelmien kanssa.<\/p>\n<p class=\"ds-markdown-paragraph\">Axisin avoimille alustoille rakennettu A9210 tukee VAPIX API:a ja AXIS Camera Application Platformia (ACAP), mik\u00e4 mahdollistaa r\u00e4\u00e4t\u00e4l\u00f6ityjen sovellusten kehitt\u00e4misen ja saumattoman integroinnin Axisin videonhallintaj\u00e4rjestelmiin ja kolmansien osapuolten ratkaisuihin.<\/p>\n<p class=\"ds-markdown-paragraph\"><strong>Parannetut suojausominaisuudet<\/strong><br \/>\nTietoturvaa vahvistetaan Axis Edge Vaultilla, laitteistopohjaisella kyberturvallisuusalustalla, joka tarjoaa:<\/p>\n<ul>\n<li>\n<p class=\"ds-markdown-paragraph\">Suojattu k\u00e4ynnistys ja allekirjoitetun laiteohjelmiston varmennus<\/p>\n<\/li>\n<li>\n<p class=\"ds-markdown-paragraph\">Suojattu avains\u00e4il\u00f6 kryptografisia toimintoja varten<\/p>\n<\/li>\n<li>\n<p class=\"ds-markdown-paragraph\">FIPS 140-2 -sertifioitu laitteiston suojausmoduuli<\/p>\n<\/li>\n<li>\n<p class=\"ds-markdown-paragraph\">Salattu tiedostoj\u00e4rjestelm\u00e4 (AES-XTS-Plain64 256-bittinen)<\/p>\n<\/li>\n<\/ul>\n<p class=\"ds-markdown-paragraph\">N\u00e4m\u00e4 ominaisuudet varmistavat laitteen eheyden ja suojaavat luvattomalta k\u00e4yt\u00f6lt\u00e4 koko sen elinkaaren ajan.<\/p>\n<p class=\"ds-markdown-paragraph\"><strong>Kest\u00e4v\u00e4 rakenne ja joustava asennus<\/strong><br \/>\nKest\u00e4v\u00e4\u00e4n ter\u00e4skoteloon sijoitettu A9210 on suunniteltu vaativiin ymp\u00e4rist\u00f6ihin, ja sen k\u00e4ytt\u00f6l\u00e4mp\u00f6tila-alue on -40 \u00b0C - 55 \u00b0C.<\/p>\n<p class=\"ds-markdown-paragraph\">Se tukee useita asennusvaihtoehtoja, kuten sein\u00e4kiinnityst\u00e4 ja DIN-kiskoon asennusta, ja siin\u00e4 on v\u00e4rikoodatut, irrotettavat riviliittimet yksinkertaista johdotusta varten.<\/p>\n<p class=\"ds-markdown-paragraph\">Moduuli voidaan kytke\u00e4 virtal\u00e4hteeseen Power over Ethernetin (PoE+ IEEE 802.3at) tai 12 V:n tasavirtatulon kautta, mik\u00e4 tarjoaa joustavuutta asennuspaikoissa.<\/p>\n<p class=\"ds-markdown-paragraph\">Relel\u00e4ht\u00f6 tukee sek\u00e4 m\u00e4rk\u00e4- ett\u00e4 kuivakontakteja, mik\u00e4 mahdollistaa erilaiset ohjaussovellukset.<\/p>\n<p class=\"ds-markdown-paragraph\"><strong>Sovellusten monipuolisuus<\/strong><br \/>\nAXIS A9210 sopii lukuisiin sovelluksiin, mukaan lukien:<\/p>\n<ul>\n<li>\n<p class=\"ds-markdown-paragraph\">Kulunvalvontaj\u00e4rjestelm\u00e4n integrointi<\/p>\n<\/li>\n<li>\n<p class=\"ds-markdown-paragraph\">Ymp\u00e4rist\u00f6n seuranta (l\u00e4mp\u00f6tila, kosteus, veden havaitseminen)<\/p>\n<\/li>\n<li>\n<p class=\"ds-markdown-paragraph\">H\u00e4lytysj\u00e4rjestelm\u00e4n laajennus<\/p>\n<\/li>\n<li>\n<p class=\"ds-markdown-paragraph\">Teollisuusautomaatio<\/p>\n<\/li>\n<li>\n<p class=\"ds-markdown-paragraph\">Kiinteist\u00f6nhallintaj\u00e4rjestelm\u00e4t<\/p>\n<\/li>\n<li>\n<p class=\"ds-markdown-paragraph\">Keh\u00e4suojauksen parannukset<\/p>\n<\/li>\n<\/ul>\n<p class=\"ds-markdown-paragraph\"><strong>Yhteenveto<\/strong><br \/>\nAXIS A9210 -verkon I\/O-relemoduuli tarjoaa turvallisen, skaalautuvan ja monipuolisen ratkaisun j\u00e4rjestelm\u00e4n ominaisuuksien laajentamiseen videovalvonnan ulkopuolelle.<\/p>\n<p class=\"ds-markdown-paragraph\">Sen kattava I\/O-konfiguraatio, vankat tietoturvaominaisuudet ja joustavat integrointivaihtoehdot tekev\u00e4t siit\u00e4 olennaisen komponentin nykyaikaisissa tietoturva- ja automaatioj\u00e4rjestelmiss\u00e4, mahdollistaen eri laitteiden ja antureiden keskitetyn valvonnan ja ohjauksen yhden verkkoyhteyden kautta.<\/p>\n<p class=\"ds-markdown-paragraph\"><strong>T\u00e4rkeimm\u00e4t tekniset tiedot:<\/strong><\/p>\n<ul>\n<li>\n<p class=\"ds-markdown-paragraph\">I\/O-portit: Yhteens\u00e4 10 (2 konfiguroitavaa I\/O:ta, 5 tuloa, 3 l\u00e4ht\u00f6\u00e4)<\/p>\n<\/li>\n<li>\n<p class=\"ds-markdown-paragraph\">Rele: 1 C-tyypin kontakti (2A, 30V DC)<\/p>\n<\/li>\n<li>\n<p class=\"ds-markdown-paragraph\">Laajennus: Tukee jopa 128 I\/O:ta ja 64 relett\u00e4<\/p>\n<\/li>\n<li>\n<p class=\"ds-markdown-paragraph\">Liit\u00e4nn\u00e4t: Ethernet, RS485 (Modbus)<\/p>\n<\/li>\n<li>\n<p class=\"ds-markdown-paragraph\">Virta: PoE+ (IEEE 802.3at) tai 12 V DC<\/p>\n<\/li>\n<li>\n<p class=\"ds-markdown-paragraph\">Tietoturva: Axis Edge Vault ja turvallinen k\u00e4ynnistys<\/p>\n<\/li>\n<li>\n<p class=\"ds-markdown-paragraph\">K\u00e4ytt\u00f6l\u00e4mp\u00f6tila: -40 \u00b0C - 55 \u00b0C<\/p>\n<\/li>\n<li>\n<p class=\"ds-markdown-paragraph\">Asennus: Sein\u00e4lle tai DIN-kiskoon<\/p>\n<\/li>\n<li>\n<p class=\"ds-markdown-paragraph\">Takuu: 5 vuoden takuu<\/p>\n<\/li>\n<\/ul>\n<div class=\"sc-bczRLJ fySwpa\">\n<div class=\"sc-bczRLJ kEeNDb\"><\/div>\n<\/div>","protected":false},"excerpt":{"rendered":"<p>AXIS A9210 -verkon I\/O-relemoduuli laajentaa turvaj\u00e4rjestelmien toiminnallisuutta tarjoamalla 10 konfiguroitavaa I\/O-porttia, mukaan lukien 5 valvottua tuloa, 3 l\u00e4ht\u00f6\u00e4 ja 1 C-tyypin relel\u00e4hd\u00f6n.<\/p>\n<p>T\u00e4m\u00e4 monipuolinen laite mahdollistaa integroinnin erilaisiin antureihin, h\u00e4lytysj\u00e4rjestelmiin ja ohjausj\u00e4rjestelmiin, mik\u00e4 mahdollistaa ymp\u00e4rist\u00f6antureiden, h\u00e4lytyspainikkeiden ja muiden turvalaitteiden valvonnan.<\/p>","protected":false},"featured_media":160186,"template":"","meta":{"_acf_changed":false},"product_brand":[],"product_cat":[4956],"product_tag":[],"class_list":{"0":"post-160189","1":"product","2":"type-product","3":"status-publish","4":"has-post-thumbnail","6":"product_cat-ovrigt-fran-axis","7":"pa_brands-axis","8":"pa_farg-vit","9":"tm-no-options","11":"first","12":"instock","13":"sale","14":"taxable","15":"shipping-taxable","16":"purchasable","17":"product-type-simple"},"acf":[],"_links":{"self":[{"href":"https:\/\/secureus.se\/fi\/wp-json\/wp\/v2\/product\/160189","targetHints":{"allow":["GET"]}}],"collection":[{"href":"https:\/\/secureus.se\/fi\/wp-json\/wp\/v2\/product"}],"about":[{"href":"https:\/\/secureus.se\/fi\/wp-json\/wp\/v2\/types\/product"}],"wp:featuredmedia":[{"embeddable":true,"href":"https:\/\/secureus.se\/fi\/wp-json\/wp\/v2\/media\/160186"}],"wp:attachment":[{"href":"https:\/\/secureus.se\/fi\/wp-json\/wp\/v2\/media?parent=160189"}],"wp:term":[{"taxonomy":"product_brand","embeddable":true,"href":"https:\/\/secureus.se\/fi\/wp-json\/wp\/v2\/product_brand?post=160189"},{"taxonomy":"product_cat","embeddable":true,"href":"https:\/\/secureus.se\/fi\/wp-json\/wp\/v2\/product_cat?post=160189"},{"taxonomy":"product_tag","embeddable":true,"href":"https:\/\/secureus.se\/fi\/wp-json\/wp\/v2\/product_tag?post=160189"}],"curies":[{"name":"wp","href":"https:\/\/api.w.org\/{rel}","templated":true}]}}