{"id":160192,"date":"2025-11-21T11:12:31","date_gmt":"2025-11-21T10:12:31","guid":{"rendered":"https:\/\/secureus.se\/?post_type=product&#038;p=160192"},"modified":"2026-04-01T12:17:57","modified_gmt":"2026-04-01T10:17:57","slug":"axis-a8207-ve-mkll-dorrstation-for-natverksvideo-gra","status":"publish","type":"product","link":"https:\/\/secureus.se\/fi\/axis-a8207-ve-mkll-dorrstation-for-natverksvideo-gra\/","title":{"rendered":"AXIS A8207-VE MKll -verkkokameraovikoje, harmaa"},"content":{"rendered":"<h1>AXIS A8207-VE MKll -verkkokameraovikoje, harmaa<\/h1>\n<p class=\"ds-markdown-paragraph\">AXIS A8207-VE MkII -verkkovideo-ovikoje on monipuolinen ja \u00e4lyk\u00e4s sis\u00e4\u00e4nk\u00e4yntiratkaisu, joka yhdist\u00e4\u00e4 edistyneen videovalvonnan, \u00e4\u00e4niviestinn\u00e4n ja fyysisen kulunvalvonnan yhteen kompaktiin yksikk\u00f6\u00f6n.<\/p>\n<p class=\"ds-markdown-paragraph\">Se on suunniteltu parantamaan turvallisuutta ja tehokkuutta sis\u00e4\u00e4nk\u00e4ynneill\u00e4, joilla on paljon liikennett\u00e4, johon kuuluu sek\u00e4 tunnettuja ty\u00f6ntekij\u00f6it\u00e4 ett\u00e4 vierailijoita.<\/p>\n<p class=\"ds-markdown-paragraph\"><strong>Edistynyt video- ja kuvanlaatu<\/strong><br \/>\nOvikojeen ytimess\u00e4 on 6 megapikselin sensori, jossa on kiinte\u00e4 1,56 mm:n linssi, joka tarjoaa poikkeuksellisen laajan 180\u00b0 vaakasuuntaisen n\u00e4k\u00f6kent\u00e4n. T\u00e4m\u00e4 poistaa katvealueet ja tarjoaa t\u00e4ydellisen n\u00e4kym\u00e4n ovessa olevista ihmisist\u00e4.<\/p>\n<p class=\"ds-markdown-paragraph\">Haastavien valaistusolosuhteiden k\u00e4sittelemiseksi se on varustettu jopa 120 dB:n Forensic WDR:ll\u00e4 (Wide Dynamic Range). Axis Zipstream -teknologia optimoi kaistanleveyden k\u00e4yt\u00f6n vaarantamatta t\u00e4rkeit\u00e4 visuaalisia yksityiskohtia.<\/p>\n<p class=\"ds-markdown-paragraph\"><strong>Kattava p\u00e4\u00e4synhallinta ja todennus<\/strong><br \/>\nIntegroitu monitaajuinen RFID-lukija tukee laajaa valikoimaa korttiteknologioita, mukaan lukien MiFARE Classic\/Plus\/DesFire, HID iCLASS ja HID Prox.<\/p>\n<p class=\"ds-markdown-paragraph\">Yhdess\u00e4 PIN-koodin sy\u00f6tt\u00f6n\u00e4pp\u00e4imist\u00f6n kanssa t\u00e4m\u00e4 mahdollistaa joustavat todennusmenetelm\u00e4t: kortti, tunniste, PIN-koodi tai ovikoodi. Tuki standardiprotokollille, kuten OSDP RS485:n kautta ja Wiegand, varmistaa helpon integroinnin useimpiin markkinoilla oleviin kulunvalvontaj\u00e4rjestelmiin.<\/p>\n<p class=\"ds-markdown-paragraph\"><strong>Laadullinen viestint\u00e4 ja k\u00e4ytt\u00e4jien vuorovaikutus<\/strong><br \/>\nOvikojeessa on sis\u00e4\u00e4nrakennettu kaksoismikrofoni, sis\u00e4\u00e4nrakennettu kaiutin 2 W:n vahvistimella ja erillinen 4 W:n vahvistin kuulokojeen silmukkaa varten.<\/p>\n<p class=\"ds-markdown-paragraph\">Se tarjoaa kaksisuuntaisen, t\u00e4ysin kaksisuuntaisen \u00e4\u00e4niviestinn\u00e4n edistyneell\u00e4 kaiunvaimennuksella ja kohinanvaimennuksella kristallinkirkkaita keskusteluja varten. K\u00e4ytt\u00e4j\u00e4n ymm\u00e4rryst\u00e4 parannetaan entisest\u00e4\u00e4n v\u00e4litt\u00f6m\u00e4ll\u00e4 visuaalisella palautteella (valaistuilla symboleilla, ilmaisinliuskalla) ja \u00e4\u00e4nimerkill\u00e4.<\/p>\n<p class=\"ds-markdown-paragraph\"><strong>Vankka integraatio ja kyberturvallisuus<\/strong><br \/>\nAvoimien standardien pohjalta rakennettu laite tukee VAPIX API:a, ONVIF Profile S:\u00e4\u00e4 ja G:t\u00e4 sek\u00e4 Session Initiation Protocol (SIP) -protokollaa, joka mahdollistaa suoran integroinnin VoIP-j\u00e4rjestelmiin ja PBX-puhelimiin.<\/p>\n<p class=\"ds-markdown-paragraph\">Kyberturvallisuutta parannetaan allekirjoitetulla laiteohjelmistolla, Secure Bootilla ja kattavalla valikoimalla verkon suojausominaisuuksia, jotka suojaavat laitetta ja tietoja luvattomalta k\u00e4yt\u00f6lt\u00e4.<\/p>\n<p class=\"ds-markdown-paragraph\"><strong>Kest\u00e4v\u00e4 rakenne ja monipuolisuus<\/strong><br \/>\nIP66- ja IK08-luokitellun alumiini- ja polykarbonaattikotelon ansiosta laite kest\u00e4\u00e4 s\u00e4\u00e4olosuhteita ja fyysist\u00e4 rasitusta.<\/p>\n<p class=\"ds-markdown-paragraph\">Se voi saada virransy\u00f6t\u00f6n PoE\/PoE+:n tai 8\u201328 V:n tasavirran kautta, mik\u00e4 tarjoaa joustavuutta asennuksessa. MicroHDMI-l\u00e4hd\u00f6n avulla voit suoratoistaa reaaliaikaista videota l\u00e4hell\u00e4 olevaan n\u00e4ytt\u00f6\u00f6n julkista katselua varten.<\/p>\n<p class=\"ds-markdown-paragraph\"><strong>Yhteenveto<\/strong><br \/>\nAXIS A8207-VE MkII on enemm\u00e4n kuin ovikoje; se on keskeinen osa nykyaikaista turvaj\u00e4rjestelm\u00e4\u00e4.<\/p>\n<p class=\"ds-markdown-paragraph\">Sen kyky yhdist\u00e4\u00e4 saumattomasti ter\u00e4v\u00e4piirtovideo, \u00e4lyk\u00e4s analytiikka, tehokas kulunvalvonta ja selke\u00e4 viestint\u00e4 tekee siit\u00e4 ihanteellisen valinnan turvallisten, tehokkaiden ja k\u00e4ytt\u00e4j\u00e4yst\u00e4v\u00e4llisten sis\u00e4\u00e4nk\u00e4yntien luomiseen toimistoihin, kouluihin, sairaaloihin ja julkisiin rakennuksiin.<\/p>\n<p class=\"ds-markdown-paragraph\"><strong>T\u00e4rkeimm\u00e4t tiedot:<\/strong><\/p>\n<ul>\n<li>\n<p class=\"ds-markdown-paragraph\"><strong>Kamera:<\/strong>\u00a06 megapikseli\u00e4, 180\u00b0 vaakasuuntainen kuva-ala<\/p>\n<\/li>\n<li>\n<p class=\"ds-markdown-paragraph\"><strong>Todennus:<\/strong>\u00a0RFID (13,56 MHz ja 125 kHz), PIN-koodi<\/p>\n<\/li>\n<li>\n<p class=\"ds-markdown-paragraph\"><strong>\u00c4\u00e4ni:<\/strong>\u00a0Kaksisuuntainen \u00e4\u00e4ni kaiunvaimennuksella, kuulokojesilmukka<\/p>\n<\/li>\n<li>\n<p class=\"ds-markdown-paragraph\"><strong>Integrointi:<\/strong>\u00a0SIP, ONVIF, VAPIX, OSDP, Wiegand<\/p>\n<\/li>\n<li>\n<p class=\"ds-markdown-paragraph\"><strong>Liit\u00e4nn\u00e4t:<\/strong>\u00a0PoE\/PoE+, I\/O, releet, RS485, microHDMI<\/p>\n<\/li>\n<li>\n<p class=\"ds-markdown-paragraph\"><strong>Suojausluokka:<\/strong>\u00a0IP66, IK08, NEMA 4X<\/p>\n<\/li>\n<li>\n<p class=\"ds-markdown-paragraph\"><strong>Turvallisuus:<\/strong>\u00a0Allekirjoitettu laiteohjelmisto, suojattu k\u00e4ynnistys<\/p>\n<\/li>\n<li>\n<p class=\"ds-markdown-paragraph\"><strong>Takuu:<\/strong>\u00a05 vuoden takuu<\/p>\n<\/li>\n<\/ul>\n<div class=\"sc-bczRLJ gTFQwC\"><\/div>","protected":false},"excerpt":{"rendered":"<p>AXIS A8207-VE MkII on edistynyt verkkoon kytkett\u00e4v\u00e4 ovikoje, joka yhdist\u00e4\u00e4 videovalvonnan, kaksisuuntaisen viestinn\u00e4n ja kulunvalvonnan yhteen laitteeseen.<\/p>\n<p>Se on varustettu 6 megapikselin kameralla, jossa on 180 asteen laajakulma, joka tarjoaa erinomaisen kuvapeiton sis\u00e4\u00e4nk\u00e4ynneill\u00e4.<\/p>\n<p>Integroitu RFID-lukija tukee useita taajuuksia ja korttityyppej\u00e4, mukaan lukien HID iClass, mik\u00e4 mahdollistaa saumattoman integroinnin olemassa oleviin kulunvalvontaj\u00e4rjestelmiin.<\/p>","protected":false},"featured_media":160190,"template":"","meta":{"_acf_changed":false},"product_brand":[],"product_cat":[4956],"product_tag":[],"class_list":{"0":"post-160192","1":"product","2":"type-product","3":"status-publish","4":"has-post-thumbnail","6":"product_cat-ovrigt-fran-axis","7":"pa_brands-axis","8":"pa_farg-gra","9":"tm-no-options","11":"first","12":"onbackorder","13":"sale","14":"taxable","15":"shipping-taxable","16":"purchasable","17":"product-type-simple"},"acf":[],"_links":{"self":[{"href":"https:\/\/secureus.se\/fi\/wp-json\/wp\/v2\/product\/160192","targetHints":{"allow":["GET"]}}],"collection":[{"href":"https:\/\/secureus.se\/fi\/wp-json\/wp\/v2\/product"}],"about":[{"href":"https:\/\/secureus.se\/fi\/wp-json\/wp\/v2\/types\/product"}],"wp:featuredmedia":[{"embeddable":true,"href":"https:\/\/secureus.se\/fi\/wp-json\/wp\/v2\/media\/160190"}],"wp:attachment":[{"href":"https:\/\/secureus.se\/fi\/wp-json\/wp\/v2\/media?parent=160192"}],"wp:term":[{"taxonomy":"product_brand","embeddable":true,"href":"https:\/\/secureus.se\/fi\/wp-json\/wp\/v2\/product_brand?post=160192"},{"taxonomy":"product_cat","embeddable":true,"href":"https:\/\/secureus.se\/fi\/wp-json\/wp\/v2\/product_cat?post=160192"},{"taxonomy":"product_tag","embeddable":true,"href":"https:\/\/secureus.se\/fi\/wp-json\/wp\/v2\/product_tag?post=160192"}],"curies":[{"name":"wp","href":"https:\/\/api.w.org\/{rel}","templated":true}]}}