{"id":160202,"date":"2025-11-21T11:12:31","date_gmt":"2025-11-21T10:12:31","guid":{"rendered":"https:\/\/secureus.se\/?post_type=product&#038;p=160202"},"modified":"2026-04-01T12:14:52","modified_gmt":"2026-04-01T10:14:52","slug":"axis-d2110-ve-sakerhetsradar-med-180-24-7-tackning-och-inbyggd-analys","status":"publish","type":"product","link":"https:\/\/secureus.se\/fi\/axis-d2110-ve-sakerhetsradar-med-180-24-7-tackning-och-inbyggd-analys\/","title":{"rendered":"AXIS D2110-VE -turvatutka, jossa on 180\u00b0:n 24\/7-peitto ja sis\u00e4\u00e4nrakennettu analytiikka"},"content":{"rendered":"<h1>AXIS D2110-VE -turvatutka, jossa on 180\u00b0:n 24\/7-peitto ja sis\u00e4\u00e4nrakennettu analytiikka<\/h1>\n<div class=\"dad65929\">\n<div class=\"_4f9bf79 d7dc56a8\">\n<div class=\"ds-message _63c77b1\">\n<div class=\"ds-markdown\">\n<div class=\"dad65929\">\n<div class=\"_4f9bf79 d7dc56a8 _43c05b5\">\n<div class=\"ds-message _63c77b1\">\n<div class=\"ds-markdown\">\n<p class=\"ds-markdown-paragraph\">AXIS D2110-VE -turvatutka on merkitt\u00e4v\u00e4 edistysaskel l\u00e4hiverkon suojauksessa, sill\u00e4 se tarjoaa \u00e4lykk\u00e4\u00e4n, verkkopohjaisen ratkaisun, joka hy\u00f6dynt\u00e4\u00e4 edistynytt\u00e4 taajuusmoduloitua jatkuvan aallon (FMCW) tutkateknologiaa.<\/p>\n<p class=\"ds-markdown-paragraph\">Se on suunniteltu 24\/7-k\u00e4ytt\u00f6\u00f6n ja tarjoaa laajan 180\u00b0:n peiton, mik\u00e4 tekee siit\u00e4 korvaamattoman ty\u00f6kalun ulkoalueiden, kuten teollisuuspuistojen, pys\u00e4k\u00f6intialueiden ja lastauslaitureiden, suojaamiseen jopa pime\u00e4ss\u00e4 tai \u00e4\u00e4rimm\u00e4isiss\u00e4 s\u00e4\u00e4olosuhteissa.<\/p>\n<p class=\"ds-markdown-paragraph\">D2110-VE:n ydinvahvuuksia ovat sen kehittyneet sis\u00e4\u00e4nrakennetut analytiikkaominaisuudet. Kone- ja syv\u00e4oppimisalgoritmeja hy\u00f6dynt\u00e4en kehitetty analytiikka mahdollistaa laitteen paitsi liikkeen havaitsemisen my\u00f6s kohteiden, kuten ihmisten, ajoneuvojen tai tuntemattomien tyyppien, tarkan luokittelun.<\/p>\n<p class=\"ds-markdown-paragraph\">T\u00e4m\u00e4 tarkka luokittelu yhdistettyn\u00e4 kykyyn seurata kohteen et\u00e4isyytt\u00e4, suuntaa ja nopeutta johtaa dramaattisesti pienemp\u00e4\u00e4n v\u00e4\u00e4rien h\u00e4lytysten m\u00e4\u00e4r\u00e4\u00e4n.<\/p>\n<p class=\"ds-markdown-paragraph\">T\u00e4m\u00e4 antaa turvallisuushenkil\u00f6st\u00f6lle mahdollisuuden keskitty\u00e4 todellisiin uhkiin, mik\u00e4 parantaa toiminnan tehokkuutta ja vasteaikaa.<\/p>\n<p class=\"ds-markdown-paragraph\">Tutka tarjoaa kaksi erikoistunutta valvontaprofiilia. \u201dAluevalvontaprofiili\u201d on optimoitu yleiseen keh\u00e4suojaukseen ja havaitsee ihmiset 3\u201360 metrin et\u00e4isyydelt\u00e4 ja ajoneuvot 3\u201385 metrin et\u00e4isyydelt\u00e4.<\/p>\n<p class=\"ds-markdown-paragraph\">\u201dTienvalvontaprofiili\u201d on r\u00e4\u00e4t\u00e4l\u00f6ity liikenteen seurantaan ja se seuraa tehokkaasti ajoneuvoja jopa 105 km\/h nopeuksilla 30\u201360 metrin et\u00e4isyyksill\u00e4.<\/p>\n<p class=\"ds-markdown-paragraph\">Laajan, vaakasuunnassa 180 asteen tunnistuskent\u00e4n ansiosta yksi yksikk\u00f6 voi kattaa jopa 11 300 m\u00b2 ajoneuvoja, mik\u00e4 varmistaa suurten alueiden suojauksen v\u00e4hemm\u00e4ll\u00e4 laitteella.<\/p>\n<p class=\"ds-markdown-paragraph\">Integrointi ja skaalautuvuus ovat saumattomia D2110-VE:n kanssa. Sen &quot;\u00e4lyk\u00e4s rinnakkaiselo&quot; -ominaisuus mahdollistaa useiden tutkien asentamisen l\u00e4helle toisiaan ilman keskin\u00e4isi\u00e4 h\u00e4iri\u00f6it\u00e4.<\/p>\n<p class=\"ds-markdown-paragraph\">Esimerkiksi kaksi yksikk\u00f6\u00e4 voidaan asentaa sel\u00e4kk\u00e4in t\u00e4yden 360\u00b0:n peiton saavuttamiseksi. PoE-l\u00e4ht\u00f6portin sis\u00e4llytt\u00e4minen yksinkertaistaa asennusta ja v\u00e4hent\u00e4\u00e4 kaapelisotkua, koska tutka voi sy\u00f6tt\u00e4\u00e4 virtaa lis\u00e4laitteelle, kuten kameralle visuaalista vahvistusta varten tai verkkokaiuttimelle \u00e4\u00e4nipelotetta varten.<\/p>\n<p class=\"ds-markdown-paragraph\">Kest\u00e4v\u00e4ksi rakennetussa yksik\u00f6ss\u00e4 on IP66-, IK08- ja NEMA 4X -luokiteltu kotelo, joka suojaa p\u00f6lylt\u00e4, vedelt\u00e4 ja fyysisilt\u00e4 iskuilta.<\/p>\n<p class=\"ds-markdown-paragraph\">Se toimii luotettavasti \u00e4\u00e4rimm\u00e4isiss\u00e4 l\u00e4mp\u00f6tiloissa -40 \u00b0C - 60 \u00b0C. Virtal\u00e4hdevaihtoehdot ovat joustavia ja tukevat Power over Etherneti\u00e4 (IEEE 802.3at tai 802.3bt PoE-l\u00e4ht\u00f6\u00e4 varten) tai 8\u201328 V DC -tuloa.<\/p>\n<p class=\"ds-markdown-paragraph\">J\u00e4rjestelm\u00e4integraation n\u00e4k\u00f6kulmasta D2110-VE on eritt\u00e4in monipuolinen. Se tukee avoimia API-rajapintoja, kuten VAPIX\u00ae ja AXIS Camera Application Platform (ACAP), mik\u00e4 mahdollistaa kolmansien osapuolten sovellusten ja mukautettujen ratkaisujen asentamisen.<\/p>\n<p class=\"ds-markdown-paragraph\">Se tarjoaa my\u00f6s yhden napsautuksen yhteyden ONVIF-profiileihin, mik\u00e4 helpottaa integrointia erilaisiin VMS-j\u00e4rjestelmiin (videonhallintaj\u00e4rjestelmiin).<\/p>\n<p class=\"ds-markdown-paragraph\">Laite voi laukaista erilaisia toimintoja havaittujen tapahtumien perusteella, kuten l\u00e4hett\u00e4\u00e4 s\u00e4hk\u00f6posti-ilmoituksia, aktivoida ulkoisia l\u00e4ht\u00f6j\u00e4 tai aloittaa tallennuksen &quot;reunatallennukseen&quot; microSD-kortin tai NAS-laitteen kautta.<\/p>\n<p class=\"ds-markdown-paragraph\">PTZ-kameroille tarkoitettujen tukiohjelmistojen, kuten AXIS Radar Autotrackingin, avulla tutka voi ohjata PTZ-kameran havaitun tunkeilijan sijaintiin v\u00e4lit\u00f6nt\u00e4 visuaalista vahvistusta varten.<\/p>\n<p class=\"ds-markdown-paragraph\">T\u00e4m\u00e4 luo tehokkaan, automatisoidun valvontaj\u00e4rjestelm\u00e4n, joka parantaa tilannetajua.<\/p>\n<p class=\"ds-markdown-paragraph\">Yhteenvetona voidaan todeta, ett\u00e4 AXIS D2110-VE -turvatutka on vankka, \u00e4lyk\u00e4s ja monipuolinen ratkaisu nykyaikaisiin turvallisuustarpeisiin.<\/p>\n<p class=\"ds-markdown-paragraph\">Sen luotettavan tutkatunnistuksen, tarkan analyysin, v\u00e4h\u00e4isten v\u00e4\u00e4rien h\u00e4lytysten ja helpon integroinnin yhdistelm\u00e4 tekee siit\u00e4 erinomaisen valinnan organisaatioille, jotka haluavat vahvistaa ymp\u00e4rist\u00f6n suojausta ja varmistaa omaisuutensa ja ihmistens\u00e4 turvallisuuden kellon ymp\u00e4ri.<\/p>\n<p class=\"ds-markdown-paragraph\"><strong>T\u00e4rkeimm\u00e4t tiedot:<\/strong><\/p>\n<ul>\n<li>\n<p class=\"ds-markdown-paragraph\"><strong>Tekniikka:<\/strong>\u00a0Vaiheistettu FMCW-tutka<\/p>\n<\/li>\n<li>\n<p class=\"ds-markdown-paragraph\"><strong>Kattavuus:<\/strong>\u00a0180\u00b0<\/p>\n<\/li>\n<li>\n<p class=\"ds-markdown-paragraph\"><strong>Suurin kantama:<\/strong>\u00a085 m ajoneuvoille<\/p>\n<\/li>\n<li>\n<p class=\"ds-markdown-paragraph\"><strong>Luokitus:<\/strong>\u00a0Ihmiset, ajoneuvot<\/p>\n<\/li>\n<li>\n<p class=\"ds-markdown-paragraph\"><strong>Virtal\u00e4hde:<\/strong>\u00a0PoE (IEEE 802.3at\/bt) tai 8\u201328 V DC<\/p>\n<\/li>\n<li>\n<p class=\"ds-markdown-paragraph\"><strong>Suojausluokka:<\/strong>\u00a0IP66, IK08, NEMA 4X<\/p>\n<\/li>\n<li>\n<p class=\"ds-markdown-paragraph\"><strong>Takuu:<\/strong>\u00a05 vuoden takuu<\/p>\n<\/li>\n<\/ul>\n<\/div>\n<\/div>\n<\/div>\n<\/div>\n<\/div>\n<\/div>\n<\/div>\n<\/div>","protected":false},"excerpt":{"rendered":"<p>AXIS D2110-VE Security Radar on \u00e4lyk\u00e4s, verkkoon perustuva turvalaite, joka hy\u00f6dynt\u00e4\u00e4 edistynytt\u00e4 tutkateknologiaa tarjotakseen luotettavan 180\u00b0 alueen peiton ymp\u00e4ri kellon.<\/p>\n<p>Sen sis\u00e4\u00e4nrakennettu, koneoppimiseen perustuva analytiikka tunnistaa, luokittelee ja seuraa ihmisi\u00e4 ja ajoneuvoja luotettavasti eritt\u00e4in alhaisella v\u00e4\u00e4rien h\u00e4lytysten m\u00e4\u00e4r\u00e4ll\u00e4.<\/p>\n<p>Se sopii erinomaisesti ulkoalueiden, kuten teollisuuslaitosten, pys\u00e4k\u00f6intialueiden ja lastauslaitureiden, suojaamiseen ty\u00f6ajan j\u00e4lkeen ja varmistaa jatkuvan valvonnan valo- tai s\u00e4\u00e4olosuhteista riippumatta.<\/p>","protected":false},"featured_media":160197,"template":"","meta":{"_acf_changed":false},"product_brand":[],"product_cat":[4953],"product_tag":[],"class_list":{"0":"post-160202","1":"product","2":"type-product","3":"status-publish","4":"has-post-thumbnail","6":"product_cat-axis-radar","7":"pa_brands-axis","8":"pa_farg-vit","9":"tm-no-options","11":"first","12":"onbackorder","13":"sale","14":"taxable","15":"shipping-taxable","16":"purchasable","17":"product-type-simple"},"acf":[],"_links":{"self":[{"href":"https:\/\/secureus.se\/fi\/wp-json\/wp\/v2\/product\/160202","targetHints":{"allow":["GET"]}}],"collection":[{"href":"https:\/\/secureus.se\/fi\/wp-json\/wp\/v2\/product"}],"about":[{"href":"https:\/\/secureus.se\/fi\/wp-json\/wp\/v2\/types\/product"}],"wp:featuredmedia":[{"embeddable":true,"href":"https:\/\/secureus.se\/fi\/wp-json\/wp\/v2\/media\/160197"}],"wp:attachment":[{"href":"https:\/\/secureus.se\/fi\/wp-json\/wp\/v2\/media?parent=160202"}],"wp:term":[{"taxonomy":"product_brand","embeddable":true,"href":"https:\/\/secureus.se\/fi\/wp-json\/wp\/v2\/product_brand?post=160202"},{"taxonomy":"product_cat","embeddable":true,"href":"https:\/\/secureus.se\/fi\/wp-json\/wp\/v2\/product_cat?post=160202"},{"taxonomy":"product_tag","embeddable":true,"href":"https:\/\/secureus.se\/fi\/wp-json\/wp\/v2\/product_tag?post=160202"}],"curies":[{"name":"wp","href":"https:\/\/api.w.org\/{rel}","templated":true}]}}