{"id":160300,"date":"2025-11-21T10:58:58","date_gmt":"2025-11-21T09:58:58","guid":{"rendered":"https:\/\/secureus.se\/ateco-vd-6295-60-kapslad-varmedetektor-varmedetektor-60-grader\/"},"modified":"2026-04-23T13:11:48","modified_gmt":"2026-04-23T11:11:48","slug":"ateco-vd-6295-60-kapslad-varmedetektor-varmedetektor-60-grader","status":"publish","type":"product","link":"https:\/\/secureus.se\/fi\/ateco-vd-6295-60-kapslad-varmedetektor-varmedetektor-60-grader\/","title":{"rendered":"Ateco VD-6295-60 Suljettu l\u00e4mp\u00f6ilmaisin, L\u00e4mp\u00f6ilmaisin 60 astetta"},"content":{"rendered":"<div class=\"headernamehrnone\">Panasonic 6295 on kapseloitu perinteinen maksimil\u00e4mp\u00f6tilan ilmaisin (IP67). Ilmaisimen l\u00e4mp\u00f6tila-anturi on bimetallityyppinen. Ilmaisimissa on LED-merkkivalo (ei 120\u00b0 ilmaisimessa) ja l\u00e4ht\u00f6 lis\u00e4merkint\u00f6j\u00e4 varten. Ilmaisimien mukana toimitetaan 3 kpl kaapelil\u00e4pivientej\u00e4. 629X-sarjan ilmaisimet ovat napaisuudesta riippumattomia. Ilmaisin on ATEX-luokiteltu. Ilmaisimen mukana toimitetaan 3 kpl supistuskappaleita kaapelil\u00e4pivienneille eri kaapelipaksuuksille (3\u201310 mm). Ruuvikiinnikkeen kierre on PF \u00bd\u201d. E-l\u00e4hd\u00f6n napaisuus on aina merkinn\u00e4n mukainen riippumatta siit\u00e4, miten A ja B on kytketty napaisuuden suhteen. Ilmaisimet on sertifioitu CPD- ja DoP-standardien mukaisesti.<\/div>\n<div><\/div>\n<div class=\"row headername\">\n<div class=\"item-header rd-hyg-item-header\"><strong>P\u00e4\u00e4ominaisuudet<\/strong><\/div>\n<div class=\"row\">\n<ul>\n<li>Kapseloitu perinteinen maksimil\u00e4mp\u00f6tilan ilmaisin (IP67)<\/li>\n<li>Bimetallityyppinen l\u00e4mp\u00f6anturi luotettavaan havaitsemiseen<\/li>\n<li>Varustettu LED-merkkivalolla (paitsi 120\u00b0 ilmaisimella)<\/li>\n<li>Sis\u00e4lt\u00e4\u00e4 3 kaapelitiivistett\u00e4 helppoa asennusta varten<\/li>\n<li>Napaisuudesta riippumaton joustavaa johdotusta varten<\/li>\n<li>ATEX-luokiteltu turvallisuuteen vaarallisissa ymp\u00e4rist\u00f6iss\u00e4<\/li>\n<li>Sertifioitu CPD- ja DoP-standardien mukaisesti<\/li>\n<\/ul>\n<\/div>\n<\/div>","protected":false},"excerpt":{"rendered":"<ul class=\"UnorderedListStyle--1koui9a ksyVRL mainfeatureslist\">\n<li class=\"ListItemStyle--1yqofwy kEFzCE\">Kapseloitu perinteinen maksimil\u00e4mp\u00f6tilan ilmaisin (IP67)<\/li>\n<li class=\"ListItemStyle--1yqofwy kEFzCE\">Bimetallityyppinen l\u00e4mp\u00f6anturi luotettavaan havaitsemiseen<\/li>\n<li class=\"ListItemStyle--1yqofwy kEFzCE\">Varustettu LED-merkkivalolla (paitsi 120\u00b0 ilmaisimella)<\/li>\n<\/ul>","protected":false},"featured_media":160299,"template":"","meta":{"_acf_changed":false},"product_brand":[],"product_cat":[4157],"product_tag":[],"class_list":{"0":"post-160300","1":"product","2":"type-product","3":"status-publish","4":"has-post-thumbnail","6":"product_cat-varmedetektor","7":"pa_brands-ateco","8":"pa_farg-vit","9":"tm-no-options","11":"first","12":"instock","13":"taxable","14":"shipping-taxable","15":"purchasable","16":"product-type-simple"},"acf":[],"_links":{"self":[{"href":"https:\/\/secureus.se\/fi\/wp-json\/wp\/v2\/product\/160300","targetHints":{"allow":["GET"]}}],"collection":[{"href":"https:\/\/secureus.se\/fi\/wp-json\/wp\/v2\/product"}],"about":[{"href":"https:\/\/secureus.se\/fi\/wp-json\/wp\/v2\/types\/product"}],"wp:featuredmedia":[{"embeddable":true,"href":"https:\/\/secureus.se\/fi\/wp-json\/wp\/v2\/media\/160299"}],"wp:attachment":[{"href":"https:\/\/secureus.se\/fi\/wp-json\/wp\/v2\/media?parent=160300"}],"wp:term":[{"taxonomy":"product_brand","embeddable":true,"href":"https:\/\/secureus.se\/fi\/wp-json\/wp\/v2\/product_brand?post=160300"},{"taxonomy":"product_cat","embeddable":true,"href":"https:\/\/secureus.se\/fi\/wp-json\/wp\/v2\/product_cat?post=160300"},{"taxonomy":"product_tag","embeddable":true,"href":"https:\/\/secureus.se\/fi\/wp-json\/wp\/v2\/product_tag?post=160300"}],"curies":[{"name":"wp","href":"https:\/\/api.w.org\/{rel}","templated":true}]}}