{"id":160378,"date":"2025-11-24T15:14:31","date_gmt":"2025-11-24T14:14:31","guid":{"rendered":"https:\/\/secureus.se\/metallkapsling-till-easyline-4g\/"},"modified":"2026-03-27T15:07:07","modified_gmt":"2026-03-27T14:07:07","slug":"metallkapsling-till-easyline-4g","status":"publish","type":"product","link":"https:\/\/secureus.se\/fi\/metallkapsling-till-easyline-4g\/","title":{"rendered":"Metallikotelo EasyLine 4G:lle"},"content":{"rendered":"<h1>Metallikotelo EasyLine 4G -l\u00e4hettimelle<\/h1>\n<p class=\"ds-markdown-paragraph\">Esiporatut rei\u00e4t EasyLine 4G -moduulin oikeanlaista asennusta varten.<\/p>\n<p class=\"ds-markdown-paragraph\">GSM\/GPRS-moduulit voidaan helposti asentaa metallikoteloon, joka on varustettu suojakytkimell\u00e4 ja muovisella v\u00e4likappaleella.<\/p>\n<p class=\"ds-markdown-paragraph\"><strong>Kuvaus:<\/strong><br \/>\nSis\u00e4\u00e4nrakennettu suojakytkin<br \/>\nModuuli sis\u00e4lt\u00e4\u00e4 kiinnityskannattimet<br \/>\nMetalliovi voidaan irrottaa yhdell\u00e4 k\u00e4denliikkeell\u00e4<br \/>\nSis\u00e4\u00e4nrakennettu suojakytkin.<br \/>\nEasyline 4G -l\u00e4hettimille on saatavilla valmiita reiki\u00e4.<br \/>\nMetallinen ovi on helppo irrottaa.<\/p>\n<p>Mitat: 125 mm (leveys) x 155 mm (korkeus) x 52 mm (syvyys) + 8 mm (et\u00e4isyys)<\/p>","protected":false},"excerpt":{"rendered":"<p>T\u00e4m\u00e4 kest\u00e4v\u00e4 metallikotelo on erityisesti suunniteltu suojaamaan ja s\u00e4ilytt\u00e4m\u00e4\u00e4n turvallisesti Easyline 4G -l\u00e4hetint\u00e4si.<\/p>\n<p>&nbsp;<\/p>","protected":false},"featured_media":160373,"template":"","meta":{"_acf_changed":false},"product_brand":[],"product_cat":[3323,1551],"product_tag":[],"class_list":{"0":"post-160378","1":"product","2":"type-product","3":"status-publish","4":"has-post-thumbnail","6":"product_cat-kapsling","7":"product_cat-larmoverforing","8":"pa_brands-asc","9":"tm-no-options","11":"first","12":"instock","13":"sale","14":"taxable","15":"shipping-taxable","16":"purchasable","17":"product-type-simple"},"acf":[],"_links":{"self":[{"href":"https:\/\/secureus.se\/fi\/wp-json\/wp\/v2\/product\/160378","targetHints":{"allow":["GET"]}}],"collection":[{"href":"https:\/\/secureus.se\/fi\/wp-json\/wp\/v2\/product"}],"about":[{"href":"https:\/\/secureus.se\/fi\/wp-json\/wp\/v2\/types\/product"}],"wp:featuredmedia":[{"embeddable":true,"href":"https:\/\/secureus.se\/fi\/wp-json\/wp\/v2\/media\/160373"}],"wp:attachment":[{"href":"https:\/\/secureus.se\/fi\/wp-json\/wp\/v2\/media?parent=160378"}],"wp:term":[{"taxonomy":"product_brand","embeddable":true,"href":"https:\/\/secureus.se\/fi\/wp-json\/wp\/v2\/product_brand?post=160378"},{"taxonomy":"product_cat","embeddable":true,"href":"https:\/\/secureus.se\/fi\/wp-json\/wp\/v2\/product_cat?post=160378"},{"taxonomy":"product_tag","embeddable":true,"href":"https:\/\/secureus.se\/fi\/wp-json\/wp\/v2\/product_tag?post=160378"}],"curies":[{"name":"wp","href":"https:\/\/api.w.org\/{rel}","templated":true}]}}