{"id":160403,"date":"2025-08-01T12:06:37","date_gmt":"2025-08-01T10:06:37","guid":{"rendered":"https:\/\/secureus.se\/tagg-mifare1k-classic-valfria-nummer-gra-plus\/"},"modified":"2026-03-31T13:25:46","modified_gmt":"2026-03-31T11:25:46","slug":"mifare1k-abs-plus-gra-3-9mm","status":"publish","type":"product","link":"https:\/\/secureus.se\/fi\/mifare1k-abs-plus-gra-3-9mm\/","title":{"rendered":"Mifare 1k ABS PLUS harmaa \u2013 3,9 mm (Mifare 13,56 MHz)"},"content":{"rendered":"<h1>Mifare 1k ABS PLUS harmaa \u2013 3,9 mm (Mifare 13,56 MHz)<\/h1>\n<p><strong>Ruotsin kest\u00e4vin ja joustavin Mifare-tunniste.<\/strong><br \/>\nT\u00e4ysin tyhj\u00e4 Mifare Classic 1k NXP:lt\u00e4 \u2013 eritt\u00e4in kova 3,9 mm ABS, t\u00e4ydellinen, kun haluat t\u00e4yden hallinnan n\u00e4pp\u00e4imiin, sektoreihin, sarjanumeroihin ja logoon.<\/p>\n<div style=\"background: #f4f9ff;border: 2px solid #0066cc;border-radius: 12px;padding: 20px;margin: 30px 0;text-align: center\">\n<h3 style=\"margin: 0 0 12px 0;color: #003366\">Etk\u00f6 ole varma EM- tai Mifare-j\u00e4rjestelm\u00e4st\u00e4?<\/h3>\n<p style=\"margin: 8px 0;font-size: 1.05em;color: #333\">Kokeile molempia tekniikoita kotona vain <strong>69 kr. Ilmainen toimitus<\/strong><br \/>\nRahat takaisin, kun ostat my\u00f6hemmin 100 tai enemm\u00e4n<\/p>\n<p><a style=\"display: inline-block;background: #0066cc;color: white;font-weight: bold;padding: 14px 32px;border-radius: 8px;text-decoration: none;margin: 15px 0;font-size: 1.1em\" href=\"\/fi\/testtagg-em-mifare\/\">Osta testilappu nyt - 69 kr<\/a><\/p>\n<\/div>\n<h2>Yleiset Mifare-etuliitteet (valitaan kohdassa \u201dMukauta tuotetta\u201d)<\/h2>\n<table style=\"width: 100%;border-collapse: collapse;font-size: 0.96em;margin: 20px 0\">\n<tbody>\n<tr style=\"background: #f5f5f5\">\n<th style=\"text-align: left;padding: 10px\">J\u00e4rjestelm\u00e4<\/th>\n<th style=\"text-align: left;padding: 10px\">Etuliite<\/th>\n<\/tr>\n<tr>\n<td style=\"padding: 10px\">Aptus<\/td>\n<td><strong>Monitoimin\u00e4ytt\u00f6<\/strong> + 9 numeroa<\/td>\n<\/tr>\n<tr style=\"background: #f9f9f9\">\n<td>RCO-suojaus (oletus)<\/td>\n<td><strong>MFR<\/strong> + 9 numeroa<\/td>\n<\/tr>\n<tr>\n<td>RCO-turvakoodi (10 numeroa)<\/td>\n<td><strong>MFL<\/strong> + 10 numeroa<\/td>\n<\/tr>\n<tr style=\"background: #f9f9f9\">\n<td>Axema AWAKE<\/td>\n<td><strong>MFV<\/strong> + numero<\/td>\n<\/tr>\n<tr>\n<td>ASSA \/ Vanderbilt ja muut<\/td>\n<td><strong>Monitoimin\u00e4ytt\u00f6<\/strong> + 10 numeroa<\/td>\n<\/tr>\n<\/tbody>\n<\/table>\n<h2>Miksi ammattilaiset valitsevat ABS PLUS Mifare 1k:n<\/h2>\n<ul>\n<li>Eritt\u00e4in kest\u00e4v\u00e4 <strong>3,9 mm<\/strong> sitke\u00e4 ABS, joka kest\u00e4\u00e4 vuosikymmeni\u00e4<\/li>\n<li>Suurempi hauta-alue - t\u00e4ydellinen v\u00e4rilliselle logolle.<\/li>\n<li>Alkuper\u00e4inen NXP Mifare Classic 1k \u2013 1 kB muistia, 16 sektoria<\/li>\n<li>T\u00e4ysin tyhj\u00e4 \u2013 valmis omille avaimille ja tiedoille<\/li>\n<\/ul>\n<h2>Mukauta juuri haluamallasi tavalla<\/h2>\n<p>Napsauta &quot;Mukauta tuotetta&quot; ja valitse:<\/p>\n<ul>\n<li>Laserkaiverrettu logo (+5,00 SEK)<\/li>\n<li>Kaiverretut numerot (+3,75 kr)<\/li>\n<li>Numero + logo (+7,50 SEK)<\/li>\n<li>V\u00e4rillinen logo + numero (v\u00e4h. 500 kpl, +10,00 SEK)<\/li>\n<li>Sarjanumero tai sirun UID heksadesimaalina<\/li>\n<li>N\u00e4pp\u00e4inten A\/B tai mink\u00e4 tahansa sektorin ohjelmointi<\/li>\n<\/ul>\n<p>\u2714\ufe0f Otamme aina yhteytt\u00e4 vedosten kanssa ennen tuotantoa<\/p>\n<h2>Tekniset tiedot<\/h2>\n<table style=\"width: 100%;border-collapse: collapse;margin: 20px 0\">\n<tbody>\n<tr>\n<td><strong>siru<\/strong><\/td>\n<td>Mifare Classic 1k alkuper\u00e4inen (NXP)<\/td>\n<\/tr>\n<tr>\n<td><strong>Taajuus<\/strong><\/td>\n<td>13,56 MHz<\/td>\n<\/tr>\n<tr>\n<td><strong>Muisti<\/strong><\/td>\n<td>1 kB (16 sektoria)<\/td>\n<\/tr>\n<tr>\n<td><strong>Materiaali<\/strong><\/td>\n<td>Eritt\u00e4in kova ABS-muovi<\/td>\n<\/tr>\n<tr>\n<td><strong>Paksuus<\/strong><\/td>\n<td>3,9 mm<\/td>\n<\/tr>\n<tr>\n<td><strong>Vakio<\/strong><\/td>\n<td>T\u00e4ysin tyhj\u00e4<\/td>\n<\/tr>\n<tr>\n<td><strong>v\u00e4rit<\/strong><\/td>\n<td>Musta \u2219 valkoinen \u2219 sininen \u2219 punainen \u2219 vihre\u00e4 \u2219 keltainen \u2219 oranssi \u2219 harmaa<\/td>\n<\/tr>\n<\/tbody>\n<\/table>\n<h2>Toimitus ja tuki<\/h2>\n<ul>\n<li>Yleens\u00e4 <strong>1\u20133 arkip\u00e4iv\u00e4\u00e4<\/strong><\/li>\n<li><strong>Ilmainen toimitus<\/strong> yli 1000 kruunua<\/li>\n<li>Tarvitsetko apua avainten\/muotoilujen kanssa? Me korjaamme sen!<\/li>\n<\/ul>","protected":false},"excerpt":{"rendered":"<p><strong>Mifare 1k ABS PLUS \u2013 3,9 mm (Mifare 13,56 MHz)<\/strong><br \/>\nEritt\u00e4in kest\u00e4v\u00e4 3,9 mm \u2219 Alkuper\u00e4inen NXP-siru \u2219 T\u00e4ysin tyhj\u00e4 \u2219 Mukautettu ohjelmointi ja kaiverrus<\/p>","protected":false},"featured_media":163707,"template":"","meta":{"_acf_changed":false},"product_brand":[],"product_cat":[1337,4784],"product_tag":[2074,2434,2431,4146,2095,2958],"class_list":{"0":"post-160403","1":"product","2":"type-product","3":"status-publish","4":"has-post-thumbnail","6":"product_cat-rfid-tagg-abs-plus","7":"product_cat-mifare1k","8":"product_tag-ej-lagerfraga","9":"product_tag-mifare-standard-blank-alpha","10":"product_tag-mifare-standard-blank-dtc","11":"product_tag-nxp","12":"product_tag-rfid-500","13":"product_tag-stonehouse-produkt","14":"product_shipping_class-postnord-varubrev","15":"pa_brands-stonehouse-security","16":"pa_chip-teknik-mifare1k","17":"pa_farg-gra","18":"pa_pro-larmsystem-aptus","19":"pa_pro-larmsystem-assa-abs-pro-system","20":"pa_pro-larmsystem-axema","21":"pa_pro-larmsystem-axema-vaka","22":"pa_pro-larmsystem-blank-inga-nummer","23":"pa_pro-larmsystem-cdvi","24":"pa_pro-larmsystem-decimala-nummer","25":"pa_pro-larmsystem-enstaka-siffror-valfria","26":"pa_pro-larmsystem-hexadecimal-nummer","27":"pa_pro-larmsystem-lopnummer-valfria","28":"pa_pro-larmsystem-paxton","29":"pa_pro-larmsystem-rco-abs-pro-system","30":"pa_pro-larmsystem-tidomat","31":"pa_pro-larmsystem-vanderbilt-bewator-entro-8-siffror","32":"pa_pro-larmsystem-vanderbilt-bewator-omnis-bewator-2010-13-siffror","33":"tm-has-options","35":"first","36":"instock","37":"sale","38":"featured","39":"taxable","40":"shipping-taxable","41":"purchasable","42":"product-type-simple"},"acf":[],"_links":{"self":[{"href":"https:\/\/secureus.se\/fi\/wp-json\/wp\/v2\/product\/160403","targetHints":{"allow":["GET"]}}],"collection":[{"href":"https:\/\/secureus.se\/fi\/wp-json\/wp\/v2\/product"}],"about":[{"href":"https:\/\/secureus.se\/fi\/wp-json\/wp\/v2\/types\/product"}],"wp:featuredmedia":[{"embeddable":true,"href":"https:\/\/secureus.se\/fi\/wp-json\/wp\/v2\/media\/163707"}],"wp:attachment":[{"href":"https:\/\/secureus.se\/fi\/wp-json\/wp\/v2\/media?parent=160403"}],"wp:term":[{"taxonomy":"product_brand","embeddable":true,"href":"https:\/\/secureus.se\/fi\/wp-json\/wp\/v2\/product_brand?post=160403"},{"taxonomy":"product_cat","embeddable":true,"href":"https:\/\/secureus.se\/fi\/wp-json\/wp\/v2\/product_cat?post=160403"},{"taxonomy":"product_tag","embeddable":true,"href":"https:\/\/secureus.se\/fi\/wp-json\/wp\/v2\/product_tag?post=160403"}],"curies":[{"name":"wp","href":"https:\/\/api.w.org\/{rel}","templated":true}]}}