{"id":160694,"date":"2025-12-05T12:30:05","date_gmt":"2025-12-05T11:30:05","guid":{"rendered":"https:\/\/secureus.se\/?post_type=product&#038;p=160694"},"modified":"2026-03-13T10:54:10","modified_gmt":"2026-03-13T09:54:10","slug":"usb-eco-usb-programmerare-for-asc-larmsandare","status":"publish","type":"product","link":"https:\/\/secureus.se\/fi\/usb-eco-usb-programmerare-for-asc-larmsandare\/","title":{"rendered":"USB Eco \u2013 USB-ohjelmoija ASC-h\u00e4lytysl\u00e4hettimille"},"content":{"rendered":"<p data-start=\"91\" data-end=\"282\">Yksinkertainen ja kompakti muotoilu.<br data-start=\"134\" data-end=\"137\" \/>Kaapeli ja asennus-CD eiv\u00e4t sis\u00e4lly toimitukseen.<br data-start=\"175\" data-end=\"178\" \/>USB-ajurin voi ladata verkkosivuiltamme.<br data-start=\"226\" data-end=\"229\" \/>Tarjoaa virtaa ja mahdollistaa GSM-moduulin ohjelmoinnin.<\/p>\n<p data-start=\"284\" data-end=\"423\"><strong data-start=\"284\" data-end=\"328\">Yhteensopiva ProRead-ohjelmiston kanssa:<\/strong><br data-start=\"328\" data-end=\"331\" \/>\u2013 EasyCon GSM<br data-start=\"344\" data-end=\"347\" \/>\u2013 ProCon GSM \/ Pilvi \/ 4G<br data-start=\"372\" data-end=\"375\" \/>\u2013 ProLine GSM<br data-start=\"388\" data-end=\"391\" \/>\u2013 InterCom GSM<br data-start=\"405\" data-end=\"408\" \/>\u2013 Exp 8IO -moduuli<\/p>\n<p data-start=\"425\" data-end=\"502\" data-is-last-node=\"\" data-is-only-node=\"\"><strong data-start=\"425\" data-end=\"446\">K\u00e4ytt\u00f6alue<\/strong><br data-start=\"446\" data-end=\"449\" \/>K\u00e4ytet\u00e4\u00e4n GSM-moduulien t\u00e4ydelliseen ohjelmointiin.<\/p>","protected":false},"excerpt":{"rendered":"<ul>\n<li>Yksinkertainen ja kompakti muotoilu. Liit\u00e4 suoraan h\u00e4lytysl\u00e4hettimeen.<\/li>\n<li>Kaapeli ja asennus-CD eiv\u00e4t sis\u00e4lly toimitukseen.<\/li>\n<li>USB-ajurin voi ladata toimittajan verkkosivuilta.<\/li>\n<li>Tarjoaa virtaa ja mahdollistaa ASC GSM -moduulin ohjelmoinnin.<\/li>\n<\/ul>","protected":false},"featured_media":160692,"template":"","meta":{"_acf_changed":false},"product_brand":[],"product_cat":[1551],"product_tag":[],"class_list":{"0":"post-160694","1":"product","2":"type-product","3":"status-publish","4":"has-post-thumbnail","6":"product_cat-larmoverforing","7":"pa_brands-asc","8":"tm-no-options","10":"first","11":"instock","12":"taxable","13":"shipping-taxable","14":"purchasable","15":"product-type-simple"},"acf":[],"_links":{"self":[{"href":"https:\/\/secureus.se\/fi\/wp-json\/wp\/v2\/product\/160694","targetHints":{"allow":["GET"]}}],"collection":[{"href":"https:\/\/secureus.se\/fi\/wp-json\/wp\/v2\/product"}],"about":[{"href":"https:\/\/secureus.se\/fi\/wp-json\/wp\/v2\/types\/product"}],"wp:featuredmedia":[{"embeddable":true,"href":"https:\/\/secureus.se\/fi\/wp-json\/wp\/v2\/media\/160692"}],"wp:attachment":[{"href":"https:\/\/secureus.se\/fi\/wp-json\/wp\/v2\/media?parent=160694"}],"wp:term":[{"taxonomy":"product_brand","embeddable":true,"href":"https:\/\/secureus.se\/fi\/wp-json\/wp\/v2\/product_brand?post=160694"},{"taxonomy":"product_cat","embeddable":true,"href":"https:\/\/secureus.se\/fi\/wp-json\/wp\/v2\/product_cat?post=160694"},{"taxonomy":"product_tag","embeddable":true,"href":"https:\/\/secureus.se\/fi\/wp-json\/wp\/v2\/product_tag?post=160694"}],"curies":[{"name":"wp","href":"https:\/\/api.w.org\/{rel}","templated":true}]}}