{"id":160700,"date":"2025-12-05T12:27:40","date_gmt":"2025-12-05T11:27:40","guid":{"rendered":"https:\/\/secureus.se\/?post_type=product&#038;p=160700"},"modified":"2026-02-09T16:19:14","modified_gmt":"2026-02-09T15:19:14","slug":"procon-4g-cloud-4g-sandare-och-fjarrstyrning-med-5-ingangar-och-1-relautgang","status":"publish","type":"product","link":"https:\/\/secureus.se\/fi\/procon-4g-cloud-4g-sandare-och-fjarrstyrning-med-5-ingangar-och-1-relautgang\/","title":{"rendered":"ProCon 4G Cloud \u2013 4G-l\u00e4hetin ja kaukos\u00e4\u00e4din, jossa on 5 tuloa ja 1 relel\u00e4ht\u00f6"},"content":{"rendered":"<p><strong>ProCon 4G Cloudin p\u00e4\u00e4viesti:<\/strong> Ammattimainen 4G GSM\/GPRS-kommunikaattori, joka toimii et\u00e4valvontamoduulina, portinohjauksena ilmaisilla puheluilla ja my\u00f6s t\u00e4ydellisen\u00e4 itsen\u00e4isen\u00e4 h\u00e4lytysj\u00e4rjestelm\u00e4n\u00e4.<\/p>\n<h2><strong>T\u00e4rkeimm\u00e4t ominaisuudet yhdell\u00e4 silm\u00e4yksell\u00e4<\/strong><\/h2>\n<p><strong>GSM\/2G\/3G\/4G-kommunikaattori ja GPRS-l\u00e4hetin<\/strong> jota voidaan k\u00e4ytt\u00e4\u00e4 my\u00f6s itsen\u00e4isen\u00e4 h\u00e4lytyspaneelina. <strong>5 tuloa<\/strong> signaalien ohjaukseen (h\u00e4lytys, sabotaasi, tehonvalvonta, elinkaarisignaali jne.) ja <strong>1 NO\/NC-relel\u00e4ht\u00f6<\/strong>Voidaan laajentaa +1 \/ +3 \/ +8 relemoduulilla.<\/p>\n<h2><strong>H\u00e4lytys ja ilmoitus<\/strong><\/h2>\n<p>Tekstiviestit, \u00e4\u00e4nipuhelut (sireenisignaali tai \u00e4\u00e4niviesti) ja Contact ID -viestint\u00e4 jopa <strong>8 puhelinnumeroa<\/strong> ja\/tai et\u00e4valvonta saapuvien tapahtumien perusteella. Mukautetut tekstiviestit, erillinen soitto\u00e4\u00e4nen ajan asetus, uudelleensoitto ja soitto\u00e4\u00e4nen kiertotoiminto.<\/p>\n<h2><strong>L\u00e4ht\u00f6 ja ohjaus<\/strong><\/h2>\n<p>Yht\u00e4 relel\u00e4ht\u00f6\u00e4 voidaan ohjata ilmaisella \u00e4\u00e4nipuhelulla: \u2013 Rajoittamaton m\u00e4\u00e4r\u00e4 numeroita ilman soittajan tunnusta \u2013 Jopa <strong>1 000 numeroa<\/strong> numerotunnistuksella<\/p>\n<p>Monostabiili (aikaohjattu, enint\u00e4\u00e4n 65 000 ms) tai bistabiili toiminto, ohjattavissa puheluilla, tekstiviesteill\u00e4 ja DTMF-koodeilla.<\/p>\n<h2><strong>Erillinen h\u00e4lytyspaneeli<\/strong><\/h2>\n<p>Voidaan k\u00e4ytt\u00e4\u00e4 itsen\u00e4isen\u00e4 laitteena <strong>4-vy\u00f6hykkeinen GSM-h\u00e4lytysj\u00e4rjestelm\u00e4<\/strong> yksil\u00f6llisill\u00e4 vy\u00f6hyke- ja Contact ID -koodeilla. Relel\u00e4ht\u00f6 voi ohjata sireeni\u00e4, ja j\u00e4rjestelm\u00e4 voidaan aktivoida\/pois kytke\u00e4 maksuttomalla puhelulla. Sis\u00e4lt\u00e4\u00e4 peukalointitunnistuksen ja tehdasasetusten palautuksen peukalointipainikkeilla. Voidaan laajentaa... <strong>Exp-h\u00e4lytysmoduuli<\/strong> joka tarjoaa sireenin, tilan ja piezo-l\u00e4hd\u00f6n sek\u00e4 avainkytkimen ohjauksen.<\/p>\n<h2><strong>Turvallisuus, lokikirjaus ja virransy\u00f6tt\u00f6<\/strong><\/h2>\n<p>Sis\u00e4\u00e4nrakennettu <strong>H\u00e4irint\u00e4j\u00e4rjestelm\u00e4 (AJS)<\/strong> joka suojaa GSM-h\u00e4iri\u00f6ilt\u00e4 ja aktivoi h\u00e4lytyksen\/l\u00e4hd\u00f6n sabotaasin sattuessa. Lokit <strong>16 000 tapahtumaa<\/strong> (tulot, l\u00e4hd\u00f6t, signaalin voimakkuus, s\u00e4hk\u00f6katkokset, puhelut, tekstiviestit) ja tallentaa GSM-signaalin tunnin v\u00e4lein. Voidaan analysoida kaavioissa PC-ohjelmiston avulla. Lis\u00e4varuste <strong>ProBattery<\/strong> varmistaa t\u00e4ydellisen s\u00e4hk\u00f6katkon ilmaisun ja jopa <strong>24 tuntia<\/strong> varmuuskopiointi.<\/p>\n<h2><strong>Ohjelmointi ja pilviominaisuudet<\/strong><\/h2>\n<p>Konfigurointi tekstiviestill\u00e4, \u00e4\u00e4nivalikolla tai tietokoneella (USB\/Bluetooth\/WiFi ja ProRead). <strong>ASCloud-hallinta<\/strong> verkkok\u00e4ytt\u00f6liittym\u00e4 ja <strong>Pilvihallinta<\/strong> Mobiilisovellus tarjoaa et\u00e4ohjelmoinnin, l\u00e4ht\u00f6jen ohjauksen, k\u00e4ytt\u00f6oikeudet ja pilvipohjaiset ohjauskuvakkeet (monostabiili\/bistabiili, aikaohjaus).<\/p>\n<h2><strong>SIM-kortin ominaisuudet ja lis\u00e4palvelut<\/strong><\/h2>\n<p>Tuki saapuvien tekstiviestien edelleenl\u00e4hett\u00e4miselle toiseen numeroon.<\/p>\n<p><strong>K\u00e4ytt\u00f6alueet:<\/strong><\/p>\n<ul>\n<li>GSM\/GPRS-tiedonsiirto h\u00e4lytyspaneeleille<\/li>\n<li>Erillinen h\u00e4lytysj\u00e4rjestelm\u00e4<\/li>\n<li>Portin, puomin tai autotallin oven ohjaus<\/li>\n<li>Kotiautomaatio (ilmastointi, l\u00e4mmitys, sauna, valaistus)<\/li>\n<li>Sy\u00f6tt\u00f6j\u00e4nnitteen (230 V) valvonta ja h\u00e4lytysilmoitukset<\/li>\n<li>Palvelimien valvonta ja uudelleenk\u00e4ynnistys<\/li>\n<\/ul>","protected":false},"excerpt":{"rendered":"<p><strong>GSM\/2G\/3G\/4G-kommunikaattoria voidaan k\u00e4ytt\u00e4\u00e4 itsen\u00e4isen\u00e4 h\u00e4lytyskeskuksena<\/strong><\/p>\n<ul>\n<li>5 kontaktiohjattua tuloa<\/li>\n<li>1 NO\/NC-relel\u00e4ht\u00f6, jota voidaan ohjata joko tekstiviestill\u00e4 rajoittamattomasta m\u00e4\u00e4r\u00e4st\u00e4 puhelinnumeroita tai \u00e4\u00e4nipuhelulla 1000 puhelinnumerosta<\/li>\n<li>8 ilmoituspuhelinnumeroa voidaan asettaa<\/li>\n<li>Tekstiviestit, vastaajaviestit, yhteyshenkil\u00f6n tunnusten l\u00e4hetys<\/li>\n<li>Laajennusmahdollisuus<\/li>\n<li>GPRS-tiedonsiirto h\u00e4lytyskeskukseen Enigma- ja SIA IP -protokollien kautta<\/li>\n<li>Ohjelmointi tekstiviestill\u00e4, tietokoneella ja Android-sovelluksella Bluetoothin ja internetin kautta<\/li>\n<\/ul>","protected":false},"featured_media":160695,"template":"","meta":{"_acf_changed":false},"product_brand":[],"product_cat":[1551],"product_tag":[],"class_list":{"0":"post-160700","1":"product","2":"type-product","3":"status-publish","4":"has-post-thumbnail","6":"product_cat-larmoverforing","7":"pa_brands-asc","8":"tm-no-options","10":"first","11":"instock","12":"taxable","13":"shipping-taxable","14":"purchasable","15":"product-type-simple"},"acf":[],"_links":{"self":[{"href":"https:\/\/secureus.se\/fi\/wp-json\/wp\/v2\/product\/160700","targetHints":{"allow":["GET"]}}],"collection":[{"href":"https:\/\/secureus.se\/fi\/wp-json\/wp\/v2\/product"}],"about":[{"href":"https:\/\/secureus.se\/fi\/wp-json\/wp\/v2\/types\/product"}],"wp:featuredmedia":[{"embeddable":true,"href":"https:\/\/secureus.se\/fi\/wp-json\/wp\/v2\/media\/160695"}],"wp:attachment":[{"href":"https:\/\/secureus.se\/fi\/wp-json\/wp\/v2\/media?parent=160700"}],"wp:term":[{"taxonomy":"product_brand","embeddable":true,"href":"https:\/\/secureus.se\/fi\/wp-json\/wp\/v2\/product_brand?post=160700"},{"taxonomy":"product_cat","embeddable":true,"href":"https:\/\/secureus.se\/fi\/wp-json\/wp\/v2\/product_cat?post=160700"},{"taxonomy":"product_tag","embeddable":true,"href":"https:\/\/secureus.se\/fi\/wp-json\/wp\/v2\/product_tag?post=160700"}],"curies":[{"name":"wp","href":"https:\/\/api.w.org\/{rel}","templated":true}]}}