{"id":160832,"date":"2025-12-11T13:46:44","date_gmt":"2025-12-11T12:46:44","guid":{"rendered":"https:\/\/secureus.se\/slutbleck-easy-fix-22mm-mattsvart\/"},"modified":"2026-04-08T15:05:07","modified_gmt":"2026-04-08T13:05:07","slug":"slutbleck-easy-fix-22mm-mattsvart","status":"publish","type":"product","link":"https:\/\/secureus.se\/fi\/slutbleck-easy-fix-22mm-mattsvart\/","title":{"rendered":"P\u00e4\u00e4tylevy Easy-Fix 2.2mm mattamusta"},"content":{"rendered":"<p>AGB Easy-Fix XT on vastalevy, joka on suunniteltu helpottamaan ovenvalmistajien ja -asentajien ty\u00f6t\u00e4. Vastalevy on yksinkertainen etulevy, jota t\u00e4ydent\u00e4\u00e4 helposti napsautettava kansi. Kansi ei sis\u00e4lly toimitukseen, katso kohta \u201dYhdist\u00e4 muiden kanssa\u201d. Sopii Polaris 2XT- ja Revolution XT -lukkorunkoihin.<\/p>\n<p><b>Ominaisuudet:<\/b><\/p>\n<ul>\n<li>Helppo jyrsi\u00e4 sis\u00e4\u00e4n j\u00e4lkik\u00e4teen<\/li>\n<li>Klikattava takki<\/li>\n<li>Leveys: 22 mm<\/li>\n<li>Pituus: 82 mm<\/li>\n<li>Paksuus: 2,2 mm<\/li>\n<li>Kielen koko: 3 tai 5 mm ilman suojusta<\/li>\n<\/ul>","protected":false},"excerpt":{"rendered":"<p>AGB Easy-Fix XT \u00e4r ett slutbleck designats f\u00f6r att g\u00f6ra det enkelt f\u00f6r d\u00f6rrtillverkare och m\u00f6nt\u00f6rer. Slutblecket \u00e4r en enkel front pl\u00e5t som kompletteras med en kappa som enkelt klickas<\/p>","protected":false},"featured_media":160831,"template":"","meta":{"_acf_changed":false},"product_brand":[],"product_cat":[4891],"product_tag":[],"class_list":{"0":"post-160832","1":"product","2":"type-product","3":"status-publish","4":"has-post-thumbnail","6":"product_cat-slutbleck-och-tillbehor","7":"pa_brands-agb","8":"tm-no-options","10":"first","11":"instock","12":"taxable","13":"shipping-taxable","14":"purchasable","15":"product-type-simple"},"acf":[],"_links":{"self":[{"href":"https:\/\/secureus.se\/fi\/wp-json\/wp\/v2\/product\/160832","targetHints":{"allow":["GET"]}}],"collection":[{"href":"https:\/\/secureus.se\/fi\/wp-json\/wp\/v2\/product"}],"about":[{"href":"https:\/\/secureus.se\/fi\/wp-json\/wp\/v2\/types\/product"}],"wp:featuredmedia":[{"embeddable":true,"href":"https:\/\/secureus.se\/fi\/wp-json\/wp\/v2\/media\/160831"}],"wp:attachment":[{"href":"https:\/\/secureus.se\/fi\/wp-json\/wp\/v2\/media?parent=160832"}],"wp:term":[{"taxonomy":"product_brand","embeddable":true,"href":"https:\/\/secureus.se\/fi\/wp-json\/wp\/v2\/product_brand?post=160832"},{"taxonomy":"product_cat","embeddable":true,"href":"https:\/\/secureus.se\/fi\/wp-json\/wp\/v2\/product_cat?post=160832"},{"taxonomy":"product_tag","embeddable":true,"href":"https:\/\/secureus.se\/fi\/wp-json\/wp\/v2\/product_tag?post=160832"}],"curies":[{"name":"wp","href":"https:\/\/api.w.org\/{rel}","templated":true}]}}