{"id":160835,"date":"2025-12-11T13:46:39","date_gmt":"2025-12-11T12:46:39","guid":{"rendered":"https:\/\/secureus.se\/kappa-easy-fix-xt-mattsvart\/"},"modified":"2026-04-08T15:05:11","modified_gmt":"2026-04-08T13:05:11","slug":"kappa-easy-fix-xt-mattsvart","status":"publish","type":"product","link":"https:\/\/secureus.se\/fi\/kappa-easy-fix-xt-mattsvart\/","title":{"rendered":"Kappa Easy-Fix XT mattamusta"},"content":{"rendered":"<p>Kansi s\u00e4\u00e4dett\u00e4v\u00e4ll\u00e4 magneetilla, joka on sovitettu Easy-Fix-sarjan vastakappaleisiin. Napsahtaa kiinni vastakappaleen takaosaan. Sopii Polaris 2XT- ja Revolution XT -lukkorunkoihin.<\/p>\n<p><b>Ominaisuudet:<\/b><\/p>\n<ul>\n<li>Napsauta vain p\u00e4\u00e4tylevy kiinni<\/li>\n<li>Leveys: 14 mm<\/li>\n<li>Syvyys: 14 mm<\/li>\n<li>Korkeus: 44 mm<\/li>\n<\/ul>","protected":false},"excerpt":{"rendered":"<p>Kappa med justerbar magnet anpassad f\u00f6r slutbleck i Easy-Fix serien. Klickas fast p\u00e5 baksidan av slutblecksstolpen. Passar l\u00e5shus Polaris 2XT och Revolution XT. Egenskaper: Klickas enkelt p\u00e5 slutblecken Bredd: 14<\/p>","protected":false},"featured_media":160833,"template":"","meta":{"_acf_changed":false},"product_brand":[],"product_cat":[4891],"product_tag":[],"class_list":{"0":"post-160835","1":"product","2":"type-product","3":"status-publish","4":"has-post-thumbnail","6":"product_cat-slutbleck-och-tillbehor","7":"pa_brands-agb","8":"tm-no-options","10":"first","11":"instock","12":"taxable","13":"shipping-taxable","14":"purchasable","15":"product-type-simple"},"acf":[],"_links":{"self":[{"href":"https:\/\/secureus.se\/fi\/wp-json\/wp\/v2\/product\/160835","targetHints":{"allow":["GET"]}}],"collection":[{"href":"https:\/\/secureus.se\/fi\/wp-json\/wp\/v2\/product"}],"about":[{"href":"https:\/\/secureus.se\/fi\/wp-json\/wp\/v2\/types\/product"}],"wp:featuredmedia":[{"embeddable":true,"href":"https:\/\/secureus.se\/fi\/wp-json\/wp\/v2\/media\/160833"}],"wp:attachment":[{"href":"https:\/\/secureus.se\/fi\/wp-json\/wp\/v2\/media?parent=160835"}],"wp:term":[{"taxonomy":"product_brand","embeddable":true,"href":"https:\/\/secureus.se\/fi\/wp-json\/wp\/v2\/product_brand?post=160835"},{"taxonomy":"product_cat","embeddable":true,"href":"https:\/\/secureus.se\/fi\/wp-json\/wp\/v2\/product_cat?post=160835"},{"taxonomy":"product_tag","embeddable":true,"href":"https:\/\/secureus.se\/fi\/wp-json\/wp\/v2\/product_tag?post=160835"}],"curies":[{"name":"wp","href":"https:\/\/api.w.org\/{rel}","templated":true}]}}