{"id":160945,"date":"2025-12-16T12:42:00","date_gmt":"2025-12-16T11:42:00","guid":{"rendered":"https:\/\/secureus.se\/?post_type=product&#038;p=160945"},"modified":"2026-05-06T09:42:28","modified_gmt":"2026-05-06T07:42:28","slug":"zebra-800010-101-black-monochrome-ribbon-2000-prints","status":"publish","type":"product","link":"https:\/\/secureus.se\/fi\/zebra-800010-101-black-monochrome-ribbon-2000-prints\/","title":{"rendered":"Zebra 800010-101 svart monokromt f\u00e4rgband (2000\n  utskrifter)"},"content":{"rendered":"<h1>Nauha<br \/>\n  Zebra &#8211; 800010-101, svart monokrom (2000 utskrifter)<\/h1>\n<p>F\u00e4rgband Zebra &#8211; 800010-101, svart monokrom (2000 utskrifter) \u00e4r<br \/>\n  KO-ranneke, jossa on musta paneeli ja suojaava p\u00e4\u00e4llyste. Se on hyv\u00e4 valinta, kun<br \/>\n  tarvitsee selke\u00e4n tekstin, viivakoodit ja lis\u00e4suojaa kortin pinnalle.<\/p>\n<p>Sopii henkil\u00f6korteille, kulkukorteille, j\u00e4senkorteille ja muille<br \/>\n  muovikortteja, joissa vaaditaan korkeaa tulostuslaatua ja luotettavuutta<br \/>\n  t\u00e4rke\u00e4.<\/p>\n<ul>\n<li>Kapasiteetti: jopa 2 000 tulostetta<\/li>\n<li>B\u00e4ndityyppi: KO<\/li>\n<li>Alkuper\u00e4inen tuote<\/li>\n<li>Tuotenumero: 800010-101<\/li>\n<\/ul>\n<p><strong>Tuotteen paino:<\/strong> 2,00 kg<\/p>","protected":false},"excerpt":{"rendered":"<p>Zebra 800010-101 musta yksiv\u00e4rinen v\u00e4rinauha on korkealaatuinen v\u00e4rinauha, joka tuottaa ter\u00e4vi\u00e4 mustia tulosteita tekstiin, viivoihin ja viivakoodeihin.<\/p>\n<p>V\u00e4rinauha riitt\u00e4\u00e4 jopa 2000 tulosteeseen ja sopii t\u00e4ydellisesti suuriin vieraskortteihin, VIP-passeihin ja tapahtumakortteihin konferensseihin, festivaaleille, urheilutapahtumiin ja muihin erikoistapahtumiin Zebra ZC10L:n kanssa.<\/p>","protected":false},"featured_media":160944,"template":"","meta":{"_acf_changed":false},"product_brand":[],"product_cat":[3218],"product_tag":[],"class_list":{"0":"post-160945","1":"product","2":"type-product","3":"status-publish","4":"has-post-thumbnail","6":"product_cat-zebra-fargband-retransfer","7":"pa_brands-zebra","8":"tm-has-options","10":"first","11":"outofstock","12":"sale","13":"taxable","14":"shipping-taxable","15":"purchasable","16":"product-type-simple"},"acf":[],"_links":{"self":[{"href":"https:\/\/secureus.se\/fi\/wp-json\/wp\/v2\/product\/160945","targetHints":{"allow":["GET"]}}],"collection":[{"href":"https:\/\/secureus.se\/fi\/wp-json\/wp\/v2\/product"}],"about":[{"href":"https:\/\/secureus.se\/fi\/wp-json\/wp\/v2\/types\/product"}],"wp:featuredmedia":[{"embeddable":true,"href":"https:\/\/secureus.se\/fi\/wp-json\/wp\/v2\/media\/160944"}],"wp:attachment":[{"href":"https:\/\/secureus.se\/fi\/wp-json\/wp\/v2\/media?parent=160945"}],"wp:term":[{"taxonomy":"product_brand","embeddable":true,"href":"https:\/\/secureus.se\/fi\/wp-json\/wp\/v2\/product_brand?post=160945"},{"taxonomy":"product_cat","embeddable":true,"href":"https:\/\/secureus.se\/fi\/wp-json\/wp\/v2\/product_cat?post=160945"},{"taxonomy":"product_tag","embeddable":true,"href":"https:\/\/secureus.se\/fi\/wp-json\/wp\/v2\/product_tag?post=160945"}],"curies":[{"name":"wp","href":"https:\/\/api.w.org\/{rel}","templated":true}]}}