{"id":160947,"date":"2025-12-16T12:42:01","date_gmt":"2025-12-16T11:42:01","guid":{"rendered":"https:\/\/secureus.se\/?post_type=product&#038;p=160947"},"modified":"2026-05-06T09:42:35","modified_gmt":"2026-05-06T07:42:35","slug":"zebra-800010-140-ymco-ribbon-400-prints","status":"publish","type":"product","link":"https:\/\/secureus.se\/fi\/zebra-800010-140-ymco-ribbon-400-prints\/","title":{"rendered":"Zebra 800010-140 YMCO\n  f\u00e4rgband (400 utskrifter)"},"content":{"rendered":"<h1>Nauha<br \/>\n  Zebra YMCO &#8211; 800010-140 (400 utskrifter)<\/h1>\n<p>F\u00e4rgband Zebra YMCO &#8211; 800010-140 (400 utskrifter) \u00e4r ett f\u00e4rgband<br \/>\n  muovikorttien tulostamiseen ter\u00e4vill\u00e4 v\u00e4reill\u00e4, selke\u00e4ll\u00e4 tekstill\u00e4 ja hyv\u00e4ll\u00e4<br \/>\n  YMCO-nauhatyyppi tarjoaa oikean yhdistelm\u00e4n v\u00e4ripaneeleja ja<br \/>\n  Suojaava pinnoite ammattimaiseen korttitulostukseen.<\/p>\n<p>Sopii henkil\u00f6korteille, kulkukorteille, j\u00e4senkorteille ja muille<br \/>\n  muovikortteja, joissa vaaditaan korkeaa tulostuslaatua ja luotettavuutta<br \/>\n  t\u00e4rke\u00e4.<\/p>\n<ul>\n<li>Kapasiteetti: jopa 400 tulostetta<\/li>\n<li>Teipin tyyppi: YMCO<\/li>\n<li>Alkuper\u00e4inen tuote<\/li>\n<li>Tuotenumero: 800010-140<\/li>\n<\/ul>\n<p><strong>Tuotteen paino:<\/strong> 0,20 kg<\/p>","protected":false},"excerpt":{"rendered":"<p>Zebra 800010-140 YMCO -v\u00e4rinauha on korkealaatuinen nelipaneelinen v\u00e4rinauha, joka on erityisesti suunniteltu Zebra ZC10L -korttitulostimelle.<\/p>\n<p>Nauha mahdollistaa 400 tulosteen kirkkailla v\u00e4reill\u00e4 ja suojaavalla pinnoitteella, joten se sopii erinomaisesti suurten vieraskorttien ja VIP-passien tulostamiseen konferensseihin, festivaaleille, urheilutapahtumiin ja muihin erikoistapahtumiin.<\/p>","protected":false},"featured_media":160946,"template":"","meta":{"_acf_changed":false},"product_brand":[],"product_cat":[3218],"product_tag":[],"class_list":{"0":"post-160947","1":"product","2":"type-product","3":"status-publish","4":"has-post-thumbnail","6":"product_cat-zebra-fargband-retransfer","7":"pa_brands-zebra","8":"tm-has-options","10":"first","11":"instock","12":"sale","13":"taxable","14":"shipping-taxable","15":"purchasable","16":"product-type-simple"},"acf":[],"_links":{"self":[{"href":"https:\/\/secureus.se\/fi\/wp-json\/wp\/v2\/product\/160947","targetHints":{"allow":["GET"]}}],"collection":[{"href":"https:\/\/secureus.se\/fi\/wp-json\/wp\/v2\/product"}],"about":[{"href":"https:\/\/secureus.se\/fi\/wp-json\/wp\/v2\/types\/product"}],"wp:featuredmedia":[{"embeddable":true,"href":"https:\/\/secureus.se\/fi\/wp-json\/wp\/v2\/media\/160946"}],"wp:attachment":[{"href":"https:\/\/secureus.se\/fi\/wp-json\/wp\/v2\/media?parent=160947"}],"wp:term":[{"taxonomy":"product_brand","embeddable":true,"href":"https:\/\/secureus.se\/fi\/wp-json\/wp\/v2\/product_brand?post=160947"},{"taxonomy":"product_cat","embeddable":true,"href":"https:\/\/secureus.se\/fi\/wp-json\/wp\/v2\/product_cat?post=160947"},{"taxonomy":"product_tag","embeddable":true,"href":"https:\/\/secureus.se\/fi\/wp-json\/wp\/v2\/product_tag?post=160947"}],"curies":[{"name":"wp","href":"https:\/\/api.w.org\/{rel}","templated":true}]}}