{"id":160957,"date":"2025-12-16T12:42:01","date_gmt":"2025-12-16T11:42:01","guid":{"rendered":"https:\/\/secureus.se\/?post_type=product&#038;p=160957"},"modified":"2026-04-08T16:33:15","modified_gmt":"2026-04-08T14:33:15","slug":"zebra-106000-10l2-media-kit-400-cards-with-2-slots-400-ymco-prints","status":"publish","type":"product","link":"https:\/\/secureus.se\/fi\/zebra-106000-10l2-media-kit-400-cards-with-2-slots-400-ymco-prints\/","title":{"rendered":"Korttipakka Zebra \u2013 106000-10L2 (400 korttia, 2 paikkaa)"},"content":{"rendered":"<h1>Korttipakka<br \/>\n  Zebra &#8211; 106000-10L2 (400 kort, 2 slot)<\/h1>\n<p>Kortpaket Zebra &#8211; 106000-10L2 (400 kort, 2 slot) \u00e4r ett komplett<br \/>\n  korttitulostusmateriaalisarja, joka yhdist\u00e4\u00e4 kortit ja tarvikkeet yhteen<br \/>\n  pakkaus. Pakkaus sopii hyvin henkil\u00f6korttien, kulkukorttien ja muiden vastaavien tulostamiseen.<br \/>\n  tapahtumakortti.<\/p>\n<p>Se on hyv\u00e4 valinta yrityksille, jotka haluavat<br \/>\n  Alkuper\u00e4iset kulutustarvikkeet, joilla on tasainen laatu ja helppok\u00e4ytt\u00f6isyys.<\/p>\n<ul>\n<li>Kapasiteetti: jopa 400 tulostetta<\/li>\n<li>Sis\u00e4lt\u00e4\u00e4 400 muovikorttia<\/li>\n<li>Sis\u00e4lt\u00e4\u00e4 YMCO-nauhan<\/li>\n<li>Alkuper\u00e4inen tuote<\/li>\n<\/ul>\n<p><strong>Tuotteen paino:<\/strong> 2,00 kg<\/p>","protected":false},"excerpt":{"rendered":"<p>Zebra 106000-10L2 -mediasarja on t\u00e4ydellinen kulutustarvikepaketti suurten tapahtumakorttien tulostamiseen Zebra ZC10L:ll\u00e4.<\/p>\n<p>Pakkaus sis\u00e4lt\u00e4\u00e4 400 ylisuurta muovikorttia, joissa on kaksi rei&#039;itetty\u00e4 korttipaikkaa, ja YMCO-v\u00e4rinauhan 400 tulosteeseen.<\/p>\n<p>T\u00e4ydellinen ammattimaisiin VIP-passeihin, vieraskortteihin ja tapahtumakortteihin, joissa tarvitaan lis\u00e4vakautta ja joustavaa kaulanauhan kiinnityst\u00e4.<\/p>","protected":false},"featured_media":160953,"template":"","meta":{"_acf_changed":false},"product_brand":[],"product_cat":[3218],"product_tag":[],"class_list":{"0":"post-160957","1":"product","2":"type-product","3":"status-publish","4":"has-post-thumbnail","6":"product_cat-zebra-fargband-retransfer","7":"pa_brands-zebra","8":"tm-has-options","10":"first","11":"outofstock","12":"sale","13":"taxable","14":"shipping-taxable","15":"purchasable","16":"product-type-simple"},"acf":[],"_links":{"self":[{"href":"https:\/\/secureus.se\/fi\/wp-json\/wp\/v2\/product\/160957","targetHints":{"allow":["GET"]}}],"collection":[{"href":"https:\/\/secureus.se\/fi\/wp-json\/wp\/v2\/product"}],"about":[{"href":"https:\/\/secureus.se\/fi\/wp-json\/wp\/v2\/types\/product"}],"wp:featuredmedia":[{"embeddable":true,"href":"https:\/\/secureus.se\/fi\/wp-json\/wp\/v2\/media\/160953"}],"wp:attachment":[{"href":"https:\/\/secureus.se\/fi\/wp-json\/wp\/v2\/media?parent=160957"}],"wp:term":[{"taxonomy":"product_brand","embeddable":true,"href":"https:\/\/secureus.se\/fi\/wp-json\/wp\/v2\/product_brand?post=160957"},{"taxonomy":"product_cat","embeddable":true,"href":"https:\/\/secureus.se\/fi\/wp-json\/wp\/v2\/product_cat?post=160957"},{"taxonomy":"product_tag","embeddable":true,"href":"https:\/\/secureus.se\/fi\/wp-json\/wp\/v2\/product_tag?post=160957"}],"curies":[{"name":"wp","href":"https:\/\/api.w.org\/{rel}","templated":true}]}}