{"id":160962,"date":"2025-12-16T12:42:02","date_gmt":"2025-12-16T11:42:02","guid":{"rendered":"https:\/\/secureus.se\/zebra-106000-10l1-media-kit-400-cards-with-1-slot-400-ymco-prints\/"},"modified":"2026-03-26T09:55:13","modified_gmt":"2026-03-26T08:55:13","slug":"zebra-106000-10l1-media-kit-400-cards-with-1-slot-400-ymco-prints","status":"publish","type":"product","link":"https:\/\/secureus.se\/fi\/zebra-106000-10l1-media-kit-400-cards-with-1-slot-400-ymco-prints\/","title":{"rendered":"Zebra 106000-10L1 -mediasarja (400 korttia, 1 korttipaikka + 400 YMCO-tulostetta)"},"content":{"rendered":"<h1>Zebra 106000-10L1 -mediasarja (400 korttia, 1 korttipaikka + 400 YMCO-tulostetta)<\/h1>\n<p data-start=\"345\" data-end=\"711\"><strong data-start=\"345\" data-end=\"376\">Zebra 106000-10L1 -mediasarja<\/strong> on korkealaatuinen ja kattava mediasetti, joka on erityisesti suunniteltu <strong data-start=\"445\" data-end=\"473\">Zebra ZC10L -korttitulostin<\/strong>, maailman ensimm\u00e4inen suurkuvatulostin tapahtumakortteihin.<\/p>\n<p data-start=\"345\" data-end=\"711\">Pakkaus sopii t\u00e4ydellisesti tapahtumaj\u00e4rjest\u00e4jille, messuille ja organisaatioille, joiden on tuotettava <strong data-start=\"619\" data-end=\"677\">suuret, selke\u00e4sti n\u00e4kyv\u00e4t ja ammattimaiset tapahtumakortit<\/strong> nopealla ja luotettavalla tavalla.<\/p>\n<h3 data-start=\"713\" data-end=\"740\">Mediapaketin edut<\/h3>\n<ul data-start=\"741\" data-end=\"1180\">\n<li data-start=\"741\" data-end=\"822\">\n<p data-start=\"743\" data-end=\"822\">Tuottaa <strong data-start=\"754\" data-end=\"785\">400 ylisuurta korttia<\/strong> yksi rei&#039;itetty korttipaikka korttia kohden.<\/p>\n<\/li>\n<li data-start=\"823\" data-end=\"906\">\n<p data-start=\"825\" data-end=\"906\">Sis\u00e4lt\u00e4\u00e4 <strong data-start=\"836\" data-end=\"872\">YMCO-v\u00e4rinauha 400 tulosteeseen<\/strong> (Keltainen, Purppura, Syaani, Peittokuva).<\/p>\n<\/li>\n<li data-start=\"907\" data-end=\"989\">\n<p data-start=\"909\" data-end=\"989\">T\u00e4ydellinen <strong data-start=\"921\" data-end=\"988\">VIP-passit, vieraskortit, henkil\u00f6kunnan tunnukset, lehdist\u00f6kortit ja n\u00e4ytteilleasettajien kortit<\/strong>.<\/p>\n<\/li>\n<li data-start=\"990\" data-end=\"1076\">\n<p data-start=\"992\" data-end=\"1076\">Aidon Zebra-median takuut <strong data-start=\"1028\" data-end=\"1075\">optimaalinen yhteensopivuus ja ongelmaton toiminta<\/strong>.<\/p>\n<\/li>\n<li data-start=\"1077\" data-end=\"1180\">\n<p data-start=\"1079\" data-end=\"1180\">P\u00e4\u00e4llystekerros suojaa tms. <strong data-start=\"1107\" data-end=\"1136\">naarmuja, likaa ja haalistumista<\/strong>mik\u00e4 on t\u00e4rke\u00e4\u00e4 monip\u00e4iv\u00e4isten tapahtumien yhteydess\u00e4.<\/p>\n<\/li>\n<\/ul>\n<h3 data-start=\"1182\" data-end=\"1204\">Kortin ominaisuudet<\/h3>\n<p data-start=\"1205\" data-end=\"1360\">Ylisuuret kortit on suunniteltu ymp\u00e4rist\u00f6ihin, joissa <strong data-start=\"1263\" data-end=\"1301\">n\u00e4kyvyys ja selke\u00e4 tunnistaminen<\/strong> on ratkaisevan t\u00e4rke\u00e4\u00e4. Suurempi formaatti tarjoaa runsaasti tilaa:<\/p>\n<ul data-start=\"1361\" data-end=\"1489\">\n<li data-start=\"1361\" data-end=\"1399\">\n<p data-start=\"1363\" data-end=\"1399\">Logot ja v\u00e4rikk\u00e4\u00e4t taustat<\/p>\n<\/li>\n<li data-start=\"1400\" data-end=\"1427\">\n<p data-start=\"1402\" data-end=\"1427\">Osallistujien nimet ja roolit<\/p>\n<\/li>\n<li data-start=\"1428\" data-end=\"1447\">\n<p data-start=\"1430\" data-end=\"1447\">Vy\u00f6hykkeen k\u00e4ytt\u00f6oikeudet<\/p>\n<\/li>\n<li data-start=\"1448\" data-end=\"1489\">\n<p data-start=\"1450\" data-end=\"1489\">QR-koodit ja muut t\u00e4rke\u00e4t tiedot<\/p>\n<\/li>\n<\/ul>\n<p data-start=\"1491\" data-end=\"1769\">Jokaisella kortilla on <strong data-start=\"1506\" data-end=\"1532\">valmiiksi rei&#039;itetty raita<\/strong> mik\u00e4 tekee siit\u00e4 helpon kiinnitt\u00e4\u00e4 suoraan kaulanauhoihin, klipseihin tai nimilapun pidikkeisiin ilman ylim\u00e4\u00e4r\u00e4ist\u00e4 rei&#039;ityst\u00e4 tai manuaalista k\u00e4sittely\u00e4.<\/p>\n<p data-start=\"1491\" data-end=\"1769\">T\u00e4m\u00e4 s\u00e4\u00e4st\u00e4\u00e4 aikaa rekister\u00f6innin ja jakelun aikana ja tarjoaa <strong data-start=\"1719\" data-end=\"1745\">ammattimainen vaikutelma<\/strong> koko tapahtuman ajan.<\/p>\n<h3 data-start=\"1771\" data-end=\"1802\">YMCO-nauhan ominaisuudet<\/h3>\n<p data-start=\"1803\" data-end=\"1845\">Mukana tuleva YMCO-nauha tarjoaa:<\/p>\n<ul data-start=\"1846\" data-end=\"1978\">\n<li data-start=\"1846\" data-end=\"1872\">\n<p data-start=\"1848\" data-end=\"1872\">Kirkkaat, eloisat v\u00e4rit<\/p>\n<\/li>\n<li data-start=\"1873\" data-end=\"1897\">\n<p data-start=\"1875\" data-end=\"1897\">Pehme\u00e4t v\u00e4risiirtym\u00e4t<\/p>\n<\/li>\n<li data-start=\"1898\" data-end=\"1923\">\n<p data-start=\"1900\" data-end=\"1923\">Ter\u00e4v\u00e4\u00e4 teksti\u00e4 ja grafiikkaa<\/p>\n<\/li>\n<li data-start=\"1924\" data-end=\"1978\">\n<p data-start=\"1926\" data-end=\"1978\">Suojaava pinnoite, joka pident\u00e4\u00e4 kortin kest\u00e4vyytt\u00e4<\/p>\n<\/li>\n<\/ul>\n<h3 data-start=\"1980\" data-end=\"2011\">Yhteensopivuus ja laatu<\/h3>\n<p data-start=\"2012\" data-end=\"2100\">Zebra 106000-10L1 -mediapaketti on <strong data-start=\"2043\" data-end=\"2080\">t\u00e4ysin yhteensopiva Zebra ZC10L:n kanssa<\/strong>, joka takaa:<\/p>\n<ul data-start=\"2101\" data-end=\"2199\">\n<li data-start=\"2101\" data-end=\"2123\">\n<p data-start=\"2103\" data-end=\"2123\">T\u00e4sm\u00e4llinen v\u00e4rien vastaavuus<\/p>\n<\/li>\n<li data-start=\"2124\" data-end=\"2149\">\n<p data-start=\"2126\" data-end=\"2149\">Kortin oikea asettaminen<\/p>\n<\/li>\n<li data-start=\"2150\" data-end=\"2199\">\n<p data-start=\"2152\" data-end=\"2199\">Luotettavaa tulostusta ensimm\u00e4isest\u00e4 viimeiseen korttiin<\/p>\n<\/li>\n<\/ul>\n<p data-start=\"2201\" data-end=\"2317\">Zebra yll\u00e4pit\u00e4\u00e4 korkeimpia standardeja sek\u00e4 korteissa ett\u00e4 nauhoissa varmistaen <strong data-start=\"2273\" data-end=\"2316\">kest\u00e4vyys, laatu ja tasainen suorituskyky<\/strong>.<\/p>\n<h3 data-start=\"2319\" data-end=\"2358\">T\u00e4ydellinen kaikenlaisiin tapahtumiin<\/h3>\n<p data-start=\"2359\" data-end=\"2385\">Riippumatta siit\u00e4, onko kyse:<\/p>\n<ul data-start=\"2386\" data-end=\"2523\">\n<li data-start=\"2386\" data-end=\"2417\">\n<p data-start=\"2388\" data-end=\"2417\">Kansainv\u00e4liset konferenssit<\/p>\n<\/li>\n<li data-start=\"2418\" data-end=\"2446\">\n<p data-start=\"2420\" data-end=\"2446\">Messut ja n\u00e4yttelyt<\/p>\n<\/li>\n<li data-start=\"2447\" data-end=\"2480\">\n<p data-start=\"2449\" data-end=\"2480\">Festivaalit ja urheilutapahtumat<\/p>\n<\/li>\n<li data-start=\"2481\" data-end=\"2523\">\n<p data-start=\"2483\" data-end=\"2523\">Yritystapahtumat tai tuotelanseeraukset<\/p>\n<\/li>\n<\/ul>\n<p data-start=\"2525\" data-end=\"2662\">...t\u00e4m\u00e4 mediapaketti antaa sinulle mahdollisuuden tuottaa nopeasti <strong data-start=\"2578\" data-end=\"2621\">ammattimaiset ja v\u00e4rikk\u00e4\u00e4t tapahtumakortit<\/strong> paikan p\u00e4\u00e4ll\u00e4, jopa nopeatempoisissa ymp\u00e4rist\u00f6iss\u00e4.<\/p>\n<h3 data-start=\"2664\" data-end=\"2694\">Tekniset tiedot ja sis\u00e4lt\u00f6<\/h3>\n<ul data-start=\"2695\" data-end=\"2951\">\n<li data-start=\"2695\" data-end=\"2752\">\n<p data-start=\"2697\" data-end=\"2752\"><strong data-start=\"2697\" data-end=\"2706\">Lyhyt:<\/strong> 400 ylisuurta muovikorttia, yksi korttipaikka<\/p>\n<\/li>\n<li data-start=\"2753\" data-end=\"2827\">\n<p data-start=\"2755\" data-end=\"2827\"><strong data-start=\"2755\" data-end=\"2768\">Nauha:<\/strong> YMCO (keltainen, magenta, syaani, p\u00e4\u00e4llekk\u00e4istulostus) 400 tulosteelle<\/p>\n<\/li>\n<li data-start=\"2828\" data-end=\"2863\">\n<p data-start=\"2830\" data-end=\"2863\"><strong data-start=\"2830\" data-end=\"2849\">Yhteensopivuus:<\/strong> Zebra ZC10L<\/p>\n<\/li>\n<li data-start=\"2864\" data-end=\"2885\">\n<p data-start=\"2866\" data-end=\"2885\"><strong data-start=\"2866\" data-end=\"2875\">Paino:<\/strong> 2,00 kg<\/p>\n<\/li>\n<li data-start=\"2886\" data-end=\"2951\">\n<p data-start=\"2888\" data-end=\"2951\"><strong data-start=\"2888\" data-end=\"2904\">Kortin tyyppi:<\/strong> Suurikokoinen, sopii VIP- ja vieraskorteille<\/p>\n<\/li>\n<\/ul>\n<h3 data-start=\"2953\" data-end=\"2971\">Yhteenveto<\/h3>\n<p data-start=\"2972\" data-end=\"3267\">Zebra 106000-10L1 -mediasarja on <strong data-start=\"3007\" data-end=\"3061\">luotettava, v\u00e4rik\u00e4s ja k\u00e4ytt\u00e4j\u00e4yst\u00e4v\u00e4llinen mediapaketti<\/strong>, joka tarjoaa korkealaatuista tulostusta, helpon k\u00e4sittelyn ja t\u00e4yden yhteensopivuuden Zebra ZC10L:n kanssa.<\/p>\n<p data-start=\"2972\" data-end=\"3267\">T\u00e4ydellinen kaikille j\u00e4rjest\u00e4jille, jotka haluavat varmistaa <strong data-start=\"3216\" data-end=\"3266\">ammattimaiset, visuaalisesti n\u00e4ytt\u00e4v\u00e4t tapahtumakortit<\/strong>.<\/p>","protected":false},"excerpt":{"rendered":"<p>Zebra 106000-10L1 -mediasarja on t\u00e4ydellinen kulutustarvikepaketti tapahtumien tulostamiseen Zebra ZC10L -korttitulostimella.<\/p>\n<p>Pakkaus sis\u00e4lt\u00e4\u00e4 400 ylisuurta muovikorttia, joissa on valmiiksi tehty paikka lanyardeille ja YMCO-nauha 400 tulosteelle.<\/p>\n<p>T\u00e4ydellinen ammattimaisiin VIP-passeihin, vieraskortteihin ja tapahtumakortteihin konferensseihin, messuille, festivaaleille ja muihin tilap\u00e4isiin tapahtumiin.<\/p>","protected":false},"featured_media":160958,"template":"","meta":{"_acf_changed":false},"product_brand":[],"product_cat":[3218],"product_tag":[],"class_list":{"0":"post-160962","1":"product","2":"type-product","3":"status-publish","4":"has-post-thumbnail","6":"product_cat-zebra-fargband-retransfer","7":"pa_brands-zebra","8":"tm-has-options","10":"first","11":"instock","12":"sale","13":"taxable","14":"shipping-taxable","15":"purchasable","16":"product-type-simple"},"acf":[],"_links":{"self":[{"href":"https:\/\/secureus.se\/fi\/wp-json\/wp\/v2\/product\/160962","targetHints":{"allow":["GET"]}}],"collection":[{"href":"https:\/\/secureus.se\/fi\/wp-json\/wp\/v2\/product"}],"about":[{"href":"https:\/\/secureus.se\/fi\/wp-json\/wp\/v2\/types\/product"}],"wp:featuredmedia":[{"embeddable":true,"href":"https:\/\/secureus.se\/fi\/wp-json\/wp\/v2\/media\/160958"}],"wp:attachment":[{"href":"https:\/\/secureus.se\/fi\/wp-json\/wp\/v2\/media?parent=160962"}],"wp:term":[{"taxonomy":"product_brand","embeddable":true,"href":"https:\/\/secureus.se\/fi\/wp-json\/wp\/v2\/product_brand?post=160962"},{"taxonomy":"product_cat","embeddable":true,"href":"https:\/\/secureus.se\/fi\/wp-json\/wp\/v2\/product_cat?post=160962"},{"taxonomy":"product_tag","embeddable":true,"href":"https:\/\/secureus.se\/fi\/wp-json\/wp\/v2\/product_tag?post=160962"}],"curies":[{"name":"wp","href":"https:\/\/api.w.org\/{rel}","templated":true}]}}