{"id":161081,"date":"2025-11-21T12:45:37","date_gmt":"2025-11-21T11:45:37","guid":{"rendered":"https:\/\/secureus.se\/rokpatron-testifire-tes3\/"},"modified":"2026-04-08T16:00:08","modified_gmt":"2026-04-08T14:00:08","slug":"rokpatron-testifire-tes3","status":"publish","type":"product","link":"https:\/\/secureus.se\/fi\/rokpatron-testifire-tes3\/","title":{"rendered":"Savupatruuna Testifire-TES3"},"content":{"rendered":"<h1>Savupatruuna Testifire-TES3<\/h1>\n<h3 data-start=\"364\" data-end=\"413\">Turvallinen ja luotettava savuilmaisimien testaus<\/h3>\n<p data-start=\"414\" data-end=\"729\">TES3-savupatruuna on kehitetty erityisesti k\u00e4ytett\u00e4v\u00e4ksi Testifire XTR2 -monikriteeritesterin kanssa, ja se mahdollistaa savuilmaisimien tarkan ja vaatimustenmukaisen testauksen.<\/p>\n<p data-start=\"414\" data-end=\"729\">Simuloimalla todellista palosavua voidaan toiminta ja vaste varmistaa luotettavasti altistamatta k\u00e4ytt\u00e4ji\u00e4 tai ymp\u00e4rist\u00f6\u00e4 riskeille.<\/p>\n<h3 data-start=\"731\" data-end=\"765\">Realistinen savu \u2013 ilman j\u00e4\u00e4mi\u00e4<\/h3>\n<p data-start=\"766\" data-end=\"1055\">TES3 sis\u00e4lt\u00e4\u00e4 glyserolipohjaista geeli\u00e4, jota l\u00e4mmitet\u00e4\u00e4n Testifire XTR2:ssa ja joka tuottaa savua, joka aktivoi tehokkaasti sek\u00e4 optiset ett\u00e4 ionisoivat savuilmaisimet.<\/p>\n<p data-start=\"766\" data-end=\"1055\">Testin j\u00e4lkeen savu poistetaan kokonaan eik\u00e4 ilmaisimeen j\u00e4\u00e4 j\u00e4\u00e4mi\u00e4, mik\u00e4 minimoi j\u00e4lkik\u00e4sittelyn ja puhdistuksen tarpeen.<\/p>\n<h3 data-start=\"1057\" data-end=\"1097\">Mukautettu dokumentoituun testaukseen<\/h3>\n<p data-start=\"1098\" data-end=\"1350\">Yhdess\u00e4 Testifire XTR2 -sovelluksen ja pilviportaalin kanssa jokainen testi voidaan kirjata automaattisesti reaaliajassa.<\/p>\n<p data-start=\"1098\" data-end=\"1350\">T\u00e4m\u00e4 tarjoaa palop\u00e4\u00e4llik\u00f6ille, asentajille ja kiinteist\u00f6nomistajille selke\u00e4n dokumentaation ja j\u00e4ljitett\u00e4vyyden, joka t\u00e4ytt\u00e4\u00e4 sovellettavat valvonta- ja omavalvontavaatimukset.<\/p>\n<h3 data-start=\"1352\" data-end=\"1376\">Edut lyhyesti<\/h3>\n<ul data-start=\"1377\" data-end=\"1662\">\n<li data-start=\"1377\" data-end=\"1431\">\n<p data-start=\"1379\" data-end=\"1431\">Turvallinen ja vaaraton savupatruuna ilman paineistusta<\/p>\n<\/li>\n<li data-start=\"1432\" data-end=\"1487\">\n<p data-start=\"1434\" data-end=\"1487\">Tarjoaa eritt\u00e4in realistista savua luotettavaa testausta varten<\/p>\n<\/li>\n<li data-start=\"1488\" data-end=\"1530\">\n<p data-start=\"1490\" data-end=\"1530\">Ei vaikutusta ilmaisimeen testauksen j\u00e4lkeen<\/p>\n<\/li>\n<li data-start=\"1531\" data-end=\"1595\">\n<p data-start=\"1533\" data-end=\"1595\">Tehokas ratkaisu ammattimaiseen ja toistuvaan tarkastukseen<\/p>\n<\/li>\n<li data-start=\"1596\" data-end=\"1662\">\n<p data-start=\"1598\" data-end=\"1662\">T\u00e4ysin yhteensopiva Testifire XTR2:n ja sen digitaalisen lokitietojen tallentamisen kanssa<\/p>\n<\/li>\n<\/ul>\n<p data-start=\"1664\" data-end=\"1691\">TEKNISET TIEDOT:<\/p>\n<ul data-start=\"1692\" data-end=\"1994\">\n<li data-start=\"1692\" data-end=\"1737\">\n<p data-start=\"1694\" data-end=\"1737\">Tuotetyyppi: Savupatruuna savuilmaisimen testaukseen<\/p>\n<\/li>\n<li data-start=\"1738\" data-end=\"1754\">\n<p data-start=\"1740\" data-end=\"1754\">Malli: TES3<\/p>\n<\/li>\n<li data-start=\"1755\" data-end=\"1789\">\n<p data-start=\"1757\" data-end=\"1789\">Yhteensopivuus: Testifire XTR2<\/p>\n<\/li>\n<li data-start=\"1790\" data-end=\"1824\">\n<p data-start=\"1792\" data-end=\"1824\">Testiv\u00e4liaine: Glyserolipohjainen savu<\/p>\n<\/li>\n<li data-start=\"1825\" data-end=\"1881\">\n<p data-start=\"1827\" data-end=\"1881\">Ilmaisintyypit: Optiset ja ionisaatioilmaisimet<\/p>\n<\/li>\n<li data-start=\"1882\" data-end=\"1924\">\n<p data-start=\"1884\" data-end=\"1924\">Kapasiteetti: Noin 800 testi\u00e4 per patruuna<\/p>\n<\/li>\n<li data-start=\"1925\" data-end=\"1952\">\n<p data-start=\"1927\" data-end=\"1952\">J\u00e4\u00e4m\u00e4t testauksen j\u00e4lkeen: Ei mit\u00e4\u00e4n<\/p>\n<\/li>\n<li data-start=\"1953\" data-end=\"1994\">\n<p data-start=\"1955\" data-end=\"1994\">Turvallisuus: Vaaraton ja ymp\u00e4rist\u00f6yst\u00e4v\u00e4llinen<\/p>\n<\/li>\n<\/ul>","protected":false},"excerpt":{"rendered":"<p>Testifire-TES3 -savupatruuna on turvallinen ja vaaraton savupatruuna, joka on tarkoitettu savuilmaisimien toiminnan testaamiseen yhdess\u00e4 Testifire XTR2:n kanssa.<\/p>\n<p>Se tuottaa realistista testisavua, joka aktivoi sek\u00e4 optiset ett\u00e4 ionisoivat savuilmaisimet j\u00e4tt\u00e4m\u00e4tt\u00e4 j\u00e4\u00e4mi\u00e4.<\/p>\n<p>Tuote on suunniteltu ammattimaiseen testaukseen kiinteist\u00f6iss\u00e4 ja laitoksissa.<\/p>","protected":false},"featured_media":161080,"template":"","meta":{"_acf_changed":false},"product_brand":[],"product_cat":[4757,5069,2946],"product_tag":[],"class_list":{"0":"post-161081","1":"product","2":"type-product","3":"status-publish","4":"has-post-thumbnail","6":"product_cat-xtr2","7":"product_cat-kassetter-rok-co","8":"product_cat-testifire","9":"pa_brands-testifire","10":"tm-no-options","12":"first","13":"instock","14":"taxable","15":"shipping-taxable","16":"purchasable","17":"product-type-simple"},"acf":[],"_links":{"self":[{"href":"https:\/\/secureus.se\/fi\/wp-json\/wp\/v2\/product\/161081","targetHints":{"allow":["GET"]}}],"collection":[{"href":"https:\/\/secureus.se\/fi\/wp-json\/wp\/v2\/product"}],"about":[{"href":"https:\/\/secureus.se\/fi\/wp-json\/wp\/v2\/types\/product"}],"wp:featuredmedia":[{"embeddable":true,"href":"https:\/\/secureus.se\/fi\/wp-json\/wp\/v2\/media\/161080"}],"wp:attachment":[{"href":"https:\/\/secureus.se\/fi\/wp-json\/wp\/v2\/media?parent=161081"}],"wp:term":[{"taxonomy":"product_brand","embeddable":true,"href":"https:\/\/secureus.se\/fi\/wp-json\/wp\/v2\/product_brand?post=161081"},{"taxonomy":"product_cat","embeddable":true,"href":"https:\/\/secureus.se\/fi\/wp-json\/wp\/v2\/product_cat?post=161081"},{"taxonomy":"product_tag","embeddable":true,"href":"https:\/\/secureus.se\/fi\/wp-json\/wp\/v2\/product_tag?post=161081"}],"curies":[{"name":"wp","href":"https:\/\/api.w.org\/{rel}","templated":true}]}}