{"id":161311,"date":"2026-01-07T12:58:07","date_gmt":"2026-01-07T11:58:07","guid":{"rendered":"https:\/\/secureus.se\/ajax-fireprotect-2-heat-co-endast-varme-och-co-vit\/"},"modified":"2026-04-10T13:53:35","modified_gmt":"2026-04-10T11:53:35","slug":"ajax-fireprotect-2-heat-co-endast-varme-och-co-vit","status":"publish","type":"product","link":"https:\/\/secureus.se\/fi\/ajax-fireprotect-2-heat-co-endast-varme-och-co-vit\/","title":{"rendered":"Ajax FireProtect 2 RB (l\u00e4mp\u00f6\/hiilimonoksidi) \u2013 Vain l\u00e4mmitys ja hiilimonoksidi (valkoinen)"},"content":{"rendered":"<p data-start=\"594\" data-end=\"901\">T\u00e4m\u00e4 <strong data-start=\"600\" data-end=\"647\">langaton l\u00e4mp\u00f6- ja hiilimonoksidi- (CO) ilmaisin<\/strong> on kehitetty tarjoamaan luotettavaa ja varhaista suojaa tulipaloa ja vaarallisia hiilimonoksidikaasuja vastaan kodeissa ja tiloissa. Ilmaisin on tarkoitettu <strong data-start=\"782\" data-end=\"800\">sis\u00e4asennus<\/strong> ja on varustettu molemmilla <strong data-start=\"826\" data-end=\"869\">sis\u00e4\u00e4nrakennettu sireeni ja selke\u00e4 LED-merkkivalo<\/strong> v\u00e4litt\u00f6m\u00e4n varoituksen antamiseksi h\u00e4lytyksen sattuessa.<\/p>\n<h3 data-start=\"903\" data-end=\"944\">Suojaus sek\u00e4 kuumuudelta ett\u00e4 hiilimonoksidilta<\/h3>\n<p data-start=\"945\" data-end=\"1019\">Toisin kuin perinteiset savuilmaisimet, t\u00e4m\u00e4 ilmaisin reagoi:<\/p>\n<ul data-start=\"1020\" data-end=\"1114\">\n<li data-start=\"1020\" data-end=\"1072\">\n<p data-start=\"1022\" data-end=\"1072\"><strong data-start=\"1022\" data-end=\"1072\">Nopea l\u00e4mp\u00f6tilan nousu tai korkeat l\u00e4mp\u00f6tilat<\/strong><\/p>\n<\/li>\n<li data-start=\"1073\" data-end=\"1114\">\n<p data-start=\"1075\" data-end=\"1114\"><strong data-start=\"1075\" data-end=\"1112\">Vaaralliset hiilimonoksidipitoisuudet (CO)<\/strong><\/p>\n<\/li>\n<\/ul>\n<p data-start=\"1116\" data-end=\"1223\">H\u00e4lytyksen sattuessa sis\u00e4\u00e4nrakennettu sireeni (85 dB) aktivoituu ja LED-merkkivalo syttyy punaisena antamaan selke\u00e4n visuaalisen varoituksen.<\/p>\n<h3 data-start=\"1225\" data-end=\"1263\">Yhteentoimivat h\u00e4lytykset koko j\u00e4rjestelm\u00e4ss\u00e4<\/h3>\n<p data-start=\"1264\" data-end=\"1506\">Ilmaisin voidaan konfiguroida <strong data-start=\"1298\" data-end=\"1365\">kaikki j\u00e4rjestelm\u00e4n savu-, l\u00e4mp\u00f6- ja h\u00e4k\u00e4ilmaisimet h\u00e4lytt\u00e4v\u00e4t samanaikaisesti<\/strong> kun ilmaisin aktivoituu. T\u00e4m\u00e4 antaa kovan ja selke\u00e4n h\u00e4lytyksen koko rakennuksessa, vaikka tulipalo tai h\u00e4k\u00e4p\u00e4\u00e4st\u00f6 tapahtuisi toisessa huoneessa.<\/p>\n<h3 data-start=\"1508\" data-end=\"1545\">Itsetestaus ja korkea k\u00e4ytt\u00f6varmuus<\/h3>\n<p data-start=\"1546\" data-end=\"1639\">Parhaan mahdollisen turvallisuuden takaamiseksi ilmaisin suorittaa <strong data-start=\"1583\" data-end=\"1610\">s\u00e4\u00e4nn\u00f6lliset itsetestit<\/strong> ja ilmoittaa sinulle automaattisesti seuraavista asioista:<\/p>\n<ul data-start=\"1640\" data-end=\"1693\">\n<li data-start=\"1640\" data-end=\"1651\">\n<p data-start=\"1642\" data-end=\"1651\">Anturivirhe<\/p>\n<\/li>\n<li data-start=\"1652\" data-end=\"1669\">\n<p data-start=\"1654\" data-end=\"1669\">Akun varaustaso matala<\/p>\n<\/li>\n<li data-start=\"1670\" data-end=\"1693\">\n<p data-start=\"1672\" data-end=\"1693\">Toiminnalliset poikkeavuudet<\/p>\n<\/li>\n<\/ul>\n<p data-start=\"1695\" data-end=\"1777\">T\u00e4m\u00e4 minimoi riskin, ett\u00e4 ilmaisin ei toimi silloin, kun sit\u00e4 todella tarvitaan.<\/p>\n<h3 data-start=\"1779\" data-end=\"1814\">Toimii my\u00f6s ilman h\u00e4lytysj\u00e4rjestelm\u00e4\u00e4<\/h3>\n<p data-start=\"1815\" data-end=\"1953\">Ilmaisinta voidaan k\u00e4ytt\u00e4\u00e4 <strong data-start=\"1838\" data-end=\"1852\">riippumaton<\/strong>aivan kuten tavallinen palovaroitin, joten se on joustava sek\u00e4 h\u00e4lytetyiss\u00e4 ett\u00e4 h\u00e4lytt\u00e4m\u00e4tt\u00f6miss\u00e4 ymp\u00e4rist\u00f6iss\u00e4.<\/p>\n<h3 data-start=\"1955\" data-end=\"2001\">Pitk\u00e4 k\u00e4ytt\u00f6ik\u00e4 ja alhaiset yll\u00e4pitokustannukset<\/h3>\n<ul data-start=\"2002\" data-end=\"2155\">\n<li data-start=\"2002\" data-end=\"2059\">\n<p data-start=\"2004\" data-end=\"2059\">Jopa <strong data-start=\"2013\" data-end=\"2033\">7 vuoden akunkesto<\/strong> vaihdettavilla paristoilla<\/p>\n<\/li>\n<li data-start=\"2060\" data-end=\"2098\">\n<p data-start=\"2062\" data-end=\"2098\"><strong data-start=\"2062\" data-end=\"2096\">CO-anturin 10 vuoden k\u00e4ytt\u00f6ik\u00e4<\/strong><\/p>\n<\/li>\n<li data-start=\"2099\" data-end=\"2155\">\n<p data-start=\"2101\" data-end=\"2155\">Langaton kantama jopa <strong data-start=\"2127\" data-end=\"2155\">1700 metri\u00e4 avoimessa maastossa<\/strong><\/p>\n<\/li>\n<\/ul>\n<hr data-start=\"2157\" data-end=\"2160\" \/>\n<h2 data-start=\"2162\" data-end=\"2189\">Tekniset tiedot<\/h2>\n<ul data-start=\"2191\" data-end=\"2638\">\n<li data-start=\"2191\" data-end=\"2234\">\n<p data-start=\"2193\" data-end=\"2234\"><strong data-start=\"2193\" data-end=\"2201\">Tyyppi:<\/strong> Langaton l\u00e4mp\u00f6- ja h\u00e4k\u00e4ilmaisin<\/p>\n<\/li>\n<li data-start=\"2235\" data-end=\"2269\">\n<p data-start=\"2237\" data-end=\"2269\"><strong data-start=\"2237\" data-end=\"2259\">K\u00e4ytt\u00f6alue:<\/strong> Sis\u00e4tiloissa<\/p>\n<\/li>\n<li data-start=\"2270\" data-end=\"2345\">\n<p data-start=\"2272\" data-end=\"2345\"><strong data-start=\"2272\" data-end=\"2291\">Yhteensopivuus:<\/strong> Hub Plus, Hub 2, Hub 2 Plus, Hub Hybrid, ReX, ReX 2<\/p>\n<\/li>\n<li data-start=\"2346\" data-end=\"2401\">\n<p data-start=\"2348\" data-end=\"2401\"><strong data-start=\"2348\" data-end=\"2369\">Langaton kantama:<\/strong> Jopa 1700 m (avoin maasto)<\/p>\n<\/li>\n<li data-start=\"2402\" data-end=\"2429\">\n<p data-start=\"2404\" data-end=\"2429\"><strong data-start=\"2404\" data-end=\"2416\">Akku:<\/strong> 2 \u00d7 CR123A<\/p>\n<\/li>\n<li data-start=\"2430\" data-end=\"2469\">\n<p data-start=\"2432\" data-end=\"2469\"><strong data-start=\"2432\" data-end=\"2453\">Akun kesto:<\/strong> Jopa 7 vuotta<\/p>\n<\/li>\n<li data-start=\"2470\" data-end=\"2504\">\n<p data-start=\"2472\" data-end=\"2504\"><strong data-start=\"2472\" data-end=\"2496\">CO-anturin k\u00e4ytt\u00f6ik\u00e4:<\/strong> 10 vuotta<\/p>\n<\/li>\n<li data-start=\"2505\" data-end=\"2547\">\n<p data-start=\"2507\" data-end=\"2547\"><strong data-start=\"2507\" data-end=\"2528\">L\u00e4mp\u00f6tila-alue:<\/strong> 0 \u00b0C - +50 \u00b0C<\/p>\n<\/li>\n<li data-start=\"2548\" data-end=\"2579\">\n<p data-start=\"2550\" data-end=\"2579\"><strong data-start=\"2550\" data-end=\"2572\">Suurin ilmankosteus:<\/strong> 80 %<\/p>\n<\/li>\n<li data-start=\"2580\" data-end=\"2602\">\n<p data-start=\"2582\" data-end=\"2602\"><strong data-start=\"2582\" data-end=\"2595\">IP-luokka:<\/strong> IP20<\/p>\n<\/li>\n<li data-start=\"2603\" data-end=\"2638\">\n<p data-start=\"2605\" data-end=\"2638\"><strong data-start=\"2605\" data-end=\"2620\">\u00c4\u00e4nenvoimakkuus:<\/strong> 85 dB (3 metrin et\u00e4isyydell\u00e4)<\/p>\n<\/li>\n<\/ul>\n<h3 data-start=\"2640\" data-end=\"2664\">H\u00e4lytyskynnykset \u2013 l\u00e4mp\u00f6<\/h3>\n<ul data-start=\"2665\" data-end=\"2725\">\n<li data-start=\"2665\" data-end=\"2675\">\n<p data-start=\"2667\" data-end=\"2675\">+64 \u00b0C<\/p>\n<\/li>\n<li data-start=\"2676\" data-end=\"2725\">\n<p data-start=\"2678\" data-end=\"2725\">L\u00e4mp\u00f6tilan nousu \u2265 10 \u00b0C alle minuutissa<\/p>\n<\/li>\n<\/ul>\n<h3 data-start=\"2727\" data-end=\"2761\">H\u00e4lytyskynnykset \u2013 hiilimonoksidi (CO)<\/h3>\n<ul data-start=\"2762\" data-end=\"2889\">\n<li data-start=\"2762\" data-end=\"2804\">\n<p data-start=\"2764\" data-end=\"2804\"><strong data-start=\"2764\" data-end=\"2785\">50 ppm (0,005 %):<\/strong> h\u00e4lytys 90 minuutin sis\u00e4ll\u00e4<\/p>\n<\/li>\n<li data-start=\"2805\" data-end=\"2847\">\n<p data-start=\"2807\" data-end=\"2847\"><strong data-start=\"2807\" data-end=\"2828\">100 ppm (0,01 %):<\/strong> h\u00e4lytys 40 minuutin sis\u00e4ll\u00e4<\/p>\n<\/li>\n<li data-start=\"2848\" data-end=\"2889\">\n<p data-start=\"2850\" data-end=\"2889\"><strong data-start=\"2850\" data-end=\"2871\">300 ppm (0,03 %):<\/strong> h\u00e4lytys 3 minuutin sis\u00e4ll\u00e4<\/p>\n<\/li>\n<\/ul>","protected":false},"excerpt":{"rendered":"<p><strong data-start=\"201\" data-end=\"263\">Langaton l\u00e4mp\u00f6- ja hiilimonoksidi- (CO) ilmaisin sis\u00e4k\u00e4ytt\u00f6\u00f6n<\/strong> Sis\u00e4\u00e4nrakennetulla sireenill\u00e4 ja LED-merkkivalolla. Ilmaisin h\u00e4lytt\u00e4\u00e4 l\u00e4mp\u00f6tilan nopeasta noususta tai vaarallisesta hiilimonoksidipitoisuudesta ja voi olla vuorovaikutuksessa j\u00e4rjestelm\u00e4n muiden palovaroittimien kanssa yhteish\u00e4lytyksen aikaansaamiseksi. Toimii my\u00f6s itsen\u00e4isesti tavallisena palovaroittimena. Pariston kesto jopa 7 vuotta ja hiilimonoksidianturin 10 vuotta.<\/p>","protected":false},"featured_media":161310,"template":"","meta":{"_acf_changed":false},"product_brand":[],"product_cat":[3159],"product_tag":[],"class_list":{"0":"post-161311","1":"product","2":"type-product","3":"status-publish","4":"has-post-thumbnail","6":"product_cat-brandvarnare","7":"pa_brands-ajax-systems","8":"tm-no-options","10":"first","11":"instock","12":"taxable","13":"shipping-taxable","14":"purchasable","15":"product-type-simple"},"acf":[],"_links":{"self":[{"href":"https:\/\/secureus.se\/fi\/wp-json\/wp\/v2\/product\/161311","targetHints":{"allow":["GET"]}}],"collection":[{"href":"https:\/\/secureus.se\/fi\/wp-json\/wp\/v2\/product"}],"about":[{"href":"https:\/\/secureus.se\/fi\/wp-json\/wp\/v2\/types\/product"}],"wp:featuredmedia":[{"embeddable":true,"href":"https:\/\/secureus.se\/fi\/wp-json\/wp\/v2\/media\/161310"}],"wp:attachment":[{"href":"https:\/\/secureus.se\/fi\/wp-json\/wp\/v2\/media?parent=161311"}],"wp:term":[{"taxonomy":"product_brand","embeddable":true,"href":"https:\/\/secureus.se\/fi\/wp-json\/wp\/v2\/product_brand?post=161311"},{"taxonomy":"product_cat","embeddable":true,"href":"https:\/\/secureus.se\/fi\/wp-json\/wp\/v2\/product_cat?post=161311"},{"taxonomy":"product_tag","embeddable":true,"href":"https:\/\/secureus.se\/fi\/wp-json\/wp\/v2\/product_tag?post=161311"}],"curies":[{"name":"wp","href":"https:\/\/api.w.org\/{rel}","templated":true}]}}