{"id":161312,"date":"2026-01-07T12:51:13","date_gmt":"2026-01-07T11:51:13","guid":{"rendered":"https:\/\/secureus.se\/ajax-lockbridge-ajax-lasmodul-for-yale-doorman\/"},"modified":"2026-04-15T00:24:41","modified_gmt":"2026-04-14T22:24:41","slug":"ajax-lockbridge-ajax-lasmodul-for-yale-doorman","status":"publish","type":"product","link":"https:\/\/secureus.se\/fi\/ajax-lockbridge-ajax-lasmodul-for-yale-doorman\/","title":{"rendered":"Ajax LockBridge \u2013 Ajax-lukkomoduuli Yale Doormanille"},"content":{"rendered":"<p data-start=\"484\" data-end=\"745\"><strong data-start=\"484\" data-end=\"503\">Ajax-lukkosilta<\/strong> on langaton lukitusmoduuli, jota k\u00e4ytet\u00e4\u00e4n integroimaan <strong data-start=\"557\" data-end=\"573\">Yalen ovimies<\/strong> (V2N, Classic, L3 ja L3S) ja <strong data-start=\"605\" data-end=\"624\">Ajax-h\u00e4lytysj\u00e4rjestelm\u00e4<\/strong>Kun LockBridge on asennettu, Yale-lukosta tulee osa Ajax-j\u00e4rjestelm\u00e4\u00e4, ja sit\u00e4 voidaan ohjata ja valvoa suoraan Ajax-sovelluksella.<\/p>\n<p data-start=\"747\" data-end=\"1025\">Toisin kuin Yalen WiFi-silta, LockBridge kommunikoi seuraavan kautta: <strong data-start=\"812\" data-end=\"829\">Ajax-kultasepp\u00e4<\/strong>, mik\u00e4 tarjoaa huomattavasti paremman kantaman ja vakaamman toiminnan. Viestint\u00e4 toimii my\u00f6s paikallisesti, mik\u00e4 tarkoittaa, ett\u00e4 perustoiminnot pysyv\u00e4t k\u00e4ytett\u00e4viss\u00e4, vaikka internet-yhteys olisi poikki.<\/p>\n<h3 data-start=\"1027\" data-end=\"1060\">Hallitse lukkoja ja h\u00e4lytyksi\u00e4 samassa sovelluksessa<\/h3>\n<p data-start=\"1061\" data-end=\"1126\">Kun lukko on yhdistetty, se n\u00e4kyy laitteena Ajax-sovelluksessa. Voit:<\/p>\n<ul data-start=\"1127\" data-end=\"1273\">\n<li data-start=\"1127\" data-end=\"1163\">\n<p data-start=\"1129\" data-end=\"1163\">Lukitse ja avaa ovi sovelluksen kautta<\/p>\n<\/li>\n<li data-start=\"1164\" data-end=\"1192\">\n<p data-start=\"1166\" data-end=\"1192\">Katso lukon tila reaaliajassa<\/p>\n<\/li>\n<li data-start=\"1193\" data-end=\"1244\">\n<p data-start=\"1195\" data-end=\"1244\">Saat ilmoituksia, kun ovi on lukittu tai auki<\/p>\n<\/li>\n<li data-start=\"1245\" data-end=\"1273\">\n<p data-start=\"1247\" data-end=\"1273\">N\u00e4yt\u00e4 lukon akun tila<\/p>\n<\/li>\n<\/ul>\n<p data-start=\"1275\" data-end=\"1308\">Kaikki tapahtumat kirjataan j\u00e4rjestelm\u00e4\u00e4n.<\/p>\n<h3 data-start=\"1310\" data-end=\"1343\">Automatiikka lukon ja h\u00e4lytyksen v\u00e4lill\u00e4<\/h3>\n<p data-start=\"1344\" data-end=\"1419\">Ajax LockBridgen avulla voit luoda yksinkertaisia ja selkeit\u00e4 skenaarioita, kuten:<\/p>\n<ul data-start=\"1420\" data-end=\"1563\">\n<li data-start=\"1420\" data-end=\"1457\">\n<p data-start=\"1422\" data-end=\"1457\">Kun ovi on lukittu \u2192 h\u00e4lytys aktivoituu<\/p>\n<\/li>\n<li data-start=\"1458\" data-end=\"1501\">\n<p data-start=\"1460\" data-end=\"1501\">Kun ovi on lukitsematon \u2192 h\u00e4lytys deaktivoituu<\/p>\n<\/li>\n<li data-start=\"1502\" data-end=\"1563\">\n<p data-start=\"1504\" data-end=\"1563\">Avaa oven lukitus automaattisesti, kun h\u00e4lytys sammutetaan n\u00e4pp\u00e4imist\u00f6ll\u00e4<\/p>\n<\/li>\n<\/ul>\n<p data-start=\"1565\" data-end=\"1629\">Voit itse valita, onko <strong data-start=\"1587\" data-end=\"1628\">lukon tai h\u00e4lytyksen tulisi ohjata j\u00e4rjestelm\u00e4\u00e4<\/strong>.<\/p>\n<h3 data-start=\"1631\" data-end=\"1653\">Yksinkertainen asennus<\/h3>\n<p data-start=\"1654\" data-end=\"1764\">LockBridge asennetaan suoraan Yale-lukkoon ja se saa virtansa lukon paristoista. Lis\u00e4virtal\u00e4hdett\u00e4 ei tarvita.<\/p>\n<p data-start=\"1766\" data-end=\"1823\">Asennus tapahtuu Ajax-sovelluksessa vaihe vaiheelta seuraavasti:<\/p>\n<ol data-start=\"1824\" data-end=\"1942\">\n<li data-start=\"1824\" data-end=\"1858\">\n<p data-start=\"1827\" data-end=\"1858\">Skannaa QR-koodi LockBridgess\u00e4<\/p>\n<\/li>\n<li data-start=\"1859\" data-end=\"1893\">\n<p data-start=\"1862\" data-end=\"1893\">Noudata sovelluksen ohjeita<\/p>\n<\/li>\n<li data-start=\"1894\" data-end=\"1942\">\n<p data-start=\"1897\" data-end=\"1942\">Tee haluamasi asetukset lukoille ja h\u00e4lytyksille<\/p>\n<\/li>\n<\/ol>\n<p data-start=\"1944\" data-end=\"1994\">Laiteohjelmisto p\u00e4ivittyy automaattisesti Ajax-j\u00e4rjestelm\u00e4n kautta.<\/p>\n<hr data-start=\"2218\" data-end=\"2221\" \/>\n<h2 data-start=\"2223\" data-end=\"2250\">Tekniset tiedot<\/h2>\n<ul data-start=\"2252\" data-end=\"2702\">\n<li data-start=\"2252\" data-end=\"2302\">\n<p data-start=\"2254\" data-end=\"2302\"><strong data-start=\"2254\" data-end=\"2266\">Tuote:<\/strong> Ajax LockBridge \u2013 Yalen integrointi<\/p>\n<\/li>\n<li data-start=\"2303\" data-end=\"2353\">\n<p data-start=\"2305\" data-end=\"2353\"><strong data-start=\"2305\" data-end=\"2329\">Yhteensopivat Yale-lukot:<\/strong> V2N, Klassinen, L3, L3S<\/p>\n<\/li>\n<li data-start=\"2354\" data-end=\"2519\">\n<p data-start=\"2356\" data-end=\"2519\"><strong data-start=\"2356\" data-end=\"2380\">Ajax-yhteensopivuus:<\/strong><br data-start=\"2380\" data-end=\"2383\" \/>Hub 2 (2G\/4G), Hub 2 Plus, Hub BP, Hub G3, Fire Hub, Hub Hybrid 2, MegaHub, ReX ja ReX 2<br data-start=\"2474\" data-end=\"2477\" \/><em data-start=\"2479\" data-end=\"2517\">(Ei yhteensopiva Hub Hybrid Fibran kanssa)<\/em><\/p>\n<\/li>\n<li data-start=\"2520\" data-end=\"2575\">\n<p data-start=\"2522\" data-end=\"2575\"><strong data-start=\"2522\" data-end=\"2543\">Langaton kantama:<\/strong> jopa 1400 m (avoin maasto)<\/p>\n<\/li>\n<li data-start=\"2576\" data-end=\"2627\">\n<p data-start=\"2578\" data-end=\"2627\"><strong data-start=\"2578\" data-end=\"2599\">Virtal\u00e4hde:<\/strong> toimii lukon paristoilla<\/p>\n<\/li>\n<li data-start=\"2628\" data-end=\"2672\">\n<p data-start=\"2630\" data-end=\"2672\"><strong data-start=\"2630\" data-end=\"2651\">L\u00e4mp\u00f6tila-alue:<\/strong> \u221210 \u00b0C - +40 \u00b0C<\/p>\n<\/li>\n<li data-start=\"2673\" data-end=\"2702\">\n<p data-start=\"2675\" data-end=\"2702\"><strong data-start=\"2675\" data-end=\"2697\">Suurin ilmankosteus:<\/strong> 75 %<\/p>\n<\/li>\n<\/ul>","protected":false},"excerpt":{"rendered":"<p><strong data-start=\"230\" data-end=\"249\">Ajax-lukkosilta<\/strong> on langaton lukitusmoduuli, joka integroi <strong data-start=\"288\" data-end=\"328\">Yale Doorman V2N\/Classic ja L3\/L3S<\/strong> suoraan Ajax-h\u00e4lytysj\u00e4rjestelm\u00e4n kanssa. Ohjaa ja valvo lukkoa Ajax-sovelluksen kautta, luo \u00e4lykk\u00e4it\u00e4 skenaarioita lukon ja h\u00e4lytyksen v\u00e4lille ja saat vakaan yhteyden Ajax Jewellerin kautta.<\/p>","protected":false},"featured_media":161314,"template":"","meta":{"_acf_changed":false},"product_brand":[],"product_cat":[3170],"product_tag":[],"class_list":{"0":"post-161312","1":"product","2":"type-product","3":"status-publish","4":"has-post-thumbnail","6":"product_cat-integration","7":"product_shipping_class-postnord-varubrev","8":"pa_brands-ajax-systems","9":"tm-no-options","11":"first","12":"instock","13":"taxable","14":"shipping-taxable","15":"purchasable","16":"product-type-simple"},"acf":[],"_links":{"self":[{"href":"https:\/\/secureus.se\/fi\/wp-json\/wp\/v2\/product\/161312","targetHints":{"allow":["GET"]}}],"collection":[{"href":"https:\/\/secureus.se\/fi\/wp-json\/wp\/v2\/product"}],"about":[{"href":"https:\/\/secureus.se\/fi\/wp-json\/wp\/v2\/types\/product"}],"wp:featuredmedia":[{"embeddable":true,"href":"https:\/\/secureus.se\/fi\/wp-json\/wp\/v2\/media\/161314"}],"wp:attachment":[{"href":"https:\/\/secureus.se\/fi\/wp-json\/wp\/v2\/media?parent=161312"}],"wp:term":[{"taxonomy":"product_brand","embeddable":true,"href":"https:\/\/secureus.se\/fi\/wp-json\/wp\/v2\/product_brand?post=161312"},{"taxonomy":"product_cat","embeddable":true,"href":"https:\/\/secureus.se\/fi\/wp-json\/wp\/v2\/product_cat?post=161312"},{"taxonomy":"product_tag","embeddable":true,"href":"https:\/\/secureus.se\/fi\/wp-json\/wp\/v2\/product_tag?post=161312"}],"curies":[{"name":"wp","href":"https:\/\/api.w.org\/{rel}","templated":true}]}}